{"id":326324,"date":"2026-05-04T16:47:26","date_gmt":"2026-05-04T14:48:46","guid":{"rendered":"https:\/\/www.tiptoe.fr\/?post_type=product&#038;p=326324"},"modified":"2026-05-04T16:48:47","modified_gmt":"2026-05-04T14:48:47","slug":"hocket-lou-chroma-edition","status":"publish","type":"product","link":"https:\/\/www.tiptoe.fr\/de\/product\/hocket-lou-chroma-edition\/","title":{"rendered":"Hocker LOU Chroma edition"},"content":{"rendered":"<p>Der kleine Hocker kann sowohl als Sitzgelegenheit, Beistelltisch, Pflanzenst\u00e4nder oder einfaches Dekoobjekt verwendet werden. Mit einer Sitzfl\u00e4che aus Holz und einem farblich passenden Gestell aus Stahll ist dieses vielseitige St\u00fcck stapelbar, um die Aufbewahrung zu erleichtern.<\/p>\n<p>In dieser Chroma-Edition zelebriert der Hocker LOU in seiner monochromen Version die Farbe durch eine Palette, die zugleich lebhaft, sanft und gewagt ist. Diese Kollektion verk\u00f6rpert die farbliche Meisterschaft des Studios und offenbart dessen ganze Ausdruckskraft sowie seine F\u00e4higkeit, jeden Raum zu verwandeln.<\/p>\n","protected":false},"excerpt":{"rendered":"<p><strong>\u2713<\/strong>\u00a0Hocker H\u00f6he 45 cm, stapelbar<\/p>\n<p><strong>\u2713<\/strong> Holzsitz und farblich abgestimmte Stahlbeine<\/p>\n<p><strong>\u2713<\/strong>\u00a0Schnelle und einfache Montage<\/p>\n<p><strong>\u2713<\/strong>\u00a0100% in Europa hergestellt<\/p>\n","protected":false},"featured_media":324877,"template":"","meta":{"_acf_changed":false},"product_brand":[],"product_cat":[772,774],"product_tag":[],"class_list":{"0":"post-326324","1":"product","2":"type-product","3":"status-publish","4":"has-post-thumbnail","6":"product_cat-stuhle-und-hocker","7":"product_cat-hocker","8":"product_shipping_class-colis","10":"first","11":"instock","12":"taxable","13":"shipping-taxable","14":"purchasable","15":"product-type-variable","16":"has-default-attributes"},"acf":[],"yoast_head":"<!-- This site is optimized with the Yoast SEO plugin v26.3 - https:\/\/yoast.com\/wordpress\/plugins\/seo\/ -->\n<title>Hocker LOU, Chroma-Edition, aus Holz und farbigem Stahl<\/title>\n<meta name=\"description\" content=\"Entdecken Sie die einfarbige Version des Hockers LOU. Sitzfl\u00e4che aus Holz und Gestell aus farblich abgestimmtem Stahl. Zu 100 % in Europa hergestellt.\" \/>\n<meta name=\"robots\" content=\"index, follow, max-snippet:-1, max-image-preview:large, max-video-preview:-1\" \/>\n<link rel=\"canonical\" href=\"https:\/\/www.tiptoe.fr\/de\/product\/hocket-lou-chroma-edition\/\" \/>\n<meta property=\"og:locale\" content=\"de_DE\" \/>\n<meta property=\"og:type\" content=\"article\" \/>\n<meta property=\"og:title\" content=\"Hocker LOU, Chroma-Edition, aus Holz und farbigem Stahl\" \/>\n<meta property=\"og:description\" content=\"Entdecken Sie die einfarbige Version des Hockers LOU. Sitzfl\u00e4che aus Holz und Gestell aus farblich abgestimmtem Stahl. Zu 100 % in Europa hergestellt.\" \/>\n<meta property=\"og:url\" content=\"https:\/\/www.tiptoe.fr\/de\/product\/hocket-lou-chroma-edition\/\" \/>\n<meta property=\"og:site_name\" content=\"TIPTOE\" \/>\n<meta property=\"article:publisher\" content=\"https:\/\/www.facebook.com\/tiptoedesign\" \/>\n<meta property=\"article:modified_time\" content=\"2026-05-04T14:48:47+00:00\" \/>\n<meta property=\"og:image\" content=\"https:\/\/www.tiptoe.fr\/wp-content\/uploads\/2026\/03\/tabouret-lou-monochrome-rougebrique.jpg\" \/>\n\t<meta property=\"og:image:width\" content=\"1920\" \/>\n\t<meta property=\"og:image:height\" content=\"1920\" \/>\n\t<meta property=\"og:image:type\" content=\"image\/jpeg\" \/>\n<meta name=\"twitter:card\" content=\"summary_large_image\" \/>\n<meta name=\"twitter:site\" content=\"@tiptoedesign\" \/>\n<meta name=\"twitter:label1\" content=\"Est. reading time\" \/>\n\t<meta name=\"twitter:data1\" content=\"1 minute\" \/>\n<script type=\"application\/ld+json\" class=\"yoast-schema-graph\">{\"@context\":\"https:\/\/schema.org\",\"@graph\":[{\"@type\":\"WebPage\",\"@id\":\"https:\/\/www.tiptoe.fr\/de\/product\/hocket-lou-chroma-edition\/\",\"url\":\"https:\/\/www.tiptoe.fr\/de\/product\/hocket-lou-chroma-edition\/\",\"name\":\"Hocker LOU, Chroma-Edition, aus Holz und farbigem Stahl\",\"isPartOf\":{\"@id\":\"https:\/\/www.tiptoe.fr\/de\/#website\"},\"primaryImageOfPage\":{\"@id\":\"https:\/\/www.tiptoe.fr\/de\/product\/hocket-lou-chroma-edition\/#primaryimage\"},\"image\":{\"@id\":\"https:\/\/www.tiptoe.fr\/de\/product\/hocket-lou-chroma-edition\/#primaryimage\"},\"thumbnailUrl\":\"https:\/\/www.tiptoe.fr\/wp-content\/uploads\/2026\/03\/tabouret-lou-monochrome-rougebrique.jpg\",\"datePublished\":\"2026-05-04T14:48:46+00:00\",\"dateModified\":\"2026-05-04T14:48:47+00:00\",\"description\":\"Entdecken Sie die einfarbige Version des Hockers LOU. Sitzfl\u00e4che aus Holz und Gestell aus farblich abgestimmtem Stahl. Zu 100 % in Europa hergestellt.\",\"breadcrumb\":{\"@id\":\"https:\/\/www.tiptoe.fr\/de\/product\/hocket-lou-chroma-edition\/#breadcrumb\"},\"inLanguage\":\"de-DE\",\"potentialAction\":[{\"@type\":\"ReadAction\",\"target\":[\"https:\/\/www.tiptoe.fr\/de\/product\/hocket-lou-chroma-edition\/\"]}]},{\"@type\":\"ImageObject\",\"inLanguage\":\"de-DE\",\"@id\":\"https:\/\/www.tiptoe.fr\/de\/product\/hocket-lou-chroma-edition\/#primaryimage\",\"url\":\"https:\/\/www.tiptoe.fr\/wp-content\/uploads\/2026\/03\/tabouret-lou-monochrome-rougebrique.jpg\",\"contentUrl\":\"https:\/\/www.tiptoe.fr\/wp-content\/uploads\/2026\/03\/tabouret-lou-monochrome-rougebrique.jpg\",\"width\":1920,\"height\":1920},{\"@type\":\"BreadcrumbList\",\"@id\":\"https:\/\/www.tiptoe.fr\/de\/product\/hocket-lou-chroma-edition\/#breadcrumb\",\"itemListElement\":[{\"@type\":\"ListItem\",\"position\":1,\"name\":\"Startseite\",\"item\":\"https:\/\/www.tiptoe.fr\/de\/\"},{\"@type\":\"ListItem\",\"position\":2,\"name\":\"Shop\",\"item\":\"https:\/\/www.tiptoe.fr\/shop\/\"},{\"@type\":\"ListItem\",\"position\":3,\"name\":\"St\u00fchle und Hocker\",\"item\":\"https:\/\/www.tiptoe.fr\/de\/stuhle-und-hocker\/\"},{\"@type\":\"ListItem\",\"position\":4,\"name\":\"Hocker\",\"item\":\"https:\/\/www.tiptoe.fr\/de\/stuhle-und-hocker\/hocker\/\"},{\"@type\":\"ListItem\",\"position\":5,\"name\":\"Hocker LOU Chroma edition\"}]},{\"@type\":\"WebSite\",\"@id\":\"https:\/\/www.tiptoe.fr\/de\/#website\",\"url\":\"https:\/\/www.tiptoe.fr\/de\/\",\"name\":\"TIPTOE\",\"description\":\"\",\"publisher\":{\"@id\":\"https:\/\/www.tiptoe.fr\/de\/#organization\"},\"potentialAction\":[{\"@type\":\"SearchAction\",\"target\":{\"@type\":\"EntryPoint\",\"urlTemplate\":\"https:\/\/www.tiptoe.fr\/de\/?s={search_term_string}\"},\"query-input\":{\"@type\":\"PropertyValueSpecification\",\"valueRequired\":true,\"valueName\":\"search_term_string\"}}],\"inLanguage\":\"de-DE\"},{\"@type\":\"Organization\",\"@id\":\"https:\/\/www.tiptoe.fr\/de\/#organization\",\"name\":\"TIPTOE\",\"url\":\"https:\/\/www.tiptoe.fr\/de\/\",\"logo\":{\"@type\":\"ImageObject\",\"inLanguage\":\"de-DE\",\"@id\":\"https:\/\/www.tiptoe.fr\/de\/#\/schema\/logo\/image\/\",\"url\":\"https:\/\/www.tiptoe.fr\/wp-content\/uploads\/2024\/06\/Logo.png\",\"contentUrl\":\"https:\/\/www.tiptoe.fr\/wp-content\/uploads\/2024\/06\/Logo.png\",\"width\":133,\"height\":26,\"caption\":\"TIPTOE\"},\"image\":{\"@id\":\"https:\/\/www.tiptoe.fr\/de\/#\/schema\/logo\/image\/\"},\"sameAs\":[\"https:\/\/www.facebook.com\/tiptoedesign\",\"https:\/\/x.com\/tiptoedesign\",\"https:\/\/www.instagram.com\/tiptoedesign\/\",\"https:\/\/www.pinterest.fr\/tiptoedesign\/\"]}]}<\/script>\n<!-- \/ Yoast SEO plugin. -->","yoast_head_json":{"title":"Hocker LOU, Chroma-Edition, aus Holz und farbigem Stahl","description":"Entdecken Sie die einfarbige Version des Hockers LOU. Sitzfl\u00e4che aus Holz und Gestell aus farblich abgestimmtem Stahl. Zu 100 % in Europa hergestellt.","robots":{"index":"index","follow":"follow","max-snippet":"max-snippet:-1","max-image-preview":"max-image-preview:large","max-video-preview":"max-video-preview:-1"},"canonical":"https:\/\/www.tiptoe.fr\/de\/product\/hocket-lou-chroma-edition\/","og_locale":"de_DE","og_type":"article","og_title":"Hocker LOU, Chroma-Edition, aus Holz und farbigem Stahl","og_description":"Entdecken Sie die einfarbige Version des Hockers LOU. Sitzfl\u00e4che aus Holz und Gestell aus farblich abgestimmtem Stahl. Zu 100 % in Europa hergestellt.","og_url":"https:\/\/www.tiptoe.fr\/de\/product\/hocket-lou-chroma-edition\/","og_site_name":"TIPTOE","article_publisher":"https:\/\/www.facebook.com\/tiptoedesign","article_modified_time":"2026-05-04T14:48:47+00:00","og_image":[{"width":1920,"height":1920,"url":"https:\/\/www.tiptoe.fr\/wp-content\/uploads\/2026\/03\/tabouret-lou-monochrome-rougebrique.jpg","type":"image\/jpeg"}],"twitter_card":"summary_large_image","twitter_site":"@tiptoedesign","twitter_misc":{"Est. reading time":"1 minute"},"schema":{"@context":"https:\/\/schema.org","@graph":[{"@type":"WebPage","@id":"https:\/\/www.tiptoe.fr\/de\/product\/hocket-lou-chroma-edition\/","url":"https:\/\/www.tiptoe.fr\/de\/product\/hocket-lou-chroma-edition\/","name":"Hocker LOU, Chroma-Edition, aus Holz und farbigem Stahl","isPartOf":{"@id":"https:\/\/www.tiptoe.fr\/de\/#website"},"primaryImageOfPage":{"@id":"https:\/\/www.tiptoe.fr\/de\/product\/hocket-lou-chroma-edition\/#primaryimage"},"image":{"@id":"https:\/\/www.tiptoe.fr\/de\/product\/hocket-lou-chroma-edition\/#primaryimage"},"thumbnailUrl":"https:\/\/www.tiptoe.fr\/wp-content\/uploads\/2026\/03\/tabouret-lou-monochrome-rougebrique.jpg","datePublished":"2026-05-04T14:48:46+00:00","dateModified":"2026-05-04T14:48:47+00:00","description":"Entdecken Sie die einfarbige Version des Hockers LOU. Sitzfl\u00e4che aus Holz und Gestell aus farblich abgestimmtem Stahl. Zu 100 % in Europa hergestellt.","breadcrumb":{"@id":"https:\/\/www.tiptoe.fr\/de\/product\/hocket-lou-chroma-edition\/#breadcrumb"},"inLanguage":"de-DE","potentialAction":[{"@type":"ReadAction","target":["https:\/\/www.tiptoe.fr\/de\/product\/hocket-lou-chroma-edition\/"]}]},{"@type":"ImageObject","inLanguage":"de-DE","@id":"https:\/\/www.tiptoe.fr\/de\/product\/hocket-lou-chroma-edition\/#primaryimage","url":"https:\/\/www.tiptoe.fr\/wp-content\/uploads\/2026\/03\/tabouret-lou-monochrome-rougebrique.jpg","contentUrl":"https:\/\/www.tiptoe.fr\/wp-content\/uploads\/2026\/03\/tabouret-lou-monochrome-rougebrique.jpg","width":1920,"height":1920},{"@type":"BreadcrumbList","@id":"https:\/\/www.tiptoe.fr\/de\/product\/hocket-lou-chroma-edition\/#breadcrumb","itemListElement":[{"@type":"ListItem","position":1,"name":"Startseite","item":"https:\/\/www.tiptoe.fr\/de\/"},{"@type":"ListItem","position":2,"name":"Shop","item":"https:\/\/www.tiptoe.fr\/shop\/"},{"@type":"ListItem","position":3,"name":"St\u00fchle und Hocker","item":"https:\/\/www.tiptoe.fr\/de\/stuhle-und-hocker\/"},{"@type":"ListItem","position":4,"name":"Hocker","item":"https:\/\/www.tiptoe.fr\/de\/stuhle-und-hocker\/hocker\/"},{"@type":"ListItem","position":5,"name":"Hocker LOU Chroma edition"}]},{"@type":"WebSite","@id":"https:\/\/www.tiptoe.fr\/de\/#website","url":"https:\/\/www.tiptoe.fr\/de\/","name":"TIPTOE","description":"","publisher":{"@id":"https:\/\/www.tiptoe.fr\/de\/#organization"},"potentialAction":[{"@type":"SearchAction","target":{"@type":"EntryPoint","urlTemplate":"https:\/\/www.tiptoe.fr\/de\/?s={search_term_string}"},"query-input":{"@type":"PropertyValueSpecification","valueRequired":true,"valueName":"search_term_string"}}],"inLanguage":"de-DE"},{"@type":"Organization","@id":"https:\/\/www.tiptoe.fr\/de\/#organization","name":"TIPTOE","url":"https:\/\/www.tiptoe.fr\/de\/","logo":{"@type":"ImageObject","inLanguage":"de-DE","@id":"https:\/\/www.tiptoe.fr\/de\/#\/schema\/logo\/image\/","url":"https:\/\/www.tiptoe.fr\/wp-content\/uploads\/2024\/06\/Logo.png","contentUrl":"https:\/\/www.tiptoe.fr\/wp-content\/uploads\/2024\/06\/Logo.png","width":133,"height":26,"caption":"TIPTOE"},"image":{"@id":"https:\/\/www.tiptoe.fr\/de\/#\/schema\/logo\/image\/"},"sameAs":["https:\/\/www.facebook.com\/tiptoedesign","https:\/\/x.com\/tiptoedesign","https:\/\/www.instagram.com\/tiptoedesign\/","https:\/\/www.pinterest.fr\/tiptoedesign\/"]}]}},"_links":{"self":[{"href":"https:\/\/www.tiptoe.fr\/de\/wp-json\/wp\/v2\/product\/326324","targetHints":{"allow":["GET"]}}],"collection":[{"href":"https:\/\/www.tiptoe.fr\/de\/wp-json\/wp\/v2\/product"}],"about":[{"href":"https:\/\/www.tiptoe.fr\/de\/wp-json\/wp\/v2\/types\/product"}],"wp:featuredmedia":[{"embeddable":true,"href":"https:\/\/www.tiptoe.fr\/de\/wp-json\/wp\/v2\/media\/324877"}],"wp:attachment":[{"href":"https:\/\/www.tiptoe.fr\/de\/wp-json\/wp\/v2\/media?parent=326324"}],"wp:term":[{"taxonomy":"product_brand","embeddable":true,"href":"https:\/\/www.tiptoe.fr\/de\/wp-json\/wp\/v2\/product_brand?post=326324"},{"taxonomy":"product_cat","embeddable":true,"href":"https:\/\/www.tiptoe.fr\/de\/wp-json\/wp\/v2\/product_cat?post=326324"},{"taxonomy":"product_tag","embeddable":true,"href":"https:\/\/www.tiptoe.fr\/de\/wp-json\/wp\/v2\/product_tag?post=326324"}],"curies":[{"name":"wp","href":"https:\/\/api.w.org\/{rel}","templated":true}]}}