{"id":322455,"date":"2026-01-28T16:25:25","date_gmt":"2026-03-05T09:09:48","guid":{"rendered":"https:\/\/www.tiptoe.fr\/?post_type=product&#038;p=322455"},"modified":"2026-03-05T10:09:50","modified_gmt":"2026-03-05T09:09:50","slug":"gartenhocker-panorama-pulverbeschichteter-stahl","status":"publish","type":"product","link":"https:\/\/www.tiptoe.fr\/de\/product\/gartenhocker-panorama-pulverbeschichteter-stahl\/","title":{"rendered":"Gartenhocker PANORAMA &#8211; pulverbeschichteter Stahl"},"content":{"rendered":"<p>Tiptoe erweitert sein Universum mit der Gartenm\u00f6belserie PANORAMA auf den Au\u00dfenbereich. Diese Kollektion zeichnet sich durch die Verwendung von Stahlblech aus, das sorgf\u00e4ltig verarbeitet wurde, um Robustheit und Eleganz zu verbinden.<\/p>\n<p>Der Gartenhocker ist ein vielseitiges M\u00f6belst\u00fcck, als Sitzgelegenheit, Pflanzenst\u00e4nder oder kleiner Beistelltisch verwendet werden kann.<\/p>\n","protected":false},"excerpt":{"rendered":"<p><strong>\u2713<\/strong> Gartenhocker aus gefaltetem Blech<\/p>\n<p><strong>\u2713<\/strong> Ausf\u00fchrung aus pulverbeschichtetem Stahl<\/p>\n<p><strong>\u2713<\/strong> Hochwertige Anti-Korrosionsbehandlung<\/p>\n<p><strong>\u2713<\/strong> 100% in Europa hergestellt<\/p>\n","protected":false},"featured_media":320823,"template":"","meta":{"_acf_changed":false},"product_brand":[],"product_cat":[2557,2560,928],"product_tag":[],"class_list":{"0":"post-322455","1":"product","2":"type-product","3":"status-publish","4":"has-post-thumbnail","6":"product_cat-gartenstuehle","7":"product_cat-gartenlounge","8":"product_cat-gartenmoebel","9":"product_shipping_class-colis","11":"first","12":"instock","13":"taxable","14":"shipping-taxable","15":"purchasable","16":"product-type-variable","17":"has-default-attributes"},"acf":[],"yoast_head":"<!-- This site is optimized with the Yoast SEO plugin v26.3 - https:\/\/yoast.com\/wordpress\/plugins\/seo\/ -->\n<title>Gartenhocker PANORAMA aus pulverbeschichtetem Stahl<\/title>\n<meta name=\"description\" content=\"Entdecken Sie unseren Gartenhocker aus farbigem, pulverbeschichtetem Stahl. Ideal f\u00fcr Gartenlounge oder kleinen Beistelltisch.\" \/>\n<meta name=\"robots\" content=\"index, follow, max-snippet:-1, max-image-preview:large, max-video-preview:-1\" \/>\n<link rel=\"canonical\" href=\"https:\/\/www.tiptoe.fr\/de\/product\/gartenhocker-panorama-pulverbeschichteter-stahl\/\" \/>\n<meta property=\"og:locale\" content=\"de_DE\" \/>\n<meta property=\"og:type\" content=\"article\" \/>\n<meta property=\"og:title\" content=\"Gartenhocker PANORAMA aus pulverbeschichtetem Stahl\" \/>\n<meta property=\"og:description\" content=\"Entdecken Sie unseren Gartenhocker aus farbigem, pulverbeschichtetem Stahl. Ideal f\u00fcr Gartenlounge oder kleinen Beistelltisch.\" \/>\n<meta property=\"og:url\" content=\"https:\/\/www.tiptoe.fr\/de\/product\/gartenhocker-panorama-pulverbeschichteter-stahl\/\" \/>\n<meta property=\"og:site_name\" content=\"TIPTOE\" \/>\n<meta property=\"article:publisher\" content=\"https:\/\/www.facebook.com\/tiptoedesign\" \/>\n<meta property=\"article:modified_time\" content=\"2026-03-05T09:09:50+00:00\" \/>\n<meta property=\"og:image\" content=\"https:\/\/www.tiptoe.fr\/wp-content\/uploads\/2026\/01\/tabouret-panorama-noir-graphite.jpg\" \/>\n\t<meta property=\"og:image:width\" content=\"1920\" \/>\n\t<meta property=\"og:image:height\" content=\"1920\" \/>\n\t<meta property=\"og:image:type\" content=\"image\/jpeg\" \/>\n<meta name=\"twitter:card\" content=\"summary_large_image\" \/>\n<meta name=\"twitter:site\" content=\"@tiptoedesign\" \/>\n<meta name=\"twitter:label1\" content=\"Est. reading time\" \/>\n\t<meta name=\"twitter:data1\" content=\"1 minute\" \/>\n<script type=\"application\/ld+json\" class=\"yoast-schema-graph\">{\"@context\":\"https:\/\/schema.org\",\"@graph\":[{\"@type\":\"WebPage\",\"@id\":\"https:\/\/www.tiptoe.fr\/de\/product\/gartenhocker-panorama-pulverbeschichteter-stahl\/\",\"url\":\"https:\/\/www.tiptoe.fr\/de\/product\/gartenhocker-panorama-pulverbeschichteter-stahl\/\",\"name\":\"Gartenhocker PANORAMA aus pulverbeschichtetem Stahl\",\"isPartOf\":{\"@id\":\"https:\/\/www.tiptoe.fr\/de\/#website\"},\"primaryImageOfPage\":{\"@id\":\"https:\/\/www.tiptoe.fr\/de\/product\/gartenhocker-panorama-pulverbeschichteter-stahl\/#primaryimage\"},\"image\":{\"@id\":\"https:\/\/www.tiptoe.fr\/de\/product\/gartenhocker-panorama-pulverbeschichteter-stahl\/#primaryimage\"},\"thumbnailUrl\":\"https:\/\/www.tiptoe.fr\/wp-content\/uploads\/2026\/01\/tabouret-panorama-noir-graphite.jpg\",\"datePublished\":\"2026-03-05T09:09:48+00:00\",\"dateModified\":\"2026-03-05T09:09:50+00:00\",\"description\":\"Entdecken Sie unseren Gartenhocker aus farbigem, pulverbeschichtetem Stahl. Ideal f\u00fcr Gartenlounge oder kleinen Beistelltisch.\",\"breadcrumb\":{\"@id\":\"https:\/\/www.tiptoe.fr\/de\/product\/gartenhocker-panorama-pulverbeschichteter-stahl\/#breadcrumb\"},\"inLanguage\":\"de-DE\",\"potentialAction\":[{\"@type\":\"ReadAction\",\"target\":[\"https:\/\/www.tiptoe.fr\/de\/product\/gartenhocker-panorama-pulverbeschichteter-stahl\/\"]}]},{\"@type\":\"ImageObject\",\"inLanguage\":\"de-DE\",\"@id\":\"https:\/\/www.tiptoe.fr\/de\/product\/gartenhocker-panorama-pulverbeschichteter-stahl\/#primaryimage\",\"url\":\"https:\/\/www.tiptoe.fr\/wp-content\/uploads\/2026\/01\/tabouret-panorama-noir-graphite.jpg\",\"contentUrl\":\"https:\/\/www.tiptoe.fr\/wp-content\/uploads\/2026\/01\/tabouret-panorama-noir-graphite.jpg\",\"width\":1920,\"height\":1920},{\"@type\":\"BreadcrumbList\",\"@id\":\"https:\/\/www.tiptoe.fr\/de\/product\/gartenhocker-panorama-pulverbeschichteter-stahl\/#breadcrumb\",\"itemListElement\":[{\"@type\":\"ListItem\",\"position\":1,\"name\":\"Startseite\",\"item\":\"https:\/\/www.tiptoe.fr\/de\/\"},{\"@type\":\"ListItem\",\"position\":2,\"name\":\"Shop\",\"item\":\"https:\/\/www.tiptoe.fr\/shop\/\"},{\"@type\":\"ListItem\",\"position\":3,\"name\":\"Gartenm\u00f6bel\",\"item\":\"https:\/\/www.tiptoe.fr\/de\/gartenmoebel\/\"},{\"@type\":\"ListItem\",\"position\":4,\"name\":\"Gartenhocker PANORAMA &#8211; pulverbeschichteter Stahl\"}]},{\"@type\":\"WebSite\",\"@id\":\"https:\/\/www.tiptoe.fr\/de\/#website\",\"url\":\"https:\/\/www.tiptoe.fr\/de\/\",\"name\":\"TIPTOE\",\"description\":\"\",\"publisher\":{\"@id\":\"https:\/\/www.tiptoe.fr\/de\/#organization\"},\"potentialAction\":[{\"@type\":\"SearchAction\",\"target\":{\"@type\":\"EntryPoint\",\"urlTemplate\":\"https:\/\/www.tiptoe.fr\/de\/?s={search_term_string}\"},\"query-input\":{\"@type\":\"PropertyValueSpecification\",\"valueRequired\":true,\"valueName\":\"search_term_string\"}}],\"inLanguage\":\"de-DE\"},{\"@type\":\"Organization\",\"@id\":\"https:\/\/www.tiptoe.fr\/de\/#organization\",\"name\":\"TIPTOE\",\"url\":\"https:\/\/www.tiptoe.fr\/de\/\",\"logo\":{\"@type\":\"ImageObject\",\"inLanguage\":\"de-DE\",\"@id\":\"https:\/\/www.tiptoe.fr\/de\/#\/schema\/logo\/image\/\",\"url\":\"https:\/\/www.tiptoe.fr\/wp-content\/uploads\/2024\/06\/Logo.png\",\"contentUrl\":\"https:\/\/www.tiptoe.fr\/wp-content\/uploads\/2024\/06\/Logo.png\",\"width\":133,\"height\":26,\"caption\":\"TIPTOE\"},\"image\":{\"@id\":\"https:\/\/www.tiptoe.fr\/de\/#\/schema\/logo\/image\/\"},\"sameAs\":[\"https:\/\/www.facebook.com\/tiptoedesign\",\"https:\/\/x.com\/tiptoedesign\",\"https:\/\/www.instagram.com\/tiptoedesign\/\",\"https:\/\/www.pinterest.fr\/tiptoedesign\/\"]}]}<\/script>\n<!-- \/ Yoast SEO plugin. -->","yoast_head_json":{"title":"Gartenhocker PANORAMA aus pulverbeschichtetem Stahl","description":"Entdecken Sie unseren Gartenhocker aus farbigem, pulverbeschichtetem Stahl. Ideal f\u00fcr Gartenlounge oder kleinen Beistelltisch.","robots":{"index":"index","follow":"follow","max-snippet":"max-snippet:-1","max-image-preview":"max-image-preview:large","max-video-preview":"max-video-preview:-1"},"canonical":"https:\/\/www.tiptoe.fr\/de\/product\/gartenhocker-panorama-pulverbeschichteter-stahl\/","og_locale":"de_DE","og_type":"article","og_title":"Gartenhocker PANORAMA aus pulverbeschichtetem Stahl","og_description":"Entdecken Sie unseren Gartenhocker aus farbigem, pulverbeschichtetem Stahl. Ideal f\u00fcr Gartenlounge oder kleinen Beistelltisch.","og_url":"https:\/\/www.tiptoe.fr\/de\/product\/gartenhocker-panorama-pulverbeschichteter-stahl\/","og_site_name":"TIPTOE","article_publisher":"https:\/\/www.facebook.com\/tiptoedesign","article_modified_time":"2026-03-05T09:09:50+00:00","og_image":[{"width":1920,"height":1920,"url":"https:\/\/www.tiptoe.fr\/wp-content\/uploads\/2026\/01\/tabouret-panorama-noir-graphite.jpg","type":"image\/jpeg"}],"twitter_card":"summary_large_image","twitter_site":"@tiptoedesign","twitter_misc":{"Est. reading time":"1 minute"},"schema":{"@context":"https:\/\/schema.org","@graph":[{"@type":"WebPage","@id":"https:\/\/www.tiptoe.fr\/de\/product\/gartenhocker-panorama-pulverbeschichteter-stahl\/","url":"https:\/\/www.tiptoe.fr\/de\/product\/gartenhocker-panorama-pulverbeschichteter-stahl\/","name":"Gartenhocker PANORAMA aus pulverbeschichtetem Stahl","isPartOf":{"@id":"https:\/\/www.tiptoe.fr\/de\/#website"},"primaryImageOfPage":{"@id":"https:\/\/www.tiptoe.fr\/de\/product\/gartenhocker-panorama-pulverbeschichteter-stahl\/#primaryimage"},"image":{"@id":"https:\/\/www.tiptoe.fr\/de\/product\/gartenhocker-panorama-pulverbeschichteter-stahl\/#primaryimage"},"thumbnailUrl":"https:\/\/www.tiptoe.fr\/wp-content\/uploads\/2026\/01\/tabouret-panorama-noir-graphite.jpg","datePublished":"2026-03-05T09:09:48+00:00","dateModified":"2026-03-05T09:09:50+00:00","description":"Entdecken Sie unseren Gartenhocker aus farbigem, pulverbeschichtetem Stahl. Ideal f\u00fcr Gartenlounge oder kleinen Beistelltisch.","breadcrumb":{"@id":"https:\/\/www.tiptoe.fr\/de\/product\/gartenhocker-panorama-pulverbeschichteter-stahl\/#breadcrumb"},"inLanguage":"de-DE","potentialAction":[{"@type":"ReadAction","target":["https:\/\/www.tiptoe.fr\/de\/product\/gartenhocker-panorama-pulverbeschichteter-stahl\/"]}]},{"@type":"ImageObject","inLanguage":"de-DE","@id":"https:\/\/www.tiptoe.fr\/de\/product\/gartenhocker-panorama-pulverbeschichteter-stahl\/#primaryimage","url":"https:\/\/www.tiptoe.fr\/wp-content\/uploads\/2026\/01\/tabouret-panorama-noir-graphite.jpg","contentUrl":"https:\/\/www.tiptoe.fr\/wp-content\/uploads\/2026\/01\/tabouret-panorama-noir-graphite.jpg","width":1920,"height":1920},{"@type":"BreadcrumbList","@id":"https:\/\/www.tiptoe.fr\/de\/product\/gartenhocker-panorama-pulverbeschichteter-stahl\/#breadcrumb","itemListElement":[{"@type":"ListItem","position":1,"name":"Startseite","item":"https:\/\/www.tiptoe.fr\/de\/"},{"@type":"ListItem","position":2,"name":"Shop","item":"https:\/\/www.tiptoe.fr\/shop\/"},{"@type":"ListItem","position":3,"name":"Gartenm\u00f6bel","item":"https:\/\/www.tiptoe.fr\/de\/gartenmoebel\/"},{"@type":"ListItem","position":4,"name":"Gartenhocker PANORAMA &#8211; pulverbeschichteter Stahl"}]},{"@type":"WebSite","@id":"https:\/\/www.tiptoe.fr\/de\/#website","url":"https:\/\/www.tiptoe.fr\/de\/","name":"TIPTOE","description":"","publisher":{"@id":"https:\/\/www.tiptoe.fr\/de\/#organization"},"potentialAction":[{"@type":"SearchAction","target":{"@type":"EntryPoint","urlTemplate":"https:\/\/www.tiptoe.fr\/de\/?s={search_term_string}"},"query-input":{"@type":"PropertyValueSpecification","valueRequired":true,"valueName":"search_term_string"}}],"inLanguage":"de-DE"},{"@type":"Organization","@id":"https:\/\/www.tiptoe.fr\/de\/#organization","name":"TIPTOE","url":"https:\/\/www.tiptoe.fr\/de\/","logo":{"@type":"ImageObject","inLanguage":"de-DE","@id":"https:\/\/www.tiptoe.fr\/de\/#\/schema\/logo\/image\/","url":"https:\/\/www.tiptoe.fr\/wp-content\/uploads\/2024\/06\/Logo.png","contentUrl":"https:\/\/www.tiptoe.fr\/wp-content\/uploads\/2024\/06\/Logo.png","width":133,"height":26,"caption":"TIPTOE"},"image":{"@id":"https:\/\/www.tiptoe.fr\/de\/#\/schema\/logo\/image\/"},"sameAs":["https:\/\/www.facebook.com\/tiptoedesign","https:\/\/x.com\/tiptoedesign","https:\/\/www.instagram.com\/tiptoedesign\/","https:\/\/www.pinterest.fr\/tiptoedesign\/"]}]}},"_links":{"self":[{"href":"https:\/\/www.tiptoe.fr\/de\/wp-json\/wp\/v2\/product\/322455","targetHints":{"allow":["GET"]}}],"collection":[{"href":"https:\/\/www.tiptoe.fr\/de\/wp-json\/wp\/v2\/product"}],"about":[{"href":"https:\/\/www.tiptoe.fr\/de\/wp-json\/wp\/v2\/types\/product"}],"wp:featuredmedia":[{"embeddable":true,"href":"https:\/\/www.tiptoe.fr\/de\/wp-json\/wp\/v2\/media\/320823"}],"wp:attachment":[{"href":"https:\/\/www.tiptoe.fr\/de\/wp-json\/wp\/v2\/media?parent=322455"}],"wp:term":[{"taxonomy":"product_brand","embeddable":true,"href":"https:\/\/www.tiptoe.fr\/de\/wp-json\/wp\/v2\/product_brand?post=322455"},{"taxonomy":"product_cat","embeddable":true,"href":"https:\/\/www.tiptoe.fr\/de\/wp-json\/wp\/v2\/product_cat?post=322455"},{"taxonomy":"product_tag","embeddable":true,"href":"https:\/\/www.tiptoe.fr\/de\/wp-json\/wp\/v2\/product_tag?post=322455"}],"curies":[{"name":"wp","href":"https:\/\/api.w.org\/{rel}","templated":true}]}}