{"id":319775,"date":"2026-01-07T17:37:18","date_gmt":"2026-01-22T15:32:37","guid":{"rendered":"https:\/\/www.tiptoe.fr\/?post_type=product&#038;p=319775"},"modified":"2026-01-22T16:35:34","modified_gmt":"2026-01-22T15:35:34","slug":"wandgarderobenregal-pli-core-edition","status":"publish","type":"product","link":"https:\/\/www.tiptoe.fr\/de\/product\/wandgarderobenregal-pli-core-edition\/","title":{"rendered":"Wandgarderobenregal PLI &#8211; CORE Edition"},"content":{"rendered":"<p>CORE ist eine exklusive Edition der ikonischen Produkte des Studios, die in geb\u00fcrstetem Edelstahl neu interpretiert wurden. Diese Serie w\u00fcrdigt ein reines und k\u00fchnes Material und unterstreicht die Zeitlosigkeit der Tiptoe-Kreationen.<\/p>\n<p>Die Wandgarderobenregale aus der Kollektion PLI verf\u00fcgen \u00fcber Haken, die vielf\u00e4ltige Verwendungsm\u00f6glichkeiten bieten. Edelstahl unterstreicht elegant sein minimalistisches und funktionales Design.<\/p>\n","protected":false},"excerpt":{"rendered":"<p><strong>\u2713<\/strong>\u00a0Wandgarderobenregal aus Stahl<\/p>\n<p><strong>\u2713<\/strong>\u00a0Verschiedene Gr\u00f6\u00dfen : 20, 30, 45 oder 60 cm<\/p>\n<p><strong>\u2713<\/strong>\u00a0Oberfl\u00e4che aus geb\u00fcrstetem Edelstahl<\/p>\n<p><strong>\u2713<\/strong>\u00a0Schrauben und D\u00fcbel werden mitgeliefert<\/p>\n","protected":false},"featured_media":319443,"template":"","meta":{"_acf_changed":false},"product_brand":[],"product_cat":[767,2487,768,771,2471,2473,2475,766],"product_tag":[],"class_list":{"0":"post-319775","1":"product","2":"type-product","3":"status-publish","4":"has-post-thumbnail","6":"product_cat-wandablagen","7":"product_cat-core-edition","8":"product_cat-wandregal-einheiten","9":"product_cat-garderobenhaken","10":"product_cat-bilderleisten","11":"product_cat-wandregale-badezimmer","12":"product_cat-wandregale-kueche","13":"product_cat-wandregale","14":"product_shipping_class-colis","16":"first","17":"instock","18":"taxable","19":"shipping-taxable","20":"purchasable","21":"product-type-variable","22":"has-default-attributes"},"acf":[],"yoast_head":"<!-- This site is optimized with the Yoast SEO plugin v26.3 - https:\/\/yoast.com\/wordpress\/plugins\/seo\/ -->\n<title>Wandgarderobenregal PLI aus geb\u00fcrstetem Edelstahl | CORE<\/title>\n<meta name=\"description\" content=\"Entdecken Sie die Garderobenregale in einer neuen Ausf\u00fchrung aus geb\u00fcrstetem Edelstahl neu. In verschiedenen Gr\u00f6\u00dfen erh\u00e4ltlich.\" \/>\n<meta name=\"robots\" content=\"index, follow, max-snippet:-1, max-image-preview:large, max-video-preview:-1\" \/>\n<link rel=\"canonical\" href=\"https:\/\/www.tiptoe.fr\/de\/product\/wandgarderobenregal-pli-core-edition\/\" \/>\n<meta property=\"og:locale\" content=\"de_DE\" \/>\n<meta property=\"og:type\" content=\"article\" \/>\n<meta property=\"og:title\" content=\"Wandgarderobenregal PLI aus geb\u00fcrstetem Edelstahl | CORE\" \/>\n<meta property=\"og:description\" content=\"Entdecken Sie die Garderobenregale in einer neuen Ausf\u00fchrung aus geb\u00fcrstetem Edelstahl neu. In verschiedenen Gr\u00f6\u00dfen erh\u00e4ltlich.\" \/>\n<meta property=\"og:url\" content=\"https:\/\/www.tiptoe.fr\/de\/product\/wandgarderobenregal-pli-core-edition\/\" \/>\n<meta property=\"og:site_name\" content=\"TIPTOE\" \/>\n<meta property=\"article:publisher\" content=\"https:\/\/www.facebook.com\/tiptoedesign\" \/>\n<meta property=\"article:modified_time\" content=\"2026-01-22T15:35:34+00:00\" \/>\n<meta property=\"og:image\" content=\"https:\/\/www.tiptoe.fr\/wp-content\/uploads\/2026\/01\/PLI_slim_hooks_30cm_INOX-WEB.jpg\" \/>\n\t<meta property=\"og:image:width\" content=\"2500\" \/>\n\t<meta property=\"og:image:height\" content=\"2500\" \/>\n\t<meta property=\"og:image:type\" content=\"image\/jpeg\" \/>\n<meta name=\"twitter:card\" content=\"summary_large_image\" \/>\n<meta name=\"twitter:site\" content=\"@tiptoedesign\" \/>\n<meta name=\"twitter:label1\" content=\"Est. reading time\" \/>\n\t<meta name=\"twitter:data1\" content=\"1 minute\" \/>\n<script type=\"application\/ld+json\" class=\"yoast-schema-graph\">{\"@context\":\"https:\/\/schema.org\",\"@graph\":[{\"@type\":\"WebPage\",\"@id\":\"https:\/\/www.tiptoe.fr\/de\/product\/wandgarderobenregal-pli-core-edition\/\",\"url\":\"https:\/\/www.tiptoe.fr\/de\/product\/wandgarderobenregal-pli-core-edition\/\",\"name\":\"Wandgarderobenregal PLI aus geb\u00fcrstetem Edelstahl | CORE\",\"isPartOf\":{\"@id\":\"https:\/\/www.tiptoe.fr\/de\/#website\"},\"primaryImageOfPage\":{\"@id\":\"https:\/\/www.tiptoe.fr\/de\/product\/wandgarderobenregal-pli-core-edition\/#primaryimage\"},\"image\":{\"@id\":\"https:\/\/www.tiptoe.fr\/de\/product\/wandgarderobenregal-pli-core-edition\/#primaryimage\"},\"thumbnailUrl\":\"https:\/\/www.tiptoe.fr\/wp-content\/uploads\/2026\/01\/PLI_slim_hooks_30cm_INOX-WEB.jpg\",\"datePublished\":\"2026-01-22T15:32:37+00:00\",\"dateModified\":\"2026-01-22T15:35:34+00:00\",\"description\":\"Entdecken Sie die Garderobenregale in einer neuen Ausf\u00fchrung aus geb\u00fcrstetem Edelstahl neu. In verschiedenen Gr\u00f6\u00dfen erh\u00e4ltlich.\",\"breadcrumb\":{\"@id\":\"https:\/\/www.tiptoe.fr\/de\/product\/wandgarderobenregal-pli-core-edition\/#breadcrumb\"},\"inLanguage\":\"de-DE\",\"potentialAction\":[{\"@type\":\"ReadAction\",\"target\":[\"https:\/\/www.tiptoe.fr\/de\/product\/wandgarderobenregal-pli-core-edition\/\"]}]},{\"@type\":\"ImageObject\",\"inLanguage\":\"de-DE\",\"@id\":\"https:\/\/www.tiptoe.fr\/de\/product\/wandgarderobenregal-pli-core-edition\/#primaryimage\",\"url\":\"https:\/\/www.tiptoe.fr\/wp-content\/uploads\/2026\/01\/PLI_slim_hooks_30cm_INOX-WEB.jpg\",\"contentUrl\":\"https:\/\/www.tiptoe.fr\/wp-content\/uploads\/2026\/01\/PLI_slim_hooks_30cm_INOX-WEB.jpg\",\"width\":2500,\"height\":2500},{\"@type\":\"BreadcrumbList\",\"@id\":\"https:\/\/www.tiptoe.fr\/de\/product\/wandgarderobenregal-pli-core-edition\/#breadcrumb\",\"itemListElement\":[{\"@type\":\"ListItem\",\"position\":1,\"name\":\"Startseite\",\"item\":\"https:\/\/www.tiptoe.fr\/de\/\"},{\"@type\":\"ListItem\",\"position\":2,\"name\":\"Shop\",\"item\":\"https:\/\/www.tiptoe.fr\/shop\/\"},{\"@type\":\"ListItem\",\"position\":3,\"name\":\"CORE edition\",\"item\":\"https:\/\/www.tiptoe.fr\/de\/core-edition\/\"},{\"@type\":\"ListItem\",\"position\":4,\"name\":\"Wandgarderobenregal PLI &#8211; CORE Edition\"}]},{\"@type\":\"WebSite\",\"@id\":\"https:\/\/www.tiptoe.fr\/de\/#website\",\"url\":\"https:\/\/www.tiptoe.fr\/de\/\",\"name\":\"TIPTOE\",\"description\":\"\",\"publisher\":{\"@id\":\"https:\/\/www.tiptoe.fr\/de\/#organization\"},\"potentialAction\":[{\"@type\":\"SearchAction\",\"target\":{\"@type\":\"EntryPoint\",\"urlTemplate\":\"https:\/\/www.tiptoe.fr\/de\/?s={search_term_string}\"},\"query-input\":{\"@type\":\"PropertyValueSpecification\",\"valueRequired\":true,\"valueName\":\"search_term_string\"}}],\"inLanguage\":\"de-DE\"},{\"@type\":\"Organization\",\"@id\":\"https:\/\/www.tiptoe.fr\/de\/#organization\",\"name\":\"TIPTOE\",\"url\":\"https:\/\/www.tiptoe.fr\/de\/\",\"logo\":{\"@type\":\"ImageObject\",\"inLanguage\":\"de-DE\",\"@id\":\"https:\/\/www.tiptoe.fr\/de\/#\/schema\/logo\/image\/\",\"url\":\"https:\/\/www.tiptoe.fr\/wp-content\/uploads\/2024\/06\/Logo.png\",\"contentUrl\":\"https:\/\/www.tiptoe.fr\/wp-content\/uploads\/2024\/06\/Logo.png\",\"width\":133,\"height\":26,\"caption\":\"TIPTOE\"},\"image\":{\"@id\":\"https:\/\/www.tiptoe.fr\/de\/#\/schema\/logo\/image\/\"},\"sameAs\":[\"https:\/\/www.facebook.com\/tiptoedesign\",\"https:\/\/x.com\/tiptoedesign\",\"https:\/\/www.instagram.com\/tiptoedesign\/\",\"https:\/\/www.pinterest.fr\/tiptoedesign\/\"]}]}<\/script>\n<!-- \/ Yoast SEO plugin. -->","yoast_head_json":{"title":"Wandgarderobenregal PLI aus geb\u00fcrstetem Edelstahl | CORE","description":"Entdecken Sie die Garderobenregale in einer neuen Ausf\u00fchrung aus geb\u00fcrstetem Edelstahl neu. In verschiedenen Gr\u00f6\u00dfen erh\u00e4ltlich.","robots":{"index":"index","follow":"follow","max-snippet":"max-snippet:-1","max-image-preview":"max-image-preview:large","max-video-preview":"max-video-preview:-1"},"canonical":"https:\/\/www.tiptoe.fr\/de\/product\/wandgarderobenregal-pli-core-edition\/","og_locale":"de_DE","og_type":"article","og_title":"Wandgarderobenregal PLI aus geb\u00fcrstetem Edelstahl | CORE","og_description":"Entdecken Sie die Garderobenregale in einer neuen Ausf\u00fchrung aus geb\u00fcrstetem Edelstahl neu. In verschiedenen Gr\u00f6\u00dfen erh\u00e4ltlich.","og_url":"https:\/\/www.tiptoe.fr\/de\/product\/wandgarderobenregal-pli-core-edition\/","og_site_name":"TIPTOE","article_publisher":"https:\/\/www.facebook.com\/tiptoedesign","article_modified_time":"2026-01-22T15:35:34+00:00","og_image":[{"width":2500,"height":2500,"url":"https:\/\/www.tiptoe.fr\/wp-content\/uploads\/2026\/01\/PLI_slim_hooks_30cm_INOX-WEB.jpg","type":"image\/jpeg"}],"twitter_card":"summary_large_image","twitter_site":"@tiptoedesign","twitter_misc":{"Est. reading time":"1 minute"},"schema":{"@context":"https:\/\/schema.org","@graph":[{"@type":"WebPage","@id":"https:\/\/www.tiptoe.fr\/de\/product\/wandgarderobenregal-pli-core-edition\/","url":"https:\/\/www.tiptoe.fr\/de\/product\/wandgarderobenregal-pli-core-edition\/","name":"Wandgarderobenregal PLI aus geb\u00fcrstetem Edelstahl | CORE","isPartOf":{"@id":"https:\/\/www.tiptoe.fr\/de\/#website"},"primaryImageOfPage":{"@id":"https:\/\/www.tiptoe.fr\/de\/product\/wandgarderobenregal-pli-core-edition\/#primaryimage"},"image":{"@id":"https:\/\/www.tiptoe.fr\/de\/product\/wandgarderobenregal-pli-core-edition\/#primaryimage"},"thumbnailUrl":"https:\/\/www.tiptoe.fr\/wp-content\/uploads\/2026\/01\/PLI_slim_hooks_30cm_INOX-WEB.jpg","datePublished":"2026-01-22T15:32:37+00:00","dateModified":"2026-01-22T15:35:34+00:00","description":"Entdecken Sie die Garderobenregale in einer neuen Ausf\u00fchrung aus geb\u00fcrstetem Edelstahl neu. In verschiedenen Gr\u00f6\u00dfen erh\u00e4ltlich.","breadcrumb":{"@id":"https:\/\/www.tiptoe.fr\/de\/product\/wandgarderobenregal-pli-core-edition\/#breadcrumb"},"inLanguage":"de-DE","potentialAction":[{"@type":"ReadAction","target":["https:\/\/www.tiptoe.fr\/de\/product\/wandgarderobenregal-pli-core-edition\/"]}]},{"@type":"ImageObject","inLanguage":"de-DE","@id":"https:\/\/www.tiptoe.fr\/de\/product\/wandgarderobenregal-pli-core-edition\/#primaryimage","url":"https:\/\/www.tiptoe.fr\/wp-content\/uploads\/2026\/01\/PLI_slim_hooks_30cm_INOX-WEB.jpg","contentUrl":"https:\/\/www.tiptoe.fr\/wp-content\/uploads\/2026\/01\/PLI_slim_hooks_30cm_INOX-WEB.jpg","width":2500,"height":2500},{"@type":"BreadcrumbList","@id":"https:\/\/www.tiptoe.fr\/de\/product\/wandgarderobenregal-pli-core-edition\/#breadcrumb","itemListElement":[{"@type":"ListItem","position":1,"name":"Startseite","item":"https:\/\/www.tiptoe.fr\/de\/"},{"@type":"ListItem","position":2,"name":"Shop","item":"https:\/\/www.tiptoe.fr\/shop\/"},{"@type":"ListItem","position":3,"name":"CORE edition","item":"https:\/\/www.tiptoe.fr\/de\/core-edition\/"},{"@type":"ListItem","position":4,"name":"Wandgarderobenregal PLI &#8211; CORE Edition"}]},{"@type":"WebSite","@id":"https:\/\/www.tiptoe.fr\/de\/#website","url":"https:\/\/www.tiptoe.fr\/de\/","name":"TIPTOE","description":"","publisher":{"@id":"https:\/\/www.tiptoe.fr\/de\/#organization"},"potentialAction":[{"@type":"SearchAction","target":{"@type":"EntryPoint","urlTemplate":"https:\/\/www.tiptoe.fr\/de\/?s={search_term_string}"},"query-input":{"@type":"PropertyValueSpecification","valueRequired":true,"valueName":"search_term_string"}}],"inLanguage":"de-DE"},{"@type":"Organization","@id":"https:\/\/www.tiptoe.fr\/de\/#organization","name":"TIPTOE","url":"https:\/\/www.tiptoe.fr\/de\/","logo":{"@type":"ImageObject","inLanguage":"de-DE","@id":"https:\/\/www.tiptoe.fr\/de\/#\/schema\/logo\/image\/","url":"https:\/\/www.tiptoe.fr\/wp-content\/uploads\/2024\/06\/Logo.png","contentUrl":"https:\/\/www.tiptoe.fr\/wp-content\/uploads\/2024\/06\/Logo.png","width":133,"height":26,"caption":"TIPTOE"},"image":{"@id":"https:\/\/www.tiptoe.fr\/de\/#\/schema\/logo\/image\/"},"sameAs":["https:\/\/www.facebook.com\/tiptoedesign","https:\/\/x.com\/tiptoedesign","https:\/\/www.instagram.com\/tiptoedesign\/","https:\/\/www.pinterest.fr\/tiptoedesign\/"]}]}},"_links":{"self":[{"href":"https:\/\/www.tiptoe.fr\/de\/wp-json\/wp\/v2\/product\/319775","targetHints":{"allow":["GET"]}}],"collection":[{"href":"https:\/\/www.tiptoe.fr\/de\/wp-json\/wp\/v2\/product"}],"about":[{"href":"https:\/\/www.tiptoe.fr\/de\/wp-json\/wp\/v2\/types\/product"}],"wp:featuredmedia":[{"embeddable":true,"href":"https:\/\/www.tiptoe.fr\/de\/wp-json\/wp\/v2\/media\/319443"}],"wp:attachment":[{"href":"https:\/\/www.tiptoe.fr\/de\/wp-json\/wp\/v2\/media?parent=319775"}],"wp:term":[{"taxonomy":"product_brand","embeddable":true,"href":"https:\/\/www.tiptoe.fr\/de\/wp-json\/wp\/v2\/product_brand?post=319775"},{"taxonomy":"product_cat","embeddable":true,"href":"https:\/\/www.tiptoe.fr\/de\/wp-json\/wp\/v2\/product_cat?post=319775"},{"taxonomy":"product_tag","embeddable":true,"href":"https:\/\/www.tiptoe.fr\/de\/wp-json\/wp\/v2\/product_tag?post=319775"}],"curies":[{"name":"wp","href":"https:\/\/api.w.org\/{rel}","templated":true}]}}