{"id":319718,"date":"2026-01-22T16:13:34","date_gmt":"2026-01-22T15:33:08","guid":{"rendered":"https:\/\/www.tiptoe.fr\/?post_type=product&#038;p=319718"},"modified":"2026-02-17T17:33:36","modified_gmt":"2026-02-17T16:33:36","slug":"tischbein-75cm-core-edition","status":"publish","type":"product","link":"https:\/\/www.tiptoe.fr\/de\/product\/tischbein-75cm-core-edition\/","title":{"rendered":"Tischbein 75cm &#8211; CORE Edition"},"content":{"rendered":"<p>CORE ist eine exklusive Edition der ikonischen Produkte des Studios, die in geb\u00fcrstetem Edelstahl neu interpretiert wurden. Diese Serie w\u00fcrdigt ein reines und k\u00fchnes Material und unterstreicht die Zeitlosigkeit der Tiptoe-Kreationen.<\/p>\n<p>Die Tischbeine verbinden dank des geb\u00fcrsteten Edelstahls Robustheit und \u00c4sthetik und schaffen eine optische Verbindung zum Mechanismus der Schraubzwinge. Jeder Tisch ist ein zeitloses St\u00fcck, bei dem sich die Genialit\u00e4t der Struktur elegant offenbart.<\/p>\n","protected":false},"excerpt":{"rendered":"<p><strong>\u2713<\/strong>\u00a0Tischbein 75 cm, einzeln oder im 4er-Set<\/p>\n<p><strong>\u2713<\/strong>\u00a0Ideal f\u00fcr Esstisch, Schreibtisch oder Beistelltisch<\/p>\n<p><strong>\u2713<\/strong>\u00a0Oberfl\u00e4che aus geb\u00fcrstetem Edelstahl<\/p>\n<p><strong>\u2713<\/strong>\u00a0Einfach und schnell zu installieren<\/p>\n","protected":false},"featured_media":318619,"template":"","meta":{"_acf_changed":false},"product_brand":[],"product_cat":[2487,748,749,751],"product_tag":[],"class_list":{"0":"post-319718","1":"product","2":"type-product","3":"status-publish","4":"has-post-thumbnail","6":"product_cat-core-edition","7":"product_cat-tischbeine","8":"product_cat-esstischbeine","9":"product_cat-schreibtischbeine","10":"product_shipping_class-colis","12":"first","13":"instock","14":"taxable","15":"shipping-taxable","16":"purchasable","17":"product-type-variable","18":"has-default-attributes"},"acf":[],"yoast_head":"<!-- This site is optimized with the Yoast SEO plugin v26.3 - https:\/\/yoast.com\/wordpress\/plugins\/seo\/ -->\n<title>Tischfubein 75 cm aus geb\u00fcrstetem Edelstahl | Edition CORE<\/title>\n<meta name=\"description\" content=\"Entdecken Sie unseren legend\u00e4ren Tischbein 75 cm in einer neuen Ausf\u00fchrung aus geb\u00fcrstetem Edelstahl. Perfekt f\u00fcr einen Tisch oder einen Schreibtisch.\" \/>\n<meta name=\"robots\" content=\"index, follow, max-snippet:-1, max-image-preview:large, max-video-preview:-1\" \/>\n<link rel=\"canonical\" href=\"https:\/\/www.tiptoe.fr\/de\/product\/tischbein-75cm-core-edition\/\" \/>\n<meta property=\"og:locale\" content=\"de_DE\" \/>\n<meta property=\"og:type\" content=\"article\" \/>\n<meta property=\"og:title\" content=\"Tischfubein 75 cm aus geb\u00fcrstetem Edelstahl | Edition CORE\" \/>\n<meta property=\"og:description\" content=\"Entdecken Sie unseren legend\u00e4ren Tischbein 75 cm in einer neuen Ausf\u00fchrung aus geb\u00fcrstetem Edelstahl. Perfekt f\u00fcr einen Tisch oder einen Schreibtisch.\" \/>\n<meta property=\"og:url\" content=\"https:\/\/www.tiptoe.fr\/de\/product\/tischbein-75cm-core-edition\/\" \/>\n<meta property=\"og:site_name\" content=\"TIPTOE\" \/>\n<meta property=\"article:publisher\" content=\"https:\/\/www.facebook.com\/tiptoedesign\" \/>\n<meta property=\"article:modified_time\" content=\"2026-02-17T16:33:36+00:00\" \/>\n<meta property=\"og:image\" content=\"https:\/\/www.tiptoe.fr\/wp-content\/uploads\/2025\/12\/pied-de-table-75cm-core-edition.jpg\" \/>\n\t<meta property=\"og:image:width\" content=\"2500\" \/>\n\t<meta property=\"og:image:height\" content=\"2499\" \/>\n\t<meta property=\"og:image:type\" content=\"image\/jpeg\" \/>\n<meta name=\"twitter:card\" content=\"summary_large_image\" \/>\n<meta name=\"twitter:site\" content=\"@tiptoedesign\" \/>\n<meta name=\"twitter:label1\" content=\"Est. reading time\" \/>\n\t<meta name=\"twitter:data1\" content=\"1 minute\" \/>\n<script type=\"application\/ld+json\" class=\"yoast-schema-graph\">{\"@context\":\"https:\/\/schema.org\",\"@graph\":[{\"@type\":\"WebPage\",\"@id\":\"https:\/\/www.tiptoe.fr\/de\/product\/tischbein-75cm-core-edition\/\",\"url\":\"https:\/\/www.tiptoe.fr\/de\/product\/tischbein-75cm-core-edition\/\",\"name\":\"Tischfubein 75 cm aus geb\u00fcrstetem Edelstahl | Edition CORE\",\"isPartOf\":{\"@id\":\"https:\/\/www.tiptoe.fr\/de\/#website\"},\"primaryImageOfPage\":{\"@id\":\"https:\/\/www.tiptoe.fr\/de\/product\/tischbein-75cm-core-edition\/#primaryimage\"},\"image\":{\"@id\":\"https:\/\/www.tiptoe.fr\/de\/product\/tischbein-75cm-core-edition\/#primaryimage\"},\"thumbnailUrl\":\"https:\/\/www.tiptoe.fr\/wp-content\/uploads\/2025\/12\/pied-de-table-75cm-core-edition.jpg\",\"datePublished\":\"2026-01-22T15:33:08+00:00\",\"dateModified\":\"2026-02-17T16:33:36+00:00\",\"description\":\"Entdecken Sie unseren legend\u00e4ren Tischbein 75 cm in einer neuen Ausf\u00fchrung aus geb\u00fcrstetem Edelstahl. Perfekt f\u00fcr einen Tisch oder einen Schreibtisch.\",\"breadcrumb\":{\"@id\":\"https:\/\/www.tiptoe.fr\/de\/product\/tischbein-75cm-core-edition\/#breadcrumb\"},\"inLanguage\":\"de-DE\",\"potentialAction\":[{\"@type\":\"ReadAction\",\"target\":[\"https:\/\/www.tiptoe.fr\/de\/product\/tischbein-75cm-core-edition\/\"]}]},{\"@type\":\"ImageObject\",\"inLanguage\":\"de-DE\",\"@id\":\"https:\/\/www.tiptoe.fr\/de\/product\/tischbein-75cm-core-edition\/#primaryimage\",\"url\":\"https:\/\/www.tiptoe.fr\/wp-content\/uploads\/2025\/12\/pied-de-table-75cm-core-edition.jpg\",\"contentUrl\":\"https:\/\/www.tiptoe.fr\/wp-content\/uploads\/2025\/12\/pied-de-table-75cm-core-edition.jpg\",\"width\":2500,\"height\":2499},{\"@type\":\"BreadcrumbList\",\"@id\":\"https:\/\/www.tiptoe.fr\/de\/product\/tischbein-75cm-core-edition\/#breadcrumb\",\"itemListElement\":[{\"@type\":\"ListItem\",\"position\":1,\"name\":\"Startseite\",\"item\":\"https:\/\/www.tiptoe.fr\/de\/\"},{\"@type\":\"ListItem\",\"position\":2,\"name\":\"Shop\",\"item\":\"https:\/\/www.tiptoe.fr\/shop\/\"},{\"@type\":\"ListItem\",\"position\":3,\"name\":\"CORE edition\",\"item\":\"https:\/\/www.tiptoe.fr\/de\/core-edition\/\"},{\"@type\":\"ListItem\",\"position\":4,\"name\":\"Tischbein 75cm &#8211; CORE Edition\"}]},{\"@type\":\"WebSite\",\"@id\":\"https:\/\/www.tiptoe.fr\/de\/#website\",\"url\":\"https:\/\/www.tiptoe.fr\/de\/\",\"name\":\"TIPTOE\",\"description\":\"\",\"publisher\":{\"@id\":\"https:\/\/www.tiptoe.fr\/de\/#organization\"},\"potentialAction\":[{\"@type\":\"SearchAction\",\"target\":{\"@type\":\"EntryPoint\",\"urlTemplate\":\"https:\/\/www.tiptoe.fr\/de\/?s={search_term_string}\"},\"query-input\":{\"@type\":\"PropertyValueSpecification\",\"valueRequired\":true,\"valueName\":\"search_term_string\"}}],\"inLanguage\":\"de-DE\"},{\"@type\":\"Organization\",\"@id\":\"https:\/\/www.tiptoe.fr\/de\/#organization\",\"name\":\"TIPTOE\",\"url\":\"https:\/\/www.tiptoe.fr\/de\/\",\"logo\":{\"@type\":\"ImageObject\",\"inLanguage\":\"de-DE\",\"@id\":\"https:\/\/www.tiptoe.fr\/de\/#\/schema\/logo\/image\/\",\"url\":\"https:\/\/www.tiptoe.fr\/wp-content\/uploads\/2024\/06\/Logo.png\",\"contentUrl\":\"https:\/\/www.tiptoe.fr\/wp-content\/uploads\/2024\/06\/Logo.png\",\"width\":133,\"height\":26,\"caption\":\"TIPTOE\"},\"image\":{\"@id\":\"https:\/\/www.tiptoe.fr\/de\/#\/schema\/logo\/image\/\"},\"sameAs\":[\"https:\/\/www.facebook.com\/tiptoedesign\",\"https:\/\/x.com\/tiptoedesign\",\"https:\/\/www.instagram.com\/tiptoedesign\/\",\"https:\/\/www.pinterest.fr\/tiptoedesign\/\"]}]}<\/script>\n<!-- \/ Yoast SEO plugin. -->","yoast_head_json":{"title":"Tischfubein 75 cm aus geb\u00fcrstetem Edelstahl | Edition CORE","description":"Entdecken Sie unseren legend\u00e4ren Tischbein 75 cm in einer neuen Ausf\u00fchrung aus geb\u00fcrstetem Edelstahl. Perfekt f\u00fcr einen Tisch oder einen Schreibtisch.","robots":{"index":"index","follow":"follow","max-snippet":"max-snippet:-1","max-image-preview":"max-image-preview:large","max-video-preview":"max-video-preview:-1"},"canonical":"https:\/\/www.tiptoe.fr\/de\/product\/tischbein-75cm-core-edition\/","og_locale":"de_DE","og_type":"article","og_title":"Tischfubein 75 cm aus geb\u00fcrstetem Edelstahl | Edition CORE","og_description":"Entdecken Sie unseren legend\u00e4ren Tischbein 75 cm in einer neuen Ausf\u00fchrung aus geb\u00fcrstetem Edelstahl. Perfekt f\u00fcr einen Tisch oder einen Schreibtisch.","og_url":"https:\/\/www.tiptoe.fr\/de\/product\/tischbein-75cm-core-edition\/","og_site_name":"TIPTOE","article_publisher":"https:\/\/www.facebook.com\/tiptoedesign","article_modified_time":"2026-02-17T16:33:36+00:00","og_image":[{"width":2500,"height":2499,"url":"https:\/\/www.tiptoe.fr\/wp-content\/uploads\/2025\/12\/pied-de-table-75cm-core-edition.jpg","type":"image\/jpeg"}],"twitter_card":"summary_large_image","twitter_site":"@tiptoedesign","twitter_misc":{"Est. reading time":"1 minute"},"schema":{"@context":"https:\/\/schema.org","@graph":[{"@type":"WebPage","@id":"https:\/\/www.tiptoe.fr\/de\/product\/tischbein-75cm-core-edition\/","url":"https:\/\/www.tiptoe.fr\/de\/product\/tischbein-75cm-core-edition\/","name":"Tischfubein 75 cm aus geb\u00fcrstetem Edelstahl | Edition CORE","isPartOf":{"@id":"https:\/\/www.tiptoe.fr\/de\/#website"},"primaryImageOfPage":{"@id":"https:\/\/www.tiptoe.fr\/de\/product\/tischbein-75cm-core-edition\/#primaryimage"},"image":{"@id":"https:\/\/www.tiptoe.fr\/de\/product\/tischbein-75cm-core-edition\/#primaryimage"},"thumbnailUrl":"https:\/\/www.tiptoe.fr\/wp-content\/uploads\/2025\/12\/pied-de-table-75cm-core-edition.jpg","datePublished":"2026-01-22T15:33:08+00:00","dateModified":"2026-02-17T16:33:36+00:00","description":"Entdecken Sie unseren legend\u00e4ren Tischbein 75 cm in einer neuen Ausf\u00fchrung aus geb\u00fcrstetem Edelstahl. Perfekt f\u00fcr einen Tisch oder einen Schreibtisch.","breadcrumb":{"@id":"https:\/\/www.tiptoe.fr\/de\/product\/tischbein-75cm-core-edition\/#breadcrumb"},"inLanguage":"de-DE","potentialAction":[{"@type":"ReadAction","target":["https:\/\/www.tiptoe.fr\/de\/product\/tischbein-75cm-core-edition\/"]}]},{"@type":"ImageObject","inLanguage":"de-DE","@id":"https:\/\/www.tiptoe.fr\/de\/product\/tischbein-75cm-core-edition\/#primaryimage","url":"https:\/\/www.tiptoe.fr\/wp-content\/uploads\/2025\/12\/pied-de-table-75cm-core-edition.jpg","contentUrl":"https:\/\/www.tiptoe.fr\/wp-content\/uploads\/2025\/12\/pied-de-table-75cm-core-edition.jpg","width":2500,"height":2499},{"@type":"BreadcrumbList","@id":"https:\/\/www.tiptoe.fr\/de\/product\/tischbein-75cm-core-edition\/#breadcrumb","itemListElement":[{"@type":"ListItem","position":1,"name":"Startseite","item":"https:\/\/www.tiptoe.fr\/de\/"},{"@type":"ListItem","position":2,"name":"Shop","item":"https:\/\/www.tiptoe.fr\/shop\/"},{"@type":"ListItem","position":3,"name":"CORE edition","item":"https:\/\/www.tiptoe.fr\/de\/core-edition\/"},{"@type":"ListItem","position":4,"name":"Tischbein 75cm &#8211; CORE Edition"}]},{"@type":"WebSite","@id":"https:\/\/www.tiptoe.fr\/de\/#website","url":"https:\/\/www.tiptoe.fr\/de\/","name":"TIPTOE","description":"","publisher":{"@id":"https:\/\/www.tiptoe.fr\/de\/#organization"},"potentialAction":[{"@type":"SearchAction","target":{"@type":"EntryPoint","urlTemplate":"https:\/\/www.tiptoe.fr\/de\/?s={search_term_string}"},"query-input":{"@type":"PropertyValueSpecification","valueRequired":true,"valueName":"search_term_string"}}],"inLanguage":"de-DE"},{"@type":"Organization","@id":"https:\/\/www.tiptoe.fr\/de\/#organization","name":"TIPTOE","url":"https:\/\/www.tiptoe.fr\/de\/","logo":{"@type":"ImageObject","inLanguage":"de-DE","@id":"https:\/\/www.tiptoe.fr\/de\/#\/schema\/logo\/image\/","url":"https:\/\/www.tiptoe.fr\/wp-content\/uploads\/2024\/06\/Logo.png","contentUrl":"https:\/\/www.tiptoe.fr\/wp-content\/uploads\/2024\/06\/Logo.png","width":133,"height":26,"caption":"TIPTOE"},"image":{"@id":"https:\/\/www.tiptoe.fr\/de\/#\/schema\/logo\/image\/"},"sameAs":["https:\/\/www.facebook.com\/tiptoedesign","https:\/\/x.com\/tiptoedesign","https:\/\/www.instagram.com\/tiptoedesign\/","https:\/\/www.pinterest.fr\/tiptoedesign\/"]}]}},"_links":{"self":[{"href":"https:\/\/www.tiptoe.fr\/de\/wp-json\/wp\/v2\/product\/319718","targetHints":{"allow":["GET"]}}],"collection":[{"href":"https:\/\/www.tiptoe.fr\/de\/wp-json\/wp\/v2\/product"}],"about":[{"href":"https:\/\/www.tiptoe.fr\/de\/wp-json\/wp\/v2\/types\/product"}],"wp:featuredmedia":[{"embeddable":true,"href":"https:\/\/www.tiptoe.fr\/de\/wp-json\/wp\/v2\/media\/318619"}],"wp:attachment":[{"href":"https:\/\/www.tiptoe.fr\/de\/wp-json\/wp\/v2\/media?parent=319718"}],"wp:term":[{"taxonomy":"product_brand","embeddable":true,"href":"https:\/\/www.tiptoe.fr\/de\/wp-json\/wp\/v2\/product_brand?post=319718"},{"taxonomy":"product_cat","embeddable":true,"href":"https:\/\/www.tiptoe.fr\/de\/wp-json\/wp\/v2\/product_cat?post=319718"},{"taxonomy":"product_tag","embeddable":true,"href":"https:\/\/www.tiptoe.fr\/de\/wp-json\/wp\/v2\/product_tag?post=319718"}],"curies":[{"name":"wp","href":"https:\/\/api.w.org\/{rel}","templated":true}]}}