{"id":317467,"date":"2026-01-06T15:40:44","date_gmt":"2026-01-06T14:44:36","guid":{"rendered":"https:\/\/www.tiptoe.fr\/?post_type=product&#038;p=317467"},"modified":"2026-02-04T17:14:39","modified_gmt":"2026-02-04T16:14:39","slug":"wandhaken-fur-regal-pli","status":"publish","type":"product","link":"https:\/\/www.tiptoe.fr\/de\/product\/wandhaken-fur-regal-pli\/","title":{"rendered":"Wandhaken f\u00fcr Regal PLI"},"content":{"rendered":"<p>Die PLI-Kollektion umfasst Wandregale aus gebogenem Stahl, die in verschiedenen Formaten, Gr\u00f6\u00dfen und Farben erh\u00e4ltlich sind. Diese Produktreihe wurde f\u00fcr eine Vielzahl von Konfigurationen entwickelt und passt sich allen R\u00e4umen an.<\/p>\n<p>Die Haken f\u00fcr das Wandregal PLI lassen sich in wenigen Sekunden befestigen und bieten eine einfache und praktische Erweiterung zum Aufh\u00e4ngen von Alltagsgegenst\u00e4nden.<\/p>\n","protected":false},"excerpt":{"rendered":"<p><strong>\u2713<\/strong> Haken f\u00fcr Regale PLI und PLI Sim<\/p>\n<p><strong>\u2713<\/strong> Verschiedene Gr\u00f6\u00dfen : 20, 30, 45 oder 60 cm<\/p>\n<p><strong>\u2713<\/strong> Einfach und schnell zu installieren<\/p>\n<p><strong>\u2713<\/strong> 100% in Europa hergestellt<\/p>\n","protected":false},"featured_media":316277,"template":"","meta":{"_acf_changed":false},"product_brand":[],"product_cat":[766,771,2473,2475],"product_tag":[],"class_list":{"0":"post-317467","1":"product","2":"type-product","3":"status-publish","4":"has-post-thumbnail","6":"product_cat-wandregale","7":"product_cat-garderobenhaken","8":"product_cat-wandregale-badezimmer","9":"product_cat-wandregale-kueche","10":"product_shipping_class-colis","12":"first","13":"instock","14":"taxable","15":"shipping-taxable","16":"purchasable","17":"product-type-variable","18":"has-default-attributes"},"acf":[],"yoast_head":"<!-- This site is optimized with the Yoast SEO plugin v26.3 - https:\/\/yoast.com\/wordpress\/plugins\/seo\/ -->\n<title>Wandhaken f\u00fcr Regale \u2013 20 bis 60 cm | Kollektion PLI<\/title>\n<meta name=\"description\" content=\"Entdecken Sie unsere pulverbeschichteten Stahl-Wandhaken f\u00fcr PLI-Regale, erh\u00e4ltlich in verschiedenen Gr\u00f6\u00dfen und Farben f\u00fcr alle Konfigurationen.\" \/>\n<meta name=\"robots\" content=\"index, follow, max-snippet:-1, max-image-preview:large, max-video-preview:-1\" \/>\n<link rel=\"canonical\" href=\"https:\/\/www.tiptoe.fr\/de\/product\/wandhaken-fur-regal-pli\/\" \/>\n<meta property=\"og:locale\" content=\"de_DE\" \/>\n<meta property=\"og:type\" content=\"article\" \/>\n<meta property=\"og:title\" content=\"Wandhaken f\u00fcr Regale \u2013 20 bis 60 cm | Kollektion PLI\" \/>\n<meta property=\"og:description\" content=\"Entdecken Sie unsere pulverbeschichteten Stahl-Wandhaken f\u00fcr PLI-Regale, erh\u00e4ltlich in verschiedenen Gr\u00f6\u00dfen und Farben f\u00fcr alle Konfigurationen.\" \/>\n<meta property=\"og:url\" content=\"https:\/\/www.tiptoe.fr\/de\/product\/wandhaken-fur-regal-pli\/\" \/>\n<meta property=\"og:site_name\" content=\"TIPTOE\" \/>\n<meta property=\"article:publisher\" content=\"https:\/\/www.facebook.com\/tiptoedesign\" \/>\n<meta property=\"article:modified_time\" content=\"2026-02-04T16:14:39+00:00\" \/>\n<meta property=\"og:image\" content=\"https:\/\/www.tiptoe.fr\/wp-content\/uploads\/2025\/12\/pli-crochets-seuls-45cm-griseuca.jpg\" \/>\n\t<meta property=\"og:image:width\" content=\"1500\" \/>\n\t<meta property=\"og:image:height\" content=\"1500\" \/>\n\t<meta property=\"og:image:type\" content=\"image\/jpeg\" \/>\n<meta name=\"twitter:card\" content=\"summary_large_image\" \/>\n<meta name=\"twitter:site\" content=\"@tiptoedesign\" \/>\n<meta name=\"twitter:label1\" content=\"Est. reading time\" \/>\n\t<meta name=\"twitter:data1\" content=\"1 minute\" \/>\n<script type=\"application\/ld+json\" class=\"yoast-schema-graph\">{\"@context\":\"https:\/\/schema.org\",\"@graph\":[{\"@type\":\"WebPage\",\"@id\":\"https:\/\/www.tiptoe.fr\/de\/product\/wandhaken-fur-regal-pli\/\",\"url\":\"https:\/\/www.tiptoe.fr\/de\/product\/wandhaken-fur-regal-pli\/\",\"name\":\"Wandhaken f\u00fcr Regale \u2013 20 bis 60 cm | Kollektion PLI\",\"isPartOf\":{\"@id\":\"https:\/\/www.tiptoe.fr\/de\/#website\"},\"primaryImageOfPage\":{\"@id\":\"https:\/\/www.tiptoe.fr\/de\/product\/wandhaken-fur-regal-pli\/#primaryimage\"},\"image\":{\"@id\":\"https:\/\/www.tiptoe.fr\/de\/product\/wandhaken-fur-regal-pli\/#primaryimage\"},\"thumbnailUrl\":\"https:\/\/www.tiptoe.fr\/wp-content\/uploads\/2025\/12\/pli-crochets-seuls-45cm-griseuca.jpg\",\"datePublished\":\"2026-01-06T14:44:36+00:00\",\"dateModified\":\"2026-02-04T16:14:39+00:00\",\"description\":\"Entdecken Sie unsere pulverbeschichteten Stahl-Wandhaken f\u00fcr PLI-Regale, erh\u00e4ltlich in verschiedenen Gr\u00f6\u00dfen und Farben f\u00fcr alle Konfigurationen.\",\"breadcrumb\":{\"@id\":\"https:\/\/www.tiptoe.fr\/de\/product\/wandhaken-fur-regal-pli\/#breadcrumb\"},\"inLanguage\":\"de-DE\",\"potentialAction\":[{\"@type\":\"ReadAction\",\"target\":[\"https:\/\/www.tiptoe.fr\/de\/product\/wandhaken-fur-regal-pli\/\"]}]},{\"@type\":\"ImageObject\",\"inLanguage\":\"de-DE\",\"@id\":\"https:\/\/www.tiptoe.fr\/de\/product\/wandhaken-fur-regal-pli\/#primaryimage\",\"url\":\"https:\/\/www.tiptoe.fr\/wp-content\/uploads\/2025\/12\/pli-crochets-seuls-45cm-griseuca.jpg\",\"contentUrl\":\"https:\/\/www.tiptoe.fr\/wp-content\/uploads\/2025\/12\/pli-crochets-seuls-45cm-griseuca.jpg\",\"width\":1500,\"height\":1500},{\"@type\":\"BreadcrumbList\",\"@id\":\"https:\/\/www.tiptoe.fr\/de\/product\/wandhaken-fur-regal-pli\/#breadcrumb\",\"itemListElement\":[{\"@type\":\"ListItem\",\"position\":1,\"name\":\"Startseite\",\"item\":\"https:\/\/www.tiptoe.fr\/de\/\"},{\"@type\":\"ListItem\",\"position\":2,\"name\":\"Shop\",\"item\":\"https:\/\/www.tiptoe.fr\/shop\/\"},{\"@type\":\"ListItem\",\"position\":3,\"name\":\"Wandregale\",\"item\":\"https:\/\/www.tiptoe.fr\/de\/wandregale\/\"},{\"@type\":\"ListItem\",\"position\":4,\"name\":\"Haken &amp; Garderoben\",\"item\":\"https:\/\/www.tiptoe.fr\/de\/wandregale\/garderobenhaken\/\"},{\"@type\":\"ListItem\",\"position\":5,\"name\":\"Wandhaken f\u00fcr Regal PLI\"}]},{\"@type\":\"WebSite\",\"@id\":\"https:\/\/www.tiptoe.fr\/de\/#website\",\"url\":\"https:\/\/www.tiptoe.fr\/de\/\",\"name\":\"TIPTOE\",\"description\":\"\",\"publisher\":{\"@id\":\"https:\/\/www.tiptoe.fr\/de\/#organization\"},\"potentialAction\":[{\"@type\":\"SearchAction\",\"target\":{\"@type\":\"EntryPoint\",\"urlTemplate\":\"https:\/\/www.tiptoe.fr\/de\/?s={search_term_string}\"},\"query-input\":{\"@type\":\"PropertyValueSpecification\",\"valueRequired\":true,\"valueName\":\"search_term_string\"}}],\"inLanguage\":\"de-DE\"},{\"@type\":\"Organization\",\"@id\":\"https:\/\/www.tiptoe.fr\/de\/#organization\",\"name\":\"TIPTOE\",\"url\":\"https:\/\/www.tiptoe.fr\/de\/\",\"logo\":{\"@type\":\"ImageObject\",\"inLanguage\":\"de-DE\",\"@id\":\"https:\/\/www.tiptoe.fr\/de\/#\/schema\/logo\/image\/\",\"url\":\"https:\/\/www.tiptoe.fr\/wp-content\/uploads\/2024\/06\/Logo.png\",\"contentUrl\":\"https:\/\/www.tiptoe.fr\/wp-content\/uploads\/2024\/06\/Logo.png\",\"width\":133,\"height\":26,\"caption\":\"TIPTOE\"},\"image\":{\"@id\":\"https:\/\/www.tiptoe.fr\/de\/#\/schema\/logo\/image\/\"},\"sameAs\":[\"https:\/\/www.facebook.com\/tiptoedesign\",\"https:\/\/x.com\/tiptoedesign\",\"https:\/\/www.instagram.com\/tiptoedesign\/\",\"https:\/\/www.pinterest.fr\/tiptoedesign\/\"]}]}<\/script>\n<!-- \/ Yoast SEO plugin. -->","yoast_head_json":{"title":"Wandhaken f\u00fcr Regale \u2013 20 bis 60 cm | Kollektion PLI","description":"Entdecken Sie unsere pulverbeschichteten Stahl-Wandhaken f\u00fcr PLI-Regale, erh\u00e4ltlich in verschiedenen Gr\u00f6\u00dfen und Farben f\u00fcr alle Konfigurationen.","robots":{"index":"index","follow":"follow","max-snippet":"max-snippet:-1","max-image-preview":"max-image-preview:large","max-video-preview":"max-video-preview:-1"},"canonical":"https:\/\/www.tiptoe.fr\/de\/product\/wandhaken-fur-regal-pli\/","og_locale":"de_DE","og_type":"article","og_title":"Wandhaken f\u00fcr Regale \u2013 20 bis 60 cm | Kollektion PLI","og_description":"Entdecken Sie unsere pulverbeschichteten Stahl-Wandhaken f\u00fcr PLI-Regale, erh\u00e4ltlich in verschiedenen Gr\u00f6\u00dfen und Farben f\u00fcr alle Konfigurationen.","og_url":"https:\/\/www.tiptoe.fr\/de\/product\/wandhaken-fur-regal-pli\/","og_site_name":"TIPTOE","article_publisher":"https:\/\/www.facebook.com\/tiptoedesign","article_modified_time":"2026-02-04T16:14:39+00:00","og_image":[{"width":1500,"height":1500,"url":"https:\/\/www.tiptoe.fr\/wp-content\/uploads\/2025\/12\/pli-crochets-seuls-45cm-griseuca.jpg","type":"image\/jpeg"}],"twitter_card":"summary_large_image","twitter_site":"@tiptoedesign","twitter_misc":{"Est. reading time":"1 minute"},"schema":{"@context":"https:\/\/schema.org","@graph":[{"@type":"WebPage","@id":"https:\/\/www.tiptoe.fr\/de\/product\/wandhaken-fur-regal-pli\/","url":"https:\/\/www.tiptoe.fr\/de\/product\/wandhaken-fur-regal-pli\/","name":"Wandhaken f\u00fcr Regale \u2013 20 bis 60 cm | Kollektion PLI","isPartOf":{"@id":"https:\/\/www.tiptoe.fr\/de\/#website"},"primaryImageOfPage":{"@id":"https:\/\/www.tiptoe.fr\/de\/product\/wandhaken-fur-regal-pli\/#primaryimage"},"image":{"@id":"https:\/\/www.tiptoe.fr\/de\/product\/wandhaken-fur-regal-pli\/#primaryimage"},"thumbnailUrl":"https:\/\/www.tiptoe.fr\/wp-content\/uploads\/2025\/12\/pli-crochets-seuls-45cm-griseuca.jpg","datePublished":"2026-01-06T14:44:36+00:00","dateModified":"2026-02-04T16:14:39+00:00","description":"Entdecken Sie unsere pulverbeschichteten Stahl-Wandhaken f\u00fcr PLI-Regale, erh\u00e4ltlich in verschiedenen Gr\u00f6\u00dfen und Farben f\u00fcr alle Konfigurationen.","breadcrumb":{"@id":"https:\/\/www.tiptoe.fr\/de\/product\/wandhaken-fur-regal-pli\/#breadcrumb"},"inLanguage":"de-DE","potentialAction":[{"@type":"ReadAction","target":["https:\/\/www.tiptoe.fr\/de\/product\/wandhaken-fur-regal-pli\/"]}]},{"@type":"ImageObject","inLanguage":"de-DE","@id":"https:\/\/www.tiptoe.fr\/de\/product\/wandhaken-fur-regal-pli\/#primaryimage","url":"https:\/\/www.tiptoe.fr\/wp-content\/uploads\/2025\/12\/pli-crochets-seuls-45cm-griseuca.jpg","contentUrl":"https:\/\/www.tiptoe.fr\/wp-content\/uploads\/2025\/12\/pli-crochets-seuls-45cm-griseuca.jpg","width":1500,"height":1500},{"@type":"BreadcrumbList","@id":"https:\/\/www.tiptoe.fr\/de\/product\/wandhaken-fur-regal-pli\/#breadcrumb","itemListElement":[{"@type":"ListItem","position":1,"name":"Startseite","item":"https:\/\/www.tiptoe.fr\/de\/"},{"@type":"ListItem","position":2,"name":"Shop","item":"https:\/\/www.tiptoe.fr\/shop\/"},{"@type":"ListItem","position":3,"name":"Wandregale","item":"https:\/\/www.tiptoe.fr\/de\/wandregale\/"},{"@type":"ListItem","position":4,"name":"Haken &amp; Garderoben","item":"https:\/\/www.tiptoe.fr\/de\/wandregale\/garderobenhaken\/"},{"@type":"ListItem","position":5,"name":"Wandhaken f\u00fcr Regal PLI"}]},{"@type":"WebSite","@id":"https:\/\/www.tiptoe.fr\/de\/#website","url":"https:\/\/www.tiptoe.fr\/de\/","name":"TIPTOE","description":"","publisher":{"@id":"https:\/\/www.tiptoe.fr\/de\/#organization"},"potentialAction":[{"@type":"SearchAction","target":{"@type":"EntryPoint","urlTemplate":"https:\/\/www.tiptoe.fr\/de\/?s={search_term_string}"},"query-input":{"@type":"PropertyValueSpecification","valueRequired":true,"valueName":"search_term_string"}}],"inLanguage":"de-DE"},{"@type":"Organization","@id":"https:\/\/www.tiptoe.fr\/de\/#organization","name":"TIPTOE","url":"https:\/\/www.tiptoe.fr\/de\/","logo":{"@type":"ImageObject","inLanguage":"de-DE","@id":"https:\/\/www.tiptoe.fr\/de\/#\/schema\/logo\/image\/","url":"https:\/\/www.tiptoe.fr\/wp-content\/uploads\/2024\/06\/Logo.png","contentUrl":"https:\/\/www.tiptoe.fr\/wp-content\/uploads\/2024\/06\/Logo.png","width":133,"height":26,"caption":"TIPTOE"},"image":{"@id":"https:\/\/www.tiptoe.fr\/de\/#\/schema\/logo\/image\/"},"sameAs":["https:\/\/www.facebook.com\/tiptoedesign","https:\/\/x.com\/tiptoedesign","https:\/\/www.instagram.com\/tiptoedesign\/","https:\/\/www.pinterest.fr\/tiptoedesign\/"]}]}},"_links":{"self":[{"href":"https:\/\/www.tiptoe.fr\/de\/wp-json\/wp\/v2\/product\/317467","targetHints":{"allow":["GET"]}}],"collection":[{"href":"https:\/\/www.tiptoe.fr\/de\/wp-json\/wp\/v2\/product"}],"about":[{"href":"https:\/\/www.tiptoe.fr\/de\/wp-json\/wp\/v2\/types\/product"}],"wp:featuredmedia":[{"embeddable":true,"href":"https:\/\/www.tiptoe.fr\/de\/wp-json\/wp\/v2\/media\/316277"}],"wp:attachment":[{"href":"https:\/\/www.tiptoe.fr\/de\/wp-json\/wp\/v2\/media?parent=317467"}],"wp:term":[{"taxonomy":"product_brand","embeddable":true,"href":"https:\/\/www.tiptoe.fr\/de\/wp-json\/wp\/v2\/product_brand?post=317467"},{"taxonomy":"product_cat","embeddable":true,"href":"https:\/\/www.tiptoe.fr\/de\/wp-json\/wp\/v2\/product_cat?post=317467"},{"taxonomy":"product_tag","embeddable":true,"href":"https:\/\/www.tiptoe.fr\/de\/wp-json\/wp\/v2\/product_tag?post=317467"}],"curies":[{"name":"wp","href":"https:\/\/api.w.org\/{rel}","templated":true}]}}