{"id":314197,"date":"2025-11-28T10:44:01","date_gmt":"2025-11-28T09:47:12","guid":{"rendered":"https:\/\/www.tiptoe.fr\/?post_type=product&#038;p=314197"},"modified":"2026-03-25T12:52:50","modified_gmt":"2026-03-25T11:52:50","slug":"langlicher-couchtisch-tiptoe-macchiato","status":"publish","type":"product","link":"https:\/\/www.tiptoe.fr\/de\/product\/langlicher-couchtisch-tiptoe-macchiato\/","title":{"rendered":"L\u00e4nglicher Couchtisch TIPTOE 100x50cm &#8211; recycelter Kunststoff Macchiato"},"content":{"rendered":"<p>Der oblonge Couchtisch besteht aus einer 100\u00d750 cm gro\u00dfe Tischplatte aus recyceltem Kunststoff und 4Tischbeinen H\u00f6he 43 cm aus Stahl. Seine l\u00e4ngliche Form und abgerundeten Kanten verleihen Ihrem Wohnzimmer eine moderne und grafische Note.<\/p>\n<p>Der recycelte Kunststoff besteht aus wiederverwerteten Abf\u00e4llen aus der Gartenbauindustrie. Die schwarz-wei\u00dfe, gesprenkelte Tischplatte sorgt f\u00fcr ein originelles, einzigartiges Design. Jeder Tisch ist einzigartig, mit Mustern und Farbt\u00f6nen, die variieren k\u00f6nnen.<\/p>\n","protected":false},"excerpt":{"rendered":"<p><strong>\u2713<\/strong>\u00a0L\u00e4nglicher Couchtisch, 100 x 50 cm<\/p>\n<p><strong>\u2713<\/strong> Tischplatte aus recyceltem Plastik Macchiato<\/p>\n<p><strong>\u2713<\/strong>\u00a04 Tischbeine H\u00f6he 43 cm<\/p>\n<p><strong>\u2713<\/strong> Limitierte Auflage<\/p>\n","protected":false},"featured_media":314027,"template":"","meta":{"_acf_changed":false},"product_brand":[],"product_cat":[989,750,756,801],"product_tag":[],"class_list":{"0":"post-314197","1":"product","2":"type-product","3":"status-publish","4":"has-post-thumbnail","6":"product_cat-kollektion-tiptoe-tische","7":"product_cat-couchtischbeine","8":"product_cat-couchtische","9":"product_cat-tische-und-schreibtische","10":"product_shipping_class-meubles-complets","12":"first","13":"instock","14":"taxable","15":"shipping-taxable","16":"purchasable","17":"product-type-variable","18":"has-default-attributes"},"acf":[],"yoast_head":"<!-- This site is optimized with the Yoast SEO plugin v26.3 - https:\/\/yoast.com\/wordpress\/plugins\/seo\/ -->\n<title>L\u00e4nglicher Couchtisch TIPTOE aus recyceltem Plastik Macchaito<\/title>\n<meta name=\"description\" content=\"Der Couchtisch Macchiato mit schwarz-wei\u00df gesprenkelter Tischplatte aus recyceltem Kunststoff und vier TIPTOE-Beinen (43\u202fcm) wertet Ihr Wohnzimmer auf.\" \/>\n<meta name=\"robots\" content=\"index, follow, max-snippet:-1, max-image-preview:large, max-video-preview:-1\" \/>\n<link rel=\"canonical\" href=\"https:\/\/www.tiptoe.fr\/de\/product\/langlicher-couchtisch-tiptoe-macchiato\/\" \/>\n<meta property=\"og:locale\" content=\"de_DE\" \/>\n<meta property=\"og:type\" content=\"article\" \/>\n<meta property=\"og:title\" content=\"L\u00e4nglicher Couchtisch TIPTOE aus recyceltem Plastik Macchaito\" \/>\n<meta property=\"og:description\" content=\"Der Couchtisch Macchiato mit schwarz-wei\u00df gesprenkelter Tischplatte aus recyceltem Kunststoff und vier TIPTOE-Beinen (43\u202fcm) wertet Ihr Wohnzimmer auf.\" \/>\n<meta property=\"og:url\" content=\"https:\/\/www.tiptoe.fr\/de\/product\/langlicher-couchtisch-tiptoe-macchiato\/\" \/>\n<meta property=\"og:site_name\" content=\"TIPTOE\" \/>\n<meta property=\"article:publisher\" content=\"https:\/\/www.facebook.com\/tiptoedesign\" \/>\n<meta property=\"article:modified_time\" content=\"2026-03-25T11:52:50+00:00\" \/>\n<meta property=\"og:image\" content=\"https:\/\/www.tiptoe.fr\/wp-content\/uploads\/2025\/11\/table-oblongue-macchiato-100x50-noirgraphite.jpg\" \/>\n\t<meta property=\"og:image:width\" content=\"1500\" \/>\n\t<meta property=\"og:image:height\" content=\"1500\" \/>\n\t<meta property=\"og:image:type\" content=\"image\/jpeg\" \/>\n<meta name=\"twitter:card\" content=\"summary_large_image\" \/>\n<meta name=\"twitter:site\" content=\"@tiptoedesign\" \/>\n<meta name=\"twitter:label1\" content=\"Est. reading time\" \/>\n\t<meta name=\"twitter:data1\" content=\"1 minute\" \/>\n<script type=\"application\/ld+json\" class=\"yoast-schema-graph\">{\"@context\":\"https:\/\/schema.org\",\"@graph\":[{\"@type\":\"WebPage\",\"@id\":\"https:\/\/www.tiptoe.fr\/de\/product\/langlicher-couchtisch-tiptoe-macchiato\/\",\"url\":\"https:\/\/www.tiptoe.fr\/de\/product\/langlicher-couchtisch-tiptoe-macchiato\/\",\"name\":\"L\u00e4nglicher Couchtisch TIPTOE aus recyceltem Plastik Macchaito\",\"isPartOf\":{\"@id\":\"https:\/\/www.tiptoe.fr\/de\/#website\"},\"primaryImageOfPage\":{\"@id\":\"https:\/\/www.tiptoe.fr\/de\/product\/langlicher-couchtisch-tiptoe-macchiato\/#primaryimage\"},\"image\":{\"@id\":\"https:\/\/www.tiptoe.fr\/de\/product\/langlicher-couchtisch-tiptoe-macchiato\/#primaryimage\"},\"thumbnailUrl\":\"https:\/\/www.tiptoe.fr\/wp-content\/uploads\/2025\/11\/table-oblongue-macchiato-100x50-noirgraphite.jpg\",\"datePublished\":\"2025-11-28T09:47:12+00:00\",\"dateModified\":\"2026-03-25T11:52:50+00:00\",\"description\":\"Der Couchtisch Macchiato mit schwarz-wei\u00df gesprenkelter Tischplatte aus recyceltem Kunststoff und vier TIPTOE-Beinen (43\u202fcm) wertet Ihr Wohnzimmer auf.\",\"breadcrumb\":{\"@id\":\"https:\/\/www.tiptoe.fr\/de\/product\/langlicher-couchtisch-tiptoe-macchiato\/#breadcrumb\"},\"inLanguage\":\"de-DE\",\"potentialAction\":[{\"@type\":\"ReadAction\",\"target\":[\"https:\/\/www.tiptoe.fr\/de\/product\/langlicher-couchtisch-tiptoe-macchiato\/\"]}]},{\"@type\":\"ImageObject\",\"inLanguage\":\"de-DE\",\"@id\":\"https:\/\/www.tiptoe.fr\/de\/product\/langlicher-couchtisch-tiptoe-macchiato\/#primaryimage\",\"url\":\"https:\/\/www.tiptoe.fr\/wp-content\/uploads\/2025\/11\/table-oblongue-macchiato-100x50-noirgraphite.jpg\",\"contentUrl\":\"https:\/\/www.tiptoe.fr\/wp-content\/uploads\/2025\/11\/table-oblongue-macchiato-100x50-noirgraphite.jpg\",\"width\":1500,\"height\":1500},{\"@type\":\"BreadcrumbList\",\"@id\":\"https:\/\/www.tiptoe.fr\/de\/product\/langlicher-couchtisch-tiptoe-macchiato\/#breadcrumb\",\"itemListElement\":[{\"@type\":\"ListItem\",\"position\":1,\"name\":\"Startseite\",\"item\":\"https:\/\/www.tiptoe.fr\/de\/\"},{\"@type\":\"ListItem\",\"position\":2,\"name\":\"Shop\",\"item\":\"https:\/\/www.tiptoe.fr\/shop\/\"},{\"@type\":\"ListItem\",\"position\":3,\"name\":\"Tische und Schreibtische\",\"item\":\"https:\/\/www.tiptoe.fr\/de\/tische-und-schreibtische\/\"},{\"@type\":\"ListItem\",\"position\":4,\"name\":\"Couchtische\",\"item\":\"https:\/\/www.tiptoe.fr\/de\/tische-und-schreibtische\/couchtische\/\"},{\"@type\":\"ListItem\",\"position\":5,\"name\":\"L\u00e4nglicher Couchtisch TIPTOE 100x50cm &#8211; recycelter Kunststoff Macchiato\"}]},{\"@type\":\"WebSite\",\"@id\":\"https:\/\/www.tiptoe.fr\/de\/#website\",\"url\":\"https:\/\/www.tiptoe.fr\/de\/\",\"name\":\"TIPTOE\",\"description\":\"\",\"publisher\":{\"@id\":\"https:\/\/www.tiptoe.fr\/de\/#organization\"},\"potentialAction\":[{\"@type\":\"SearchAction\",\"target\":{\"@type\":\"EntryPoint\",\"urlTemplate\":\"https:\/\/www.tiptoe.fr\/de\/?s={search_term_string}\"},\"query-input\":{\"@type\":\"PropertyValueSpecification\",\"valueRequired\":true,\"valueName\":\"search_term_string\"}}],\"inLanguage\":\"de-DE\"},{\"@type\":\"Organization\",\"@id\":\"https:\/\/www.tiptoe.fr\/de\/#organization\",\"name\":\"TIPTOE\",\"url\":\"https:\/\/www.tiptoe.fr\/de\/\",\"logo\":{\"@type\":\"ImageObject\",\"inLanguage\":\"de-DE\",\"@id\":\"https:\/\/www.tiptoe.fr\/de\/#\/schema\/logo\/image\/\",\"url\":\"https:\/\/www.tiptoe.fr\/wp-content\/uploads\/2024\/06\/Logo.png\",\"contentUrl\":\"https:\/\/www.tiptoe.fr\/wp-content\/uploads\/2024\/06\/Logo.png\",\"width\":133,\"height\":26,\"caption\":\"TIPTOE\"},\"image\":{\"@id\":\"https:\/\/www.tiptoe.fr\/de\/#\/schema\/logo\/image\/\"},\"sameAs\":[\"https:\/\/www.facebook.com\/tiptoedesign\",\"https:\/\/x.com\/tiptoedesign\",\"https:\/\/www.instagram.com\/tiptoedesign\/\",\"https:\/\/www.pinterest.fr\/tiptoedesign\/\"]}]}<\/script>\n<!-- \/ Yoast SEO plugin. -->","yoast_head_json":{"title":"L\u00e4nglicher Couchtisch TIPTOE aus recyceltem Plastik Macchaito","description":"Der Couchtisch Macchiato mit schwarz-wei\u00df gesprenkelter Tischplatte aus recyceltem Kunststoff und vier TIPTOE-Beinen (43\u202fcm) wertet Ihr Wohnzimmer auf.","robots":{"index":"index","follow":"follow","max-snippet":"max-snippet:-1","max-image-preview":"max-image-preview:large","max-video-preview":"max-video-preview:-1"},"canonical":"https:\/\/www.tiptoe.fr\/de\/product\/langlicher-couchtisch-tiptoe-macchiato\/","og_locale":"de_DE","og_type":"article","og_title":"L\u00e4nglicher Couchtisch TIPTOE aus recyceltem Plastik Macchaito","og_description":"Der Couchtisch Macchiato mit schwarz-wei\u00df gesprenkelter Tischplatte aus recyceltem Kunststoff und vier TIPTOE-Beinen (43\u202fcm) wertet Ihr Wohnzimmer auf.","og_url":"https:\/\/www.tiptoe.fr\/de\/product\/langlicher-couchtisch-tiptoe-macchiato\/","og_site_name":"TIPTOE","article_publisher":"https:\/\/www.facebook.com\/tiptoedesign","article_modified_time":"2026-03-25T11:52:50+00:00","og_image":[{"width":1500,"height":1500,"url":"https:\/\/www.tiptoe.fr\/wp-content\/uploads\/2025\/11\/table-oblongue-macchiato-100x50-noirgraphite.jpg","type":"image\/jpeg"}],"twitter_card":"summary_large_image","twitter_site":"@tiptoedesign","twitter_misc":{"Est. reading time":"1 minute"},"schema":{"@context":"https:\/\/schema.org","@graph":[{"@type":"WebPage","@id":"https:\/\/www.tiptoe.fr\/de\/product\/langlicher-couchtisch-tiptoe-macchiato\/","url":"https:\/\/www.tiptoe.fr\/de\/product\/langlicher-couchtisch-tiptoe-macchiato\/","name":"L\u00e4nglicher Couchtisch TIPTOE aus recyceltem Plastik Macchaito","isPartOf":{"@id":"https:\/\/www.tiptoe.fr\/de\/#website"},"primaryImageOfPage":{"@id":"https:\/\/www.tiptoe.fr\/de\/product\/langlicher-couchtisch-tiptoe-macchiato\/#primaryimage"},"image":{"@id":"https:\/\/www.tiptoe.fr\/de\/product\/langlicher-couchtisch-tiptoe-macchiato\/#primaryimage"},"thumbnailUrl":"https:\/\/www.tiptoe.fr\/wp-content\/uploads\/2025\/11\/table-oblongue-macchiato-100x50-noirgraphite.jpg","datePublished":"2025-11-28T09:47:12+00:00","dateModified":"2026-03-25T11:52:50+00:00","description":"Der Couchtisch Macchiato mit schwarz-wei\u00df gesprenkelter Tischplatte aus recyceltem Kunststoff und vier TIPTOE-Beinen (43\u202fcm) wertet Ihr Wohnzimmer auf.","breadcrumb":{"@id":"https:\/\/www.tiptoe.fr\/de\/product\/langlicher-couchtisch-tiptoe-macchiato\/#breadcrumb"},"inLanguage":"de-DE","potentialAction":[{"@type":"ReadAction","target":["https:\/\/www.tiptoe.fr\/de\/product\/langlicher-couchtisch-tiptoe-macchiato\/"]}]},{"@type":"ImageObject","inLanguage":"de-DE","@id":"https:\/\/www.tiptoe.fr\/de\/product\/langlicher-couchtisch-tiptoe-macchiato\/#primaryimage","url":"https:\/\/www.tiptoe.fr\/wp-content\/uploads\/2025\/11\/table-oblongue-macchiato-100x50-noirgraphite.jpg","contentUrl":"https:\/\/www.tiptoe.fr\/wp-content\/uploads\/2025\/11\/table-oblongue-macchiato-100x50-noirgraphite.jpg","width":1500,"height":1500},{"@type":"BreadcrumbList","@id":"https:\/\/www.tiptoe.fr\/de\/product\/langlicher-couchtisch-tiptoe-macchiato\/#breadcrumb","itemListElement":[{"@type":"ListItem","position":1,"name":"Startseite","item":"https:\/\/www.tiptoe.fr\/de\/"},{"@type":"ListItem","position":2,"name":"Shop","item":"https:\/\/www.tiptoe.fr\/shop\/"},{"@type":"ListItem","position":3,"name":"Tische und Schreibtische","item":"https:\/\/www.tiptoe.fr\/de\/tische-und-schreibtische\/"},{"@type":"ListItem","position":4,"name":"Couchtische","item":"https:\/\/www.tiptoe.fr\/de\/tische-und-schreibtische\/couchtische\/"},{"@type":"ListItem","position":5,"name":"L\u00e4nglicher Couchtisch TIPTOE 100x50cm &#8211; recycelter Kunststoff Macchiato"}]},{"@type":"WebSite","@id":"https:\/\/www.tiptoe.fr\/de\/#website","url":"https:\/\/www.tiptoe.fr\/de\/","name":"TIPTOE","description":"","publisher":{"@id":"https:\/\/www.tiptoe.fr\/de\/#organization"},"potentialAction":[{"@type":"SearchAction","target":{"@type":"EntryPoint","urlTemplate":"https:\/\/www.tiptoe.fr\/de\/?s={search_term_string}"},"query-input":{"@type":"PropertyValueSpecification","valueRequired":true,"valueName":"search_term_string"}}],"inLanguage":"de-DE"},{"@type":"Organization","@id":"https:\/\/www.tiptoe.fr\/de\/#organization","name":"TIPTOE","url":"https:\/\/www.tiptoe.fr\/de\/","logo":{"@type":"ImageObject","inLanguage":"de-DE","@id":"https:\/\/www.tiptoe.fr\/de\/#\/schema\/logo\/image\/","url":"https:\/\/www.tiptoe.fr\/wp-content\/uploads\/2024\/06\/Logo.png","contentUrl":"https:\/\/www.tiptoe.fr\/wp-content\/uploads\/2024\/06\/Logo.png","width":133,"height":26,"caption":"TIPTOE"},"image":{"@id":"https:\/\/www.tiptoe.fr\/de\/#\/schema\/logo\/image\/"},"sameAs":["https:\/\/www.facebook.com\/tiptoedesign","https:\/\/x.com\/tiptoedesign","https:\/\/www.instagram.com\/tiptoedesign\/","https:\/\/www.pinterest.fr\/tiptoedesign\/"]}]}},"_links":{"self":[{"href":"https:\/\/www.tiptoe.fr\/de\/wp-json\/wp\/v2\/product\/314197","targetHints":{"allow":["GET"]}}],"collection":[{"href":"https:\/\/www.tiptoe.fr\/de\/wp-json\/wp\/v2\/product"}],"about":[{"href":"https:\/\/www.tiptoe.fr\/de\/wp-json\/wp\/v2\/types\/product"}],"wp:featuredmedia":[{"embeddable":true,"href":"https:\/\/www.tiptoe.fr\/de\/wp-json\/wp\/v2\/media\/314027"}],"wp:attachment":[{"href":"https:\/\/www.tiptoe.fr\/de\/wp-json\/wp\/v2\/media?parent=314197"}],"wp:term":[{"taxonomy":"product_brand","embeddable":true,"href":"https:\/\/www.tiptoe.fr\/de\/wp-json\/wp\/v2\/product_brand?post=314197"},{"taxonomy":"product_cat","embeddable":true,"href":"https:\/\/www.tiptoe.fr\/de\/wp-json\/wp\/v2\/product_cat?post=314197"},{"taxonomy":"product_tag","embeddable":true,"href":"https:\/\/www.tiptoe.fr\/de\/wp-json\/wp\/v2\/product_tag?post=314197"}],"curies":[{"name":"wp","href":"https:\/\/api.w.org\/{rel}","templated":true}]}}