{"id":311713,"date":"2025-10-13T17:49:45","date_gmt":"2026-04-20T14:59:06","guid":{"rendered":"https:\/\/www.tiptoe.fr\/?post_type=product&#038;p=311713"},"modified":"2026-04-25T09:05:24","modified_gmt":"2026-04-25T07:05:24","slug":"bracket-wandregal-recycelter-kunststoff-venezia-imperfect","status":"publish","type":"product","link":"https:\/\/www.tiptoe.fr\/de\/product\/bracket-wandregal-recycelter-kunststoff-venezia-imperfect\/","title":{"rendered":"BRACKET Wandregal &#8211; recycelter Kunststoff Venezia &#8220;Imperfect&#8221;"},"content":{"rendered":"","protected":false},"excerpt":{"rendered":"<p style=\"text-align: left;\"><strong>\u2713<\/strong> Wandregal aus recyceltem Plastik<\/p>\n<p><strong>\u2713<\/strong> Verschiedene Gr\u00f6\u00dfen<\/p>\n<p style=\"text-align: left;\"><strong>\u2713<\/strong> 100% in Europe hergestellt<\/p>\n<p style=\"text-align: left;\"><strong>\u2713<\/strong> Gegenstand weder zur\u00fcckgegeben noch umgetauscht<\/p>\n","protected":false},"featured_media":235778,"template":"","meta":{"_acf_changed":false},"product_brand":[],"product_cat":[1377],"product_tag":[805],"class_list":{"0":"post-311713","1":"product","2":"type-product","3":"status-publish","4":"has-post-thumbnail","6":"product_cat-imperfect-de","7":"product_tag-plastique-recycle-de","8":"product_shipping_class-colis","10":"first","11":"instock","12":"sale","13":"taxable","14":"shipping-taxable","15":"purchasable","16":"product-type-variable","17":"has-default-attributes"},"acf":[],"yoast_head":"<!-- This site is optimized with the Yoast SEO plugin v26.3 - https:\/\/yoast.com\/wordpress\/plugins\/seo\/ -->\n<title>Wandregal - recycelter Kunststoff Venezia | Imperfect<\/title>\n<meta name=\"description\" content=\"Dieses Wandregal kombiniert einen Stahlaufh\u00e4nger mit einer Ablage aus wei\u00dfem recyceltem Kunststoff und wird zur Befestigung als h\u00e4ngendes Regal montiert.\" \/>\n<meta name=\"robots\" content=\"index, follow, max-snippet:-1, max-image-preview:large, max-video-preview:-1\" \/>\n<link rel=\"canonical\" href=\"https:\/\/www.tiptoe.fr\/de\/product\/bracket-wandregal-recycelter-kunststoff-venezia-imperfect\/\" \/>\n<meta property=\"og:locale\" content=\"de_DE\" \/>\n<meta property=\"og:type\" content=\"article\" \/>\n<meta property=\"og:title\" content=\"Wandregal - recycelter Kunststoff Venezia | Imperfect\" \/>\n<meta property=\"og:description\" content=\"Dieses Wandregal kombiniert einen Stahlaufh\u00e4nger mit einer Ablage aus wei\u00dfem recyceltem Kunststoff und wird zur Befestigung als h\u00e4ngendes Regal montiert.\" \/>\n<meta property=\"og:url\" content=\"https:\/\/www.tiptoe.fr\/de\/product\/bracket-wandregal-recycelter-kunststoff-venezia-imperfect\/\" \/>\n<meta property=\"og:site_name\" content=\"TIPTOE\" \/>\n<meta property=\"article:publisher\" content=\"https:\/\/www.facebook.com\/tiptoedesign\" \/>\n<meta property=\"article:modified_time\" content=\"2026-04-25T07:05:24+00:00\" \/>\n<meta name=\"twitter:card\" content=\"summary_large_image\" \/>\n<meta name=\"twitter:site\" content=\"@tiptoedesign\" \/>\n<script type=\"application\/ld+json\" class=\"yoast-schema-graph\">{\"@context\":\"https:\/\/schema.org\",\"@graph\":[{\"@type\":\"WebPage\",\"@id\":\"https:\/\/www.tiptoe.fr\/de\/product\/bracket-wandregal-recycelter-kunststoff-venezia-imperfect\/\",\"url\":\"https:\/\/www.tiptoe.fr\/de\/product\/bracket-wandregal-recycelter-kunststoff-venezia-imperfect\/\",\"name\":\"Wandregal - recycelter Kunststoff Venezia | Imperfect\",\"isPartOf\":{\"@id\":\"https:\/\/www.tiptoe.fr\/de\/#website\"},\"primaryImageOfPage\":{\"@id\":\"https:\/\/www.tiptoe.fr\/de\/product\/bracket-wandregal-recycelter-kunststoff-venezia-imperfect\/#primaryimage\"},\"image\":{\"@id\":\"https:\/\/www.tiptoe.fr\/de\/product\/bracket-wandregal-recycelter-kunststoff-venezia-imperfect\/#primaryimage\"},\"thumbnailUrl\":\"https:\/\/www.tiptoe.fr\/wp-content\/uploads\/2022\/07\/etagere-murale-venezia-90-noir-style.jpg\",\"datePublished\":\"2026-04-20T14:59:06+00:00\",\"dateModified\":\"2026-04-25T07:05:24+00:00\",\"description\":\"Dieses Wandregal kombiniert einen Stahlaufh\u00e4nger mit einer Ablage aus wei\u00dfem recyceltem Kunststoff und wird zur Befestigung als h\u00e4ngendes Regal montiert.\",\"breadcrumb\":{\"@id\":\"https:\/\/www.tiptoe.fr\/de\/product\/bracket-wandregal-recycelter-kunststoff-venezia-imperfect\/#breadcrumb\"},\"inLanguage\":\"de-DE\",\"potentialAction\":[{\"@type\":\"ReadAction\",\"target\":[\"https:\/\/www.tiptoe.fr\/de\/product\/bracket-wandregal-recycelter-kunststoff-venezia-imperfect\/\"]}]},{\"@type\":\"ImageObject\",\"inLanguage\":\"de-DE\",\"@id\":\"https:\/\/www.tiptoe.fr\/de\/product\/bracket-wandregal-recycelter-kunststoff-venezia-imperfect\/#primaryimage\",\"url\":\"https:\/\/www.tiptoe.fr\/wp-content\/uploads\/2022\/07\/etagere-murale-venezia-90-noir-style.jpg\",\"contentUrl\":\"https:\/\/www.tiptoe.fr\/wp-content\/uploads\/2022\/07\/etagere-murale-venezia-90-noir-style.jpg\",\"width\":1500,\"height\":1500},{\"@type\":\"BreadcrumbList\",\"@id\":\"https:\/\/www.tiptoe.fr\/de\/product\/bracket-wandregal-recycelter-kunststoff-venezia-imperfect\/#breadcrumb\",\"itemListElement\":[{\"@type\":\"ListItem\",\"position\":1,\"name\":\"Startseite\",\"item\":\"https:\/\/www.tiptoe.fr\/de\/\"},{\"@type\":\"ListItem\",\"position\":2,\"name\":\"Shop\",\"item\":\"https:\/\/www.tiptoe.fr\/shop\/\"},{\"@type\":\"ListItem\",\"position\":3,\"name\":\"Die Imperfect\",\"item\":\"https:\/\/www.tiptoe.fr\/de\/imperfect-de\/\"},{\"@type\":\"ListItem\",\"position\":4,\"name\":\"BRACKET Wandregal &#8211; recycelter Kunststoff Venezia \u00ab\u00a0Imperfect\u00a0\u00bb\"}]},{\"@type\":\"WebSite\",\"@id\":\"https:\/\/www.tiptoe.fr\/de\/#website\",\"url\":\"https:\/\/www.tiptoe.fr\/de\/\",\"name\":\"TIPTOE\",\"description\":\"\",\"publisher\":{\"@id\":\"https:\/\/www.tiptoe.fr\/de\/#organization\"},\"potentialAction\":[{\"@type\":\"SearchAction\",\"target\":{\"@type\":\"EntryPoint\",\"urlTemplate\":\"https:\/\/www.tiptoe.fr\/de\/?s={search_term_string}\"},\"query-input\":{\"@type\":\"PropertyValueSpecification\",\"valueRequired\":true,\"valueName\":\"search_term_string\"}}],\"inLanguage\":\"de-DE\"},{\"@type\":\"Organization\",\"@id\":\"https:\/\/www.tiptoe.fr\/de\/#organization\",\"name\":\"TIPTOE\",\"url\":\"https:\/\/www.tiptoe.fr\/de\/\",\"logo\":{\"@type\":\"ImageObject\",\"inLanguage\":\"de-DE\",\"@id\":\"https:\/\/www.tiptoe.fr\/de\/#\/schema\/logo\/image\/\",\"url\":\"https:\/\/www.tiptoe.fr\/wp-content\/uploads\/2024\/06\/Logo.png\",\"contentUrl\":\"https:\/\/www.tiptoe.fr\/wp-content\/uploads\/2024\/06\/Logo.png\",\"width\":133,\"height\":26,\"caption\":\"TIPTOE\"},\"image\":{\"@id\":\"https:\/\/www.tiptoe.fr\/de\/#\/schema\/logo\/image\/\"},\"sameAs\":[\"https:\/\/www.facebook.com\/tiptoedesign\",\"https:\/\/x.com\/tiptoedesign\",\"https:\/\/www.instagram.com\/tiptoedesign\/\",\"https:\/\/www.pinterest.fr\/tiptoedesign\/\"]}]}<\/script>\n<!-- \/ Yoast SEO plugin. -->","yoast_head_json":{"title":"Wandregal - recycelter Kunststoff Venezia | Imperfect","description":"Dieses Wandregal kombiniert einen Stahlaufh\u00e4nger mit einer Ablage aus wei\u00dfem recyceltem Kunststoff und wird zur Befestigung als h\u00e4ngendes Regal montiert.","robots":{"index":"index","follow":"follow","max-snippet":"max-snippet:-1","max-image-preview":"max-image-preview:large","max-video-preview":"max-video-preview:-1"},"canonical":"https:\/\/www.tiptoe.fr\/de\/product\/bracket-wandregal-recycelter-kunststoff-venezia-imperfect\/","og_locale":"de_DE","og_type":"article","og_title":"Wandregal - recycelter Kunststoff Venezia | Imperfect","og_description":"Dieses Wandregal kombiniert einen Stahlaufh\u00e4nger mit einer Ablage aus wei\u00dfem recyceltem Kunststoff und wird zur Befestigung als h\u00e4ngendes Regal montiert.","og_url":"https:\/\/www.tiptoe.fr\/de\/product\/bracket-wandregal-recycelter-kunststoff-venezia-imperfect\/","og_site_name":"TIPTOE","article_publisher":"https:\/\/www.facebook.com\/tiptoedesign","article_modified_time":"2026-04-25T07:05:24+00:00","twitter_card":"summary_large_image","twitter_site":"@tiptoedesign","schema":{"@context":"https:\/\/schema.org","@graph":[{"@type":"WebPage","@id":"https:\/\/www.tiptoe.fr\/de\/product\/bracket-wandregal-recycelter-kunststoff-venezia-imperfect\/","url":"https:\/\/www.tiptoe.fr\/de\/product\/bracket-wandregal-recycelter-kunststoff-venezia-imperfect\/","name":"Wandregal - recycelter Kunststoff Venezia | Imperfect","isPartOf":{"@id":"https:\/\/www.tiptoe.fr\/de\/#website"},"primaryImageOfPage":{"@id":"https:\/\/www.tiptoe.fr\/de\/product\/bracket-wandregal-recycelter-kunststoff-venezia-imperfect\/#primaryimage"},"image":{"@id":"https:\/\/www.tiptoe.fr\/de\/product\/bracket-wandregal-recycelter-kunststoff-venezia-imperfect\/#primaryimage"},"thumbnailUrl":"https:\/\/www.tiptoe.fr\/wp-content\/uploads\/2022\/07\/etagere-murale-venezia-90-noir-style.jpg","datePublished":"2026-04-20T14:59:06+00:00","dateModified":"2026-04-25T07:05:24+00:00","description":"Dieses Wandregal kombiniert einen Stahlaufh\u00e4nger mit einer Ablage aus wei\u00dfem recyceltem Kunststoff und wird zur Befestigung als h\u00e4ngendes Regal montiert.","breadcrumb":{"@id":"https:\/\/www.tiptoe.fr\/de\/product\/bracket-wandregal-recycelter-kunststoff-venezia-imperfect\/#breadcrumb"},"inLanguage":"de-DE","potentialAction":[{"@type":"ReadAction","target":["https:\/\/www.tiptoe.fr\/de\/product\/bracket-wandregal-recycelter-kunststoff-venezia-imperfect\/"]}]},{"@type":"ImageObject","inLanguage":"de-DE","@id":"https:\/\/www.tiptoe.fr\/de\/product\/bracket-wandregal-recycelter-kunststoff-venezia-imperfect\/#primaryimage","url":"https:\/\/www.tiptoe.fr\/wp-content\/uploads\/2022\/07\/etagere-murale-venezia-90-noir-style.jpg","contentUrl":"https:\/\/www.tiptoe.fr\/wp-content\/uploads\/2022\/07\/etagere-murale-venezia-90-noir-style.jpg","width":1500,"height":1500},{"@type":"BreadcrumbList","@id":"https:\/\/www.tiptoe.fr\/de\/product\/bracket-wandregal-recycelter-kunststoff-venezia-imperfect\/#breadcrumb","itemListElement":[{"@type":"ListItem","position":1,"name":"Startseite","item":"https:\/\/www.tiptoe.fr\/de\/"},{"@type":"ListItem","position":2,"name":"Shop","item":"https:\/\/www.tiptoe.fr\/shop\/"},{"@type":"ListItem","position":3,"name":"Die Imperfect","item":"https:\/\/www.tiptoe.fr\/de\/imperfect-de\/"},{"@type":"ListItem","position":4,"name":"BRACKET Wandregal &#8211; recycelter Kunststoff Venezia \u00ab\u00a0Imperfect\u00a0\u00bb"}]},{"@type":"WebSite","@id":"https:\/\/www.tiptoe.fr\/de\/#website","url":"https:\/\/www.tiptoe.fr\/de\/","name":"TIPTOE","description":"","publisher":{"@id":"https:\/\/www.tiptoe.fr\/de\/#organization"},"potentialAction":[{"@type":"SearchAction","target":{"@type":"EntryPoint","urlTemplate":"https:\/\/www.tiptoe.fr\/de\/?s={search_term_string}"},"query-input":{"@type":"PropertyValueSpecification","valueRequired":true,"valueName":"search_term_string"}}],"inLanguage":"de-DE"},{"@type":"Organization","@id":"https:\/\/www.tiptoe.fr\/de\/#organization","name":"TIPTOE","url":"https:\/\/www.tiptoe.fr\/de\/","logo":{"@type":"ImageObject","inLanguage":"de-DE","@id":"https:\/\/www.tiptoe.fr\/de\/#\/schema\/logo\/image\/","url":"https:\/\/www.tiptoe.fr\/wp-content\/uploads\/2024\/06\/Logo.png","contentUrl":"https:\/\/www.tiptoe.fr\/wp-content\/uploads\/2024\/06\/Logo.png","width":133,"height":26,"caption":"TIPTOE"},"image":{"@id":"https:\/\/www.tiptoe.fr\/de\/#\/schema\/logo\/image\/"},"sameAs":["https:\/\/www.facebook.com\/tiptoedesign","https:\/\/x.com\/tiptoedesign","https:\/\/www.instagram.com\/tiptoedesign\/","https:\/\/www.pinterest.fr\/tiptoedesign\/"]}]}},"_links":{"self":[{"href":"https:\/\/www.tiptoe.fr\/de\/wp-json\/wp\/v2\/product\/311713","targetHints":{"allow":["GET"]}}],"collection":[{"href":"https:\/\/www.tiptoe.fr\/de\/wp-json\/wp\/v2\/product"}],"about":[{"href":"https:\/\/www.tiptoe.fr\/de\/wp-json\/wp\/v2\/types\/product"}],"wp:featuredmedia":[{"embeddable":true,"href":"https:\/\/www.tiptoe.fr\/de\/wp-json\/wp\/v2\/media\/235778"}],"wp:attachment":[{"href":"https:\/\/www.tiptoe.fr\/de\/wp-json\/wp\/v2\/media?parent=311713"}],"wp:term":[{"taxonomy":"product_brand","embeddable":true,"href":"https:\/\/www.tiptoe.fr\/de\/wp-json\/wp\/v2\/product_brand?post=311713"},{"taxonomy":"product_cat","embeddable":true,"href":"https:\/\/www.tiptoe.fr\/de\/wp-json\/wp\/v2\/product_cat?post=311713"},{"taxonomy":"product_tag","embeddable":true,"href":"https:\/\/www.tiptoe.fr\/de\/wp-json\/wp\/v2\/product_tag?post=311713"}],"curies":[{"name":"wp","href":"https:\/\/api.w.org\/{rel}","templated":true}]}}