{"id":310694,"date":"2025-10-27T16:20:34","date_gmt":"2025-10-27T15:26:24","guid":{"rendered":"https:\/\/www.tiptoe.fr\/?post_type=product&#038;p=310694"},"modified":"2026-01-26T11:14:27","modified_gmt":"2026-01-26T10:14:27","slug":"kleiderschrank-unit-h180-bis-215-x-b84-cm-oeko-zertifiziertes-holz","status":"publish","type":"product","link":"https:\/\/www.tiptoe.fr\/de\/product\/kleiderschrank-unit-h180-bis-215-x-b84-cm-oeko-zertifiziertes-holz\/","title":{"rendered":"Kleiderschrank UNIT \u2013 H180 bis 215 x B84 cm \u2013 \u00f6ko-zertifiziertes Holz"},"content":{"rendered":"","protected":false},"excerpt":{"rendered":"<p><strong>\u2713<\/strong> Kleiderregal H180 oder H215 x B84 x T42 cm<\/p>\n<p><strong>\u2713 <\/strong>Kleiderstange L\u00e4nge 70 cm<\/p>\n<p><strong>\u2713<\/strong> Stahlstruktur und Regalb\u00f6den aus \u00f6kozertifiziertem Holz<\/p>\n<p><strong>\u2713<\/strong> T\u00fcren oder Schubladen optional erh\u00e4ltlich<\/p>\n","protected":false},"featured_media":308514,"template":"","meta":{"_acf_changed":false},"product_brand":[],"product_cat":[1282],"product_tag":[],"class_list":{"0":"post-310694","1":"product","2":"type-product","3":"status-publish","4":"has-post-thumbnail","6":"product_cat-aufbewahrung","7":"product_shipping_class-meubles-complets","9":"first","10":"instock","11":"taxable","12":"shipping-taxable","13":"purchasable","14":"product-type-variable","15":"has-default-attributes"},"acf":[],"yoast_head":"<!-- This site is optimized with the Yoast SEO plugin v26.3 - https:\/\/yoast.com\/wordpress\/plugins\/seo\/ -->\n<title>Kleiderschrank UNIT \u2013 H180-215 x B84 cm \u00f6ko-zertifiziertes Holz<\/title>\n<meta name=\"description\" content=\"Entdecken Sie den zweis\u00e4uligen Schrank UNIT: elegant, modular und aus zertifiziertem Holz und Stahl f\u00fcr einen nachhaltigen Raum.\" \/>\n<meta name=\"robots\" content=\"index, follow, max-snippet:-1, max-image-preview:large, max-video-preview:-1\" \/>\n<link rel=\"canonical\" href=\"https:\/\/www.tiptoe.fr\/de\/product\/kleiderschrank-unit-h180-bis-215-x-b84-cm-oeko-zertifiziertes-holz\/\" \/>\n<meta property=\"og:locale\" content=\"de_DE\" \/>\n<meta property=\"og:type\" content=\"article\" \/>\n<meta property=\"og:title\" content=\"Kleiderschrank UNIT \u2013 H180-215 x B84 cm \u00f6ko-zertifiziertes Holz\" \/>\n<meta property=\"og:description\" content=\"Entdecken Sie den zweis\u00e4uligen Schrank UNIT: elegant, modular und aus zertifiziertem Holz und Stahl f\u00fcr einen nachhaltigen Raum.\" \/>\n<meta property=\"og:url\" content=\"https:\/\/www.tiptoe.fr\/de\/product\/kleiderschrank-unit-h180-bis-215-x-b84-cm-oeko-zertifiziertes-holz\/\" \/>\n<meta property=\"og:site_name\" content=\"TIPTOE\" \/>\n<meta property=\"article:publisher\" content=\"https:\/\/www.facebook.com\/tiptoedesign\" \/>\n<meta property=\"article:modified_time\" content=\"2026-01-26T10:14:27+00:00\" \/>\n<meta property=\"og:image\" content=\"https:\/\/www.tiptoe.fr\/wp-content\/uploads\/2025\/09\/UP5_01-01-01_Black.jpg\" \/>\n\t<meta property=\"og:image:width\" content=\"2000\" \/>\n\t<meta property=\"og:image:height\" content=\"2000\" \/>\n\t<meta property=\"og:image:type\" content=\"image\/jpeg\" \/>\n<meta name=\"twitter:card\" content=\"summary_large_image\" \/>\n<meta name=\"twitter:site\" content=\"@tiptoedesign\" \/>\n<meta name=\"twitter:label1\" content=\"Est. reading time\" \/>\n\t<meta name=\"twitter:data1\" content=\"1 minute\" \/>\n<script type=\"application\/ld+json\" class=\"yoast-schema-graph\">{\"@context\":\"https:\/\/schema.org\",\"@graph\":[{\"@type\":\"WebPage\",\"@id\":\"https:\/\/www.tiptoe.fr\/de\/product\/kleiderschrank-unit-h180-bis-215-x-b84-cm-oeko-zertifiziertes-holz\/\",\"url\":\"https:\/\/www.tiptoe.fr\/de\/product\/kleiderschrank-unit-h180-bis-215-x-b84-cm-oeko-zertifiziertes-holz\/\",\"name\":\"Kleiderschrank UNIT \u2013 H180-215 x B84 cm \u00f6ko-zertifiziertes Holz\",\"isPartOf\":{\"@id\":\"https:\/\/www.tiptoe.fr\/de\/#website\"},\"primaryImageOfPage\":{\"@id\":\"https:\/\/www.tiptoe.fr\/de\/product\/kleiderschrank-unit-h180-bis-215-x-b84-cm-oeko-zertifiziertes-holz\/#primaryimage\"},\"image\":{\"@id\":\"https:\/\/www.tiptoe.fr\/de\/product\/kleiderschrank-unit-h180-bis-215-x-b84-cm-oeko-zertifiziertes-holz\/#primaryimage\"},\"thumbnailUrl\":\"https:\/\/www.tiptoe.fr\/wp-content\/uploads\/2025\/09\/UP5_01-01-01_Black.jpg\",\"datePublished\":\"2025-10-27T15:26:24+00:00\",\"dateModified\":\"2026-01-26T10:14:27+00:00\",\"description\":\"Entdecken Sie den zweis\u00e4uligen Schrank UNIT: elegant, modular und aus zertifiziertem Holz und Stahl f\u00fcr einen nachhaltigen Raum.\",\"breadcrumb\":{\"@id\":\"https:\/\/www.tiptoe.fr\/de\/product\/kleiderschrank-unit-h180-bis-215-x-b84-cm-oeko-zertifiziertes-holz\/#breadcrumb\"},\"inLanguage\":\"de-DE\",\"potentialAction\":[{\"@type\":\"ReadAction\",\"target\":[\"https:\/\/www.tiptoe.fr\/de\/product\/kleiderschrank-unit-h180-bis-215-x-b84-cm-oeko-zertifiziertes-holz\/\"]}]},{\"@type\":\"ImageObject\",\"inLanguage\":\"de-DE\",\"@id\":\"https:\/\/www.tiptoe.fr\/de\/product\/kleiderschrank-unit-h180-bis-215-x-b84-cm-oeko-zertifiziertes-holz\/#primaryimage\",\"url\":\"https:\/\/www.tiptoe.fr\/wp-content\/uploads\/2025\/09\/UP5_01-01-01_Black.jpg\",\"contentUrl\":\"https:\/\/www.tiptoe.fr\/wp-content\/uploads\/2025\/09\/UP5_01-01-01_Black.jpg\",\"width\":2000,\"height\":2000},{\"@type\":\"BreadcrumbList\",\"@id\":\"https:\/\/www.tiptoe.fr\/de\/product\/kleiderschrank-unit-h180-bis-215-x-b84-cm-oeko-zertifiziertes-holz\/#breadcrumb\",\"itemListElement\":[{\"@type\":\"ListItem\",\"position\":1,\"name\":\"Startseite\",\"item\":\"https:\/\/www.tiptoe.fr\/de\/\"},{\"@type\":\"ListItem\",\"position\":2,\"name\":\"Shop\",\"item\":\"https:\/\/www.tiptoe.fr\/shop\/\"},{\"@type\":\"ListItem\",\"position\":3,\"name\":\"Aufbewahrung\",\"item\":\"https:\/\/www.tiptoe.fr\/de\/aufbewahrung\/\"},{\"@type\":\"ListItem\",\"position\":4,\"name\":\"Kleiderschrank UNIT \u2013 H180 bis 215 x B84 cm \u2013 \u00f6ko-zertifiziertes Holz\"}]},{\"@type\":\"WebSite\",\"@id\":\"https:\/\/www.tiptoe.fr\/de\/#website\",\"url\":\"https:\/\/www.tiptoe.fr\/de\/\",\"name\":\"TIPTOE\",\"description\":\"\",\"publisher\":{\"@id\":\"https:\/\/www.tiptoe.fr\/de\/#organization\"},\"potentialAction\":[{\"@type\":\"SearchAction\",\"target\":{\"@type\":\"EntryPoint\",\"urlTemplate\":\"https:\/\/www.tiptoe.fr\/de\/?s={search_term_string}\"},\"query-input\":{\"@type\":\"PropertyValueSpecification\",\"valueRequired\":true,\"valueName\":\"search_term_string\"}}],\"inLanguage\":\"de-DE\"},{\"@type\":\"Organization\",\"@id\":\"https:\/\/www.tiptoe.fr\/de\/#organization\",\"name\":\"TIPTOE\",\"url\":\"https:\/\/www.tiptoe.fr\/de\/\",\"logo\":{\"@type\":\"ImageObject\",\"inLanguage\":\"de-DE\",\"@id\":\"https:\/\/www.tiptoe.fr\/de\/#\/schema\/logo\/image\/\",\"url\":\"https:\/\/www.tiptoe.fr\/wp-content\/uploads\/2024\/06\/Logo.png\",\"contentUrl\":\"https:\/\/www.tiptoe.fr\/wp-content\/uploads\/2024\/06\/Logo.png\",\"width\":133,\"height\":26,\"caption\":\"TIPTOE\"},\"image\":{\"@id\":\"https:\/\/www.tiptoe.fr\/de\/#\/schema\/logo\/image\/\"},\"sameAs\":[\"https:\/\/www.facebook.com\/tiptoedesign\",\"https:\/\/x.com\/tiptoedesign\",\"https:\/\/www.instagram.com\/tiptoedesign\/\",\"https:\/\/www.pinterest.fr\/tiptoedesign\/\"]}]}<\/script>\n<!-- \/ Yoast SEO plugin. -->","yoast_head_json":{"title":"Kleiderschrank UNIT \u2013 H180-215 x B84 cm \u00f6ko-zertifiziertes Holz","description":"Entdecken Sie den zweis\u00e4uligen Schrank UNIT: elegant, modular und aus zertifiziertem Holz und Stahl f\u00fcr einen nachhaltigen Raum.","robots":{"index":"index","follow":"follow","max-snippet":"max-snippet:-1","max-image-preview":"max-image-preview:large","max-video-preview":"max-video-preview:-1"},"canonical":"https:\/\/www.tiptoe.fr\/de\/product\/kleiderschrank-unit-h180-bis-215-x-b84-cm-oeko-zertifiziertes-holz\/","og_locale":"de_DE","og_type":"article","og_title":"Kleiderschrank UNIT \u2013 H180-215 x B84 cm \u00f6ko-zertifiziertes Holz","og_description":"Entdecken Sie den zweis\u00e4uligen Schrank UNIT: elegant, modular und aus zertifiziertem Holz und Stahl f\u00fcr einen nachhaltigen Raum.","og_url":"https:\/\/www.tiptoe.fr\/de\/product\/kleiderschrank-unit-h180-bis-215-x-b84-cm-oeko-zertifiziertes-holz\/","og_site_name":"TIPTOE","article_publisher":"https:\/\/www.facebook.com\/tiptoedesign","article_modified_time":"2026-01-26T10:14:27+00:00","og_image":[{"width":2000,"height":2000,"url":"https:\/\/www.tiptoe.fr\/wp-content\/uploads\/2025\/09\/UP5_01-01-01_Black.jpg","type":"image\/jpeg"}],"twitter_card":"summary_large_image","twitter_site":"@tiptoedesign","twitter_misc":{"Est. reading time":"1 minute"},"schema":{"@context":"https:\/\/schema.org","@graph":[{"@type":"WebPage","@id":"https:\/\/www.tiptoe.fr\/de\/product\/kleiderschrank-unit-h180-bis-215-x-b84-cm-oeko-zertifiziertes-holz\/","url":"https:\/\/www.tiptoe.fr\/de\/product\/kleiderschrank-unit-h180-bis-215-x-b84-cm-oeko-zertifiziertes-holz\/","name":"Kleiderschrank UNIT \u2013 H180-215 x B84 cm \u00f6ko-zertifiziertes Holz","isPartOf":{"@id":"https:\/\/www.tiptoe.fr\/de\/#website"},"primaryImageOfPage":{"@id":"https:\/\/www.tiptoe.fr\/de\/product\/kleiderschrank-unit-h180-bis-215-x-b84-cm-oeko-zertifiziertes-holz\/#primaryimage"},"image":{"@id":"https:\/\/www.tiptoe.fr\/de\/product\/kleiderschrank-unit-h180-bis-215-x-b84-cm-oeko-zertifiziertes-holz\/#primaryimage"},"thumbnailUrl":"https:\/\/www.tiptoe.fr\/wp-content\/uploads\/2025\/09\/UP5_01-01-01_Black.jpg","datePublished":"2025-10-27T15:26:24+00:00","dateModified":"2026-01-26T10:14:27+00:00","description":"Entdecken Sie den zweis\u00e4uligen Schrank UNIT: elegant, modular und aus zertifiziertem Holz und Stahl f\u00fcr einen nachhaltigen Raum.","breadcrumb":{"@id":"https:\/\/www.tiptoe.fr\/de\/product\/kleiderschrank-unit-h180-bis-215-x-b84-cm-oeko-zertifiziertes-holz\/#breadcrumb"},"inLanguage":"de-DE","potentialAction":[{"@type":"ReadAction","target":["https:\/\/www.tiptoe.fr\/de\/product\/kleiderschrank-unit-h180-bis-215-x-b84-cm-oeko-zertifiziertes-holz\/"]}]},{"@type":"ImageObject","inLanguage":"de-DE","@id":"https:\/\/www.tiptoe.fr\/de\/product\/kleiderschrank-unit-h180-bis-215-x-b84-cm-oeko-zertifiziertes-holz\/#primaryimage","url":"https:\/\/www.tiptoe.fr\/wp-content\/uploads\/2025\/09\/UP5_01-01-01_Black.jpg","contentUrl":"https:\/\/www.tiptoe.fr\/wp-content\/uploads\/2025\/09\/UP5_01-01-01_Black.jpg","width":2000,"height":2000},{"@type":"BreadcrumbList","@id":"https:\/\/www.tiptoe.fr\/de\/product\/kleiderschrank-unit-h180-bis-215-x-b84-cm-oeko-zertifiziertes-holz\/#breadcrumb","itemListElement":[{"@type":"ListItem","position":1,"name":"Startseite","item":"https:\/\/www.tiptoe.fr\/de\/"},{"@type":"ListItem","position":2,"name":"Shop","item":"https:\/\/www.tiptoe.fr\/shop\/"},{"@type":"ListItem","position":3,"name":"Aufbewahrung","item":"https:\/\/www.tiptoe.fr\/de\/aufbewahrung\/"},{"@type":"ListItem","position":4,"name":"Kleiderschrank UNIT \u2013 H180 bis 215 x B84 cm \u2013 \u00f6ko-zertifiziertes Holz"}]},{"@type":"WebSite","@id":"https:\/\/www.tiptoe.fr\/de\/#website","url":"https:\/\/www.tiptoe.fr\/de\/","name":"TIPTOE","description":"","publisher":{"@id":"https:\/\/www.tiptoe.fr\/de\/#organization"},"potentialAction":[{"@type":"SearchAction","target":{"@type":"EntryPoint","urlTemplate":"https:\/\/www.tiptoe.fr\/de\/?s={search_term_string}"},"query-input":{"@type":"PropertyValueSpecification","valueRequired":true,"valueName":"search_term_string"}}],"inLanguage":"de-DE"},{"@type":"Organization","@id":"https:\/\/www.tiptoe.fr\/de\/#organization","name":"TIPTOE","url":"https:\/\/www.tiptoe.fr\/de\/","logo":{"@type":"ImageObject","inLanguage":"de-DE","@id":"https:\/\/www.tiptoe.fr\/de\/#\/schema\/logo\/image\/","url":"https:\/\/www.tiptoe.fr\/wp-content\/uploads\/2024\/06\/Logo.png","contentUrl":"https:\/\/www.tiptoe.fr\/wp-content\/uploads\/2024\/06\/Logo.png","width":133,"height":26,"caption":"TIPTOE"},"image":{"@id":"https:\/\/www.tiptoe.fr\/de\/#\/schema\/logo\/image\/"},"sameAs":["https:\/\/www.facebook.com\/tiptoedesign","https:\/\/x.com\/tiptoedesign","https:\/\/www.instagram.com\/tiptoedesign\/","https:\/\/www.pinterest.fr\/tiptoedesign\/"]}]}},"_links":{"self":[{"href":"https:\/\/www.tiptoe.fr\/de\/wp-json\/wp\/v2\/product\/310694","targetHints":{"allow":["GET"]}}],"collection":[{"href":"https:\/\/www.tiptoe.fr\/de\/wp-json\/wp\/v2\/product"}],"about":[{"href":"https:\/\/www.tiptoe.fr\/de\/wp-json\/wp\/v2\/types\/product"}],"wp:featuredmedia":[{"embeddable":true,"href":"https:\/\/www.tiptoe.fr\/de\/wp-json\/wp\/v2\/media\/308514"}],"wp:attachment":[{"href":"https:\/\/www.tiptoe.fr\/de\/wp-json\/wp\/v2\/media?parent=310694"}],"wp:term":[{"taxonomy":"product_brand","embeddable":true,"href":"https:\/\/www.tiptoe.fr\/de\/wp-json\/wp\/v2\/product_brand?post=310694"},{"taxonomy":"product_cat","embeddable":true,"href":"https:\/\/www.tiptoe.fr\/de\/wp-json\/wp\/v2\/product_cat?post=310694"},{"taxonomy":"product_tag","embeddable":true,"href":"https:\/\/www.tiptoe.fr\/de\/wp-json\/wp\/v2\/product_tag?post=310694"}],"curies":[{"name":"wp","href":"https:\/\/api.w.org\/{rel}","templated":true}]}}