{"id":300757,"date":"2025-07-15T13:02:33","date_gmt":"2025-07-15T11:03:47","guid":{"rendered":"https:\/\/www.tiptoe.fr\/?post_type=product&#038;p=300757"},"modified":"2026-04-02T17:46:51","modified_gmt":"2026-04-02T15:46:51","slug":"barhocker-lou-recycelter-kunststoff-macchiato","status":"publish","type":"product","link":"https:\/\/www.tiptoe.fr\/de\/product\/barhocker-lou-recycelter-kunststoff-macchiato\/","title":{"rendered":"Barhocker LOU &#8211; recycelter Kunststoff Macchiato"},"content":{"rendered":"<p>Erh\u00e4ltlich in zwei H\u00f6hen \u2014 66 und 76 cm \u2014 passt der Barhocker perfekt zu einer K\u00fccheninsel, Arbeitsplatte oder einem hohen Tisch. Mit einem Sitz aus recyceltem Kunststoff und einem Gestell aus Stahl vereint er Langlebigkeit und Komfort f\u00fcr gesellige Momente.<\/p>\n<p>Der recycelte Kunststoff besteht aus wiederverwerteten Abf\u00e4llen aus der Gartenbauindustrie. Die schwarz-wei\u00dfe, gesprenkelte Sitz sorgt f\u00fcr ein originelles, einzigartiges Design. Jeder Tisch ist einzigartig, mit Mustern und Farbt\u00f6nen, die variieren k\u00f6nnen.<\/p>\n","protected":false},"excerpt":{"rendered":"<p><strong>\u2713<\/strong> Barhocker H\u00f6he 66 oder 76 cm<\/p>\n<p><strong>\u2713<\/strong> Ideal f\u00fcr Mittelinsel, Bar oder Stehtisch<\/p>\n<p><strong>\u2713<\/strong> Recycelter Kunststoffsitz und Stahlbeine<\/p>\n<p><strong>\u2713 <\/strong>Einfache Montage und 100% in Europa hergestellt<\/p>\n","protected":false},"featured_media":303067,"template":"","meta":{"_acf_changed":false},"product_brand":[],"product_cat":[774,775,772],"product_tag":[],"class_list":{"0":"post-300757","1":"product","2":"type-product","3":"status-publish","4":"has-post-thumbnail","6":"product_cat-hocker","7":"product_cat-stuhle-barhocker","8":"product_cat-stuhle-und-hocker","9":"product_shipping_class-colis","11":"first","12":"instock","13":"taxable","14":"shipping-taxable","15":"purchasable","16":"product-type-variable","17":"has-default-attributes"},"acf":[],"yoast_head":"<!-- This site is optimized with the Yoast SEO plugin v26.3 - https:\/\/yoast.com\/wordpress\/plugins\/seo\/ -->\n<title>Barhocker - recycelter Kunststoff Macchiato<\/title>\n<meta name=\"description\" content=\"Entdecken Sie den Barhocker Macchiato aus recyceltem Kunststoff, gesprenkelt in Schwarz und Wei\u00df. Erh\u00e4ltlich in den H\u00f6hen 66 oder 76 cm.\" \/>\n<meta name=\"robots\" content=\"index, follow, max-snippet:-1, max-image-preview:large, max-video-preview:-1\" \/>\n<link rel=\"canonical\" href=\"https:\/\/www.tiptoe.fr\/de\/product\/barhocker-lou-recycelter-kunststoff-macchiato\/\" \/>\n<meta property=\"og:locale\" content=\"de_DE\" \/>\n<meta property=\"og:type\" content=\"article\" \/>\n<meta property=\"og:title\" content=\"Barhocker - recycelter Kunststoff Macchiato\" \/>\n<meta property=\"og:description\" content=\"Entdecken Sie den Barhocker Macchiato aus recyceltem Kunststoff, gesprenkelt in Schwarz und Wei\u00df. Erh\u00e4ltlich in den H\u00f6hen 66 oder 76 cm.\" \/>\n<meta property=\"og:url\" content=\"https:\/\/www.tiptoe.fr\/de\/product\/barhocker-lou-recycelter-kunststoff-macchiato\/\" \/>\n<meta property=\"og:site_name\" content=\"TIPTOE\" \/>\n<meta property=\"article:publisher\" content=\"https:\/\/www.facebook.com\/tiptoedesign\" \/>\n<meta property=\"article:modified_time\" content=\"2026-04-02T15:46:51+00:00\" \/>\n<meta property=\"og:image\" content=\"https:\/\/www.tiptoe.fr\/wp-content\/uploads\/2025\/05\/LOU_Mid_MA_GB.jpg\" \/>\n\t<meta property=\"og:image:width\" content=\"1500\" \/>\n\t<meta property=\"og:image:height\" content=\"1500\" \/>\n\t<meta property=\"og:image:type\" content=\"image\/jpeg\" \/>\n<meta name=\"twitter:card\" content=\"summary_large_image\" \/>\n<meta name=\"twitter:site\" content=\"@tiptoedesign\" \/>\n<meta name=\"twitter:label1\" content=\"Est. reading time\" \/>\n\t<meta name=\"twitter:data1\" content=\"1 minute\" \/>\n<script type=\"application\/ld+json\" class=\"yoast-schema-graph\">{\"@context\":\"https:\/\/schema.org\",\"@graph\":[{\"@type\":\"WebPage\",\"@id\":\"https:\/\/www.tiptoe.fr\/de\/product\/barhocker-lou-recycelter-kunststoff-macchiato\/\",\"url\":\"https:\/\/www.tiptoe.fr\/de\/product\/barhocker-lou-recycelter-kunststoff-macchiato\/\",\"name\":\"Barhocker - recycelter Kunststoff Macchiato\",\"isPartOf\":{\"@id\":\"https:\/\/www.tiptoe.fr\/de\/#website\"},\"primaryImageOfPage\":{\"@id\":\"https:\/\/www.tiptoe.fr\/de\/product\/barhocker-lou-recycelter-kunststoff-macchiato\/#primaryimage\"},\"image\":{\"@id\":\"https:\/\/www.tiptoe.fr\/de\/product\/barhocker-lou-recycelter-kunststoff-macchiato\/#primaryimage\"},\"thumbnailUrl\":\"https:\/\/www.tiptoe.fr\/wp-content\/uploads\/2025\/05\/LOU_Mid_MA_GB.jpg\",\"datePublished\":\"2025-07-15T11:03:47+00:00\",\"dateModified\":\"2026-04-02T15:46:51+00:00\",\"description\":\"Entdecken Sie den Barhocker Macchiato aus recyceltem Kunststoff, gesprenkelt in Schwarz und Wei\u00df. Erh\u00e4ltlich in den H\u00f6hen 66 oder 76 cm.\",\"breadcrumb\":{\"@id\":\"https:\/\/www.tiptoe.fr\/de\/product\/barhocker-lou-recycelter-kunststoff-macchiato\/#breadcrumb\"},\"inLanguage\":\"de-DE\",\"potentialAction\":[{\"@type\":\"ReadAction\",\"target\":[\"https:\/\/www.tiptoe.fr\/de\/product\/barhocker-lou-recycelter-kunststoff-macchiato\/\"]}]},{\"@type\":\"ImageObject\",\"inLanguage\":\"de-DE\",\"@id\":\"https:\/\/www.tiptoe.fr\/de\/product\/barhocker-lou-recycelter-kunststoff-macchiato\/#primaryimage\",\"url\":\"https:\/\/www.tiptoe.fr\/wp-content\/uploads\/2025\/05\/LOU_Mid_MA_GB.jpg\",\"contentUrl\":\"https:\/\/www.tiptoe.fr\/wp-content\/uploads\/2025\/05\/LOU_Mid_MA_GB.jpg\",\"width\":1500,\"height\":1500},{\"@type\":\"BreadcrumbList\",\"@id\":\"https:\/\/www.tiptoe.fr\/de\/product\/barhocker-lou-recycelter-kunststoff-macchiato\/#breadcrumb\",\"itemListElement\":[{\"@type\":\"ListItem\",\"position\":1,\"name\":\"Startseite\",\"item\":\"https:\/\/www.tiptoe.fr\/de\/\"},{\"@type\":\"ListItem\",\"position\":2,\"name\":\"Shop\",\"item\":\"https:\/\/www.tiptoe.fr\/shop\/\"},{\"@type\":\"ListItem\",\"position\":3,\"name\":\"St\u00fchle und Hocker\",\"item\":\"https:\/\/www.tiptoe.fr\/de\/stuhle-und-hocker\/\"},{\"@type\":\"ListItem\",\"position\":4,\"name\":\"St\u00fchle und Barhocker\",\"item\":\"https:\/\/www.tiptoe.fr\/de\/stuhle-und-hocker\/stuhle-barhocker\/\"},{\"@type\":\"ListItem\",\"position\":5,\"name\":\"Barhocker LOU &#8211; recycelter Kunststoff Macchiato\"}]},{\"@type\":\"WebSite\",\"@id\":\"https:\/\/www.tiptoe.fr\/de\/#website\",\"url\":\"https:\/\/www.tiptoe.fr\/de\/\",\"name\":\"TIPTOE\",\"description\":\"\",\"publisher\":{\"@id\":\"https:\/\/www.tiptoe.fr\/de\/#organization\"},\"potentialAction\":[{\"@type\":\"SearchAction\",\"target\":{\"@type\":\"EntryPoint\",\"urlTemplate\":\"https:\/\/www.tiptoe.fr\/de\/?s={search_term_string}\"},\"query-input\":{\"@type\":\"PropertyValueSpecification\",\"valueRequired\":true,\"valueName\":\"search_term_string\"}}],\"inLanguage\":\"de-DE\"},{\"@type\":\"Organization\",\"@id\":\"https:\/\/www.tiptoe.fr\/de\/#organization\",\"name\":\"TIPTOE\",\"url\":\"https:\/\/www.tiptoe.fr\/de\/\",\"logo\":{\"@type\":\"ImageObject\",\"inLanguage\":\"de-DE\",\"@id\":\"https:\/\/www.tiptoe.fr\/de\/#\/schema\/logo\/image\/\",\"url\":\"https:\/\/www.tiptoe.fr\/wp-content\/uploads\/2024\/06\/Logo.png\",\"contentUrl\":\"https:\/\/www.tiptoe.fr\/wp-content\/uploads\/2024\/06\/Logo.png\",\"width\":133,\"height\":26,\"caption\":\"TIPTOE\"},\"image\":{\"@id\":\"https:\/\/www.tiptoe.fr\/de\/#\/schema\/logo\/image\/\"},\"sameAs\":[\"https:\/\/www.facebook.com\/tiptoedesign\",\"https:\/\/x.com\/tiptoedesign\",\"https:\/\/www.instagram.com\/tiptoedesign\/\",\"https:\/\/www.pinterest.fr\/tiptoedesign\/\"]}]}<\/script>\n<!-- \/ Yoast SEO plugin. -->","yoast_head_json":{"title":"Barhocker - recycelter Kunststoff Macchiato","description":"Entdecken Sie den Barhocker Macchiato aus recyceltem Kunststoff, gesprenkelt in Schwarz und Wei\u00df. Erh\u00e4ltlich in den H\u00f6hen 66 oder 76 cm.","robots":{"index":"index","follow":"follow","max-snippet":"max-snippet:-1","max-image-preview":"max-image-preview:large","max-video-preview":"max-video-preview:-1"},"canonical":"https:\/\/www.tiptoe.fr\/de\/product\/barhocker-lou-recycelter-kunststoff-macchiato\/","og_locale":"de_DE","og_type":"article","og_title":"Barhocker - recycelter Kunststoff Macchiato","og_description":"Entdecken Sie den Barhocker Macchiato aus recyceltem Kunststoff, gesprenkelt in Schwarz und Wei\u00df. Erh\u00e4ltlich in den H\u00f6hen 66 oder 76 cm.","og_url":"https:\/\/www.tiptoe.fr\/de\/product\/barhocker-lou-recycelter-kunststoff-macchiato\/","og_site_name":"TIPTOE","article_publisher":"https:\/\/www.facebook.com\/tiptoedesign","article_modified_time":"2026-04-02T15:46:51+00:00","og_image":[{"width":1500,"height":1500,"url":"https:\/\/www.tiptoe.fr\/wp-content\/uploads\/2025\/05\/LOU_Mid_MA_GB.jpg","type":"image\/jpeg"}],"twitter_card":"summary_large_image","twitter_site":"@tiptoedesign","twitter_misc":{"Est. reading time":"1 minute"},"schema":{"@context":"https:\/\/schema.org","@graph":[{"@type":"WebPage","@id":"https:\/\/www.tiptoe.fr\/de\/product\/barhocker-lou-recycelter-kunststoff-macchiato\/","url":"https:\/\/www.tiptoe.fr\/de\/product\/barhocker-lou-recycelter-kunststoff-macchiato\/","name":"Barhocker - recycelter Kunststoff Macchiato","isPartOf":{"@id":"https:\/\/www.tiptoe.fr\/de\/#website"},"primaryImageOfPage":{"@id":"https:\/\/www.tiptoe.fr\/de\/product\/barhocker-lou-recycelter-kunststoff-macchiato\/#primaryimage"},"image":{"@id":"https:\/\/www.tiptoe.fr\/de\/product\/barhocker-lou-recycelter-kunststoff-macchiato\/#primaryimage"},"thumbnailUrl":"https:\/\/www.tiptoe.fr\/wp-content\/uploads\/2025\/05\/LOU_Mid_MA_GB.jpg","datePublished":"2025-07-15T11:03:47+00:00","dateModified":"2026-04-02T15:46:51+00:00","description":"Entdecken Sie den Barhocker Macchiato aus recyceltem Kunststoff, gesprenkelt in Schwarz und Wei\u00df. Erh\u00e4ltlich in den H\u00f6hen 66 oder 76 cm.","breadcrumb":{"@id":"https:\/\/www.tiptoe.fr\/de\/product\/barhocker-lou-recycelter-kunststoff-macchiato\/#breadcrumb"},"inLanguage":"de-DE","potentialAction":[{"@type":"ReadAction","target":["https:\/\/www.tiptoe.fr\/de\/product\/barhocker-lou-recycelter-kunststoff-macchiato\/"]}]},{"@type":"ImageObject","inLanguage":"de-DE","@id":"https:\/\/www.tiptoe.fr\/de\/product\/barhocker-lou-recycelter-kunststoff-macchiato\/#primaryimage","url":"https:\/\/www.tiptoe.fr\/wp-content\/uploads\/2025\/05\/LOU_Mid_MA_GB.jpg","contentUrl":"https:\/\/www.tiptoe.fr\/wp-content\/uploads\/2025\/05\/LOU_Mid_MA_GB.jpg","width":1500,"height":1500},{"@type":"BreadcrumbList","@id":"https:\/\/www.tiptoe.fr\/de\/product\/barhocker-lou-recycelter-kunststoff-macchiato\/#breadcrumb","itemListElement":[{"@type":"ListItem","position":1,"name":"Startseite","item":"https:\/\/www.tiptoe.fr\/de\/"},{"@type":"ListItem","position":2,"name":"Shop","item":"https:\/\/www.tiptoe.fr\/shop\/"},{"@type":"ListItem","position":3,"name":"St\u00fchle und Hocker","item":"https:\/\/www.tiptoe.fr\/de\/stuhle-und-hocker\/"},{"@type":"ListItem","position":4,"name":"St\u00fchle und Barhocker","item":"https:\/\/www.tiptoe.fr\/de\/stuhle-und-hocker\/stuhle-barhocker\/"},{"@type":"ListItem","position":5,"name":"Barhocker LOU &#8211; recycelter Kunststoff Macchiato"}]},{"@type":"WebSite","@id":"https:\/\/www.tiptoe.fr\/de\/#website","url":"https:\/\/www.tiptoe.fr\/de\/","name":"TIPTOE","description":"","publisher":{"@id":"https:\/\/www.tiptoe.fr\/de\/#organization"},"potentialAction":[{"@type":"SearchAction","target":{"@type":"EntryPoint","urlTemplate":"https:\/\/www.tiptoe.fr\/de\/?s={search_term_string}"},"query-input":{"@type":"PropertyValueSpecification","valueRequired":true,"valueName":"search_term_string"}}],"inLanguage":"de-DE"},{"@type":"Organization","@id":"https:\/\/www.tiptoe.fr\/de\/#organization","name":"TIPTOE","url":"https:\/\/www.tiptoe.fr\/de\/","logo":{"@type":"ImageObject","inLanguage":"de-DE","@id":"https:\/\/www.tiptoe.fr\/de\/#\/schema\/logo\/image\/","url":"https:\/\/www.tiptoe.fr\/wp-content\/uploads\/2024\/06\/Logo.png","contentUrl":"https:\/\/www.tiptoe.fr\/wp-content\/uploads\/2024\/06\/Logo.png","width":133,"height":26,"caption":"TIPTOE"},"image":{"@id":"https:\/\/www.tiptoe.fr\/de\/#\/schema\/logo\/image\/"},"sameAs":["https:\/\/www.facebook.com\/tiptoedesign","https:\/\/x.com\/tiptoedesign","https:\/\/www.instagram.com\/tiptoedesign\/","https:\/\/www.pinterest.fr\/tiptoedesign\/"]}]}},"_links":{"self":[{"href":"https:\/\/www.tiptoe.fr\/de\/wp-json\/wp\/v2\/product\/300757","targetHints":{"allow":["GET"]}}],"collection":[{"href":"https:\/\/www.tiptoe.fr\/de\/wp-json\/wp\/v2\/product"}],"about":[{"href":"https:\/\/www.tiptoe.fr\/de\/wp-json\/wp\/v2\/types\/product"}],"wp:featuredmedia":[{"embeddable":true,"href":"https:\/\/www.tiptoe.fr\/de\/wp-json\/wp\/v2\/media\/303067"}],"wp:attachment":[{"href":"https:\/\/www.tiptoe.fr\/de\/wp-json\/wp\/v2\/media?parent=300757"}],"wp:term":[{"taxonomy":"product_brand","embeddable":true,"href":"https:\/\/www.tiptoe.fr\/de\/wp-json\/wp\/v2\/product_brand?post=300757"},{"taxonomy":"product_cat","embeddable":true,"href":"https:\/\/www.tiptoe.fr\/de\/wp-json\/wp\/v2\/product_cat?post=300757"},{"taxonomy":"product_tag","embeddable":true,"href":"https:\/\/www.tiptoe.fr\/de\/wp-json\/wp\/v2\/product_tag?post=300757"}],"curies":[{"name":"wp","href":"https:\/\/api.w.org\/{rel}","templated":true}]}}