{"id":300646,"date":"2025-07-15T14:22:22","date_gmt":"2025-07-15T12:24:05","guid":{"rendered":"https:\/\/www.tiptoe.fr\/?post_type=product&#038;p=300646"},"modified":"2025-09-29T18:57:52","modified_gmt":"2025-09-29T16:57:52","slug":"barstuhl-ssdr-recycelter-kunststoff","status":"publish","type":"product","link":"https:\/\/www.tiptoe.fr\/de\/product\/barstuhl-ssdr-recycelter-kunststoff\/","title":{"rendered":"Barstuhl SSDr &#8211; recycelter Kunststoff"},"content":{"rendered":"<p>Der neue Barstuhl SSDr erg\u00e4nzt unser Sortiment an hohen Sitzgelegenheiten. Er ist mit einer H\u00f6he von 65 oder 75 cm erh\u00e4ltlich und passt perfekt zu einer Arbeitsplatte, einer zentralen Insel, einer Bar oder einem Stehtisch.<\/p>\n","protected":false},"excerpt":{"rendered":"<p><strong>\u2713<\/strong> Barstuhl H\u00f6he 65 oder 75 cm<\/p>\n<p><strong>\u2713<\/strong> Ideal f\u00fcr Mittelinsel, Bar oder Stehtisch<\/p>\n<p><strong>\u2713<\/strong> Recycelter Kunststoff und pulverbeschichteter Stahl<\/p>\n<p><strong>\u2713<\/strong> 100% in Europa hergestellt<\/p>\n","protected":false},"featured_media":214093,"template":"","meta":{"_acf_changed":false},"product_brand":[],"product_cat":[761,772,773,775,940],"product_tag":[],"class_list":{"0":"post-300646","1":"product","2":"type-product","3":"status-publish","4":"has-post-thumbnail","6":"product_cat-office-mobel-unternehmen","7":"product_cat-stuhle-und-hocker","8":"product_cat-stuhle","9":"product_cat-stuhle-barhocker","10":"product_cat-restaurantmobel","11":"product_shipping_class-grands-colis","13":"first","14":"instock","15":"taxable","16":"shipping-taxable","17":"purchasable","18":"product-type-variable","19":"has-default-attributes"},"acf":[],"yoast_head":"<!-- This site is optimized with the Yoast SEO plugin v26.3 - https:\/\/yoast.com\/wordpress\/plugins\/seo\/ -->\n<title>Barstuhl SSD aus recyceltem Kunststoff<\/title>\n<meta name=\"description\" content=\"Entdecken Sie unseren Barstuhl SSD aus recyceltem Kunststoff. Erh\u00e4ltlich in verschiedenen H\u00f6hen und Farben. Nachhaltiges Design. Europ\u00e4ische Herstellung.\" \/>\n<meta name=\"robots\" content=\"index, follow, max-snippet:-1, max-image-preview:large, max-video-preview:-1\" \/>\n<link rel=\"canonical\" href=\"https:\/\/www.tiptoe.fr\/de\/product\/barstuhl-ssdr-recycelter-kunststoff\/\" \/>\n<meta property=\"og:locale\" content=\"de_DE\" \/>\n<meta property=\"og:type\" content=\"article\" \/>\n<meta property=\"og:title\" content=\"Barstuhl SSD aus recyceltem Kunststoff\" \/>\n<meta property=\"og:description\" content=\"Entdecken Sie unseren Barstuhl SSD aus recyceltem Kunststoff. Erh\u00e4ltlich in verschiedenen H\u00f6hen und Farben. Nachhaltiges Design. Europ\u00e4ische Herstellung.\" \/>\n<meta property=\"og:url\" content=\"https:\/\/www.tiptoe.fr\/de\/product\/barstuhl-ssdr-recycelter-kunststoff\/\" \/>\n<meta property=\"og:site_name\" content=\"TIPTOE\" \/>\n<meta property=\"article:publisher\" content=\"https:\/\/www.facebook.com\/tiptoedesign\" \/>\n<meta property=\"article:modified_time\" content=\"2025-09-29T16:57:52+00:00\" \/>\n<meta property=\"og:image\" content=\"https:\/\/www.tiptoe.fr\/wp-content\/uploads\/2022\/01\/ssd-bar-65-plastique-noir.jpg\" \/>\n\t<meta property=\"og:image:width\" content=\"1600\" \/>\n\t<meta property=\"og:image:height\" content=\"1600\" \/>\n\t<meta property=\"og:image:type\" content=\"image\/jpeg\" \/>\n<meta name=\"twitter:card\" content=\"summary_large_image\" \/>\n<meta name=\"twitter:site\" content=\"@tiptoedesign\" \/>\n<meta name=\"twitter:label1\" content=\"Est. reading time\" \/>\n\t<meta name=\"twitter:data1\" content=\"1 minute\" \/>\n<script type=\"application\/ld+json\" class=\"yoast-schema-graph\">{\"@context\":\"https:\/\/schema.org\",\"@graph\":[{\"@type\":\"WebPage\",\"@id\":\"https:\/\/www.tiptoe.fr\/de\/product\/barstuhl-ssdr-recycelter-kunststoff\/\",\"url\":\"https:\/\/www.tiptoe.fr\/de\/product\/barstuhl-ssdr-recycelter-kunststoff\/\",\"name\":\"Barstuhl SSD aus recyceltem Kunststoff\",\"isPartOf\":{\"@id\":\"https:\/\/www.tiptoe.fr\/de\/#website\"},\"primaryImageOfPage\":{\"@id\":\"https:\/\/www.tiptoe.fr\/de\/product\/barstuhl-ssdr-recycelter-kunststoff\/#primaryimage\"},\"image\":{\"@id\":\"https:\/\/www.tiptoe.fr\/de\/product\/barstuhl-ssdr-recycelter-kunststoff\/#primaryimage\"},\"thumbnailUrl\":\"https:\/\/www.tiptoe.fr\/wp-content\/uploads\/2022\/01\/ssd-bar-65-plastique-noir.jpg\",\"datePublished\":\"2025-07-15T12:24:05+00:00\",\"dateModified\":\"2025-09-29T16:57:52+00:00\",\"description\":\"Entdecken Sie unseren Barstuhl SSD aus recyceltem Kunststoff. Erh\u00e4ltlich in verschiedenen H\u00f6hen und Farben. Nachhaltiges Design. Europ\u00e4ische Herstellung.\",\"breadcrumb\":{\"@id\":\"https:\/\/www.tiptoe.fr\/de\/product\/barstuhl-ssdr-recycelter-kunststoff\/#breadcrumb\"},\"inLanguage\":\"de-DE\",\"potentialAction\":[{\"@type\":\"ReadAction\",\"target\":[\"https:\/\/www.tiptoe.fr\/de\/product\/barstuhl-ssdr-recycelter-kunststoff\/\"]}]},{\"@type\":\"ImageObject\",\"inLanguage\":\"de-DE\",\"@id\":\"https:\/\/www.tiptoe.fr\/de\/product\/barstuhl-ssdr-recycelter-kunststoff\/#primaryimage\",\"url\":\"https:\/\/www.tiptoe.fr\/wp-content\/uploads\/2022\/01\/ssd-bar-65-plastique-noir.jpg\",\"contentUrl\":\"https:\/\/www.tiptoe.fr\/wp-content\/uploads\/2022\/01\/ssd-bar-65-plastique-noir.jpg\",\"width\":1600,\"height\":1600},{\"@type\":\"BreadcrumbList\",\"@id\":\"https:\/\/www.tiptoe.fr\/de\/product\/barstuhl-ssdr-recycelter-kunststoff\/#breadcrumb\",\"itemListElement\":[{\"@type\":\"ListItem\",\"position\":1,\"name\":\"Startseite\",\"item\":\"https:\/\/www.tiptoe.fr\/de\/\"},{\"@type\":\"ListItem\",\"position\":2,\"name\":\"Shop\",\"item\":\"https:\/\/www.tiptoe.fr\/shop\/\"},{\"@type\":\"ListItem\",\"position\":3,\"name\":\"St\u00fchle und Hocker\",\"item\":\"https:\/\/www.tiptoe.fr\/de\/stuhle-und-hocker\/\"},{\"@type\":\"ListItem\",\"position\":4,\"name\":\"St\u00fchle\",\"item\":\"https:\/\/www.tiptoe.fr\/de\/stuhle-und-hocker\/stuhle\/\"},{\"@type\":\"ListItem\",\"position\":5,\"name\":\"Barstuhl SSDr &#8211; recycelter Kunststoff\"}]},{\"@type\":\"WebSite\",\"@id\":\"https:\/\/www.tiptoe.fr\/de\/#website\",\"url\":\"https:\/\/www.tiptoe.fr\/de\/\",\"name\":\"TIPTOE\",\"description\":\"\",\"publisher\":{\"@id\":\"https:\/\/www.tiptoe.fr\/de\/#organization\"},\"potentialAction\":[{\"@type\":\"SearchAction\",\"target\":{\"@type\":\"EntryPoint\",\"urlTemplate\":\"https:\/\/www.tiptoe.fr\/de\/?s={search_term_string}\"},\"query-input\":{\"@type\":\"PropertyValueSpecification\",\"valueRequired\":true,\"valueName\":\"search_term_string\"}}],\"inLanguage\":\"de-DE\"},{\"@type\":\"Organization\",\"@id\":\"https:\/\/www.tiptoe.fr\/de\/#organization\",\"name\":\"TIPTOE\",\"url\":\"https:\/\/www.tiptoe.fr\/de\/\",\"logo\":{\"@type\":\"ImageObject\",\"inLanguage\":\"de-DE\",\"@id\":\"https:\/\/www.tiptoe.fr\/de\/#\/schema\/logo\/image\/\",\"url\":\"https:\/\/www.tiptoe.fr\/wp-content\/uploads\/2024\/06\/Logo.png\",\"contentUrl\":\"https:\/\/www.tiptoe.fr\/wp-content\/uploads\/2024\/06\/Logo.png\",\"width\":133,\"height\":26,\"caption\":\"TIPTOE\"},\"image\":{\"@id\":\"https:\/\/www.tiptoe.fr\/de\/#\/schema\/logo\/image\/\"},\"sameAs\":[\"https:\/\/www.facebook.com\/tiptoedesign\",\"https:\/\/x.com\/tiptoedesign\",\"https:\/\/www.instagram.com\/tiptoedesign\/\",\"https:\/\/www.pinterest.fr\/tiptoedesign\/\"]}]}<\/script>\n<!-- \/ Yoast SEO plugin. -->","yoast_head_json":{"title":"Barstuhl SSD aus recyceltem Kunststoff","description":"Entdecken Sie unseren Barstuhl SSD aus recyceltem Kunststoff. Erh\u00e4ltlich in verschiedenen H\u00f6hen und Farben. Nachhaltiges Design. Europ\u00e4ische Herstellung.","robots":{"index":"index","follow":"follow","max-snippet":"max-snippet:-1","max-image-preview":"max-image-preview:large","max-video-preview":"max-video-preview:-1"},"canonical":"https:\/\/www.tiptoe.fr\/de\/product\/barstuhl-ssdr-recycelter-kunststoff\/","og_locale":"de_DE","og_type":"article","og_title":"Barstuhl SSD aus recyceltem Kunststoff","og_description":"Entdecken Sie unseren Barstuhl SSD aus recyceltem Kunststoff. Erh\u00e4ltlich in verschiedenen H\u00f6hen und Farben. Nachhaltiges Design. Europ\u00e4ische Herstellung.","og_url":"https:\/\/www.tiptoe.fr\/de\/product\/barstuhl-ssdr-recycelter-kunststoff\/","og_site_name":"TIPTOE","article_publisher":"https:\/\/www.facebook.com\/tiptoedesign","article_modified_time":"2025-09-29T16:57:52+00:00","og_image":[{"width":1600,"height":1600,"url":"https:\/\/www.tiptoe.fr\/wp-content\/uploads\/2022\/01\/ssd-bar-65-plastique-noir.jpg","type":"image\/jpeg"}],"twitter_card":"summary_large_image","twitter_site":"@tiptoedesign","twitter_misc":{"Est. reading time":"1 minute"},"schema":{"@context":"https:\/\/schema.org","@graph":[{"@type":"WebPage","@id":"https:\/\/www.tiptoe.fr\/de\/product\/barstuhl-ssdr-recycelter-kunststoff\/","url":"https:\/\/www.tiptoe.fr\/de\/product\/barstuhl-ssdr-recycelter-kunststoff\/","name":"Barstuhl SSD aus recyceltem Kunststoff","isPartOf":{"@id":"https:\/\/www.tiptoe.fr\/de\/#website"},"primaryImageOfPage":{"@id":"https:\/\/www.tiptoe.fr\/de\/product\/barstuhl-ssdr-recycelter-kunststoff\/#primaryimage"},"image":{"@id":"https:\/\/www.tiptoe.fr\/de\/product\/barstuhl-ssdr-recycelter-kunststoff\/#primaryimage"},"thumbnailUrl":"https:\/\/www.tiptoe.fr\/wp-content\/uploads\/2022\/01\/ssd-bar-65-plastique-noir.jpg","datePublished":"2025-07-15T12:24:05+00:00","dateModified":"2025-09-29T16:57:52+00:00","description":"Entdecken Sie unseren Barstuhl SSD aus recyceltem Kunststoff. Erh\u00e4ltlich in verschiedenen H\u00f6hen und Farben. Nachhaltiges Design. Europ\u00e4ische Herstellung.","breadcrumb":{"@id":"https:\/\/www.tiptoe.fr\/de\/product\/barstuhl-ssdr-recycelter-kunststoff\/#breadcrumb"},"inLanguage":"de-DE","potentialAction":[{"@type":"ReadAction","target":["https:\/\/www.tiptoe.fr\/de\/product\/barstuhl-ssdr-recycelter-kunststoff\/"]}]},{"@type":"ImageObject","inLanguage":"de-DE","@id":"https:\/\/www.tiptoe.fr\/de\/product\/barstuhl-ssdr-recycelter-kunststoff\/#primaryimage","url":"https:\/\/www.tiptoe.fr\/wp-content\/uploads\/2022\/01\/ssd-bar-65-plastique-noir.jpg","contentUrl":"https:\/\/www.tiptoe.fr\/wp-content\/uploads\/2022\/01\/ssd-bar-65-plastique-noir.jpg","width":1600,"height":1600},{"@type":"BreadcrumbList","@id":"https:\/\/www.tiptoe.fr\/de\/product\/barstuhl-ssdr-recycelter-kunststoff\/#breadcrumb","itemListElement":[{"@type":"ListItem","position":1,"name":"Startseite","item":"https:\/\/www.tiptoe.fr\/de\/"},{"@type":"ListItem","position":2,"name":"Shop","item":"https:\/\/www.tiptoe.fr\/shop\/"},{"@type":"ListItem","position":3,"name":"St\u00fchle und Hocker","item":"https:\/\/www.tiptoe.fr\/de\/stuhle-und-hocker\/"},{"@type":"ListItem","position":4,"name":"St\u00fchle","item":"https:\/\/www.tiptoe.fr\/de\/stuhle-und-hocker\/stuhle\/"},{"@type":"ListItem","position":5,"name":"Barstuhl SSDr &#8211; recycelter Kunststoff"}]},{"@type":"WebSite","@id":"https:\/\/www.tiptoe.fr\/de\/#website","url":"https:\/\/www.tiptoe.fr\/de\/","name":"TIPTOE","description":"","publisher":{"@id":"https:\/\/www.tiptoe.fr\/de\/#organization"},"potentialAction":[{"@type":"SearchAction","target":{"@type":"EntryPoint","urlTemplate":"https:\/\/www.tiptoe.fr\/de\/?s={search_term_string}"},"query-input":{"@type":"PropertyValueSpecification","valueRequired":true,"valueName":"search_term_string"}}],"inLanguage":"de-DE"},{"@type":"Organization","@id":"https:\/\/www.tiptoe.fr\/de\/#organization","name":"TIPTOE","url":"https:\/\/www.tiptoe.fr\/de\/","logo":{"@type":"ImageObject","inLanguage":"de-DE","@id":"https:\/\/www.tiptoe.fr\/de\/#\/schema\/logo\/image\/","url":"https:\/\/www.tiptoe.fr\/wp-content\/uploads\/2024\/06\/Logo.png","contentUrl":"https:\/\/www.tiptoe.fr\/wp-content\/uploads\/2024\/06\/Logo.png","width":133,"height":26,"caption":"TIPTOE"},"image":{"@id":"https:\/\/www.tiptoe.fr\/de\/#\/schema\/logo\/image\/"},"sameAs":["https:\/\/www.facebook.com\/tiptoedesign","https:\/\/x.com\/tiptoedesign","https:\/\/www.instagram.com\/tiptoedesign\/","https:\/\/www.pinterest.fr\/tiptoedesign\/"]}]}},"_links":{"self":[{"href":"https:\/\/www.tiptoe.fr\/de\/wp-json\/wp\/v2\/product\/300646","targetHints":{"allow":["GET"]}}],"collection":[{"href":"https:\/\/www.tiptoe.fr\/de\/wp-json\/wp\/v2\/product"}],"about":[{"href":"https:\/\/www.tiptoe.fr\/de\/wp-json\/wp\/v2\/types\/product"}],"wp:featuredmedia":[{"embeddable":true,"href":"https:\/\/www.tiptoe.fr\/de\/wp-json\/wp\/v2\/media\/214093"}],"wp:attachment":[{"href":"https:\/\/www.tiptoe.fr\/de\/wp-json\/wp\/v2\/media?parent=300646"}],"wp:term":[{"taxonomy":"product_brand","embeddable":true,"href":"https:\/\/www.tiptoe.fr\/de\/wp-json\/wp\/v2\/product_brand?post=300646"},{"taxonomy":"product_cat","embeddable":true,"href":"https:\/\/www.tiptoe.fr\/de\/wp-json\/wp\/v2\/product_cat?post=300646"},{"taxonomy":"product_tag","embeddable":true,"href":"https:\/\/www.tiptoe.fr\/de\/wp-json\/wp\/v2\/product_tag?post=300646"}],"curies":[{"name":"wp","href":"https:\/\/api.w.org\/{rel}","templated":true}]}}