{"id":299579,"date":"2025-07-15T12:30:48","date_gmt":"2025-07-15T10:32:49","guid":{"rendered":"https:\/\/www.tiptoe.fr\/?post_type=product&#038;p=299579"},"modified":"2025-09-29T18:57:36","modified_gmt":"2025-09-29T16:57:36","slug":"wand-nachttisch-bracket-recyceltem-altholz","status":"publish","type":"product","link":"https:\/\/www.tiptoe.fr\/de\/product\/wand-nachttisch-bracket-recyceltem-altholz\/","title":{"rendered":"Wand-Nachttisch BRACKET &#8211; recyceltem Altholz"},"content":{"rendered":"<p>Das Wandbord aus altem Holz ist in zwei Gr\u00f6\u00dfen erh\u00e4ltlich &#8211; 32\u00d727 oder 45\u00d720 cm &#8211; und eignet sich ideal als Nachttisch oder kleines, einfaches Regal. Sein rustikales und authentisches Aussehen wird Ihrem Raum Charakter verleihen.<\/p>\n","protected":false},"excerpt":{"rendered":"<p><strong>\u2713<\/strong> Nachttisch oder Wandregal<\/p>\n<p><strong>\u2713<\/strong> Regalboden aus gebrauchter Eiche 32&#215;27 oder 45\u00d720cm<\/p>\n<p><strong>\u2713<\/strong> Wird mit 1 BRACKET-Wandaufh\u00e4nger verkauft<\/p>\n<p><strong>\u2713<\/strong> 100% in Europa hergestellt<\/p>\n","protected":false},"featured_media":252859,"template":"","meta":{"_acf_changed":false},"product_brand":[],"product_cat":[766,769],"product_tag":[],"class_list":{"0":"post-299579","1":"product","2":"type-product","3":"status-publish","4":"has-post-thumbnail","6":"product_cat-wandregale","7":"product_cat-wand-nachttische","8":"product_shipping_class-colis","10":"first","11":"instock","12":"taxable","13":"shipping-taxable","14":"purchasable","15":"product-type-variable","16":"has-default-attributes"},"acf":[],"yoast_head":"<!-- This site is optimized with the Yoast SEO plugin v26.3 - https:\/\/yoast.com\/wordpress\/plugins\/seo\/ -->\n<title>Wand-Nachttisch BRACKET aus recyceltem Altholz<\/title>\n<meta name=\"description\" content=\"Entdecken Sie den Wand-Nachttisch aus recyceltem Altholz mit Wandaufh\u00e4nger aus Stahl. Modernes Design. Einfach zu montieren. 100% in Europa hergestellt.\" \/>\n<meta name=\"robots\" content=\"index, follow, max-snippet:-1, max-image-preview:large, max-video-preview:-1\" \/>\n<link rel=\"canonical\" href=\"https:\/\/www.tiptoe.fr\/de\/product\/wand-nachttisch-bracket-recyceltem-altholz\/\" \/>\n<meta property=\"og:locale\" content=\"de_DE\" \/>\n<meta property=\"og:type\" content=\"article\" \/>\n<meta property=\"og:title\" content=\"Wand-Nachttisch BRACKET aus recyceltem Altholz\" \/>\n<meta property=\"og:description\" content=\"Entdecken Sie den Wand-Nachttisch aus recyceltem Altholz mit Wandaufh\u00e4nger aus Stahl. Modernes Design. Einfach zu montieren. 100% in Europa hergestellt.\" \/>\n<meta property=\"og:url\" content=\"https:\/\/www.tiptoe.fr\/de\/product\/wand-nachttisch-bracket-recyceltem-altholz\/\" \/>\n<meta property=\"og:site_name\" content=\"TIPTOE\" \/>\n<meta property=\"article:publisher\" content=\"https:\/\/www.facebook.com\/tiptoedesign\" \/>\n<meta property=\"article:modified_time\" content=\"2025-09-29T16:57:36+00:00\" \/>\n<meta property=\"og:image\" content=\"https:\/\/www.tiptoe.fr\/wp-content\/uploads\/2023\/11\/table-chevet-bois-ancien-noir.jpg\" \/>\n\t<meta property=\"og:image:width\" content=\"1500\" \/>\n\t<meta property=\"og:image:height\" content=\"1500\" \/>\n\t<meta property=\"og:image:type\" content=\"image\/jpeg\" \/>\n<meta name=\"twitter:card\" content=\"summary_large_image\" \/>\n<meta name=\"twitter:site\" content=\"@tiptoedesign\" \/>\n<meta name=\"twitter:label1\" content=\"Est. reading time\" \/>\n\t<meta name=\"twitter:data1\" content=\"1 minute\" \/>\n<script type=\"application\/ld+json\" class=\"yoast-schema-graph\">{\"@context\":\"https:\/\/schema.org\",\"@graph\":[{\"@type\":\"WebPage\",\"@id\":\"https:\/\/www.tiptoe.fr\/de\/product\/wand-nachttisch-bracket-recyceltem-altholz\/\",\"url\":\"https:\/\/www.tiptoe.fr\/de\/product\/wand-nachttisch-bracket-recyceltem-altholz\/\",\"name\":\"Wand-Nachttisch BRACKET aus recyceltem Altholz\",\"isPartOf\":{\"@id\":\"https:\/\/www.tiptoe.fr\/de\/#website\"},\"primaryImageOfPage\":{\"@id\":\"https:\/\/www.tiptoe.fr\/de\/product\/wand-nachttisch-bracket-recyceltem-altholz\/#primaryimage\"},\"image\":{\"@id\":\"https:\/\/www.tiptoe.fr\/de\/product\/wand-nachttisch-bracket-recyceltem-altholz\/#primaryimage\"},\"thumbnailUrl\":\"https:\/\/www.tiptoe.fr\/wp-content\/uploads\/2023\/11\/table-chevet-bois-ancien-noir.jpg\",\"datePublished\":\"2025-07-15T10:32:49+00:00\",\"dateModified\":\"2025-09-29T16:57:36+00:00\",\"description\":\"Entdecken Sie den Wand-Nachttisch aus recyceltem Altholz mit Wandaufh\u00e4nger aus Stahl. Modernes Design. Einfach zu montieren. 100% in Europa hergestellt.\",\"breadcrumb\":{\"@id\":\"https:\/\/www.tiptoe.fr\/de\/product\/wand-nachttisch-bracket-recyceltem-altholz\/#breadcrumb\"},\"inLanguage\":\"de-DE\",\"potentialAction\":[{\"@type\":\"ReadAction\",\"target\":[\"https:\/\/www.tiptoe.fr\/de\/product\/wand-nachttisch-bracket-recyceltem-altholz\/\"]}]},{\"@type\":\"ImageObject\",\"inLanguage\":\"de-DE\",\"@id\":\"https:\/\/www.tiptoe.fr\/de\/product\/wand-nachttisch-bracket-recyceltem-altholz\/#primaryimage\",\"url\":\"https:\/\/www.tiptoe.fr\/wp-content\/uploads\/2023\/11\/table-chevet-bois-ancien-noir.jpg\",\"contentUrl\":\"https:\/\/www.tiptoe.fr\/wp-content\/uploads\/2023\/11\/table-chevet-bois-ancien-noir.jpg\",\"width\":1500,\"height\":1500},{\"@type\":\"BreadcrumbList\",\"@id\":\"https:\/\/www.tiptoe.fr\/de\/product\/wand-nachttisch-bracket-recyceltem-altholz\/#breadcrumb\",\"itemListElement\":[{\"@type\":\"ListItem\",\"position\":1,\"name\":\"Startseite\",\"item\":\"https:\/\/www.tiptoe.fr\/de\/\"},{\"@type\":\"ListItem\",\"position\":2,\"name\":\"Shop\",\"item\":\"https:\/\/www.tiptoe.fr\/shop\/\"},{\"@type\":\"ListItem\",\"position\":3,\"name\":\"Wandregale\",\"item\":\"https:\/\/www.tiptoe.fr\/de\/wandregale\/\"},{\"@type\":\"ListItem\",\"position\":4,\"name\":\"Wand-Nachttische\",\"item\":\"https:\/\/www.tiptoe.fr\/de\/wandregale\/wand-nachttische\/\"},{\"@type\":\"ListItem\",\"position\":5,\"name\":\"Wand-Nachttisch BRACKET &#8211; recyceltem Altholz\"}]},{\"@type\":\"WebSite\",\"@id\":\"https:\/\/www.tiptoe.fr\/de\/#website\",\"url\":\"https:\/\/www.tiptoe.fr\/de\/\",\"name\":\"TIPTOE\",\"description\":\"\",\"publisher\":{\"@id\":\"https:\/\/www.tiptoe.fr\/de\/#organization\"},\"potentialAction\":[{\"@type\":\"SearchAction\",\"target\":{\"@type\":\"EntryPoint\",\"urlTemplate\":\"https:\/\/www.tiptoe.fr\/de\/?s={search_term_string}\"},\"query-input\":{\"@type\":\"PropertyValueSpecification\",\"valueRequired\":true,\"valueName\":\"search_term_string\"}}],\"inLanguage\":\"de-DE\"},{\"@type\":\"Organization\",\"@id\":\"https:\/\/www.tiptoe.fr\/de\/#organization\",\"name\":\"TIPTOE\",\"url\":\"https:\/\/www.tiptoe.fr\/de\/\",\"logo\":{\"@type\":\"ImageObject\",\"inLanguage\":\"de-DE\",\"@id\":\"https:\/\/www.tiptoe.fr\/de\/#\/schema\/logo\/image\/\",\"url\":\"https:\/\/www.tiptoe.fr\/wp-content\/uploads\/2024\/06\/Logo.png\",\"contentUrl\":\"https:\/\/www.tiptoe.fr\/wp-content\/uploads\/2024\/06\/Logo.png\",\"width\":133,\"height\":26,\"caption\":\"TIPTOE\"},\"image\":{\"@id\":\"https:\/\/www.tiptoe.fr\/de\/#\/schema\/logo\/image\/\"},\"sameAs\":[\"https:\/\/www.facebook.com\/tiptoedesign\",\"https:\/\/x.com\/tiptoedesign\",\"https:\/\/www.instagram.com\/tiptoedesign\/\",\"https:\/\/www.pinterest.fr\/tiptoedesign\/\"]}]}<\/script>\n<!-- \/ Yoast SEO plugin. -->","yoast_head_json":{"title":"Wand-Nachttisch BRACKET aus recyceltem Altholz","description":"Entdecken Sie den Wand-Nachttisch aus recyceltem Altholz mit Wandaufh\u00e4nger aus Stahl. Modernes Design. Einfach zu montieren. 100% in Europa hergestellt.","robots":{"index":"index","follow":"follow","max-snippet":"max-snippet:-1","max-image-preview":"max-image-preview:large","max-video-preview":"max-video-preview:-1"},"canonical":"https:\/\/www.tiptoe.fr\/de\/product\/wand-nachttisch-bracket-recyceltem-altholz\/","og_locale":"de_DE","og_type":"article","og_title":"Wand-Nachttisch BRACKET aus recyceltem Altholz","og_description":"Entdecken Sie den Wand-Nachttisch aus recyceltem Altholz mit Wandaufh\u00e4nger aus Stahl. Modernes Design. Einfach zu montieren. 100% in Europa hergestellt.","og_url":"https:\/\/www.tiptoe.fr\/de\/product\/wand-nachttisch-bracket-recyceltem-altholz\/","og_site_name":"TIPTOE","article_publisher":"https:\/\/www.facebook.com\/tiptoedesign","article_modified_time":"2025-09-29T16:57:36+00:00","og_image":[{"width":1500,"height":1500,"url":"https:\/\/www.tiptoe.fr\/wp-content\/uploads\/2023\/11\/table-chevet-bois-ancien-noir.jpg","type":"image\/jpeg"}],"twitter_card":"summary_large_image","twitter_site":"@tiptoedesign","twitter_misc":{"Est. reading time":"1 minute"},"schema":{"@context":"https:\/\/schema.org","@graph":[{"@type":"WebPage","@id":"https:\/\/www.tiptoe.fr\/de\/product\/wand-nachttisch-bracket-recyceltem-altholz\/","url":"https:\/\/www.tiptoe.fr\/de\/product\/wand-nachttisch-bracket-recyceltem-altholz\/","name":"Wand-Nachttisch BRACKET aus recyceltem Altholz","isPartOf":{"@id":"https:\/\/www.tiptoe.fr\/de\/#website"},"primaryImageOfPage":{"@id":"https:\/\/www.tiptoe.fr\/de\/product\/wand-nachttisch-bracket-recyceltem-altholz\/#primaryimage"},"image":{"@id":"https:\/\/www.tiptoe.fr\/de\/product\/wand-nachttisch-bracket-recyceltem-altholz\/#primaryimage"},"thumbnailUrl":"https:\/\/www.tiptoe.fr\/wp-content\/uploads\/2023\/11\/table-chevet-bois-ancien-noir.jpg","datePublished":"2025-07-15T10:32:49+00:00","dateModified":"2025-09-29T16:57:36+00:00","description":"Entdecken Sie den Wand-Nachttisch aus recyceltem Altholz mit Wandaufh\u00e4nger aus Stahl. Modernes Design. Einfach zu montieren. 100% in Europa hergestellt.","breadcrumb":{"@id":"https:\/\/www.tiptoe.fr\/de\/product\/wand-nachttisch-bracket-recyceltem-altholz\/#breadcrumb"},"inLanguage":"de-DE","potentialAction":[{"@type":"ReadAction","target":["https:\/\/www.tiptoe.fr\/de\/product\/wand-nachttisch-bracket-recyceltem-altholz\/"]}]},{"@type":"ImageObject","inLanguage":"de-DE","@id":"https:\/\/www.tiptoe.fr\/de\/product\/wand-nachttisch-bracket-recyceltem-altholz\/#primaryimage","url":"https:\/\/www.tiptoe.fr\/wp-content\/uploads\/2023\/11\/table-chevet-bois-ancien-noir.jpg","contentUrl":"https:\/\/www.tiptoe.fr\/wp-content\/uploads\/2023\/11\/table-chevet-bois-ancien-noir.jpg","width":1500,"height":1500},{"@type":"BreadcrumbList","@id":"https:\/\/www.tiptoe.fr\/de\/product\/wand-nachttisch-bracket-recyceltem-altholz\/#breadcrumb","itemListElement":[{"@type":"ListItem","position":1,"name":"Startseite","item":"https:\/\/www.tiptoe.fr\/de\/"},{"@type":"ListItem","position":2,"name":"Shop","item":"https:\/\/www.tiptoe.fr\/shop\/"},{"@type":"ListItem","position":3,"name":"Wandregale","item":"https:\/\/www.tiptoe.fr\/de\/wandregale\/"},{"@type":"ListItem","position":4,"name":"Wand-Nachttische","item":"https:\/\/www.tiptoe.fr\/de\/wandregale\/wand-nachttische\/"},{"@type":"ListItem","position":5,"name":"Wand-Nachttisch BRACKET &#8211; recyceltem Altholz"}]},{"@type":"WebSite","@id":"https:\/\/www.tiptoe.fr\/de\/#website","url":"https:\/\/www.tiptoe.fr\/de\/","name":"TIPTOE","description":"","publisher":{"@id":"https:\/\/www.tiptoe.fr\/de\/#organization"},"potentialAction":[{"@type":"SearchAction","target":{"@type":"EntryPoint","urlTemplate":"https:\/\/www.tiptoe.fr\/de\/?s={search_term_string}"},"query-input":{"@type":"PropertyValueSpecification","valueRequired":true,"valueName":"search_term_string"}}],"inLanguage":"de-DE"},{"@type":"Organization","@id":"https:\/\/www.tiptoe.fr\/de\/#organization","name":"TIPTOE","url":"https:\/\/www.tiptoe.fr\/de\/","logo":{"@type":"ImageObject","inLanguage":"de-DE","@id":"https:\/\/www.tiptoe.fr\/de\/#\/schema\/logo\/image\/","url":"https:\/\/www.tiptoe.fr\/wp-content\/uploads\/2024\/06\/Logo.png","contentUrl":"https:\/\/www.tiptoe.fr\/wp-content\/uploads\/2024\/06\/Logo.png","width":133,"height":26,"caption":"TIPTOE"},"image":{"@id":"https:\/\/www.tiptoe.fr\/de\/#\/schema\/logo\/image\/"},"sameAs":["https:\/\/www.facebook.com\/tiptoedesign","https:\/\/x.com\/tiptoedesign","https:\/\/www.instagram.com\/tiptoedesign\/","https:\/\/www.pinterest.fr\/tiptoedesign\/"]}]}},"_links":{"self":[{"href":"https:\/\/www.tiptoe.fr\/de\/wp-json\/wp\/v2\/product\/299579","targetHints":{"allow":["GET"]}}],"collection":[{"href":"https:\/\/www.tiptoe.fr\/de\/wp-json\/wp\/v2\/product"}],"about":[{"href":"https:\/\/www.tiptoe.fr\/de\/wp-json\/wp\/v2\/types\/product"}],"wp:featuredmedia":[{"embeddable":true,"href":"https:\/\/www.tiptoe.fr\/de\/wp-json\/wp\/v2\/media\/252859"}],"wp:attachment":[{"href":"https:\/\/www.tiptoe.fr\/de\/wp-json\/wp\/v2\/media?parent=299579"}],"wp:term":[{"taxonomy":"product_brand","embeddable":true,"href":"https:\/\/www.tiptoe.fr\/de\/wp-json\/wp\/v2\/product_brand?post=299579"},{"taxonomy":"product_cat","embeddable":true,"href":"https:\/\/www.tiptoe.fr\/de\/wp-json\/wp\/v2\/product_cat?post=299579"},{"taxonomy":"product_tag","embeddable":true,"href":"https:\/\/www.tiptoe.fr\/de\/wp-json\/wp\/v2\/product_tag?post=299579"}],"curies":[{"name":"wp","href":"https:\/\/api.w.org\/{rel}","templated":true}]}}