{"id":299513,"date":"2025-07-15T11:59:44","date_gmt":"2025-07-15T10:01:44","guid":{"rendered":"https:\/\/www.tiptoe.fr\/?post_type=product&#038;p=299513"},"modified":"2026-03-19T16:41:09","modified_gmt":"2026-03-19T15:41:09","slug":"schreibtisch-tiptoe-120x60cm-oko-zertifiziertes-holz","status":"publish","type":"product","link":"https:\/\/www.tiptoe.fr\/de\/product\/schreibtisch-tiptoe-120x60cm-oko-zertifiziertes-holz\/","title":{"rendered":"Schreibtisch TIPTOE 120x60cm &#8211; \u00f6ko-zertifiziertes Holz"},"content":{"rendered":"<p>Der funktionale und inspirierende Schreibtisch TIPTOE aus Holz passt in jede Einrichtung. Seine eichenfurnierte Tischplatte in Kombination mit den in verschiedenen Farben erh\u00e4ltlichen Tischbeinen erm\u00f6glicht die Gestaltung eines individuellen Arbeitsplatzes.<\/p>\n<p>Das Eichenfurnier stammt aus zertifizierten W\u00e4ldern. Seine nat\u00fcrlich warmen Farbt\u00f6ne und seine feine Maserung verleihen Ihrem Interieur Eleganz.<\/p>\n","protected":false},"excerpt":{"rendered":"<p><strong>\u2713<\/strong> Schreibtisch mit oder ohne Schubladen aus Stahl<\/p>\n<p><strong>\u2713<\/strong> Tischplatte aus Holz mit Eichenfurnier 120x60cm<\/p>\n<p><strong>\u2713<\/strong> 4 Tischbeine aus Stahl H\u00f6he 75 cm<\/p>\n<p><strong>\u2713<\/strong> 100% in Europa hergestellt<\/p>\n","protected":false},"featured_media":297782,"template":"","meta":{"_acf_changed":false},"product_brand":[],"product_cat":[751,757,801,989],"product_tag":[],"class_list":{"0":"post-299513","1":"product","2":"type-product","3":"status-publish","4":"has-post-thumbnail","6":"product_cat-schreibtischbeine","7":"product_cat-schreibtische","8":"product_cat-tische-und-schreibtische","9":"product_cat-kollektion-tiptoe-tische","10":"product_shipping_class-meubles-complets","12":"first","13":"instock","14":"taxable","15":"shipping-taxable","16":"purchasable","17":"product-type-variable","18":"has-default-attributes"},"acf":[],"yoast_head":"<!-- This site is optimized with the Yoast SEO plugin v26.3 - https:\/\/yoast.com\/wordpress\/plugins\/seo\/ -->\n<title>Schreibtisch TIPTOE 120x60cm aus \u00f6ko-zertifiziertes Holz<\/title>\n<meta name=\"description\" content=\"Der Schreibtisch TIPTOE besteht aus 4 Tischbeinen 75cm einer Holzplatte mit Eichenfinish 120x60cm. Schaffen Sie einen funktionalen Arbeitsplatz.\" \/>\n<meta name=\"robots\" content=\"index, follow, max-snippet:-1, max-image-preview:large, max-video-preview:-1\" \/>\n<link rel=\"canonical\" href=\"https:\/\/www.tiptoe.fr\/de\/product\/schreibtisch-tiptoe-120x60cm-oko-zertifiziertes-holz\/\" \/>\n<meta property=\"og:locale\" content=\"de_DE\" \/>\n<meta property=\"og:type\" content=\"article\" \/>\n<meta property=\"og:title\" content=\"Schreibtisch TIPTOE 120x60cm aus \u00f6ko-zertifiziertes Holz\" \/>\n<meta property=\"og:description\" content=\"Der Schreibtisch TIPTOE besteht aus 4 Tischbeinen 75cm einer Holzplatte mit Eichenfinish 120x60cm. Schaffen Sie einen funktionalen Arbeitsplatz.\" \/>\n<meta property=\"og:url\" content=\"https:\/\/www.tiptoe.fr\/de\/product\/schreibtisch-tiptoe-120x60cm-oko-zertifiziertes-holz\/\" \/>\n<meta property=\"og:site_name\" content=\"TIPTOE\" \/>\n<meta property=\"article:publisher\" content=\"https:\/\/www.facebook.com\/tiptoedesign\" \/>\n<meta property=\"article:modified_time\" content=\"2026-03-19T15:41:09+00:00\" \/>\n<meta property=\"og:image\" content=\"https:\/\/www.tiptoe.fr\/wp-content\/uploads\/2025\/04\/bureau-120x60-tiroirs-chene-griseuca.jpg\" \/>\n\t<meta property=\"og:image:width\" content=\"1500\" \/>\n\t<meta property=\"og:image:height\" content=\"1500\" \/>\n\t<meta property=\"og:image:type\" content=\"image\/jpeg\" \/>\n<meta name=\"twitter:card\" content=\"summary_large_image\" \/>\n<meta name=\"twitter:site\" content=\"@tiptoedesign\" \/>\n<meta name=\"twitter:label1\" content=\"Est. reading time\" \/>\n\t<meta name=\"twitter:data1\" content=\"1 minute\" \/>\n<script type=\"application\/ld+json\" class=\"yoast-schema-graph\">{\"@context\":\"https:\/\/schema.org\",\"@graph\":[{\"@type\":\"WebPage\",\"@id\":\"https:\/\/www.tiptoe.fr\/de\/product\/schreibtisch-tiptoe-120x60cm-oko-zertifiziertes-holz\/\",\"url\":\"https:\/\/www.tiptoe.fr\/de\/product\/schreibtisch-tiptoe-120x60cm-oko-zertifiziertes-holz\/\",\"name\":\"Schreibtisch TIPTOE 120x60cm aus \u00f6ko-zertifiziertes Holz\",\"isPartOf\":{\"@id\":\"https:\/\/www.tiptoe.fr\/de\/#website\"},\"primaryImageOfPage\":{\"@id\":\"https:\/\/www.tiptoe.fr\/de\/product\/schreibtisch-tiptoe-120x60cm-oko-zertifiziertes-holz\/#primaryimage\"},\"image\":{\"@id\":\"https:\/\/www.tiptoe.fr\/de\/product\/schreibtisch-tiptoe-120x60cm-oko-zertifiziertes-holz\/#primaryimage\"},\"thumbnailUrl\":\"https:\/\/www.tiptoe.fr\/wp-content\/uploads\/2025\/04\/bureau-120x60-tiroirs-chene-griseuca.jpg\",\"datePublished\":\"2025-07-15T10:01:44+00:00\",\"dateModified\":\"2026-03-19T15:41:09+00:00\",\"description\":\"Der Schreibtisch TIPTOE besteht aus 4 Tischbeinen 75cm einer Holzplatte mit Eichenfinish 120x60cm. Schaffen Sie einen funktionalen Arbeitsplatz.\",\"breadcrumb\":{\"@id\":\"https:\/\/www.tiptoe.fr\/de\/product\/schreibtisch-tiptoe-120x60cm-oko-zertifiziertes-holz\/#breadcrumb\"},\"inLanguage\":\"de-DE\",\"potentialAction\":[{\"@type\":\"ReadAction\",\"target\":[\"https:\/\/www.tiptoe.fr\/de\/product\/schreibtisch-tiptoe-120x60cm-oko-zertifiziertes-holz\/\"]}]},{\"@type\":\"ImageObject\",\"inLanguage\":\"de-DE\",\"@id\":\"https:\/\/www.tiptoe.fr\/de\/product\/schreibtisch-tiptoe-120x60cm-oko-zertifiziertes-holz\/#primaryimage\",\"url\":\"https:\/\/www.tiptoe.fr\/wp-content\/uploads\/2025\/04\/bureau-120x60-tiroirs-chene-griseuca.jpg\",\"contentUrl\":\"https:\/\/www.tiptoe.fr\/wp-content\/uploads\/2025\/04\/bureau-120x60-tiroirs-chene-griseuca.jpg\",\"width\":1500,\"height\":1500},{\"@type\":\"BreadcrumbList\",\"@id\":\"https:\/\/www.tiptoe.fr\/de\/product\/schreibtisch-tiptoe-120x60cm-oko-zertifiziertes-holz\/#breadcrumb\",\"itemListElement\":[{\"@type\":\"ListItem\",\"position\":1,\"name\":\"Startseite\",\"item\":\"https:\/\/www.tiptoe.fr\/de\/\"},{\"@type\":\"ListItem\",\"position\":2,\"name\":\"Shop\",\"item\":\"https:\/\/www.tiptoe.fr\/shop\/\"},{\"@type\":\"ListItem\",\"position\":3,\"name\":\"Tische und Schreibtische\",\"item\":\"https:\/\/www.tiptoe.fr\/de\/tische-und-schreibtische\/\"},{\"@type\":\"ListItem\",\"position\":4,\"name\":\"Schreibtische\",\"item\":\"https:\/\/www.tiptoe.fr\/de\/tische-und-schreibtische\/schreibtische\/\"},{\"@type\":\"ListItem\",\"position\":5,\"name\":\"Schreibtisch TIPTOE 120x60cm &#8211; \u00f6ko-zertifiziertes Holz\"}]},{\"@type\":\"WebSite\",\"@id\":\"https:\/\/www.tiptoe.fr\/de\/#website\",\"url\":\"https:\/\/www.tiptoe.fr\/de\/\",\"name\":\"TIPTOE\",\"description\":\"\",\"publisher\":{\"@id\":\"https:\/\/www.tiptoe.fr\/de\/#organization\"},\"potentialAction\":[{\"@type\":\"SearchAction\",\"target\":{\"@type\":\"EntryPoint\",\"urlTemplate\":\"https:\/\/www.tiptoe.fr\/de\/?s={search_term_string}\"},\"query-input\":{\"@type\":\"PropertyValueSpecification\",\"valueRequired\":true,\"valueName\":\"search_term_string\"}}],\"inLanguage\":\"de-DE\"},{\"@type\":\"Organization\",\"@id\":\"https:\/\/www.tiptoe.fr\/de\/#organization\",\"name\":\"TIPTOE\",\"url\":\"https:\/\/www.tiptoe.fr\/de\/\",\"logo\":{\"@type\":\"ImageObject\",\"inLanguage\":\"de-DE\",\"@id\":\"https:\/\/www.tiptoe.fr\/de\/#\/schema\/logo\/image\/\",\"url\":\"https:\/\/www.tiptoe.fr\/wp-content\/uploads\/2024\/06\/Logo.png\",\"contentUrl\":\"https:\/\/www.tiptoe.fr\/wp-content\/uploads\/2024\/06\/Logo.png\",\"width\":133,\"height\":26,\"caption\":\"TIPTOE\"},\"image\":{\"@id\":\"https:\/\/www.tiptoe.fr\/de\/#\/schema\/logo\/image\/\"},\"sameAs\":[\"https:\/\/www.facebook.com\/tiptoedesign\",\"https:\/\/x.com\/tiptoedesign\",\"https:\/\/www.instagram.com\/tiptoedesign\/\",\"https:\/\/www.pinterest.fr\/tiptoedesign\/\"]}]}<\/script>\n<!-- \/ Yoast SEO plugin. -->","yoast_head_json":{"title":"Schreibtisch TIPTOE 120x60cm aus \u00f6ko-zertifiziertes Holz","description":"Der Schreibtisch TIPTOE besteht aus 4 Tischbeinen 75cm einer Holzplatte mit Eichenfinish 120x60cm. Schaffen Sie einen funktionalen Arbeitsplatz.","robots":{"index":"index","follow":"follow","max-snippet":"max-snippet:-1","max-image-preview":"max-image-preview:large","max-video-preview":"max-video-preview:-1"},"canonical":"https:\/\/www.tiptoe.fr\/de\/product\/schreibtisch-tiptoe-120x60cm-oko-zertifiziertes-holz\/","og_locale":"de_DE","og_type":"article","og_title":"Schreibtisch TIPTOE 120x60cm aus \u00f6ko-zertifiziertes Holz","og_description":"Der Schreibtisch TIPTOE besteht aus 4 Tischbeinen 75cm einer Holzplatte mit Eichenfinish 120x60cm. Schaffen Sie einen funktionalen Arbeitsplatz.","og_url":"https:\/\/www.tiptoe.fr\/de\/product\/schreibtisch-tiptoe-120x60cm-oko-zertifiziertes-holz\/","og_site_name":"TIPTOE","article_publisher":"https:\/\/www.facebook.com\/tiptoedesign","article_modified_time":"2026-03-19T15:41:09+00:00","og_image":[{"width":1500,"height":1500,"url":"https:\/\/www.tiptoe.fr\/wp-content\/uploads\/2025\/04\/bureau-120x60-tiroirs-chene-griseuca.jpg","type":"image\/jpeg"}],"twitter_card":"summary_large_image","twitter_site":"@tiptoedesign","twitter_misc":{"Est. reading time":"1 minute"},"schema":{"@context":"https:\/\/schema.org","@graph":[{"@type":"WebPage","@id":"https:\/\/www.tiptoe.fr\/de\/product\/schreibtisch-tiptoe-120x60cm-oko-zertifiziertes-holz\/","url":"https:\/\/www.tiptoe.fr\/de\/product\/schreibtisch-tiptoe-120x60cm-oko-zertifiziertes-holz\/","name":"Schreibtisch TIPTOE 120x60cm aus \u00f6ko-zertifiziertes Holz","isPartOf":{"@id":"https:\/\/www.tiptoe.fr\/de\/#website"},"primaryImageOfPage":{"@id":"https:\/\/www.tiptoe.fr\/de\/product\/schreibtisch-tiptoe-120x60cm-oko-zertifiziertes-holz\/#primaryimage"},"image":{"@id":"https:\/\/www.tiptoe.fr\/de\/product\/schreibtisch-tiptoe-120x60cm-oko-zertifiziertes-holz\/#primaryimage"},"thumbnailUrl":"https:\/\/www.tiptoe.fr\/wp-content\/uploads\/2025\/04\/bureau-120x60-tiroirs-chene-griseuca.jpg","datePublished":"2025-07-15T10:01:44+00:00","dateModified":"2026-03-19T15:41:09+00:00","description":"Der Schreibtisch TIPTOE besteht aus 4 Tischbeinen 75cm einer Holzplatte mit Eichenfinish 120x60cm. Schaffen Sie einen funktionalen Arbeitsplatz.","breadcrumb":{"@id":"https:\/\/www.tiptoe.fr\/de\/product\/schreibtisch-tiptoe-120x60cm-oko-zertifiziertes-holz\/#breadcrumb"},"inLanguage":"de-DE","potentialAction":[{"@type":"ReadAction","target":["https:\/\/www.tiptoe.fr\/de\/product\/schreibtisch-tiptoe-120x60cm-oko-zertifiziertes-holz\/"]}]},{"@type":"ImageObject","inLanguage":"de-DE","@id":"https:\/\/www.tiptoe.fr\/de\/product\/schreibtisch-tiptoe-120x60cm-oko-zertifiziertes-holz\/#primaryimage","url":"https:\/\/www.tiptoe.fr\/wp-content\/uploads\/2025\/04\/bureau-120x60-tiroirs-chene-griseuca.jpg","contentUrl":"https:\/\/www.tiptoe.fr\/wp-content\/uploads\/2025\/04\/bureau-120x60-tiroirs-chene-griseuca.jpg","width":1500,"height":1500},{"@type":"BreadcrumbList","@id":"https:\/\/www.tiptoe.fr\/de\/product\/schreibtisch-tiptoe-120x60cm-oko-zertifiziertes-holz\/#breadcrumb","itemListElement":[{"@type":"ListItem","position":1,"name":"Startseite","item":"https:\/\/www.tiptoe.fr\/de\/"},{"@type":"ListItem","position":2,"name":"Shop","item":"https:\/\/www.tiptoe.fr\/shop\/"},{"@type":"ListItem","position":3,"name":"Tische und Schreibtische","item":"https:\/\/www.tiptoe.fr\/de\/tische-und-schreibtische\/"},{"@type":"ListItem","position":4,"name":"Schreibtische","item":"https:\/\/www.tiptoe.fr\/de\/tische-und-schreibtische\/schreibtische\/"},{"@type":"ListItem","position":5,"name":"Schreibtisch TIPTOE 120x60cm &#8211; \u00f6ko-zertifiziertes Holz"}]},{"@type":"WebSite","@id":"https:\/\/www.tiptoe.fr\/de\/#website","url":"https:\/\/www.tiptoe.fr\/de\/","name":"TIPTOE","description":"","publisher":{"@id":"https:\/\/www.tiptoe.fr\/de\/#organization"},"potentialAction":[{"@type":"SearchAction","target":{"@type":"EntryPoint","urlTemplate":"https:\/\/www.tiptoe.fr\/de\/?s={search_term_string}"},"query-input":{"@type":"PropertyValueSpecification","valueRequired":true,"valueName":"search_term_string"}}],"inLanguage":"de-DE"},{"@type":"Organization","@id":"https:\/\/www.tiptoe.fr\/de\/#organization","name":"TIPTOE","url":"https:\/\/www.tiptoe.fr\/de\/","logo":{"@type":"ImageObject","inLanguage":"de-DE","@id":"https:\/\/www.tiptoe.fr\/de\/#\/schema\/logo\/image\/","url":"https:\/\/www.tiptoe.fr\/wp-content\/uploads\/2024\/06\/Logo.png","contentUrl":"https:\/\/www.tiptoe.fr\/wp-content\/uploads\/2024\/06\/Logo.png","width":133,"height":26,"caption":"TIPTOE"},"image":{"@id":"https:\/\/www.tiptoe.fr\/de\/#\/schema\/logo\/image\/"},"sameAs":["https:\/\/www.facebook.com\/tiptoedesign","https:\/\/x.com\/tiptoedesign","https:\/\/www.instagram.com\/tiptoedesign\/","https:\/\/www.pinterest.fr\/tiptoedesign\/"]}]}},"_links":{"self":[{"href":"https:\/\/www.tiptoe.fr\/de\/wp-json\/wp\/v2\/product\/299513","targetHints":{"allow":["GET"]}}],"collection":[{"href":"https:\/\/www.tiptoe.fr\/de\/wp-json\/wp\/v2\/product"}],"about":[{"href":"https:\/\/www.tiptoe.fr\/de\/wp-json\/wp\/v2\/types\/product"}],"wp:featuredmedia":[{"embeddable":true,"href":"https:\/\/www.tiptoe.fr\/de\/wp-json\/wp\/v2\/media\/297782"}],"wp:attachment":[{"href":"https:\/\/www.tiptoe.fr\/de\/wp-json\/wp\/v2\/media?parent=299513"}],"wp:term":[{"taxonomy":"product_brand","embeddable":true,"href":"https:\/\/www.tiptoe.fr\/de\/wp-json\/wp\/v2\/product_brand?post=299513"},{"taxonomy":"product_cat","embeddable":true,"href":"https:\/\/www.tiptoe.fr\/de\/wp-json\/wp\/v2\/product_cat?post=299513"},{"taxonomy":"product_tag","embeddable":true,"href":"https:\/\/www.tiptoe.fr\/de\/wp-json\/wp\/v2\/product_tag?post=299513"}],"curies":[{"name":"wp","href":"https:\/\/api.w.org\/{rel}","templated":true}]}}