{"id":298192,"date":"2025-07-15T11:43:56","date_gmt":"2025-07-15T09:45:42","guid":{"rendered":"https:\/\/www.tiptoe.fr\/?post_type=product&#038;p=298192"},"modified":"2026-03-19T11:51:12","modified_gmt":"2026-03-19T10:51:12","slug":"esstisch-tiptoe-recyceltem-altholz","status":"publish","type":"product","link":"https:\/\/www.tiptoe.fr\/de\/product\/esstisch-tiptoe-recyceltem-altholz\/","title":{"rendered":"Esstisch TIPTOE &#8211; recyceltem Altholz"},"content":{"rendered":"<p>Erh\u00e4ltlich in 2 Gr\u00f6\u00dfen \u2014 120\u00d760 cm und 150\u00d775 cm \u2014 bietet der Esstisch Platz f\u00fcr bis zu 6 Personen. Mit seiner Holzplatte und seinen 4 Tischbeinen H\u00f6he 75 cm aus Stahl vereint er Funktionalit\u00e4t und Geselligkeit f\u00fcr Mahlzeiten mit Familie oder Freunden.<\/p>\n<p>Altholz \u00fcberzeugt durch seinen einzigartigen Charakter. Seine tiefe Farbe, markante Astknoten und nat\u00fcrliche Unebenheiten bringen W\u00e4rme und Authentizit\u00e4t in Ihr Zuhause.<\/p>\n","protected":false},"excerpt":{"rendered":"<p><strong>\u2713<\/strong> Esstisch f\u00fcr bis zu 6 Personen<\/p>\n<p><strong>\u2713<\/strong> Tischplatte aus gealtertem Holz<\/p>\n<p><strong>\u2713<\/strong> 4 Tischbeine aus Stahl H\u00f6he 75 cm<\/p>\n<p><strong>\u2713<\/strong> 100% in Europa hergestellt<\/p>\n<p><!-- notionvc: 0946d1f4-7630-406f-ae8a-7e86d1f8cd68 --><\/p>\n","protected":false},"featured_media":297632,"template":"","meta":{"_acf_changed":false},"product_brand":[],"product_cat":[749,755,801,989],"product_tag":[],"class_list":{"0":"post-298192","1":"product","2":"type-product","3":"status-publish","4":"has-post-thumbnail","6":"product_cat-esstischbeine","7":"product_cat-esstische","8":"product_cat-tische-und-schreibtische","9":"product_cat-kollektion-tiptoe-tische","10":"product_shipping_class-meubles-complets","12":"first","13":"instock","14":"taxable","15":"shipping-taxable","16":"purchasable","17":"product-type-variable","18":"has-default-attributes"},"acf":[],"yoast_head":"<!-- This site is optimized with the Yoast SEO plugin v26.3 - https:\/\/yoast.com\/wordpress\/plugins\/seo\/ -->\n<title>Esstisch TIPTOE aus gealtertem Holz<\/title>\n<meta name=\"description\" content=\"Der Esstisch TIPTOE aus gealtertem Holz mit seinen vier 75 cm langen Stahlbeinen ist ideal, um 2 bis 6 Personen daran Platz zu bieten.\" \/>\n<meta name=\"robots\" content=\"index, follow, max-snippet:-1, max-image-preview:large, max-video-preview:-1\" \/>\n<link rel=\"canonical\" href=\"https:\/\/www.tiptoe.fr\/de\/product\/esstisch-tiptoe-recyceltem-altholz\/\" \/>\n<meta property=\"og:locale\" content=\"de_DE\" \/>\n<meta property=\"og:type\" content=\"article\" \/>\n<meta property=\"og:title\" content=\"Esstisch TIPTOE aus gealtertem Holz\" \/>\n<meta property=\"og:description\" content=\"Der Esstisch TIPTOE aus gealtertem Holz mit seinen vier 75 cm langen Stahlbeinen ist ideal, um 2 bis 6 Personen daran Platz zu bieten.\" \/>\n<meta property=\"og:url\" content=\"https:\/\/www.tiptoe.fr\/de\/product\/esstisch-tiptoe-recyceltem-altholz\/\" \/>\n<meta property=\"og:site_name\" content=\"TIPTOE\" \/>\n<meta property=\"article:publisher\" content=\"https:\/\/www.facebook.com\/tiptoedesign\" \/>\n<meta property=\"article:modified_time\" content=\"2026-03-19T10:51:12+00:00\" \/>\n<meta property=\"og:image\" content=\"https:\/\/www.tiptoe.fr\/wp-content\/uploads\/2025\/04\/table-150x75-boisancien-vertkaki.jpg\" \/>\n\t<meta property=\"og:image:width\" content=\"1500\" \/>\n\t<meta property=\"og:image:height\" content=\"1500\" \/>\n\t<meta property=\"og:image:type\" content=\"image\/jpeg\" \/>\n<meta name=\"twitter:card\" content=\"summary_large_image\" \/>\n<meta name=\"twitter:site\" content=\"@tiptoedesign\" \/>\n<meta name=\"twitter:label1\" content=\"Est. reading time\" \/>\n\t<meta name=\"twitter:data1\" content=\"1 minute\" \/>\n<script type=\"application\/ld+json\" class=\"yoast-schema-graph\">{\"@context\":\"https:\/\/schema.org\",\"@graph\":[{\"@type\":\"WebPage\",\"@id\":\"https:\/\/www.tiptoe.fr\/de\/product\/esstisch-tiptoe-recyceltem-altholz\/\",\"url\":\"https:\/\/www.tiptoe.fr\/de\/product\/esstisch-tiptoe-recyceltem-altholz\/\",\"name\":\"Esstisch TIPTOE aus gealtertem Holz\",\"isPartOf\":{\"@id\":\"https:\/\/www.tiptoe.fr\/de\/#website\"},\"primaryImageOfPage\":{\"@id\":\"https:\/\/www.tiptoe.fr\/de\/product\/esstisch-tiptoe-recyceltem-altholz\/#primaryimage\"},\"image\":{\"@id\":\"https:\/\/www.tiptoe.fr\/de\/product\/esstisch-tiptoe-recyceltem-altholz\/#primaryimage\"},\"thumbnailUrl\":\"https:\/\/www.tiptoe.fr\/wp-content\/uploads\/2025\/04\/table-150x75-boisancien-vertkaki.jpg\",\"datePublished\":\"2025-07-15T09:45:42+00:00\",\"dateModified\":\"2026-03-19T10:51:12+00:00\",\"description\":\"Der Esstisch TIPTOE aus gealtertem Holz mit seinen vier 75 cm langen Stahlbeinen ist ideal, um 2 bis 6 Personen daran Platz zu bieten.\",\"breadcrumb\":{\"@id\":\"https:\/\/www.tiptoe.fr\/de\/product\/esstisch-tiptoe-recyceltem-altholz\/#breadcrumb\"},\"inLanguage\":\"de-DE\",\"potentialAction\":[{\"@type\":\"ReadAction\",\"target\":[\"https:\/\/www.tiptoe.fr\/de\/product\/esstisch-tiptoe-recyceltem-altholz\/\"]}]},{\"@type\":\"ImageObject\",\"inLanguage\":\"de-DE\",\"@id\":\"https:\/\/www.tiptoe.fr\/de\/product\/esstisch-tiptoe-recyceltem-altholz\/#primaryimage\",\"url\":\"https:\/\/www.tiptoe.fr\/wp-content\/uploads\/2025\/04\/table-150x75-boisancien-vertkaki.jpg\",\"contentUrl\":\"https:\/\/www.tiptoe.fr\/wp-content\/uploads\/2025\/04\/table-150x75-boisancien-vertkaki.jpg\",\"width\":1500,\"height\":1500},{\"@type\":\"BreadcrumbList\",\"@id\":\"https:\/\/www.tiptoe.fr\/de\/product\/esstisch-tiptoe-recyceltem-altholz\/#breadcrumb\",\"itemListElement\":[{\"@type\":\"ListItem\",\"position\":1,\"name\":\"Startseite\",\"item\":\"https:\/\/www.tiptoe.fr\/de\/\"},{\"@type\":\"ListItem\",\"position\":2,\"name\":\"Shop\",\"item\":\"https:\/\/www.tiptoe.fr\/shop\/\"},{\"@type\":\"ListItem\",\"position\":3,\"name\":\"Tische und Schreibtische\",\"item\":\"https:\/\/www.tiptoe.fr\/de\/tische-und-schreibtische\/\"},{\"@type\":\"ListItem\",\"position\":4,\"name\":\"TIPTOE Tischkollektion\",\"item\":\"https:\/\/www.tiptoe.fr\/de\/tische-und-schreibtische\/kollektion-tiptoe-tische\/\"},{\"@type\":\"ListItem\",\"position\":5,\"name\":\"Esstisch TIPTOE &#8211; recyceltem Altholz\"}]},{\"@type\":\"WebSite\",\"@id\":\"https:\/\/www.tiptoe.fr\/de\/#website\",\"url\":\"https:\/\/www.tiptoe.fr\/de\/\",\"name\":\"TIPTOE\",\"description\":\"\",\"publisher\":{\"@id\":\"https:\/\/www.tiptoe.fr\/de\/#organization\"},\"potentialAction\":[{\"@type\":\"SearchAction\",\"target\":{\"@type\":\"EntryPoint\",\"urlTemplate\":\"https:\/\/www.tiptoe.fr\/de\/?s={search_term_string}\"},\"query-input\":{\"@type\":\"PropertyValueSpecification\",\"valueRequired\":true,\"valueName\":\"search_term_string\"}}],\"inLanguage\":\"de-DE\"},{\"@type\":\"Organization\",\"@id\":\"https:\/\/www.tiptoe.fr\/de\/#organization\",\"name\":\"TIPTOE\",\"url\":\"https:\/\/www.tiptoe.fr\/de\/\",\"logo\":{\"@type\":\"ImageObject\",\"inLanguage\":\"de-DE\",\"@id\":\"https:\/\/www.tiptoe.fr\/de\/#\/schema\/logo\/image\/\",\"url\":\"https:\/\/www.tiptoe.fr\/wp-content\/uploads\/2024\/06\/Logo.png\",\"contentUrl\":\"https:\/\/www.tiptoe.fr\/wp-content\/uploads\/2024\/06\/Logo.png\",\"width\":133,\"height\":26,\"caption\":\"TIPTOE\"},\"image\":{\"@id\":\"https:\/\/www.tiptoe.fr\/de\/#\/schema\/logo\/image\/\"},\"sameAs\":[\"https:\/\/www.facebook.com\/tiptoedesign\",\"https:\/\/x.com\/tiptoedesign\",\"https:\/\/www.instagram.com\/tiptoedesign\/\",\"https:\/\/www.pinterest.fr\/tiptoedesign\/\"]}]}<\/script>\n<!-- \/ Yoast SEO plugin. -->","yoast_head_json":{"title":"Esstisch TIPTOE aus gealtertem Holz","description":"Der Esstisch TIPTOE aus gealtertem Holz mit seinen vier 75 cm langen Stahlbeinen ist ideal, um 2 bis 6 Personen daran Platz zu bieten.","robots":{"index":"index","follow":"follow","max-snippet":"max-snippet:-1","max-image-preview":"max-image-preview:large","max-video-preview":"max-video-preview:-1"},"canonical":"https:\/\/www.tiptoe.fr\/de\/product\/esstisch-tiptoe-recyceltem-altholz\/","og_locale":"de_DE","og_type":"article","og_title":"Esstisch TIPTOE aus gealtertem Holz","og_description":"Der Esstisch TIPTOE aus gealtertem Holz mit seinen vier 75 cm langen Stahlbeinen ist ideal, um 2 bis 6 Personen daran Platz zu bieten.","og_url":"https:\/\/www.tiptoe.fr\/de\/product\/esstisch-tiptoe-recyceltem-altholz\/","og_site_name":"TIPTOE","article_publisher":"https:\/\/www.facebook.com\/tiptoedesign","article_modified_time":"2026-03-19T10:51:12+00:00","og_image":[{"width":1500,"height":1500,"url":"https:\/\/www.tiptoe.fr\/wp-content\/uploads\/2025\/04\/table-150x75-boisancien-vertkaki.jpg","type":"image\/jpeg"}],"twitter_card":"summary_large_image","twitter_site":"@tiptoedesign","twitter_misc":{"Est. reading time":"1 minute"},"schema":{"@context":"https:\/\/schema.org","@graph":[{"@type":"WebPage","@id":"https:\/\/www.tiptoe.fr\/de\/product\/esstisch-tiptoe-recyceltem-altholz\/","url":"https:\/\/www.tiptoe.fr\/de\/product\/esstisch-tiptoe-recyceltem-altholz\/","name":"Esstisch TIPTOE aus gealtertem Holz","isPartOf":{"@id":"https:\/\/www.tiptoe.fr\/de\/#website"},"primaryImageOfPage":{"@id":"https:\/\/www.tiptoe.fr\/de\/product\/esstisch-tiptoe-recyceltem-altholz\/#primaryimage"},"image":{"@id":"https:\/\/www.tiptoe.fr\/de\/product\/esstisch-tiptoe-recyceltem-altholz\/#primaryimage"},"thumbnailUrl":"https:\/\/www.tiptoe.fr\/wp-content\/uploads\/2025\/04\/table-150x75-boisancien-vertkaki.jpg","datePublished":"2025-07-15T09:45:42+00:00","dateModified":"2026-03-19T10:51:12+00:00","description":"Der Esstisch TIPTOE aus gealtertem Holz mit seinen vier 75 cm langen Stahlbeinen ist ideal, um 2 bis 6 Personen daran Platz zu bieten.","breadcrumb":{"@id":"https:\/\/www.tiptoe.fr\/de\/product\/esstisch-tiptoe-recyceltem-altholz\/#breadcrumb"},"inLanguage":"de-DE","potentialAction":[{"@type":"ReadAction","target":["https:\/\/www.tiptoe.fr\/de\/product\/esstisch-tiptoe-recyceltem-altholz\/"]}]},{"@type":"ImageObject","inLanguage":"de-DE","@id":"https:\/\/www.tiptoe.fr\/de\/product\/esstisch-tiptoe-recyceltem-altholz\/#primaryimage","url":"https:\/\/www.tiptoe.fr\/wp-content\/uploads\/2025\/04\/table-150x75-boisancien-vertkaki.jpg","contentUrl":"https:\/\/www.tiptoe.fr\/wp-content\/uploads\/2025\/04\/table-150x75-boisancien-vertkaki.jpg","width":1500,"height":1500},{"@type":"BreadcrumbList","@id":"https:\/\/www.tiptoe.fr\/de\/product\/esstisch-tiptoe-recyceltem-altholz\/#breadcrumb","itemListElement":[{"@type":"ListItem","position":1,"name":"Startseite","item":"https:\/\/www.tiptoe.fr\/de\/"},{"@type":"ListItem","position":2,"name":"Shop","item":"https:\/\/www.tiptoe.fr\/shop\/"},{"@type":"ListItem","position":3,"name":"Tische und Schreibtische","item":"https:\/\/www.tiptoe.fr\/de\/tische-und-schreibtische\/"},{"@type":"ListItem","position":4,"name":"TIPTOE Tischkollektion","item":"https:\/\/www.tiptoe.fr\/de\/tische-und-schreibtische\/kollektion-tiptoe-tische\/"},{"@type":"ListItem","position":5,"name":"Esstisch TIPTOE &#8211; recyceltem Altholz"}]},{"@type":"WebSite","@id":"https:\/\/www.tiptoe.fr\/de\/#website","url":"https:\/\/www.tiptoe.fr\/de\/","name":"TIPTOE","description":"","publisher":{"@id":"https:\/\/www.tiptoe.fr\/de\/#organization"},"potentialAction":[{"@type":"SearchAction","target":{"@type":"EntryPoint","urlTemplate":"https:\/\/www.tiptoe.fr\/de\/?s={search_term_string}"},"query-input":{"@type":"PropertyValueSpecification","valueRequired":true,"valueName":"search_term_string"}}],"inLanguage":"de-DE"},{"@type":"Organization","@id":"https:\/\/www.tiptoe.fr\/de\/#organization","name":"TIPTOE","url":"https:\/\/www.tiptoe.fr\/de\/","logo":{"@type":"ImageObject","inLanguage":"de-DE","@id":"https:\/\/www.tiptoe.fr\/de\/#\/schema\/logo\/image\/","url":"https:\/\/www.tiptoe.fr\/wp-content\/uploads\/2024\/06\/Logo.png","contentUrl":"https:\/\/www.tiptoe.fr\/wp-content\/uploads\/2024\/06\/Logo.png","width":133,"height":26,"caption":"TIPTOE"},"image":{"@id":"https:\/\/www.tiptoe.fr\/de\/#\/schema\/logo\/image\/"},"sameAs":["https:\/\/www.facebook.com\/tiptoedesign","https:\/\/x.com\/tiptoedesign","https:\/\/www.instagram.com\/tiptoedesign\/","https:\/\/www.pinterest.fr\/tiptoedesign\/"]}]}},"_links":{"self":[{"href":"https:\/\/www.tiptoe.fr\/de\/wp-json\/wp\/v2\/product\/298192","targetHints":{"allow":["GET"]}}],"collection":[{"href":"https:\/\/www.tiptoe.fr\/de\/wp-json\/wp\/v2\/product"}],"about":[{"href":"https:\/\/www.tiptoe.fr\/de\/wp-json\/wp\/v2\/types\/product"}],"wp:featuredmedia":[{"embeddable":true,"href":"https:\/\/www.tiptoe.fr\/de\/wp-json\/wp\/v2\/media\/297632"}],"wp:attachment":[{"href":"https:\/\/www.tiptoe.fr\/de\/wp-json\/wp\/v2\/media?parent=298192"}],"wp:term":[{"taxonomy":"product_brand","embeddable":true,"href":"https:\/\/www.tiptoe.fr\/de\/wp-json\/wp\/v2\/product_brand?post=298192"},{"taxonomy":"product_cat","embeddable":true,"href":"https:\/\/www.tiptoe.fr\/de\/wp-json\/wp\/v2\/product_cat?post=298192"},{"taxonomy":"product_tag","embeddable":true,"href":"https:\/\/www.tiptoe.fr\/de\/wp-json\/wp\/v2\/product_tag?post=298192"}],"curies":[{"name":"wp","href":"https:\/\/api.w.org\/{rel}","templated":true}]}}