{"id":288567,"date":"2025-02-18T15:32:07","date_gmt":"2025-02-18T14:35:32","guid":{"rendered":"https:\/\/www.tiptoe.fr\/?post_type=product&#038;p=288567"},"modified":"2025-09-29T18:55:07","modified_gmt":"2025-09-29T16:55:07","slug":"hocker-ssd-full-wood-oeko-zertifiziertes-holz","status":"publish","type":"product","link":"https:\/\/www.tiptoe.fr\/de\/product\/hocker-ssd-full-wood-oeko-zertifiziertes-holz\/","title":{"rendered":"Hocker SSD full wood &#8211; \u00f6ko-zertifiziertes Holz"},"content":{"rendered":"<p>Inspiriert von unserem ikonischen SSD-Stuhl, verk\u00f6rpert der SSD Full Wood Hocker die Essenz einer modernen und pulsierenden Vision von Produktdesign.<\/p>\n<p>Aus \u00f6kologisch zertifiziertem Holz gefertigt und in einer eleganten Farbpalette erh\u00e4ltlich, passt dieser vielseitige Hocker perfekt in jeden Raum des Hauses. Ob als Sitzfl\u00e4che f\u00fcr den Esstisch, als Sofaende oder als Nachttisch, er ist vielseitig einsetzbar.<\/p>\n","protected":false},"excerpt":{"rendered":"<p><strong>\u2713<\/strong> Hocker aus nat\u00fcrlichem oder gebeiztem Holz, H\u00f6he 45cm<\/p>\n<p><strong>\u2713<\/strong> Ideal als Sitzgelegenheit, Nachttisch oder Beistelltisch<\/p>\n<p><strong>\u2713<\/strong> Einfacher und schneller Zusammenbau<\/p>\n<p><strong>\u2713<\/strong>\u00a0100% in Europa hergestellt<\/p>\n","protected":false},"featured_media":289276,"template":"","meta":{"_acf_changed":false},"product_brand":[],"product_cat":[772,774],"product_tag":[],"class_list":{"0":"post-288567","1":"product","2":"type-product","3":"status-publish","4":"has-post-thumbnail","6":"product_cat-stuhle-und-hocker","7":"product_cat-hocker","8":"product_shipping_class-colis","10":"first","11":"instock","12":"taxable","13":"shipping-taxable","14":"purchasable","15":"product-type-variable","16":"has-default-attributes"},"acf":[],"yoast_head":"<!-- This site is optimized with the Yoast SEO plugin v26.3 - https:\/\/yoast.com\/wordpress\/plugins\/seo\/ -->\n<title>Holzhocker SSD full wood, Design und Farbe<\/title>\n<meta name=\"description\" content=\"Entdecken Sie unseren ersten Hocker aus Holz mit einer H\u00f6he von 45 cm. Er ist in verschiedenen Farben erh\u00e4ltlich, damit er zu jeder Einrichtung passt.\" \/>\n<meta name=\"robots\" content=\"index, follow, max-snippet:-1, max-image-preview:large, max-video-preview:-1\" \/>\n<link rel=\"canonical\" href=\"https:\/\/www.tiptoe.fr\/de\/product\/hocker-ssd-full-wood-oeko-zertifiziertes-holz\/\" \/>\n<meta property=\"og:locale\" content=\"de_DE\" \/>\n<meta property=\"og:type\" content=\"article\" \/>\n<meta property=\"og:title\" content=\"Holzhocker SSD full wood, Design und Farbe\" \/>\n<meta property=\"og:description\" content=\"Entdecken Sie unseren ersten Hocker aus Holz mit einer H\u00f6he von 45 cm. Er ist in verschiedenen Farben erh\u00e4ltlich, damit er zu jeder Einrichtung passt.\" \/>\n<meta property=\"og:url\" content=\"https:\/\/www.tiptoe.fr\/de\/product\/hocker-ssd-full-wood-oeko-zertifiziertes-holz\/\" \/>\n<meta property=\"og:site_name\" content=\"TIPTOE\" \/>\n<meta property=\"article:publisher\" content=\"https:\/\/www.facebook.com\/tiptoedesign\" \/>\n<meta property=\"article:modified_time\" content=\"2025-09-29T16:55:07+00:00\" \/>\n<meta property=\"og:image\" content=\"https:\/\/www.tiptoe.fr\/wp-content\/uploads\/2025\/01\/tabouret-SSD-chene-naturel-v2.jpg\" \/>\n\t<meta property=\"og:image:width\" content=\"2500\" \/>\n\t<meta property=\"og:image:height\" content=\"2500\" \/>\n\t<meta property=\"og:image:type\" content=\"image\/jpeg\" \/>\n<meta name=\"twitter:card\" content=\"summary_large_image\" \/>\n<meta name=\"twitter:site\" content=\"@tiptoedesign\" \/>\n<meta name=\"twitter:label1\" content=\"Est. reading time\" \/>\n\t<meta name=\"twitter:data1\" content=\"1 minute\" \/>\n<script type=\"application\/ld+json\" class=\"yoast-schema-graph\">{\"@context\":\"https:\/\/schema.org\",\"@graph\":[{\"@type\":\"WebPage\",\"@id\":\"https:\/\/www.tiptoe.fr\/de\/product\/hocker-ssd-full-wood-oeko-zertifiziertes-holz\/\",\"url\":\"https:\/\/www.tiptoe.fr\/de\/product\/hocker-ssd-full-wood-oeko-zertifiziertes-holz\/\",\"name\":\"Holzhocker SSD full wood, Design und Farbe\",\"isPartOf\":{\"@id\":\"https:\/\/www.tiptoe.fr\/de\/#website\"},\"primaryImageOfPage\":{\"@id\":\"https:\/\/www.tiptoe.fr\/de\/product\/hocker-ssd-full-wood-oeko-zertifiziertes-holz\/#primaryimage\"},\"image\":{\"@id\":\"https:\/\/www.tiptoe.fr\/de\/product\/hocker-ssd-full-wood-oeko-zertifiziertes-holz\/#primaryimage\"},\"thumbnailUrl\":\"https:\/\/www.tiptoe.fr\/wp-content\/uploads\/2025\/01\/tabouret-SSD-chene-naturel-v2.jpg\",\"datePublished\":\"2025-02-18T14:35:32+00:00\",\"dateModified\":\"2025-09-29T16:55:07+00:00\",\"description\":\"Entdecken Sie unseren ersten Hocker aus Holz mit einer H\u00f6he von 45 cm. Er ist in verschiedenen Farben erh\u00e4ltlich, damit er zu jeder Einrichtung passt.\",\"breadcrumb\":{\"@id\":\"https:\/\/www.tiptoe.fr\/de\/product\/hocker-ssd-full-wood-oeko-zertifiziertes-holz\/#breadcrumb\"},\"inLanguage\":\"de-DE\",\"potentialAction\":[{\"@type\":\"ReadAction\",\"target\":[\"https:\/\/www.tiptoe.fr\/de\/product\/hocker-ssd-full-wood-oeko-zertifiziertes-holz\/\"]}]},{\"@type\":\"ImageObject\",\"inLanguage\":\"de-DE\",\"@id\":\"https:\/\/www.tiptoe.fr\/de\/product\/hocker-ssd-full-wood-oeko-zertifiziertes-holz\/#primaryimage\",\"url\":\"https:\/\/www.tiptoe.fr\/wp-content\/uploads\/2025\/01\/tabouret-SSD-chene-naturel-v2.jpg\",\"contentUrl\":\"https:\/\/www.tiptoe.fr\/wp-content\/uploads\/2025\/01\/tabouret-SSD-chene-naturel-v2.jpg\",\"width\":2500,\"height\":2500},{\"@type\":\"BreadcrumbList\",\"@id\":\"https:\/\/www.tiptoe.fr\/de\/product\/hocker-ssd-full-wood-oeko-zertifiziertes-holz\/#breadcrumb\",\"itemListElement\":[{\"@type\":\"ListItem\",\"position\":1,\"name\":\"Startseite\",\"item\":\"https:\/\/www.tiptoe.fr\/de\/\"},{\"@type\":\"ListItem\",\"position\":2,\"name\":\"Shop\",\"item\":\"https:\/\/www.tiptoe.fr\/shop\/\"},{\"@type\":\"ListItem\",\"position\":3,\"name\":\"St\u00fchle und Hocker\",\"item\":\"https:\/\/www.tiptoe.fr\/de\/stuhle-und-hocker\/\"},{\"@type\":\"ListItem\",\"position\":4,\"name\":\"Hocker\",\"item\":\"https:\/\/www.tiptoe.fr\/de\/stuhle-und-hocker\/hocker\/\"},{\"@type\":\"ListItem\",\"position\":5,\"name\":\"Hocker SSD full wood &#8211; \u00f6ko-zertifiziertes Holz\"}]},{\"@type\":\"WebSite\",\"@id\":\"https:\/\/www.tiptoe.fr\/de\/#website\",\"url\":\"https:\/\/www.tiptoe.fr\/de\/\",\"name\":\"TIPTOE\",\"description\":\"\",\"publisher\":{\"@id\":\"https:\/\/www.tiptoe.fr\/de\/#organization\"},\"potentialAction\":[{\"@type\":\"SearchAction\",\"target\":{\"@type\":\"EntryPoint\",\"urlTemplate\":\"https:\/\/www.tiptoe.fr\/de\/?s={search_term_string}\"},\"query-input\":{\"@type\":\"PropertyValueSpecification\",\"valueRequired\":true,\"valueName\":\"search_term_string\"}}],\"inLanguage\":\"de-DE\"},{\"@type\":\"Organization\",\"@id\":\"https:\/\/www.tiptoe.fr\/de\/#organization\",\"name\":\"TIPTOE\",\"url\":\"https:\/\/www.tiptoe.fr\/de\/\",\"logo\":{\"@type\":\"ImageObject\",\"inLanguage\":\"de-DE\",\"@id\":\"https:\/\/www.tiptoe.fr\/de\/#\/schema\/logo\/image\/\",\"url\":\"https:\/\/www.tiptoe.fr\/wp-content\/uploads\/2024\/06\/Logo.png\",\"contentUrl\":\"https:\/\/www.tiptoe.fr\/wp-content\/uploads\/2024\/06\/Logo.png\",\"width\":133,\"height\":26,\"caption\":\"TIPTOE\"},\"image\":{\"@id\":\"https:\/\/www.tiptoe.fr\/de\/#\/schema\/logo\/image\/\"},\"sameAs\":[\"https:\/\/www.facebook.com\/tiptoedesign\",\"https:\/\/x.com\/tiptoedesign\",\"https:\/\/www.instagram.com\/tiptoedesign\/\",\"https:\/\/www.pinterest.fr\/tiptoedesign\/\"]}]}<\/script>\n<!-- \/ Yoast SEO plugin. -->","yoast_head_json":{"title":"Holzhocker SSD full wood, Design und Farbe","description":"Entdecken Sie unseren ersten Hocker aus Holz mit einer H\u00f6he von 45 cm. Er ist in verschiedenen Farben erh\u00e4ltlich, damit er zu jeder Einrichtung passt.","robots":{"index":"index","follow":"follow","max-snippet":"max-snippet:-1","max-image-preview":"max-image-preview:large","max-video-preview":"max-video-preview:-1"},"canonical":"https:\/\/www.tiptoe.fr\/de\/product\/hocker-ssd-full-wood-oeko-zertifiziertes-holz\/","og_locale":"de_DE","og_type":"article","og_title":"Holzhocker SSD full wood, Design und Farbe","og_description":"Entdecken Sie unseren ersten Hocker aus Holz mit einer H\u00f6he von 45 cm. Er ist in verschiedenen Farben erh\u00e4ltlich, damit er zu jeder Einrichtung passt.","og_url":"https:\/\/www.tiptoe.fr\/de\/product\/hocker-ssd-full-wood-oeko-zertifiziertes-holz\/","og_site_name":"TIPTOE","article_publisher":"https:\/\/www.facebook.com\/tiptoedesign","article_modified_time":"2025-09-29T16:55:07+00:00","og_image":[{"width":2500,"height":2500,"url":"https:\/\/www.tiptoe.fr\/wp-content\/uploads\/2025\/01\/tabouret-SSD-chene-naturel-v2.jpg","type":"image\/jpeg"}],"twitter_card":"summary_large_image","twitter_site":"@tiptoedesign","twitter_misc":{"Est. reading time":"1 minute"},"schema":{"@context":"https:\/\/schema.org","@graph":[{"@type":"WebPage","@id":"https:\/\/www.tiptoe.fr\/de\/product\/hocker-ssd-full-wood-oeko-zertifiziertes-holz\/","url":"https:\/\/www.tiptoe.fr\/de\/product\/hocker-ssd-full-wood-oeko-zertifiziertes-holz\/","name":"Holzhocker SSD full wood, Design und Farbe","isPartOf":{"@id":"https:\/\/www.tiptoe.fr\/de\/#website"},"primaryImageOfPage":{"@id":"https:\/\/www.tiptoe.fr\/de\/product\/hocker-ssd-full-wood-oeko-zertifiziertes-holz\/#primaryimage"},"image":{"@id":"https:\/\/www.tiptoe.fr\/de\/product\/hocker-ssd-full-wood-oeko-zertifiziertes-holz\/#primaryimage"},"thumbnailUrl":"https:\/\/www.tiptoe.fr\/wp-content\/uploads\/2025\/01\/tabouret-SSD-chene-naturel-v2.jpg","datePublished":"2025-02-18T14:35:32+00:00","dateModified":"2025-09-29T16:55:07+00:00","description":"Entdecken Sie unseren ersten Hocker aus Holz mit einer H\u00f6he von 45 cm. Er ist in verschiedenen Farben erh\u00e4ltlich, damit er zu jeder Einrichtung passt.","breadcrumb":{"@id":"https:\/\/www.tiptoe.fr\/de\/product\/hocker-ssd-full-wood-oeko-zertifiziertes-holz\/#breadcrumb"},"inLanguage":"de-DE","potentialAction":[{"@type":"ReadAction","target":["https:\/\/www.tiptoe.fr\/de\/product\/hocker-ssd-full-wood-oeko-zertifiziertes-holz\/"]}]},{"@type":"ImageObject","inLanguage":"de-DE","@id":"https:\/\/www.tiptoe.fr\/de\/product\/hocker-ssd-full-wood-oeko-zertifiziertes-holz\/#primaryimage","url":"https:\/\/www.tiptoe.fr\/wp-content\/uploads\/2025\/01\/tabouret-SSD-chene-naturel-v2.jpg","contentUrl":"https:\/\/www.tiptoe.fr\/wp-content\/uploads\/2025\/01\/tabouret-SSD-chene-naturel-v2.jpg","width":2500,"height":2500},{"@type":"BreadcrumbList","@id":"https:\/\/www.tiptoe.fr\/de\/product\/hocker-ssd-full-wood-oeko-zertifiziertes-holz\/#breadcrumb","itemListElement":[{"@type":"ListItem","position":1,"name":"Startseite","item":"https:\/\/www.tiptoe.fr\/de\/"},{"@type":"ListItem","position":2,"name":"Shop","item":"https:\/\/www.tiptoe.fr\/shop\/"},{"@type":"ListItem","position":3,"name":"St\u00fchle und Hocker","item":"https:\/\/www.tiptoe.fr\/de\/stuhle-und-hocker\/"},{"@type":"ListItem","position":4,"name":"Hocker","item":"https:\/\/www.tiptoe.fr\/de\/stuhle-und-hocker\/hocker\/"},{"@type":"ListItem","position":5,"name":"Hocker SSD full wood &#8211; \u00f6ko-zertifiziertes Holz"}]},{"@type":"WebSite","@id":"https:\/\/www.tiptoe.fr\/de\/#website","url":"https:\/\/www.tiptoe.fr\/de\/","name":"TIPTOE","description":"","publisher":{"@id":"https:\/\/www.tiptoe.fr\/de\/#organization"},"potentialAction":[{"@type":"SearchAction","target":{"@type":"EntryPoint","urlTemplate":"https:\/\/www.tiptoe.fr\/de\/?s={search_term_string}"},"query-input":{"@type":"PropertyValueSpecification","valueRequired":true,"valueName":"search_term_string"}}],"inLanguage":"de-DE"},{"@type":"Organization","@id":"https:\/\/www.tiptoe.fr\/de\/#organization","name":"TIPTOE","url":"https:\/\/www.tiptoe.fr\/de\/","logo":{"@type":"ImageObject","inLanguage":"de-DE","@id":"https:\/\/www.tiptoe.fr\/de\/#\/schema\/logo\/image\/","url":"https:\/\/www.tiptoe.fr\/wp-content\/uploads\/2024\/06\/Logo.png","contentUrl":"https:\/\/www.tiptoe.fr\/wp-content\/uploads\/2024\/06\/Logo.png","width":133,"height":26,"caption":"TIPTOE"},"image":{"@id":"https:\/\/www.tiptoe.fr\/de\/#\/schema\/logo\/image\/"},"sameAs":["https:\/\/www.facebook.com\/tiptoedesign","https:\/\/x.com\/tiptoedesign","https:\/\/www.instagram.com\/tiptoedesign\/","https:\/\/www.pinterest.fr\/tiptoedesign\/"]}]}},"_links":{"self":[{"href":"https:\/\/www.tiptoe.fr\/de\/wp-json\/wp\/v2\/product\/288567","targetHints":{"allow":["GET"]}}],"collection":[{"href":"https:\/\/www.tiptoe.fr\/de\/wp-json\/wp\/v2\/product"}],"about":[{"href":"https:\/\/www.tiptoe.fr\/de\/wp-json\/wp\/v2\/types\/product"}],"wp:featuredmedia":[{"embeddable":true,"href":"https:\/\/www.tiptoe.fr\/de\/wp-json\/wp\/v2\/media\/289276"}],"wp:attachment":[{"href":"https:\/\/www.tiptoe.fr\/de\/wp-json\/wp\/v2\/media?parent=288567"}],"wp:term":[{"taxonomy":"product_brand","embeddable":true,"href":"https:\/\/www.tiptoe.fr\/de\/wp-json\/wp\/v2\/product_brand?post=288567"},{"taxonomy":"product_cat","embeddable":true,"href":"https:\/\/www.tiptoe.fr\/de\/wp-json\/wp\/v2\/product_cat?post=288567"},{"taxonomy":"product_tag","embeddable":true,"href":"https:\/\/www.tiptoe.fr\/de\/wp-json\/wp\/v2\/product_tag?post=288567"}],"curies":[{"name":"wp","href":"https:\/\/api.w.org\/{rel}","templated":true}]}}