{"id":282975,"date":"2024-12-03T11:30:51","date_gmt":"2024-12-03T10:32:22","guid":{"rendered":"https:\/\/www.tiptoe.fr\/?post_type=product&#038;p=282975"},"modified":"2026-02-10T17:10:24","modified_gmt":"2026-02-10T16:10:24","slug":"sthul-etude-armlehen-recycleter-stoff","status":"publish","type":"product","link":"https:\/\/www.tiptoe.fr\/de\/product\/sthul-etude-armlehen-recycleter-stoff\/","title":{"rendered":"Stuhl ETUDE mit Armlehnen &#8211; recycelter Stoff"},"content":{"rendered":"<p>Der ETUDE-Stuhl zeichnet sich durch sein klares Design und seine gr\u00fcndliche Gestaltung aus. Jedes Detail wurde sorgf\u00e4ltig durchdacht und verbindet pr\u00e4zise Linien mit sanften und gewagten Farben. Mit dieser Kollektion wollte Tiptoe einen Standard des Alltags neu erfinden und ein Objekt schaffen, das in jeder Einrichtung Platz findet.<\/p>\n","protected":false},"excerpt":{"rendered":"<p><strong>\u2713<\/strong>\u00a0Stuhl aus recyceltem Polyesterstoff<\/p>\n<p><strong>\u2713<\/strong> Gestelle aus pulverbeschichtetem Stahl<\/p>\n<p><strong>\u2713<\/strong>\u00a0Armlehnen aus massiver Eiche<\/p>\n<p><strong>\u2713<\/strong>\u00a0100% in Europa hergestellt<\/p>\n<p><!-- notionvc: 92cb8322-14eb-4d4a-9e9f-19c5dd51be79 --><\/p>\n","protected":false},"featured_media":289220,"template":"","meta":{"_acf_changed":false},"product_brand":[],"product_cat":[761,765,772,773,1583],"product_tag":[],"class_list":{"0":"post-282975","1":"product","2":"type-product","3":"status-publish","4":"has-post-thumbnail","6":"product_cat-office-mobel-unternehmen","7":"product_cat-burostuhle","8":"product_cat-stuhle-und-hocker","9":"product_cat-stuhle","10":"product_cat-sessel","11":"product_shipping_class-grands-colis","13":"first","14":"instock","15":"taxable","16":"shipping-taxable","17":"purchasable","18":"product-type-variable","19":"has-default-attributes"},"acf":[],"yoast_head":"<!-- This site is optimized with the Yoast SEO plugin v26.3 - https:\/\/yoast.com\/wordpress\/plugins\/seo\/ -->\n<title>Stuhl ETUDE mit Armlehnen - recycelter Stoff<\/title>\n<meta name=\"description\" content=\"Entdecken Sie unsere Kollektion von St\u00fchlen ETUDE aus recyceltem Stoff mit Armlehnen. Untergestell aus thermolackiertem Stahl. Mehrere Farben erh\u00e4ltlich.\" \/>\n<meta name=\"robots\" content=\"index, follow, max-snippet:-1, max-image-preview:large, max-video-preview:-1\" \/>\n<link rel=\"canonical\" href=\"https:\/\/www.tiptoe.fr\/de\/product\/sthul-etude-armlehen-recycleter-stoff\/\" \/>\n<meta property=\"og:locale\" content=\"de_DE\" \/>\n<meta property=\"og:type\" content=\"article\" \/>\n<meta property=\"og:title\" content=\"Stuhl ETUDE mit Armlehnen - recycelter Stoff\" \/>\n<meta property=\"og:description\" content=\"Entdecken Sie unsere Kollektion von St\u00fchlen ETUDE aus recyceltem Stoff mit Armlehnen. Untergestell aus thermolackiertem Stahl. Mehrere Farben erh\u00e4ltlich.\" \/>\n<meta property=\"og:url\" content=\"https:\/\/www.tiptoe.fr\/de\/product\/sthul-etude-armlehen-recycleter-stoff\/\" \/>\n<meta property=\"og:site_name\" content=\"TIPTOE\" \/>\n<meta property=\"article:publisher\" content=\"https:\/\/www.facebook.com\/tiptoedesign\" \/>\n<meta property=\"article:modified_time\" content=\"2026-02-10T16:10:24+00:00\" \/>\n<meta property=\"og:image\" content=\"https:\/\/www.tiptoe.fr\/wp-content\/uploads\/2024\/10\/Chaise_ETUDE_accoudoir_tissu_beige_blanc_v2.jpg\" \/>\n\t<meta property=\"og:image:width\" content=\"1500\" \/>\n\t<meta property=\"og:image:height\" content=\"1500\" \/>\n\t<meta property=\"og:image:type\" content=\"image\/jpeg\" \/>\n<meta name=\"twitter:card\" content=\"summary_large_image\" \/>\n<meta name=\"twitter:site\" content=\"@tiptoedesign\" \/>\n<meta name=\"twitter:label1\" content=\"Est. reading time\" \/>\n\t<meta name=\"twitter:data1\" content=\"1 minute\" \/>\n<script type=\"application\/ld+json\" class=\"yoast-schema-graph\">{\"@context\":\"https:\/\/schema.org\",\"@graph\":[{\"@type\":\"WebPage\",\"@id\":\"https:\/\/www.tiptoe.fr\/de\/product\/sthul-etude-armlehen-recycleter-stoff\/\",\"url\":\"https:\/\/www.tiptoe.fr\/de\/product\/sthul-etude-armlehen-recycleter-stoff\/\",\"name\":\"Stuhl ETUDE mit Armlehnen - recycelter Stoff\",\"isPartOf\":{\"@id\":\"https:\/\/www.tiptoe.fr\/de\/#website\"},\"primaryImageOfPage\":{\"@id\":\"https:\/\/www.tiptoe.fr\/de\/product\/sthul-etude-armlehen-recycleter-stoff\/#primaryimage\"},\"image\":{\"@id\":\"https:\/\/www.tiptoe.fr\/de\/product\/sthul-etude-armlehen-recycleter-stoff\/#primaryimage\"},\"thumbnailUrl\":\"https:\/\/www.tiptoe.fr\/wp-content\/uploads\/2024\/10\/Chaise_ETUDE_accoudoir_tissu_beige_blanc_v2.jpg\",\"datePublished\":\"2024-12-03T10:32:22+00:00\",\"dateModified\":\"2026-02-10T16:10:24+00:00\",\"description\":\"Entdecken Sie unsere Kollektion von St\u00fchlen ETUDE aus recyceltem Stoff mit Armlehnen. Untergestell aus thermolackiertem Stahl. Mehrere Farben erh\u00e4ltlich.\",\"breadcrumb\":{\"@id\":\"https:\/\/www.tiptoe.fr\/de\/product\/sthul-etude-armlehen-recycleter-stoff\/#breadcrumb\"},\"inLanguage\":\"de-DE\",\"potentialAction\":[{\"@type\":\"ReadAction\",\"target\":[\"https:\/\/www.tiptoe.fr\/de\/product\/sthul-etude-armlehen-recycleter-stoff\/\"]}]},{\"@type\":\"ImageObject\",\"inLanguage\":\"de-DE\",\"@id\":\"https:\/\/www.tiptoe.fr\/de\/product\/sthul-etude-armlehen-recycleter-stoff\/#primaryimage\",\"url\":\"https:\/\/www.tiptoe.fr\/wp-content\/uploads\/2024\/10\/Chaise_ETUDE_accoudoir_tissu_beige_blanc_v2.jpg\",\"contentUrl\":\"https:\/\/www.tiptoe.fr\/wp-content\/uploads\/2024\/10\/Chaise_ETUDE_accoudoir_tissu_beige_blanc_v2.jpg\",\"width\":1500,\"height\":1500},{\"@type\":\"BreadcrumbList\",\"@id\":\"https:\/\/www.tiptoe.fr\/de\/product\/sthul-etude-armlehen-recycleter-stoff\/#breadcrumb\",\"itemListElement\":[{\"@type\":\"ListItem\",\"position\":1,\"name\":\"Startseite\",\"item\":\"https:\/\/www.tiptoe.fr\/de\/\"},{\"@type\":\"ListItem\",\"position\":2,\"name\":\"Shop\",\"item\":\"https:\/\/www.tiptoe.fr\/shop\/\"},{\"@type\":\"ListItem\",\"position\":3,\"name\":\"St\u00fchle und Hocker\",\"item\":\"https:\/\/www.tiptoe.fr\/de\/stuhle-und-hocker\/\"},{\"@type\":\"ListItem\",\"position\":4,\"name\":\"St\u00fchle\",\"item\":\"https:\/\/www.tiptoe.fr\/de\/stuhle-und-hocker\/stuhle\/\"},{\"@type\":\"ListItem\",\"position\":5,\"name\":\"Stuhl ETUDE mit Armlehnen &#8211; recycelter Stoff\"}]},{\"@type\":\"WebSite\",\"@id\":\"https:\/\/www.tiptoe.fr\/de\/#website\",\"url\":\"https:\/\/www.tiptoe.fr\/de\/\",\"name\":\"TIPTOE\",\"description\":\"\",\"publisher\":{\"@id\":\"https:\/\/www.tiptoe.fr\/de\/#organization\"},\"potentialAction\":[{\"@type\":\"SearchAction\",\"target\":{\"@type\":\"EntryPoint\",\"urlTemplate\":\"https:\/\/www.tiptoe.fr\/de\/?s={search_term_string}\"},\"query-input\":{\"@type\":\"PropertyValueSpecification\",\"valueRequired\":true,\"valueName\":\"search_term_string\"}}],\"inLanguage\":\"de-DE\"},{\"@type\":\"Organization\",\"@id\":\"https:\/\/www.tiptoe.fr\/de\/#organization\",\"name\":\"TIPTOE\",\"url\":\"https:\/\/www.tiptoe.fr\/de\/\",\"logo\":{\"@type\":\"ImageObject\",\"inLanguage\":\"de-DE\",\"@id\":\"https:\/\/www.tiptoe.fr\/de\/#\/schema\/logo\/image\/\",\"url\":\"https:\/\/www.tiptoe.fr\/wp-content\/uploads\/2024\/06\/Logo.png\",\"contentUrl\":\"https:\/\/www.tiptoe.fr\/wp-content\/uploads\/2024\/06\/Logo.png\",\"width\":133,\"height\":26,\"caption\":\"TIPTOE\"},\"image\":{\"@id\":\"https:\/\/www.tiptoe.fr\/de\/#\/schema\/logo\/image\/\"},\"sameAs\":[\"https:\/\/www.facebook.com\/tiptoedesign\",\"https:\/\/x.com\/tiptoedesign\",\"https:\/\/www.instagram.com\/tiptoedesign\/\",\"https:\/\/www.pinterest.fr\/tiptoedesign\/\"]}]}<\/script>\n<!-- \/ Yoast SEO plugin. -->","yoast_head_json":{"title":"Stuhl ETUDE mit Armlehnen - recycelter Stoff","description":"Entdecken Sie unsere Kollektion von St\u00fchlen ETUDE aus recyceltem Stoff mit Armlehnen. Untergestell aus thermolackiertem Stahl. Mehrere Farben erh\u00e4ltlich.","robots":{"index":"index","follow":"follow","max-snippet":"max-snippet:-1","max-image-preview":"max-image-preview:large","max-video-preview":"max-video-preview:-1"},"canonical":"https:\/\/www.tiptoe.fr\/de\/product\/sthul-etude-armlehen-recycleter-stoff\/","og_locale":"de_DE","og_type":"article","og_title":"Stuhl ETUDE mit Armlehnen - recycelter Stoff","og_description":"Entdecken Sie unsere Kollektion von St\u00fchlen ETUDE aus recyceltem Stoff mit Armlehnen. Untergestell aus thermolackiertem Stahl. Mehrere Farben erh\u00e4ltlich.","og_url":"https:\/\/www.tiptoe.fr\/de\/product\/sthul-etude-armlehen-recycleter-stoff\/","og_site_name":"TIPTOE","article_publisher":"https:\/\/www.facebook.com\/tiptoedesign","article_modified_time":"2026-02-10T16:10:24+00:00","og_image":[{"width":1500,"height":1500,"url":"https:\/\/www.tiptoe.fr\/wp-content\/uploads\/2024\/10\/Chaise_ETUDE_accoudoir_tissu_beige_blanc_v2.jpg","type":"image\/jpeg"}],"twitter_card":"summary_large_image","twitter_site":"@tiptoedesign","twitter_misc":{"Est. reading time":"1 minute"},"schema":{"@context":"https:\/\/schema.org","@graph":[{"@type":"WebPage","@id":"https:\/\/www.tiptoe.fr\/de\/product\/sthul-etude-armlehen-recycleter-stoff\/","url":"https:\/\/www.tiptoe.fr\/de\/product\/sthul-etude-armlehen-recycleter-stoff\/","name":"Stuhl ETUDE mit Armlehnen - recycelter Stoff","isPartOf":{"@id":"https:\/\/www.tiptoe.fr\/de\/#website"},"primaryImageOfPage":{"@id":"https:\/\/www.tiptoe.fr\/de\/product\/sthul-etude-armlehen-recycleter-stoff\/#primaryimage"},"image":{"@id":"https:\/\/www.tiptoe.fr\/de\/product\/sthul-etude-armlehen-recycleter-stoff\/#primaryimage"},"thumbnailUrl":"https:\/\/www.tiptoe.fr\/wp-content\/uploads\/2024\/10\/Chaise_ETUDE_accoudoir_tissu_beige_blanc_v2.jpg","datePublished":"2024-12-03T10:32:22+00:00","dateModified":"2026-02-10T16:10:24+00:00","description":"Entdecken Sie unsere Kollektion von St\u00fchlen ETUDE aus recyceltem Stoff mit Armlehnen. Untergestell aus thermolackiertem Stahl. Mehrere Farben erh\u00e4ltlich.","breadcrumb":{"@id":"https:\/\/www.tiptoe.fr\/de\/product\/sthul-etude-armlehen-recycleter-stoff\/#breadcrumb"},"inLanguage":"de-DE","potentialAction":[{"@type":"ReadAction","target":["https:\/\/www.tiptoe.fr\/de\/product\/sthul-etude-armlehen-recycleter-stoff\/"]}]},{"@type":"ImageObject","inLanguage":"de-DE","@id":"https:\/\/www.tiptoe.fr\/de\/product\/sthul-etude-armlehen-recycleter-stoff\/#primaryimage","url":"https:\/\/www.tiptoe.fr\/wp-content\/uploads\/2024\/10\/Chaise_ETUDE_accoudoir_tissu_beige_blanc_v2.jpg","contentUrl":"https:\/\/www.tiptoe.fr\/wp-content\/uploads\/2024\/10\/Chaise_ETUDE_accoudoir_tissu_beige_blanc_v2.jpg","width":1500,"height":1500},{"@type":"BreadcrumbList","@id":"https:\/\/www.tiptoe.fr\/de\/product\/sthul-etude-armlehen-recycleter-stoff\/#breadcrumb","itemListElement":[{"@type":"ListItem","position":1,"name":"Startseite","item":"https:\/\/www.tiptoe.fr\/de\/"},{"@type":"ListItem","position":2,"name":"Shop","item":"https:\/\/www.tiptoe.fr\/shop\/"},{"@type":"ListItem","position":3,"name":"St\u00fchle und Hocker","item":"https:\/\/www.tiptoe.fr\/de\/stuhle-und-hocker\/"},{"@type":"ListItem","position":4,"name":"St\u00fchle","item":"https:\/\/www.tiptoe.fr\/de\/stuhle-und-hocker\/stuhle\/"},{"@type":"ListItem","position":5,"name":"Stuhl ETUDE mit Armlehnen &#8211; recycelter Stoff"}]},{"@type":"WebSite","@id":"https:\/\/www.tiptoe.fr\/de\/#website","url":"https:\/\/www.tiptoe.fr\/de\/","name":"TIPTOE","description":"","publisher":{"@id":"https:\/\/www.tiptoe.fr\/de\/#organization"},"potentialAction":[{"@type":"SearchAction","target":{"@type":"EntryPoint","urlTemplate":"https:\/\/www.tiptoe.fr\/de\/?s={search_term_string}"},"query-input":{"@type":"PropertyValueSpecification","valueRequired":true,"valueName":"search_term_string"}}],"inLanguage":"de-DE"},{"@type":"Organization","@id":"https:\/\/www.tiptoe.fr\/de\/#organization","name":"TIPTOE","url":"https:\/\/www.tiptoe.fr\/de\/","logo":{"@type":"ImageObject","inLanguage":"de-DE","@id":"https:\/\/www.tiptoe.fr\/de\/#\/schema\/logo\/image\/","url":"https:\/\/www.tiptoe.fr\/wp-content\/uploads\/2024\/06\/Logo.png","contentUrl":"https:\/\/www.tiptoe.fr\/wp-content\/uploads\/2024\/06\/Logo.png","width":133,"height":26,"caption":"TIPTOE"},"image":{"@id":"https:\/\/www.tiptoe.fr\/de\/#\/schema\/logo\/image\/"},"sameAs":["https:\/\/www.facebook.com\/tiptoedesign","https:\/\/x.com\/tiptoedesign","https:\/\/www.instagram.com\/tiptoedesign\/","https:\/\/www.pinterest.fr\/tiptoedesign\/"]}]}},"_links":{"self":[{"href":"https:\/\/www.tiptoe.fr\/de\/wp-json\/wp\/v2\/product\/282975","targetHints":{"allow":["GET"]}}],"collection":[{"href":"https:\/\/www.tiptoe.fr\/de\/wp-json\/wp\/v2\/product"}],"about":[{"href":"https:\/\/www.tiptoe.fr\/de\/wp-json\/wp\/v2\/types\/product"}],"wp:featuredmedia":[{"embeddable":true,"href":"https:\/\/www.tiptoe.fr\/de\/wp-json\/wp\/v2\/media\/289220"}],"wp:attachment":[{"href":"https:\/\/www.tiptoe.fr\/de\/wp-json\/wp\/v2\/media?parent=282975"}],"wp:term":[{"taxonomy":"product_brand","embeddable":true,"href":"https:\/\/www.tiptoe.fr\/de\/wp-json\/wp\/v2\/product_brand?post=282975"},{"taxonomy":"product_cat","embeddable":true,"href":"https:\/\/www.tiptoe.fr\/de\/wp-json\/wp\/v2\/product_cat?post=282975"},{"taxonomy":"product_tag","embeddable":true,"href":"https:\/\/www.tiptoe.fr\/de\/wp-json\/wp\/v2\/product_tag?post=282975"}],"curies":[{"name":"wp","href":"https:\/\/api.w.org\/{rel}","templated":true}]}}