{"id":276749,"date":"2024-09-23T17:15:15","date_gmt":"2024-09-23T15:16:31","guid":{"rendered":"https:\/\/www.tiptoe.fr\/?post_type=product&#038;p=276749"},"modified":"2025-09-29T18:54:31","modified_gmt":"2025-09-29T16:54:31","slug":"bistrotisch-moka-recycelter-kunststoff","status":"publish","type":"product","link":"https:\/\/www.tiptoe.fr\/de\/product\/bistrotisch-moka-recycelter-kunststoff\/","title":{"rendered":"Bistrotisch MOKA &#8211; recycelter Kunststoff Venezia"},"content":{"rendered":"<p>Der Bistrotisch MOKA ist ideal f\u00fcr zwei Personen und erm\u00f6glicht es Ihnen, eine gem\u00fctliche Ecke in Ihrer K\u00fcche oder Ihrem Esszimmer einzurichten. Er besteht aus einem Gestell aus pulverbeschichtetem Stahl und einer quadratischen oder runden Tischplatte aus recyceltem Kunststoff und passt mit seinem minimalistischen Design in jede Einrichtung.<\/p>\n","protected":false},"excerpt":{"rendered":"<p><strong>\u2713<\/strong> Bistrotisch 75cm rund oder quadratisch<\/p>\n<p><strong>\u2713<\/strong> Tischplatte aus recyceltem Kunststoff<\/p>\n<p><strong>\u2713<\/strong> Gestell aus pulverbeschichtetem Stahl<\/p>\n<p><strong>\u2713<\/strong> 100% in Europa hergestellt<\/p>\n","protected":false},"featured_media":277481,"template":"","meta":{"_acf_changed":false},"product_brand":[],"product_cat":[755,1536,761,801,940],"product_tag":[],"class_list":{"0":"post-276749","1":"product","2":"type-product","3":"status-publish","4":"has-post-thumbnail","6":"product_cat-esstische","7":"product_cat-kollektion-tische-moka","8":"product_cat-office-mobel-unternehmen","9":"product_cat-tische-und-schreibtische","10":"product_cat-restaurantmobel","11":"product_shipping_class-meubles-complets","13":"first","14":"instock","15":"taxable","16":"shipping-taxable","17":"purchasable","18":"product-type-variable","19":"has-default-attributes"},"acf":[],"yoast_head":"<!-- This site is optimized with the Yoast SEO plugin v26.3 - https:\/\/yoast.com\/wordpress\/plugins\/seo\/ -->\n<title>Bistrotisch MOKA aus recyceltem Kunststoff<\/title>\n<meta name=\"description\" content=\"Entdecken Sie den Bistrotisch MOKA mit seiner Tischplatte aus recyceltem Kunststoff und seinem Gestell aus pulverbeschichtetem Stahl.\" \/>\n<meta name=\"robots\" content=\"index, follow, max-snippet:-1, max-image-preview:large, max-video-preview:-1\" \/>\n<link rel=\"canonical\" href=\"https:\/\/www.tiptoe.fr\/de\/product\/bistrotisch-moka-recycelter-kunststoff\/\" \/>\n<meta property=\"og:locale\" content=\"de_DE\" \/>\n<meta property=\"og:type\" content=\"article\" \/>\n<meta property=\"og:title\" content=\"Bistrotisch MOKA aus recyceltem Kunststoff\" \/>\n<meta property=\"og:description\" content=\"Entdecken Sie den Bistrotisch MOKA mit seiner Tischplatte aus recyceltem Kunststoff und seinem Gestell aus pulverbeschichtetem Stahl.\" \/>\n<meta property=\"og:url\" content=\"https:\/\/www.tiptoe.fr\/de\/product\/bistrotisch-moka-recycelter-kunststoff\/\" \/>\n<meta property=\"og:site_name\" content=\"TIPTOE\" \/>\n<meta property=\"article:publisher\" content=\"https:\/\/www.facebook.com\/tiptoedesign\" \/>\n<meta property=\"article:modified_time\" content=\"2025-09-29T16:54:31+00:00\" \/>\n<meta property=\"og:image\" content=\"https:\/\/www.tiptoe.fr\/wp-content\/uploads\/2024\/09\/MOKA_H75_Round70_RP.jpg\" \/>\n\t<meta property=\"og:image:width\" content=\"1500\" \/>\n\t<meta property=\"og:image:height\" content=\"1500\" \/>\n\t<meta property=\"og:image:type\" content=\"image\/jpeg\" \/>\n<meta name=\"twitter:card\" content=\"summary_large_image\" \/>\n<meta name=\"twitter:site\" content=\"@tiptoedesign\" \/>\n<meta name=\"twitter:label1\" content=\"Est. reading time\" \/>\n\t<meta name=\"twitter:data1\" content=\"1 minute\" \/>\n<script type=\"application\/ld+json\" class=\"yoast-schema-graph\">{\"@context\":\"https:\/\/schema.org\",\"@graph\":[{\"@type\":\"WebPage\",\"@id\":\"https:\/\/www.tiptoe.fr\/de\/product\/bistrotisch-moka-recycelter-kunststoff\/\",\"url\":\"https:\/\/www.tiptoe.fr\/de\/product\/bistrotisch-moka-recycelter-kunststoff\/\",\"name\":\"Bistrotisch MOKA aus recyceltem Kunststoff\",\"isPartOf\":{\"@id\":\"https:\/\/www.tiptoe.fr\/de\/#website\"},\"primaryImageOfPage\":{\"@id\":\"https:\/\/www.tiptoe.fr\/de\/product\/bistrotisch-moka-recycelter-kunststoff\/#primaryimage\"},\"image\":{\"@id\":\"https:\/\/www.tiptoe.fr\/de\/product\/bistrotisch-moka-recycelter-kunststoff\/#primaryimage\"},\"thumbnailUrl\":\"https:\/\/www.tiptoe.fr\/wp-content\/uploads\/2024\/09\/MOKA_H75_Round70_RP.jpg\",\"datePublished\":\"2024-09-23T15:16:31+00:00\",\"dateModified\":\"2025-09-29T16:54:31+00:00\",\"description\":\"Entdecken Sie den Bistrotisch MOKA mit seiner Tischplatte aus recyceltem Kunststoff und seinem Gestell aus pulverbeschichtetem Stahl.\",\"breadcrumb\":{\"@id\":\"https:\/\/www.tiptoe.fr\/de\/product\/bistrotisch-moka-recycelter-kunststoff\/#breadcrumb\"},\"inLanguage\":\"de-DE\",\"potentialAction\":[{\"@type\":\"ReadAction\",\"target\":[\"https:\/\/www.tiptoe.fr\/de\/product\/bistrotisch-moka-recycelter-kunststoff\/\"]}]},{\"@type\":\"ImageObject\",\"inLanguage\":\"de-DE\",\"@id\":\"https:\/\/www.tiptoe.fr\/de\/product\/bistrotisch-moka-recycelter-kunststoff\/#primaryimage\",\"url\":\"https:\/\/www.tiptoe.fr\/wp-content\/uploads\/2024\/09\/MOKA_H75_Round70_RP.jpg\",\"contentUrl\":\"https:\/\/www.tiptoe.fr\/wp-content\/uploads\/2024\/09\/MOKA_H75_Round70_RP.jpg\",\"width\":1500,\"height\":1500},{\"@type\":\"BreadcrumbList\",\"@id\":\"https:\/\/www.tiptoe.fr\/de\/product\/bistrotisch-moka-recycelter-kunststoff\/#breadcrumb\",\"itemListElement\":[{\"@type\":\"ListItem\",\"position\":1,\"name\":\"Startseite\",\"item\":\"https:\/\/www.tiptoe.fr\/de\/\"},{\"@type\":\"ListItem\",\"position\":2,\"name\":\"Shop\",\"item\":\"https:\/\/www.tiptoe.fr\/shop\/\"},{\"@type\":\"ListItem\",\"position\":3,\"name\":\"Tische und Schreibtische\",\"item\":\"https:\/\/www.tiptoe.fr\/de\/tische-und-schreibtische\/\"},{\"@type\":\"ListItem\",\"position\":4,\"name\":\"Esstische\",\"item\":\"https:\/\/www.tiptoe.fr\/de\/tische-und-schreibtische\/esstische\/\"},{\"@type\":\"ListItem\",\"position\":5,\"name\":\"Bistrotisch MOKA &#8211; recycelter Kunststoff Venezia\"}]},{\"@type\":\"WebSite\",\"@id\":\"https:\/\/www.tiptoe.fr\/de\/#website\",\"url\":\"https:\/\/www.tiptoe.fr\/de\/\",\"name\":\"TIPTOE\",\"description\":\"\",\"publisher\":{\"@id\":\"https:\/\/www.tiptoe.fr\/de\/#organization\"},\"potentialAction\":[{\"@type\":\"SearchAction\",\"target\":{\"@type\":\"EntryPoint\",\"urlTemplate\":\"https:\/\/www.tiptoe.fr\/de\/?s={search_term_string}\"},\"query-input\":{\"@type\":\"PropertyValueSpecification\",\"valueRequired\":true,\"valueName\":\"search_term_string\"}}],\"inLanguage\":\"de-DE\"},{\"@type\":\"Organization\",\"@id\":\"https:\/\/www.tiptoe.fr\/de\/#organization\",\"name\":\"TIPTOE\",\"url\":\"https:\/\/www.tiptoe.fr\/de\/\",\"logo\":{\"@type\":\"ImageObject\",\"inLanguage\":\"de-DE\",\"@id\":\"https:\/\/www.tiptoe.fr\/de\/#\/schema\/logo\/image\/\",\"url\":\"https:\/\/www.tiptoe.fr\/wp-content\/uploads\/2024\/06\/Logo.png\",\"contentUrl\":\"https:\/\/www.tiptoe.fr\/wp-content\/uploads\/2024\/06\/Logo.png\",\"width\":133,\"height\":26,\"caption\":\"TIPTOE\"},\"image\":{\"@id\":\"https:\/\/www.tiptoe.fr\/de\/#\/schema\/logo\/image\/\"},\"sameAs\":[\"https:\/\/www.facebook.com\/tiptoedesign\",\"https:\/\/x.com\/tiptoedesign\",\"https:\/\/www.instagram.com\/tiptoedesign\/\",\"https:\/\/www.pinterest.fr\/tiptoedesign\/\"]}]}<\/script>\n<!-- \/ Yoast SEO plugin. -->","yoast_head_json":{"title":"Bistrotisch MOKA aus recyceltem Kunststoff","description":"Entdecken Sie den Bistrotisch MOKA mit seiner Tischplatte aus recyceltem Kunststoff und seinem Gestell aus pulverbeschichtetem Stahl.","robots":{"index":"index","follow":"follow","max-snippet":"max-snippet:-1","max-image-preview":"max-image-preview:large","max-video-preview":"max-video-preview:-1"},"canonical":"https:\/\/www.tiptoe.fr\/de\/product\/bistrotisch-moka-recycelter-kunststoff\/","og_locale":"de_DE","og_type":"article","og_title":"Bistrotisch MOKA aus recyceltem Kunststoff","og_description":"Entdecken Sie den Bistrotisch MOKA mit seiner Tischplatte aus recyceltem Kunststoff und seinem Gestell aus pulverbeschichtetem Stahl.","og_url":"https:\/\/www.tiptoe.fr\/de\/product\/bistrotisch-moka-recycelter-kunststoff\/","og_site_name":"TIPTOE","article_publisher":"https:\/\/www.facebook.com\/tiptoedesign","article_modified_time":"2025-09-29T16:54:31+00:00","og_image":[{"width":1500,"height":1500,"url":"https:\/\/www.tiptoe.fr\/wp-content\/uploads\/2024\/09\/MOKA_H75_Round70_RP.jpg","type":"image\/jpeg"}],"twitter_card":"summary_large_image","twitter_site":"@tiptoedesign","twitter_misc":{"Est. reading time":"1 minute"},"schema":{"@context":"https:\/\/schema.org","@graph":[{"@type":"WebPage","@id":"https:\/\/www.tiptoe.fr\/de\/product\/bistrotisch-moka-recycelter-kunststoff\/","url":"https:\/\/www.tiptoe.fr\/de\/product\/bistrotisch-moka-recycelter-kunststoff\/","name":"Bistrotisch MOKA aus recyceltem Kunststoff","isPartOf":{"@id":"https:\/\/www.tiptoe.fr\/de\/#website"},"primaryImageOfPage":{"@id":"https:\/\/www.tiptoe.fr\/de\/product\/bistrotisch-moka-recycelter-kunststoff\/#primaryimage"},"image":{"@id":"https:\/\/www.tiptoe.fr\/de\/product\/bistrotisch-moka-recycelter-kunststoff\/#primaryimage"},"thumbnailUrl":"https:\/\/www.tiptoe.fr\/wp-content\/uploads\/2024\/09\/MOKA_H75_Round70_RP.jpg","datePublished":"2024-09-23T15:16:31+00:00","dateModified":"2025-09-29T16:54:31+00:00","description":"Entdecken Sie den Bistrotisch MOKA mit seiner Tischplatte aus recyceltem Kunststoff und seinem Gestell aus pulverbeschichtetem Stahl.","breadcrumb":{"@id":"https:\/\/www.tiptoe.fr\/de\/product\/bistrotisch-moka-recycelter-kunststoff\/#breadcrumb"},"inLanguage":"de-DE","potentialAction":[{"@type":"ReadAction","target":["https:\/\/www.tiptoe.fr\/de\/product\/bistrotisch-moka-recycelter-kunststoff\/"]}]},{"@type":"ImageObject","inLanguage":"de-DE","@id":"https:\/\/www.tiptoe.fr\/de\/product\/bistrotisch-moka-recycelter-kunststoff\/#primaryimage","url":"https:\/\/www.tiptoe.fr\/wp-content\/uploads\/2024\/09\/MOKA_H75_Round70_RP.jpg","contentUrl":"https:\/\/www.tiptoe.fr\/wp-content\/uploads\/2024\/09\/MOKA_H75_Round70_RP.jpg","width":1500,"height":1500},{"@type":"BreadcrumbList","@id":"https:\/\/www.tiptoe.fr\/de\/product\/bistrotisch-moka-recycelter-kunststoff\/#breadcrumb","itemListElement":[{"@type":"ListItem","position":1,"name":"Startseite","item":"https:\/\/www.tiptoe.fr\/de\/"},{"@type":"ListItem","position":2,"name":"Shop","item":"https:\/\/www.tiptoe.fr\/shop\/"},{"@type":"ListItem","position":3,"name":"Tische und Schreibtische","item":"https:\/\/www.tiptoe.fr\/de\/tische-und-schreibtische\/"},{"@type":"ListItem","position":4,"name":"Esstische","item":"https:\/\/www.tiptoe.fr\/de\/tische-und-schreibtische\/esstische\/"},{"@type":"ListItem","position":5,"name":"Bistrotisch MOKA &#8211; recycelter Kunststoff Venezia"}]},{"@type":"WebSite","@id":"https:\/\/www.tiptoe.fr\/de\/#website","url":"https:\/\/www.tiptoe.fr\/de\/","name":"TIPTOE","description":"","publisher":{"@id":"https:\/\/www.tiptoe.fr\/de\/#organization"},"potentialAction":[{"@type":"SearchAction","target":{"@type":"EntryPoint","urlTemplate":"https:\/\/www.tiptoe.fr\/de\/?s={search_term_string}"},"query-input":{"@type":"PropertyValueSpecification","valueRequired":true,"valueName":"search_term_string"}}],"inLanguage":"de-DE"},{"@type":"Organization","@id":"https:\/\/www.tiptoe.fr\/de\/#organization","name":"TIPTOE","url":"https:\/\/www.tiptoe.fr\/de\/","logo":{"@type":"ImageObject","inLanguage":"de-DE","@id":"https:\/\/www.tiptoe.fr\/de\/#\/schema\/logo\/image\/","url":"https:\/\/www.tiptoe.fr\/wp-content\/uploads\/2024\/06\/Logo.png","contentUrl":"https:\/\/www.tiptoe.fr\/wp-content\/uploads\/2024\/06\/Logo.png","width":133,"height":26,"caption":"TIPTOE"},"image":{"@id":"https:\/\/www.tiptoe.fr\/de\/#\/schema\/logo\/image\/"},"sameAs":["https:\/\/www.facebook.com\/tiptoedesign","https:\/\/x.com\/tiptoedesign","https:\/\/www.instagram.com\/tiptoedesign\/","https:\/\/www.pinterest.fr\/tiptoedesign\/"]}]}},"_links":{"self":[{"href":"https:\/\/www.tiptoe.fr\/de\/wp-json\/wp\/v2\/product\/276749","targetHints":{"allow":["GET"]}}],"collection":[{"href":"https:\/\/www.tiptoe.fr\/de\/wp-json\/wp\/v2\/product"}],"about":[{"href":"https:\/\/www.tiptoe.fr\/de\/wp-json\/wp\/v2\/types\/product"}],"wp:featuredmedia":[{"embeddable":true,"href":"https:\/\/www.tiptoe.fr\/de\/wp-json\/wp\/v2\/media\/277481"}],"wp:attachment":[{"href":"https:\/\/www.tiptoe.fr\/de\/wp-json\/wp\/v2\/media?parent=276749"}],"wp:term":[{"taxonomy":"product_brand","embeddable":true,"href":"https:\/\/www.tiptoe.fr\/de\/wp-json\/wp\/v2\/product_brand?post=276749"},{"taxonomy":"product_cat","embeddable":true,"href":"https:\/\/www.tiptoe.fr\/de\/wp-json\/wp\/v2\/product_cat?post=276749"},{"taxonomy":"product_tag","embeddable":true,"href":"https:\/\/www.tiptoe.fr\/de\/wp-json\/wp\/v2\/product_tag?post=276749"}],"curies":[{"name":"wp","href":"https:\/\/api.w.org\/{rel}","templated":true}]}}