{"id":269827,"date":"2024-05-30T17:03:43","date_gmt":"2024-05-30T15:04:33","guid":{"rendered":"https:\/\/www.tiptoe.fr\/?post_type=product&#038;p=269827"},"modified":"2026-01-26T11:12:34","modified_gmt":"2026-01-26T10:12:34","slug":"schreibtisch-unit-h110-bis-180-x-l164cm-oeko-zertifiziertes-holz","status":"publish","type":"product","link":"https:\/\/www.tiptoe.fr\/de\/product\/schreibtisch-unit-h110-bis-180-x-l164cm-oeko-zertifiziertes-holz\/","title":{"rendered":"Schreibtisch UNIT &#8211; H110 bis 180 x L164cm &#8211; \u00f6ko-zertifiziertes Holz"},"content":{"rendered":"<p>UNIT zeichnet sich durch ein elegantes und funktionales Design aus. Seine Stahlleitern und Holzregale bilden die Grundlage f\u00fcr eine intuitive, sichtbare Konstruktion. UNIT ist ein modulares und langlebiges Regalsystem.<\/p>\n<p>Erh\u00e4ltlich in zwei H\u00f6hen (110 oder 180 cm), mit oder ohne Stauraum, bietet der mit einer integrierten Arbeitsplatte ausgestattete Schreibtisch UNIT einen funktionalen und professionellen Arbeitsplatz.<\/p>\n","protected":false},"excerpt":{"rendered":"<p><strong>\u2713<\/strong> Schreibtisch H110 oder H180 x B164 x T42 cm<\/p>\n<p><strong>\u2713<\/strong>\u00a0Tischplatte 112 x 80 cm, Regale 35 x 80 cm<\/p>\n<p><strong>\u2713<\/strong>\u00a0Ideal zur Einrichtung eines Arbeitsbereichs<\/p>\n<p><strong>\u2713<\/strong>\u00a0Stahlstruktur und Regalb\u00f6den aus \u00f6kozertifiziertem Holz<\/p>\n","protected":false},"featured_media":269700,"template":"","meta":{"_acf_changed":false},"product_brand":[],"product_cat":[762,801,757,1282,761,1294],"product_tag":[],"class_list":{"0":"post-269827","1":"product","2":"type-product","3":"status-publish","4":"has-post-thumbnail","6":"product_cat-individuelle-buros","7":"product_cat-tische-und-schreibtische","8":"product_cat-schreibtische","9":"product_cat-aufbewahrung","10":"product_cat-office-mobel-unternehmen","11":"product_cat-schreibtischregal","12":"product_shipping_class-meubles-complets","14":"first","15":"instock","16":"taxable","17":"shipping-taxable","18":"purchasable","19":"product-type-variable","20":"has-default-attributes"},"acf":[],"yoast_head":"<!-- This site is optimized with the Yoast SEO plugin v26.3 - https:\/\/yoast.com\/wordpress\/plugins\/seo\/ -->\n<title>Schreibtisch UNIT H110-180xL164cm - \u00f6kozertifiziertes Holz<\/title>\n<meta name=\"description\" content=\"Der Schreibtisch UNIT mit integrierter Tischplatte und zwei S\u00e4ulen ist in zwei H\u00f6hen erh\u00e4ltlich und bietet einen praktischen Arbeitsbereich.\" \/>\n<meta name=\"robots\" content=\"index, follow, max-snippet:-1, max-image-preview:large, max-video-preview:-1\" \/>\n<link rel=\"canonical\" href=\"https:\/\/www.tiptoe.fr\/de\/product\/schreibtisch-unit-h110-bis-180-x-l164cm-oeko-zertifiziertes-holz\/\" \/>\n<meta property=\"og:locale\" content=\"de_DE\" \/>\n<meta property=\"og:type\" content=\"article\" \/>\n<meta property=\"og:title\" content=\"Schreibtisch UNIT H110-180xL164cm - \u00f6kozertifiziertes Holz\" \/>\n<meta property=\"og:description\" content=\"Der Schreibtisch UNIT mit integrierter Tischplatte und zwei S\u00e4ulen ist in zwei H\u00f6hen erh\u00e4ltlich und bietet einen praktischen Arbeitsbereich.\" \/>\n<meta property=\"og:url\" content=\"https:\/\/www.tiptoe.fr\/de\/product\/schreibtisch-unit-h110-bis-180-x-l164cm-oeko-zertifiziertes-holz\/\" \/>\n<meta property=\"og:site_name\" content=\"TIPTOE\" \/>\n<meta property=\"article:publisher\" content=\"https:\/\/www.facebook.com\/tiptoedesign\" \/>\n<meta property=\"article:modified_time\" content=\"2026-01-26T10:12:34+00:00\" \/>\n<meta property=\"og:image\" content=\"https:\/\/www.tiptoe.fr\/wp-content\/uploads\/2024\/05\/UO3_02-00-00_White.jpg\" \/>\n\t<meta property=\"og:image:width\" content=\"2000\" \/>\n\t<meta property=\"og:image:height\" content=\"2000\" \/>\n\t<meta property=\"og:image:type\" content=\"image\/jpeg\" \/>\n<meta name=\"twitter:card\" content=\"summary_large_image\" \/>\n<meta name=\"twitter:site\" content=\"@tiptoedesign\" \/>\n<meta name=\"twitter:label1\" content=\"Est. reading time\" \/>\n\t<meta name=\"twitter:data1\" content=\"1 minute\" \/>\n<script type=\"application\/ld+json\" class=\"yoast-schema-graph\">{\"@context\":\"https:\/\/schema.org\",\"@graph\":[{\"@type\":\"WebPage\",\"@id\":\"https:\/\/www.tiptoe.fr\/de\/product\/schreibtisch-unit-h110-bis-180-x-l164cm-oeko-zertifiziertes-holz\/\",\"url\":\"https:\/\/www.tiptoe.fr\/de\/product\/schreibtisch-unit-h110-bis-180-x-l164cm-oeko-zertifiziertes-holz\/\",\"name\":\"Schreibtisch UNIT H110-180xL164cm - \u00f6kozertifiziertes Holz\",\"isPartOf\":{\"@id\":\"https:\/\/www.tiptoe.fr\/de\/#website\"},\"primaryImageOfPage\":{\"@id\":\"https:\/\/www.tiptoe.fr\/de\/product\/schreibtisch-unit-h110-bis-180-x-l164cm-oeko-zertifiziertes-holz\/#primaryimage\"},\"image\":{\"@id\":\"https:\/\/www.tiptoe.fr\/de\/product\/schreibtisch-unit-h110-bis-180-x-l164cm-oeko-zertifiziertes-holz\/#primaryimage\"},\"thumbnailUrl\":\"https:\/\/www.tiptoe.fr\/wp-content\/uploads\/2024\/05\/UO3_02-00-00_White.jpg\",\"datePublished\":\"2024-05-30T15:04:33+00:00\",\"dateModified\":\"2026-01-26T10:12:34+00:00\",\"description\":\"Der Schreibtisch UNIT mit integrierter Tischplatte und zwei S\u00e4ulen ist in zwei H\u00f6hen erh\u00e4ltlich und bietet einen praktischen Arbeitsbereich.\",\"breadcrumb\":{\"@id\":\"https:\/\/www.tiptoe.fr\/de\/product\/schreibtisch-unit-h110-bis-180-x-l164cm-oeko-zertifiziertes-holz\/#breadcrumb\"},\"inLanguage\":\"de-DE\",\"potentialAction\":[{\"@type\":\"ReadAction\",\"target\":[\"https:\/\/www.tiptoe.fr\/de\/product\/schreibtisch-unit-h110-bis-180-x-l164cm-oeko-zertifiziertes-holz\/\"]}]},{\"@type\":\"ImageObject\",\"inLanguage\":\"de-DE\",\"@id\":\"https:\/\/www.tiptoe.fr\/de\/product\/schreibtisch-unit-h110-bis-180-x-l164cm-oeko-zertifiziertes-holz\/#primaryimage\",\"url\":\"https:\/\/www.tiptoe.fr\/wp-content\/uploads\/2024\/05\/UO3_02-00-00_White.jpg\",\"contentUrl\":\"https:\/\/www.tiptoe.fr\/wp-content\/uploads\/2024\/05\/UO3_02-00-00_White.jpg\",\"width\":2000,\"height\":2000},{\"@type\":\"BreadcrumbList\",\"@id\":\"https:\/\/www.tiptoe.fr\/de\/product\/schreibtisch-unit-h110-bis-180-x-l164cm-oeko-zertifiziertes-holz\/#breadcrumb\",\"itemListElement\":[{\"@type\":\"ListItem\",\"position\":1,\"name\":\"Startseite\",\"item\":\"https:\/\/www.tiptoe.fr\/de\/\"},{\"@type\":\"ListItem\",\"position\":2,\"name\":\"Shop\",\"item\":\"https:\/\/www.tiptoe.fr\/shop\/\"},{\"@type\":\"ListItem\",\"position\":3,\"name\":\"Aufbewahrung\",\"item\":\"https:\/\/www.tiptoe.fr\/de\/aufbewahrung\/\"},{\"@type\":\"ListItem\",\"position\":4,\"name\":\"Schreibtischregal\",\"item\":\"https:\/\/www.tiptoe.fr\/de\/aufbewahrung\/schreibtischregal\/\"},{\"@type\":\"ListItem\",\"position\":5,\"name\":\"Schreibtisch UNIT &#8211; H110 bis 180 x L164cm &#8211; \u00f6ko-zertifiziertes Holz\"}]},{\"@type\":\"WebSite\",\"@id\":\"https:\/\/www.tiptoe.fr\/de\/#website\",\"url\":\"https:\/\/www.tiptoe.fr\/de\/\",\"name\":\"TIPTOE\",\"description\":\"\",\"publisher\":{\"@id\":\"https:\/\/www.tiptoe.fr\/de\/#organization\"},\"potentialAction\":[{\"@type\":\"SearchAction\",\"target\":{\"@type\":\"EntryPoint\",\"urlTemplate\":\"https:\/\/www.tiptoe.fr\/de\/?s={search_term_string}\"},\"query-input\":{\"@type\":\"PropertyValueSpecification\",\"valueRequired\":true,\"valueName\":\"search_term_string\"}}],\"inLanguage\":\"de-DE\"},{\"@type\":\"Organization\",\"@id\":\"https:\/\/www.tiptoe.fr\/de\/#organization\",\"name\":\"TIPTOE\",\"url\":\"https:\/\/www.tiptoe.fr\/de\/\",\"logo\":{\"@type\":\"ImageObject\",\"inLanguage\":\"de-DE\",\"@id\":\"https:\/\/www.tiptoe.fr\/de\/#\/schema\/logo\/image\/\",\"url\":\"https:\/\/www.tiptoe.fr\/wp-content\/uploads\/2024\/06\/Logo.png\",\"contentUrl\":\"https:\/\/www.tiptoe.fr\/wp-content\/uploads\/2024\/06\/Logo.png\",\"width\":133,\"height\":26,\"caption\":\"TIPTOE\"},\"image\":{\"@id\":\"https:\/\/www.tiptoe.fr\/de\/#\/schema\/logo\/image\/\"},\"sameAs\":[\"https:\/\/www.facebook.com\/tiptoedesign\",\"https:\/\/x.com\/tiptoedesign\",\"https:\/\/www.instagram.com\/tiptoedesign\/\",\"https:\/\/www.pinterest.fr\/tiptoedesign\/\"]}]}<\/script>\n<!-- \/ Yoast SEO plugin. -->","yoast_head_json":{"title":"Schreibtisch UNIT H110-180xL164cm - \u00f6kozertifiziertes Holz","description":"Der Schreibtisch UNIT mit integrierter Tischplatte und zwei S\u00e4ulen ist in zwei H\u00f6hen erh\u00e4ltlich und bietet einen praktischen Arbeitsbereich.","robots":{"index":"index","follow":"follow","max-snippet":"max-snippet:-1","max-image-preview":"max-image-preview:large","max-video-preview":"max-video-preview:-1"},"canonical":"https:\/\/www.tiptoe.fr\/de\/product\/schreibtisch-unit-h110-bis-180-x-l164cm-oeko-zertifiziertes-holz\/","og_locale":"de_DE","og_type":"article","og_title":"Schreibtisch UNIT H110-180xL164cm - \u00f6kozertifiziertes Holz","og_description":"Der Schreibtisch UNIT mit integrierter Tischplatte und zwei S\u00e4ulen ist in zwei H\u00f6hen erh\u00e4ltlich und bietet einen praktischen Arbeitsbereich.","og_url":"https:\/\/www.tiptoe.fr\/de\/product\/schreibtisch-unit-h110-bis-180-x-l164cm-oeko-zertifiziertes-holz\/","og_site_name":"TIPTOE","article_publisher":"https:\/\/www.facebook.com\/tiptoedesign","article_modified_time":"2026-01-26T10:12:34+00:00","og_image":[{"width":2000,"height":2000,"url":"https:\/\/www.tiptoe.fr\/wp-content\/uploads\/2024\/05\/UO3_02-00-00_White.jpg","type":"image\/jpeg"}],"twitter_card":"summary_large_image","twitter_site":"@tiptoedesign","twitter_misc":{"Est. reading time":"1 minute"},"schema":{"@context":"https:\/\/schema.org","@graph":[{"@type":"WebPage","@id":"https:\/\/www.tiptoe.fr\/de\/product\/schreibtisch-unit-h110-bis-180-x-l164cm-oeko-zertifiziertes-holz\/","url":"https:\/\/www.tiptoe.fr\/de\/product\/schreibtisch-unit-h110-bis-180-x-l164cm-oeko-zertifiziertes-holz\/","name":"Schreibtisch UNIT H110-180xL164cm - \u00f6kozertifiziertes Holz","isPartOf":{"@id":"https:\/\/www.tiptoe.fr\/de\/#website"},"primaryImageOfPage":{"@id":"https:\/\/www.tiptoe.fr\/de\/product\/schreibtisch-unit-h110-bis-180-x-l164cm-oeko-zertifiziertes-holz\/#primaryimage"},"image":{"@id":"https:\/\/www.tiptoe.fr\/de\/product\/schreibtisch-unit-h110-bis-180-x-l164cm-oeko-zertifiziertes-holz\/#primaryimage"},"thumbnailUrl":"https:\/\/www.tiptoe.fr\/wp-content\/uploads\/2024\/05\/UO3_02-00-00_White.jpg","datePublished":"2024-05-30T15:04:33+00:00","dateModified":"2026-01-26T10:12:34+00:00","description":"Der Schreibtisch UNIT mit integrierter Tischplatte und zwei S\u00e4ulen ist in zwei H\u00f6hen erh\u00e4ltlich und bietet einen praktischen Arbeitsbereich.","breadcrumb":{"@id":"https:\/\/www.tiptoe.fr\/de\/product\/schreibtisch-unit-h110-bis-180-x-l164cm-oeko-zertifiziertes-holz\/#breadcrumb"},"inLanguage":"de-DE","potentialAction":[{"@type":"ReadAction","target":["https:\/\/www.tiptoe.fr\/de\/product\/schreibtisch-unit-h110-bis-180-x-l164cm-oeko-zertifiziertes-holz\/"]}]},{"@type":"ImageObject","inLanguage":"de-DE","@id":"https:\/\/www.tiptoe.fr\/de\/product\/schreibtisch-unit-h110-bis-180-x-l164cm-oeko-zertifiziertes-holz\/#primaryimage","url":"https:\/\/www.tiptoe.fr\/wp-content\/uploads\/2024\/05\/UO3_02-00-00_White.jpg","contentUrl":"https:\/\/www.tiptoe.fr\/wp-content\/uploads\/2024\/05\/UO3_02-00-00_White.jpg","width":2000,"height":2000},{"@type":"BreadcrumbList","@id":"https:\/\/www.tiptoe.fr\/de\/product\/schreibtisch-unit-h110-bis-180-x-l164cm-oeko-zertifiziertes-holz\/#breadcrumb","itemListElement":[{"@type":"ListItem","position":1,"name":"Startseite","item":"https:\/\/www.tiptoe.fr\/de\/"},{"@type":"ListItem","position":2,"name":"Shop","item":"https:\/\/www.tiptoe.fr\/shop\/"},{"@type":"ListItem","position":3,"name":"Aufbewahrung","item":"https:\/\/www.tiptoe.fr\/de\/aufbewahrung\/"},{"@type":"ListItem","position":4,"name":"Schreibtischregal","item":"https:\/\/www.tiptoe.fr\/de\/aufbewahrung\/schreibtischregal\/"},{"@type":"ListItem","position":5,"name":"Schreibtisch UNIT &#8211; H110 bis 180 x L164cm &#8211; \u00f6ko-zertifiziertes Holz"}]},{"@type":"WebSite","@id":"https:\/\/www.tiptoe.fr\/de\/#website","url":"https:\/\/www.tiptoe.fr\/de\/","name":"TIPTOE","description":"","publisher":{"@id":"https:\/\/www.tiptoe.fr\/de\/#organization"},"potentialAction":[{"@type":"SearchAction","target":{"@type":"EntryPoint","urlTemplate":"https:\/\/www.tiptoe.fr\/de\/?s={search_term_string}"},"query-input":{"@type":"PropertyValueSpecification","valueRequired":true,"valueName":"search_term_string"}}],"inLanguage":"de-DE"},{"@type":"Organization","@id":"https:\/\/www.tiptoe.fr\/de\/#organization","name":"TIPTOE","url":"https:\/\/www.tiptoe.fr\/de\/","logo":{"@type":"ImageObject","inLanguage":"de-DE","@id":"https:\/\/www.tiptoe.fr\/de\/#\/schema\/logo\/image\/","url":"https:\/\/www.tiptoe.fr\/wp-content\/uploads\/2024\/06\/Logo.png","contentUrl":"https:\/\/www.tiptoe.fr\/wp-content\/uploads\/2024\/06\/Logo.png","width":133,"height":26,"caption":"TIPTOE"},"image":{"@id":"https:\/\/www.tiptoe.fr\/de\/#\/schema\/logo\/image\/"},"sameAs":["https:\/\/www.facebook.com\/tiptoedesign","https:\/\/x.com\/tiptoedesign","https:\/\/www.instagram.com\/tiptoedesign\/","https:\/\/www.pinterest.fr\/tiptoedesign\/"]}]}},"_links":{"self":[{"href":"https:\/\/www.tiptoe.fr\/de\/wp-json\/wp\/v2\/product\/269827","targetHints":{"allow":["GET"]}}],"collection":[{"href":"https:\/\/www.tiptoe.fr\/de\/wp-json\/wp\/v2\/product"}],"about":[{"href":"https:\/\/www.tiptoe.fr\/de\/wp-json\/wp\/v2\/types\/product"}],"wp:featuredmedia":[{"embeddable":true,"href":"https:\/\/www.tiptoe.fr\/de\/wp-json\/wp\/v2\/media\/269700"}],"wp:attachment":[{"href":"https:\/\/www.tiptoe.fr\/de\/wp-json\/wp\/v2\/media?parent=269827"}],"wp:term":[{"taxonomy":"product_brand","embeddable":true,"href":"https:\/\/www.tiptoe.fr\/de\/wp-json\/wp\/v2\/product_brand?post=269827"},{"taxonomy":"product_cat","embeddable":true,"href":"https:\/\/www.tiptoe.fr\/de\/wp-json\/wp\/v2\/product_cat?post=269827"},{"taxonomy":"product_tag","embeddable":true,"href":"https:\/\/www.tiptoe.fr\/de\/wp-json\/wp\/v2\/product_tag?post=269827"}],"curies":[{"name":"wp","href":"https:\/\/api.w.org\/{rel}","templated":true}]}}