{"id":268532,"date":"2024-05-21T11:37:10","date_gmt":"2024-05-21T09:42:20","guid":{"rendered":"https:\/\/www.tiptoe.fr\/?post_type=product&#038;p=268532"},"modified":"2026-01-08T20:27:12","modified_gmt":"2026-01-08T19:27:12","slug":"3-bis-4-sitzer-modulares-sofa-bridge","status":"publish","type":"product","link":"https:\/\/www.tiptoe.fr\/de\/product\/3-bis-4-sitzer-modulares-sofa-bridge\/","title":{"rendered":"Sofa BRIDGE &#8211; 3- bis 4-Sitzer"},"content":{"rendered":"<p>BRIDGE ist ein zeitloses und elegantes modulares Sofa, das durch klare und definierte Linien strukturiert ist. Bestehend aus drei verschiedenen, austauschbaren Modulen \u2013 Ecke, Sitz oder Ottoman \u2013 bietet dieses Stoffsofa eine au\u00dfergew\u00f6hnliche Modularit\u00e4t und Anpassungsf\u00e4higkeit.<\/p>\n","protected":false},"excerpt":{"rendered":"<p><strong>\u2713<\/strong>\u00a0Modulsofa aus Stoff<\/p>\n<p><strong>\u2713<\/strong>\u00a0Leicht austauschbare Module<\/p>\n<p><strong>\u2713<\/strong>\u00a0Hochwertige Textilien und Materialien<\/p>\n<p><strong>\u2713<\/strong>\u00a0Erh\u00e4ltlich in verschiedenen Farben<\/p>\n","protected":false},"featured_media":268373,"template":"","meta":{"_acf_changed":false},"product_brand":[],"product_cat":[1528,747],"product_tag":[],"class_list":{"0":"post-268532","1":"product","2":"type-product","3":"status-publish","4":"has-post-thumbnail","6":"product_cat-sofa-kollektion-bridge","7":"product_cat-sofas","8":"product_shipping_class-canape","10":"first","11":"instock","12":"sale","13":"taxable","14":"shipping-taxable","15":"purchasable","16":"product-type-variable","17":"has-default-attributes"},"acf":[],"yoast_head":"<!-- This site is optimized with the Yoast SEO plugin v26.3 - https:\/\/yoast.com\/wordpress\/plugins\/seo\/ -->\n<title>3- bis 4-Sitzer Modulers Sof auss Stoff | BRIDGE<\/title>\n<meta name=\"description\" content=\"Mit unserem neuen modulares Sofa BRIDGE k\u00f6nnen Sie alle m\u00f6glichen Konfigurationen f\u00fcr ein Sofa erstellen, das perfekt in Ihr Wohnzimmer passt.\" \/>\n<meta name=\"robots\" content=\"index, follow, max-snippet:-1, max-image-preview:large, max-video-preview:-1\" \/>\n<link rel=\"canonical\" href=\"https:\/\/www.tiptoe.fr\/de\/product\/3-bis-4-sitzer-modulares-sofa-bridge\/\" \/>\n<meta property=\"og:locale\" content=\"de_DE\" \/>\n<meta property=\"og:type\" content=\"article\" \/>\n<meta property=\"og:title\" content=\"3- bis 4-Sitzer Modulers Sof auss Stoff | BRIDGE\" \/>\n<meta property=\"og:description\" content=\"Mit unserem neuen modulares Sofa BRIDGE k\u00f6nnen Sie alle m\u00f6glichen Konfigurationen f\u00fcr ein Sofa erstellen, das perfekt in Ihr Wohnzimmer passt.\" \/>\n<meta property=\"og:url\" content=\"https:\/\/www.tiptoe.fr\/de\/product\/3-bis-4-sitzer-modulares-sofa-bridge\/\" \/>\n<meta property=\"og:site_name\" content=\"TIPTOE\" \/>\n<meta property=\"article:publisher\" content=\"https:\/\/www.facebook.com\/tiptoedesign\" \/>\n<meta property=\"article:modified_time\" content=\"2026-01-08T19:27:12+00:00\" \/>\n<meta property=\"og:image\" content=\"https:\/\/www.tiptoe.fr\/wp-content\/uploads\/2024\/04\/3-4p_droit-290x105_coussin_F_gris.jpg\" \/>\n\t<meta property=\"og:image:width\" content=\"1500\" \/>\n\t<meta property=\"og:image:height\" content=\"1500\" \/>\n\t<meta property=\"og:image:type\" content=\"image\/jpeg\" \/>\n<meta name=\"twitter:card\" content=\"summary_large_image\" \/>\n<meta name=\"twitter:site\" content=\"@tiptoedesign\" \/>\n<meta name=\"twitter:label1\" content=\"Est. reading time\" \/>\n\t<meta name=\"twitter:data1\" content=\"1 minute\" \/>\n<script type=\"application\/ld+json\" class=\"yoast-schema-graph\">{\"@context\":\"https:\/\/schema.org\",\"@graph\":[{\"@type\":\"WebPage\",\"@id\":\"https:\/\/www.tiptoe.fr\/de\/product\/3-bis-4-sitzer-modulares-sofa-bridge\/\",\"url\":\"https:\/\/www.tiptoe.fr\/de\/product\/3-bis-4-sitzer-modulares-sofa-bridge\/\",\"name\":\"3- bis 4-Sitzer Modulers Sof auss Stoff | BRIDGE\",\"isPartOf\":{\"@id\":\"https:\/\/www.tiptoe.fr\/de\/#website\"},\"primaryImageOfPage\":{\"@id\":\"https:\/\/www.tiptoe.fr\/de\/product\/3-bis-4-sitzer-modulares-sofa-bridge\/#primaryimage\"},\"image\":{\"@id\":\"https:\/\/www.tiptoe.fr\/de\/product\/3-bis-4-sitzer-modulares-sofa-bridge\/#primaryimage\"},\"thumbnailUrl\":\"https:\/\/www.tiptoe.fr\/wp-content\/uploads\/2024\/04\/3-4p_droit-290x105_coussin_F_gris.jpg\",\"datePublished\":\"2024-05-21T09:42:20+00:00\",\"dateModified\":\"2026-01-08T19:27:12+00:00\",\"description\":\"Mit unserem neuen modulares Sofa BRIDGE k\u00f6nnen Sie alle m\u00f6glichen Konfigurationen f\u00fcr ein Sofa erstellen, das perfekt in Ihr Wohnzimmer passt.\",\"breadcrumb\":{\"@id\":\"https:\/\/www.tiptoe.fr\/de\/product\/3-bis-4-sitzer-modulares-sofa-bridge\/#breadcrumb\"},\"inLanguage\":\"de-DE\",\"potentialAction\":[{\"@type\":\"ReadAction\",\"target\":[\"https:\/\/www.tiptoe.fr\/de\/product\/3-bis-4-sitzer-modulares-sofa-bridge\/\"]}]},{\"@type\":\"ImageObject\",\"inLanguage\":\"de-DE\",\"@id\":\"https:\/\/www.tiptoe.fr\/de\/product\/3-bis-4-sitzer-modulares-sofa-bridge\/#primaryimage\",\"url\":\"https:\/\/www.tiptoe.fr\/wp-content\/uploads\/2024\/04\/3-4p_droit-290x105_coussin_F_gris.jpg\",\"contentUrl\":\"https:\/\/www.tiptoe.fr\/wp-content\/uploads\/2024\/04\/3-4p_droit-290x105_coussin_F_gris.jpg\",\"width\":1500,\"height\":1500},{\"@type\":\"BreadcrumbList\",\"@id\":\"https:\/\/www.tiptoe.fr\/de\/product\/3-bis-4-sitzer-modulares-sofa-bridge\/#breadcrumb\",\"itemListElement\":[{\"@type\":\"ListItem\",\"position\":1,\"name\":\"Startseite\",\"item\":\"https:\/\/www.tiptoe.fr\/de\/\"},{\"@type\":\"ListItem\",\"position\":2,\"name\":\"Shop\",\"item\":\"https:\/\/www.tiptoe.fr\/shop\/\"},{\"@type\":\"ListItem\",\"position\":3,\"name\":\"Sofas\",\"item\":\"https:\/\/www.tiptoe.fr\/de\/sofas\/\"},{\"@type\":\"ListItem\",\"position\":4,\"name\":\"Sofa BRIDGE &#8211; 3- bis 4-Sitzer\"}]},{\"@type\":\"WebSite\",\"@id\":\"https:\/\/www.tiptoe.fr\/de\/#website\",\"url\":\"https:\/\/www.tiptoe.fr\/de\/\",\"name\":\"TIPTOE\",\"description\":\"\",\"publisher\":{\"@id\":\"https:\/\/www.tiptoe.fr\/de\/#organization\"},\"potentialAction\":[{\"@type\":\"SearchAction\",\"target\":{\"@type\":\"EntryPoint\",\"urlTemplate\":\"https:\/\/www.tiptoe.fr\/de\/?s={search_term_string}\"},\"query-input\":{\"@type\":\"PropertyValueSpecification\",\"valueRequired\":true,\"valueName\":\"search_term_string\"}}],\"inLanguage\":\"de-DE\"},{\"@type\":\"Organization\",\"@id\":\"https:\/\/www.tiptoe.fr\/de\/#organization\",\"name\":\"TIPTOE\",\"url\":\"https:\/\/www.tiptoe.fr\/de\/\",\"logo\":{\"@type\":\"ImageObject\",\"inLanguage\":\"de-DE\",\"@id\":\"https:\/\/www.tiptoe.fr\/de\/#\/schema\/logo\/image\/\",\"url\":\"https:\/\/www.tiptoe.fr\/wp-content\/uploads\/2024\/06\/Logo.png\",\"contentUrl\":\"https:\/\/www.tiptoe.fr\/wp-content\/uploads\/2024\/06\/Logo.png\",\"width\":133,\"height\":26,\"caption\":\"TIPTOE\"},\"image\":{\"@id\":\"https:\/\/www.tiptoe.fr\/de\/#\/schema\/logo\/image\/\"},\"sameAs\":[\"https:\/\/www.facebook.com\/tiptoedesign\",\"https:\/\/x.com\/tiptoedesign\",\"https:\/\/www.instagram.com\/tiptoedesign\/\",\"https:\/\/www.pinterest.fr\/tiptoedesign\/\"]}]}<\/script>\n<!-- \/ Yoast SEO plugin. -->","yoast_head_json":{"title":"3- bis 4-Sitzer Modulers Sof auss Stoff | BRIDGE","description":"Mit unserem neuen modulares Sofa BRIDGE k\u00f6nnen Sie alle m\u00f6glichen Konfigurationen f\u00fcr ein Sofa erstellen, das perfekt in Ihr Wohnzimmer passt.","robots":{"index":"index","follow":"follow","max-snippet":"max-snippet:-1","max-image-preview":"max-image-preview:large","max-video-preview":"max-video-preview:-1"},"canonical":"https:\/\/www.tiptoe.fr\/de\/product\/3-bis-4-sitzer-modulares-sofa-bridge\/","og_locale":"de_DE","og_type":"article","og_title":"3- bis 4-Sitzer Modulers Sof auss Stoff | BRIDGE","og_description":"Mit unserem neuen modulares Sofa BRIDGE k\u00f6nnen Sie alle m\u00f6glichen Konfigurationen f\u00fcr ein Sofa erstellen, das perfekt in Ihr Wohnzimmer passt.","og_url":"https:\/\/www.tiptoe.fr\/de\/product\/3-bis-4-sitzer-modulares-sofa-bridge\/","og_site_name":"TIPTOE","article_publisher":"https:\/\/www.facebook.com\/tiptoedesign","article_modified_time":"2026-01-08T19:27:12+00:00","og_image":[{"width":1500,"height":1500,"url":"https:\/\/www.tiptoe.fr\/wp-content\/uploads\/2024\/04\/3-4p_droit-290x105_coussin_F_gris.jpg","type":"image\/jpeg"}],"twitter_card":"summary_large_image","twitter_site":"@tiptoedesign","twitter_misc":{"Est. reading time":"1 minute"},"schema":{"@context":"https:\/\/schema.org","@graph":[{"@type":"WebPage","@id":"https:\/\/www.tiptoe.fr\/de\/product\/3-bis-4-sitzer-modulares-sofa-bridge\/","url":"https:\/\/www.tiptoe.fr\/de\/product\/3-bis-4-sitzer-modulares-sofa-bridge\/","name":"3- bis 4-Sitzer Modulers Sof auss Stoff | BRIDGE","isPartOf":{"@id":"https:\/\/www.tiptoe.fr\/de\/#website"},"primaryImageOfPage":{"@id":"https:\/\/www.tiptoe.fr\/de\/product\/3-bis-4-sitzer-modulares-sofa-bridge\/#primaryimage"},"image":{"@id":"https:\/\/www.tiptoe.fr\/de\/product\/3-bis-4-sitzer-modulares-sofa-bridge\/#primaryimage"},"thumbnailUrl":"https:\/\/www.tiptoe.fr\/wp-content\/uploads\/2024\/04\/3-4p_droit-290x105_coussin_F_gris.jpg","datePublished":"2024-05-21T09:42:20+00:00","dateModified":"2026-01-08T19:27:12+00:00","description":"Mit unserem neuen modulares Sofa BRIDGE k\u00f6nnen Sie alle m\u00f6glichen Konfigurationen f\u00fcr ein Sofa erstellen, das perfekt in Ihr Wohnzimmer passt.","breadcrumb":{"@id":"https:\/\/www.tiptoe.fr\/de\/product\/3-bis-4-sitzer-modulares-sofa-bridge\/#breadcrumb"},"inLanguage":"de-DE","potentialAction":[{"@type":"ReadAction","target":["https:\/\/www.tiptoe.fr\/de\/product\/3-bis-4-sitzer-modulares-sofa-bridge\/"]}]},{"@type":"ImageObject","inLanguage":"de-DE","@id":"https:\/\/www.tiptoe.fr\/de\/product\/3-bis-4-sitzer-modulares-sofa-bridge\/#primaryimage","url":"https:\/\/www.tiptoe.fr\/wp-content\/uploads\/2024\/04\/3-4p_droit-290x105_coussin_F_gris.jpg","contentUrl":"https:\/\/www.tiptoe.fr\/wp-content\/uploads\/2024\/04\/3-4p_droit-290x105_coussin_F_gris.jpg","width":1500,"height":1500},{"@type":"BreadcrumbList","@id":"https:\/\/www.tiptoe.fr\/de\/product\/3-bis-4-sitzer-modulares-sofa-bridge\/#breadcrumb","itemListElement":[{"@type":"ListItem","position":1,"name":"Startseite","item":"https:\/\/www.tiptoe.fr\/de\/"},{"@type":"ListItem","position":2,"name":"Shop","item":"https:\/\/www.tiptoe.fr\/shop\/"},{"@type":"ListItem","position":3,"name":"Sofas","item":"https:\/\/www.tiptoe.fr\/de\/sofas\/"},{"@type":"ListItem","position":4,"name":"Sofa BRIDGE &#8211; 3- bis 4-Sitzer"}]},{"@type":"WebSite","@id":"https:\/\/www.tiptoe.fr\/de\/#website","url":"https:\/\/www.tiptoe.fr\/de\/","name":"TIPTOE","description":"","publisher":{"@id":"https:\/\/www.tiptoe.fr\/de\/#organization"},"potentialAction":[{"@type":"SearchAction","target":{"@type":"EntryPoint","urlTemplate":"https:\/\/www.tiptoe.fr\/de\/?s={search_term_string}"},"query-input":{"@type":"PropertyValueSpecification","valueRequired":true,"valueName":"search_term_string"}}],"inLanguage":"de-DE"},{"@type":"Organization","@id":"https:\/\/www.tiptoe.fr\/de\/#organization","name":"TIPTOE","url":"https:\/\/www.tiptoe.fr\/de\/","logo":{"@type":"ImageObject","inLanguage":"de-DE","@id":"https:\/\/www.tiptoe.fr\/de\/#\/schema\/logo\/image\/","url":"https:\/\/www.tiptoe.fr\/wp-content\/uploads\/2024\/06\/Logo.png","contentUrl":"https:\/\/www.tiptoe.fr\/wp-content\/uploads\/2024\/06\/Logo.png","width":133,"height":26,"caption":"TIPTOE"},"image":{"@id":"https:\/\/www.tiptoe.fr\/de\/#\/schema\/logo\/image\/"},"sameAs":["https:\/\/www.facebook.com\/tiptoedesign","https:\/\/x.com\/tiptoedesign","https:\/\/www.instagram.com\/tiptoedesign\/","https:\/\/www.pinterest.fr\/tiptoedesign\/"]}]}},"_links":{"self":[{"href":"https:\/\/www.tiptoe.fr\/de\/wp-json\/wp\/v2\/product\/268532","targetHints":{"allow":["GET"]}}],"collection":[{"href":"https:\/\/www.tiptoe.fr\/de\/wp-json\/wp\/v2\/product"}],"about":[{"href":"https:\/\/www.tiptoe.fr\/de\/wp-json\/wp\/v2\/types\/product"}],"wp:featuredmedia":[{"embeddable":true,"href":"https:\/\/www.tiptoe.fr\/de\/wp-json\/wp\/v2\/media\/268373"}],"wp:attachment":[{"href":"https:\/\/www.tiptoe.fr\/de\/wp-json\/wp\/v2\/media?parent=268532"}],"wp:term":[{"taxonomy":"product_brand","embeddable":true,"href":"https:\/\/www.tiptoe.fr\/de\/wp-json\/wp\/v2\/product_brand?post=268532"},{"taxonomy":"product_cat","embeddable":true,"href":"https:\/\/www.tiptoe.fr\/de\/wp-json\/wp\/v2\/product_cat?post=268532"},{"taxonomy":"product_tag","embeddable":true,"href":"https:\/\/www.tiptoe.fr\/de\/wp-json\/wp\/v2\/product_tag?post=268532"}],"curies":[{"name":"wp","href":"https:\/\/api.w.org\/{rel}","templated":true}]}}