{"id":256244,"date":"2024-01-16T15:38:21","date_gmt":"2024-01-16T16:09:30","guid":{"rendered":"https:\/\/www.tiptoe.fr\/?post_type=product&#038;p=256244"},"modified":"2026-02-17T17:18:11","modified_gmt":"2026-02-17T16:18:11","slug":"tiptoe-heju-couchtischbein-43cm","status":"publish","type":"product","link":"https:\/\/www.tiptoe.fr\/de\/product\/tiptoe-heju-couchtischbein-43cm\/","title":{"rendered":"TIPTOE x HEJU &#8211; Couchtischbein 43cm"},"content":{"rendered":"<p>An der Seite von H\u00e9l\u00e8ne Pinaud und Julien Schwartzmann, den Gr\u00fcndern des Studios HEJU, hat TIPTOE beschlossen, seine Objekte mit neuen, sanften und nat\u00fcrlichen Farbt\u00f6nen zu vermischen.<\/p>\n<p>Das Architektenduo ist f\u00fcr seine japanisch und skandinavisch beeinflusste Welt bekannt und stellt Farben, Texturen und Materialien in den Mittelpunkt seiner Arbeit.<\/p>\n","protected":false},"excerpt":{"rendered":"<p><strong>\u2713<\/strong>\u00a0Tischbein aus Stahl H\u00f6he 43 cm<\/p>\n<p><strong>\u2713<\/strong>\u00a0Ideal als Couchtisch oder Sitzbank<\/p>\n<p><strong>\u2713<\/strong>\u00a0Exklusive neue Farben<\/p>\n<p><strong>\u2713<\/strong>\u00a0Limitierte und gestempelte Auflage<\/p>\n","protected":false},"featured_media":255460,"template":"","meta":{"_acf_changed":false},"product_brand":[],"product_cat":[974,748,750],"product_tag":[],"class_list":{"0":"post-256244","1":"product","2":"type-product","3":"status-publish","4":"has-post-thumbnail","6":"product_cat-zusammenarbeit-heju","7":"product_cat-tischbeine","8":"product_cat-couchtischbeine","9":"product_shipping_class-colis","11":"first","12":"instock","13":"taxable","14":"shipping-taxable","15":"purchasable","16":"product-type-variable","17":"has-default-attributes"},"acf":[],"yoast_head":"<!-- This site is optimized with the Yoast SEO plugin v26.3 - https:\/\/yoast.com\/wordpress\/plugins\/seo\/ -->\n<title>TIPTOE x HEJU - Couchtischbein 43cm aus Stahl<\/title>\n<meta name=\"description\" content=\"Entdecken Sie die Zusammenarbeit von TIPTOE x HEJU rund um unseren ikonischen Couchtischfu\u00df. Gestalten Sie einen Couchtisch mit einzigartigen Farben.\" \/>\n<meta name=\"robots\" content=\"index, follow, max-snippet:-1, max-image-preview:large, max-video-preview:-1\" \/>\n<link rel=\"canonical\" href=\"https:\/\/www.tiptoe.fr\/de\/product\/tiptoe-heju-couchtischbein-43cm\/\" \/>\n<meta property=\"og:locale\" content=\"de_DE\" \/>\n<meta property=\"og:type\" content=\"article\" \/>\n<meta property=\"og:title\" content=\"TIPTOE x HEJU - Couchtischbein 43cm aus Stahl\" \/>\n<meta property=\"og:description\" content=\"Entdecken Sie die Zusammenarbeit von TIPTOE x HEJU rund um unseren ikonischen Couchtischfu\u00df. Gestalten Sie einen Couchtisch mit einzigartigen Farben.\" \/>\n<meta property=\"og:url\" content=\"https:\/\/www.tiptoe.fr\/de\/product\/tiptoe-heju-couchtischbein-43cm\/\" \/>\n<meta property=\"og:site_name\" content=\"TIPTOE\" \/>\n<meta property=\"article:publisher\" content=\"https:\/\/www.facebook.com\/tiptoedesign\" \/>\n<meta property=\"article:modified_time\" content=\"2026-02-17T16:18:11+00:00\" \/>\n<meta property=\"og:image\" content=\"https:\/\/www.tiptoe.fr\/wp-content\/uploads\/2023\/12\/Tiptoe_Pied43_Heju_cannelle.png\" \/>\n\t<meta property=\"og:image:width\" content=\"1600\" \/>\n\t<meta property=\"og:image:height\" content=\"1600\" \/>\n\t<meta property=\"og:image:type\" content=\"image\/png\" \/>\n<meta name=\"twitter:card\" content=\"summary_large_image\" \/>\n<meta name=\"twitter:site\" content=\"@tiptoedesign\" \/>\n<meta name=\"twitter:label1\" content=\"Est. reading time\" \/>\n\t<meta name=\"twitter:data1\" content=\"1 minute\" \/>\n<script type=\"application\/ld+json\" class=\"yoast-schema-graph\">{\"@context\":\"https:\/\/schema.org\",\"@graph\":[{\"@type\":\"WebPage\",\"@id\":\"https:\/\/www.tiptoe.fr\/de\/product\/tiptoe-heju-couchtischbein-43cm\/\",\"url\":\"https:\/\/www.tiptoe.fr\/de\/product\/tiptoe-heju-couchtischbein-43cm\/\",\"name\":\"TIPTOE x HEJU - Couchtischbein 43cm aus Stahl\",\"isPartOf\":{\"@id\":\"https:\/\/www.tiptoe.fr\/de\/#website\"},\"primaryImageOfPage\":{\"@id\":\"https:\/\/www.tiptoe.fr\/de\/product\/tiptoe-heju-couchtischbein-43cm\/#primaryimage\"},\"image\":{\"@id\":\"https:\/\/www.tiptoe.fr\/de\/product\/tiptoe-heju-couchtischbein-43cm\/#primaryimage\"},\"thumbnailUrl\":\"https:\/\/www.tiptoe.fr\/wp-content\/uploads\/2023\/12\/Tiptoe_Pied43_Heju_cannelle.png\",\"datePublished\":\"2024-01-16T16:09:30+00:00\",\"dateModified\":\"2026-02-17T16:18:11+00:00\",\"description\":\"Entdecken Sie die Zusammenarbeit von TIPTOE x HEJU rund um unseren ikonischen Couchtischfu\u00df. Gestalten Sie einen Couchtisch mit einzigartigen Farben.\",\"breadcrumb\":{\"@id\":\"https:\/\/www.tiptoe.fr\/de\/product\/tiptoe-heju-couchtischbein-43cm\/#breadcrumb\"},\"inLanguage\":\"de-DE\",\"potentialAction\":[{\"@type\":\"ReadAction\",\"target\":[\"https:\/\/www.tiptoe.fr\/de\/product\/tiptoe-heju-couchtischbein-43cm\/\"]}]},{\"@type\":\"ImageObject\",\"inLanguage\":\"de-DE\",\"@id\":\"https:\/\/www.tiptoe.fr\/de\/product\/tiptoe-heju-couchtischbein-43cm\/#primaryimage\",\"url\":\"https:\/\/www.tiptoe.fr\/wp-content\/uploads\/2023\/12\/Tiptoe_Pied43_Heju_cannelle.png\",\"contentUrl\":\"https:\/\/www.tiptoe.fr\/wp-content\/uploads\/2023\/12\/Tiptoe_Pied43_Heju_cannelle.png\",\"width\":1600,\"height\":1600},{\"@type\":\"BreadcrumbList\",\"@id\":\"https:\/\/www.tiptoe.fr\/de\/product\/tiptoe-heju-couchtischbein-43cm\/#breadcrumb\",\"itemListElement\":[{\"@type\":\"ListItem\",\"position\":1,\"name\":\"Startseite\",\"item\":\"https:\/\/www.tiptoe.fr\/de\/\"},{\"@type\":\"ListItem\",\"position\":2,\"name\":\"Shop\",\"item\":\"https:\/\/www.tiptoe.fr\/shop\/\"},{\"@type\":\"ListItem\",\"position\":3,\"name\":\"Heju\",\"item\":\"https:\/\/www.tiptoe.fr\/de\/zusammenarbeit-heju\/\"},{\"@type\":\"ListItem\",\"position\":4,\"name\":\"TIPTOE x HEJU &#8211; Couchtischbein 43cm\"}]},{\"@type\":\"WebSite\",\"@id\":\"https:\/\/www.tiptoe.fr\/de\/#website\",\"url\":\"https:\/\/www.tiptoe.fr\/de\/\",\"name\":\"TIPTOE\",\"description\":\"\",\"publisher\":{\"@id\":\"https:\/\/www.tiptoe.fr\/de\/#organization\"},\"potentialAction\":[{\"@type\":\"SearchAction\",\"target\":{\"@type\":\"EntryPoint\",\"urlTemplate\":\"https:\/\/www.tiptoe.fr\/de\/?s={search_term_string}\"},\"query-input\":{\"@type\":\"PropertyValueSpecification\",\"valueRequired\":true,\"valueName\":\"search_term_string\"}}],\"inLanguage\":\"de-DE\"},{\"@type\":\"Organization\",\"@id\":\"https:\/\/www.tiptoe.fr\/de\/#organization\",\"name\":\"TIPTOE\",\"url\":\"https:\/\/www.tiptoe.fr\/de\/\",\"logo\":{\"@type\":\"ImageObject\",\"inLanguage\":\"de-DE\",\"@id\":\"https:\/\/www.tiptoe.fr\/de\/#\/schema\/logo\/image\/\",\"url\":\"https:\/\/www.tiptoe.fr\/wp-content\/uploads\/2024\/06\/Logo.png\",\"contentUrl\":\"https:\/\/www.tiptoe.fr\/wp-content\/uploads\/2024\/06\/Logo.png\",\"width\":133,\"height\":26,\"caption\":\"TIPTOE\"},\"image\":{\"@id\":\"https:\/\/www.tiptoe.fr\/de\/#\/schema\/logo\/image\/\"},\"sameAs\":[\"https:\/\/www.facebook.com\/tiptoedesign\",\"https:\/\/x.com\/tiptoedesign\",\"https:\/\/www.instagram.com\/tiptoedesign\/\",\"https:\/\/www.pinterest.fr\/tiptoedesign\/\"]}]}<\/script>\n<!-- \/ Yoast SEO plugin. -->","yoast_head_json":{"title":"TIPTOE x HEJU - Couchtischbein 43cm aus Stahl","description":"Entdecken Sie die Zusammenarbeit von TIPTOE x HEJU rund um unseren ikonischen Couchtischfu\u00df. Gestalten Sie einen Couchtisch mit einzigartigen Farben.","robots":{"index":"index","follow":"follow","max-snippet":"max-snippet:-1","max-image-preview":"max-image-preview:large","max-video-preview":"max-video-preview:-1"},"canonical":"https:\/\/www.tiptoe.fr\/de\/product\/tiptoe-heju-couchtischbein-43cm\/","og_locale":"de_DE","og_type":"article","og_title":"TIPTOE x HEJU - Couchtischbein 43cm aus Stahl","og_description":"Entdecken Sie die Zusammenarbeit von TIPTOE x HEJU rund um unseren ikonischen Couchtischfu\u00df. Gestalten Sie einen Couchtisch mit einzigartigen Farben.","og_url":"https:\/\/www.tiptoe.fr\/de\/product\/tiptoe-heju-couchtischbein-43cm\/","og_site_name":"TIPTOE","article_publisher":"https:\/\/www.facebook.com\/tiptoedesign","article_modified_time":"2026-02-17T16:18:11+00:00","og_image":[{"width":1600,"height":1600,"url":"https:\/\/www.tiptoe.fr\/wp-content\/uploads\/2023\/12\/Tiptoe_Pied43_Heju_cannelle.png","type":"image\/png"}],"twitter_card":"summary_large_image","twitter_site":"@tiptoedesign","twitter_misc":{"Est. reading time":"1 minute"},"schema":{"@context":"https:\/\/schema.org","@graph":[{"@type":"WebPage","@id":"https:\/\/www.tiptoe.fr\/de\/product\/tiptoe-heju-couchtischbein-43cm\/","url":"https:\/\/www.tiptoe.fr\/de\/product\/tiptoe-heju-couchtischbein-43cm\/","name":"TIPTOE x HEJU - Couchtischbein 43cm aus Stahl","isPartOf":{"@id":"https:\/\/www.tiptoe.fr\/de\/#website"},"primaryImageOfPage":{"@id":"https:\/\/www.tiptoe.fr\/de\/product\/tiptoe-heju-couchtischbein-43cm\/#primaryimage"},"image":{"@id":"https:\/\/www.tiptoe.fr\/de\/product\/tiptoe-heju-couchtischbein-43cm\/#primaryimage"},"thumbnailUrl":"https:\/\/www.tiptoe.fr\/wp-content\/uploads\/2023\/12\/Tiptoe_Pied43_Heju_cannelle.png","datePublished":"2024-01-16T16:09:30+00:00","dateModified":"2026-02-17T16:18:11+00:00","description":"Entdecken Sie die Zusammenarbeit von TIPTOE x HEJU rund um unseren ikonischen Couchtischfu\u00df. Gestalten Sie einen Couchtisch mit einzigartigen Farben.","breadcrumb":{"@id":"https:\/\/www.tiptoe.fr\/de\/product\/tiptoe-heju-couchtischbein-43cm\/#breadcrumb"},"inLanguage":"de-DE","potentialAction":[{"@type":"ReadAction","target":["https:\/\/www.tiptoe.fr\/de\/product\/tiptoe-heju-couchtischbein-43cm\/"]}]},{"@type":"ImageObject","inLanguage":"de-DE","@id":"https:\/\/www.tiptoe.fr\/de\/product\/tiptoe-heju-couchtischbein-43cm\/#primaryimage","url":"https:\/\/www.tiptoe.fr\/wp-content\/uploads\/2023\/12\/Tiptoe_Pied43_Heju_cannelle.png","contentUrl":"https:\/\/www.tiptoe.fr\/wp-content\/uploads\/2023\/12\/Tiptoe_Pied43_Heju_cannelle.png","width":1600,"height":1600},{"@type":"BreadcrumbList","@id":"https:\/\/www.tiptoe.fr\/de\/product\/tiptoe-heju-couchtischbein-43cm\/#breadcrumb","itemListElement":[{"@type":"ListItem","position":1,"name":"Startseite","item":"https:\/\/www.tiptoe.fr\/de\/"},{"@type":"ListItem","position":2,"name":"Shop","item":"https:\/\/www.tiptoe.fr\/shop\/"},{"@type":"ListItem","position":3,"name":"Heju","item":"https:\/\/www.tiptoe.fr\/de\/zusammenarbeit-heju\/"},{"@type":"ListItem","position":4,"name":"TIPTOE x HEJU &#8211; Couchtischbein 43cm"}]},{"@type":"WebSite","@id":"https:\/\/www.tiptoe.fr\/de\/#website","url":"https:\/\/www.tiptoe.fr\/de\/","name":"TIPTOE","description":"","publisher":{"@id":"https:\/\/www.tiptoe.fr\/de\/#organization"},"potentialAction":[{"@type":"SearchAction","target":{"@type":"EntryPoint","urlTemplate":"https:\/\/www.tiptoe.fr\/de\/?s={search_term_string}"},"query-input":{"@type":"PropertyValueSpecification","valueRequired":true,"valueName":"search_term_string"}}],"inLanguage":"de-DE"},{"@type":"Organization","@id":"https:\/\/www.tiptoe.fr\/de\/#organization","name":"TIPTOE","url":"https:\/\/www.tiptoe.fr\/de\/","logo":{"@type":"ImageObject","inLanguage":"de-DE","@id":"https:\/\/www.tiptoe.fr\/de\/#\/schema\/logo\/image\/","url":"https:\/\/www.tiptoe.fr\/wp-content\/uploads\/2024\/06\/Logo.png","contentUrl":"https:\/\/www.tiptoe.fr\/wp-content\/uploads\/2024\/06\/Logo.png","width":133,"height":26,"caption":"TIPTOE"},"image":{"@id":"https:\/\/www.tiptoe.fr\/de\/#\/schema\/logo\/image\/"},"sameAs":["https:\/\/www.facebook.com\/tiptoedesign","https:\/\/x.com\/tiptoedesign","https:\/\/www.instagram.com\/tiptoedesign\/","https:\/\/www.pinterest.fr\/tiptoedesign\/"]}]}},"_links":{"self":[{"href":"https:\/\/www.tiptoe.fr\/de\/wp-json\/wp\/v2\/product\/256244","targetHints":{"allow":["GET"]}}],"collection":[{"href":"https:\/\/www.tiptoe.fr\/de\/wp-json\/wp\/v2\/product"}],"about":[{"href":"https:\/\/www.tiptoe.fr\/de\/wp-json\/wp\/v2\/types\/product"}],"wp:featuredmedia":[{"embeddable":true,"href":"https:\/\/www.tiptoe.fr\/de\/wp-json\/wp\/v2\/media\/255460"}],"wp:attachment":[{"href":"https:\/\/www.tiptoe.fr\/de\/wp-json\/wp\/v2\/media?parent=256244"}],"wp:term":[{"taxonomy":"product_brand","embeddable":true,"href":"https:\/\/www.tiptoe.fr\/de\/wp-json\/wp\/v2\/product_brand?post=256244"},{"taxonomy":"product_cat","embeddable":true,"href":"https:\/\/www.tiptoe.fr\/de\/wp-json\/wp\/v2\/product_cat?post=256244"},{"taxonomy":"product_tag","embeddable":true,"href":"https:\/\/www.tiptoe.fr\/de\/wp-json\/wp\/v2\/product_tag?post=256244"}],"curies":[{"name":"wp","href":"https:\/\/api.w.org\/{rel}","templated":true}]}}