{"id":253132,"date":"2023-11-08T16:58:06","date_gmt":"2023-11-08T16:03:16","guid":{"rendered":"https:\/\/www.tiptoe.fr\/?post_type=product&#038;p=253132"},"modified":"2025-09-29T18:50:54","modified_gmt":"2025-09-29T16:50:54","slug":"set-3-wandregalen-recyceltem-altholz","status":"publish","type":"product","link":"https:\/\/www.tiptoe.fr\/de\/product\/set-3-wandregalen-recyceltem-altholz\/","title":{"rendered":"Set aus 3 Wandregalen BRACKET &#8211; recyceltem Altholz &#8211; 60 bis 150cm"},"content":{"rendered":"<p>Das Wandregal-Set besteht aus 3 Regalb\u00f6den aus recyceltem Altholz in den Ma\u00dfen Ihrer Wahl und 6 Wandhaken aus Stahl.<\/p>\n<p>Dieses Regalset eignet sich ideal als Wandregal in der K\u00fcche oder im Esszimmer sowie als Wandregal im Schlafzimmer oder im Wohnzimmer. Der Charme des recycelten Altholzes wird Ihrem Raum Charakter verleihen.<\/p>\n","protected":false},"excerpt":{"rendered":"<p><strong>\u2713<\/strong> 3 Wandregale aus altem Holz<\/p>\n<p><strong>\u2713<\/strong>\u00a0Verschiedene Gr\u00f6\u00dfen: 60, 90, 120 oder 150 cm.<\/p>\n<p><strong>\u2713<\/strong> Wird mit 6 BRACKET Wandhaken verkauft<\/p>\n<p><strong>\u2713<\/strong>\u00a0100% in Europa hergestellt<\/p>\n","protected":false},"featured_media":280679,"template":"","meta":{"_acf_changed":false},"product_brand":[],"product_cat":[766,768,2475,770],"product_tag":[],"class_list":{"0":"post-253132","1":"product","2":"type-product","3":"status-publish","4":"has-post-thumbnail","6":"product_cat-wandregale","7":"product_cat-wandregal-einheiten","8":"product_cat-wandregale-kueche","9":"product_cat-wand-bibliotheken","10":"product_shipping_class-meubles-complets","12":"first","13":"instock","14":"taxable","15":"shipping-taxable","16":"purchasable","17":"product-type-variable","18":"has-default-attributes"},"acf":[],"yoast_head":"<!-- This site is optimized with the Yoast SEO plugin v26.3 - https:\/\/yoast.com\/wordpress\/plugins\/seo\/ -->\n<title>Set aus 3 Wandregalen aus recyceltem Altholz - 60 bis 150cm<\/title>\n<meta name=\"description\" content=\"Entdecken Sie unser Set aus 3 Wandregalen aus recyceltem Altholz. In verschiedenen Gr\u00f6\u00dfen erh\u00e4ltlich. Ideal f\u00fcr Bibliotheken oder Wandaufbewahrungen.\" \/>\n<meta name=\"robots\" content=\"index, follow, max-snippet:-1, max-image-preview:large, max-video-preview:-1\" \/>\n<link rel=\"canonical\" href=\"https:\/\/www.tiptoe.fr\/de\/product\/set-3-wandregalen-recyceltem-altholz\/\" \/>\n<meta property=\"og:locale\" content=\"de_DE\" \/>\n<meta property=\"og:type\" content=\"article\" \/>\n<meta property=\"og:title\" content=\"Set aus 3 Wandregalen aus recyceltem Altholz - 60 bis 150cm\" \/>\n<meta property=\"og:description\" content=\"Entdecken Sie unser Set aus 3 Wandregalen aus recyceltem Altholz. In verschiedenen Gr\u00f6\u00dfen erh\u00e4ltlich. Ideal f\u00fcr Bibliotheken oder Wandaufbewahrungen.\" \/>\n<meta property=\"og:url\" content=\"https:\/\/www.tiptoe.fr\/de\/product\/set-3-wandregalen-recyceltem-altholz\/\" \/>\n<meta property=\"og:site_name\" content=\"TIPTOE\" \/>\n<meta property=\"article:publisher\" content=\"https:\/\/www.facebook.com\/tiptoedesign\" \/>\n<meta property=\"article:modified_time\" content=\"2025-09-29T16:50:54+00:00\" \/>\n<meta property=\"og:image\" content=\"https:\/\/www.tiptoe.fr\/wp-content\/uploads\/2023\/11\/trio-etageres-bois-ancien-120-noir-style-1.jpg\" \/>\n\t<meta property=\"og:image:width\" content=\"1500\" \/>\n\t<meta property=\"og:image:height\" content=\"1500\" \/>\n\t<meta property=\"og:image:type\" content=\"image\/jpeg\" \/>\n<meta name=\"twitter:card\" content=\"summary_large_image\" \/>\n<meta name=\"twitter:site\" content=\"@tiptoedesign\" \/>\n<meta name=\"twitter:label1\" content=\"Est. reading time\" \/>\n\t<meta name=\"twitter:data1\" content=\"1 minute\" \/>\n<script type=\"application\/ld+json\" class=\"yoast-schema-graph\">{\"@context\":\"https:\/\/schema.org\",\"@graph\":[{\"@type\":\"WebPage\",\"@id\":\"https:\/\/www.tiptoe.fr\/de\/product\/set-3-wandregalen-recyceltem-altholz\/\",\"url\":\"https:\/\/www.tiptoe.fr\/de\/product\/set-3-wandregalen-recyceltem-altholz\/\",\"name\":\"Set aus 3 Wandregalen aus recyceltem Altholz - 60 bis 150cm\",\"isPartOf\":{\"@id\":\"https:\/\/www.tiptoe.fr\/de\/#website\"},\"primaryImageOfPage\":{\"@id\":\"https:\/\/www.tiptoe.fr\/de\/product\/set-3-wandregalen-recyceltem-altholz\/#primaryimage\"},\"image\":{\"@id\":\"https:\/\/www.tiptoe.fr\/de\/product\/set-3-wandregalen-recyceltem-altholz\/#primaryimage\"},\"thumbnailUrl\":\"https:\/\/www.tiptoe.fr\/wp-content\/uploads\/2023\/11\/trio-etageres-bois-ancien-120-noir-style-1.jpg\",\"datePublished\":\"2023-11-08T16:03:16+00:00\",\"dateModified\":\"2025-09-29T16:50:54+00:00\",\"description\":\"Entdecken Sie unser Set aus 3 Wandregalen aus recyceltem Altholz. In verschiedenen Gr\u00f6\u00dfen erh\u00e4ltlich. Ideal f\u00fcr Bibliotheken oder Wandaufbewahrungen.\",\"breadcrumb\":{\"@id\":\"https:\/\/www.tiptoe.fr\/de\/product\/set-3-wandregalen-recyceltem-altholz\/#breadcrumb\"},\"inLanguage\":\"de-DE\",\"potentialAction\":[{\"@type\":\"ReadAction\",\"target\":[\"https:\/\/www.tiptoe.fr\/de\/product\/set-3-wandregalen-recyceltem-altholz\/\"]}]},{\"@type\":\"ImageObject\",\"inLanguage\":\"de-DE\",\"@id\":\"https:\/\/www.tiptoe.fr\/de\/product\/set-3-wandregalen-recyceltem-altholz\/#primaryimage\",\"url\":\"https:\/\/www.tiptoe.fr\/wp-content\/uploads\/2023\/11\/trio-etageres-bois-ancien-120-noir-style-1.jpg\",\"contentUrl\":\"https:\/\/www.tiptoe.fr\/wp-content\/uploads\/2023\/11\/trio-etageres-bois-ancien-120-noir-style-1.jpg\",\"width\":1500,\"height\":1500},{\"@type\":\"BreadcrumbList\",\"@id\":\"https:\/\/www.tiptoe.fr\/de\/product\/set-3-wandregalen-recyceltem-altholz\/#breadcrumb\",\"itemListElement\":[{\"@type\":\"ListItem\",\"position\":1,\"name\":\"Startseite\",\"item\":\"https:\/\/www.tiptoe.fr\/de\/\"},{\"@type\":\"ListItem\",\"position\":2,\"name\":\"Shop\",\"item\":\"https:\/\/www.tiptoe.fr\/shop\/\"},{\"@type\":\"ListItem\",\"position\":3,\"name\":\"Wandregale\",\"item\":\"https:\/\/www.tiptoe.fr\/de\/wandregale\/\"},{\"@type\":\"ListItem\",\"position\":4,\"name\":\"Wandb\u00fccherregale\",\"item\":\"https:\/\/www.tiptoe.fr\/de\/wandregale\/wand-bibliotheken\/\"},{\"@type\":\"ListItem\",\"position\":5,\"name\":\"Set aus 3 Wandregalen BRACKET &#8211; recyceltem Altholz &#8211; 60 bis 150cm\"}]},{\"@type\":\"WebSite\",\"@id\":\"https:\/\/www.tiptoe.fr\/de\/#website\",\"url\":\"https:\/\/www.tiptoe.fr\/de\/\",\"name\":\"TIPTOE\",\"description\":\"\",\"publisher\":{\"@id\":\"https:\/\/www.tiptoe.fr\/de\/#organization\"},\"potentialAction\":[{\"@type\":\"SearchAction\",\"target\":{\"@type\":\"EntryPoint\",\"urlTemplate\":\"https:\/\/www.tiptoe.fr\/de\/?s={search_term_string}\"},\"query-input\":{\"@type\":\"PropertyValueSpecification\",\"valueRequired\":true,\"valueName\":\"search_term_string\"}}],\"inLanguage\":\"de-DE\"},{\"@type\":\"Organization\",\"@id\":\"https:\/\/www.tiptoe.fr\/de\/#organization\",\"name\":\"TIPTOE\",\"url\":\"https:\/\/www.tiptoe.fr\/de\/\",\"logo\":{\"@type\":\"ImageObject\",\"inLanguage\":\"de-DE\",\"@id\":\"https:\/\/www.tiptoe.fr\/de\/#\/schema\/logo\/image\/\",\"url\":\"https:\/\/www.tiptoe.fr\/wp-content\/uploads\/2024\/06\/Logo.png\",\"contentUrl\":\"https:\/\/www.tiptoe.fr\/wp-content\/uploads\/2024\/06\/Logo.png\",\"width\":133,\"height\":26,\"caption\":\"TIPTOE\"},\"image\":{\"@id\":\"https:\/\/www.tiptoe.fr\/de\/#\/schema\/logo\/image\/\"},\"sameAs\":[\"https:\/\/www.facebook.com\/tiptoedesign\",\"https:\/\/x.com\/tiptoedesign\",\"https:\/\/www.instagram.com\/tiptoedesign\/\",\"https:\/\/www.pinterest.fr\/tiptoedesign\/\"]}]}<\/script>\n<!-- \/ Yoast SEO plugin. -->","yoast_head_json":{"title":"Set aus 3 Wandregalen aus recyceltem Altholz - 60 bis 150cm","description":"Entdecken Sie unser Set aus 3 Wandregalen aus recyceltem Altholz. In verschiedenen Gr\u00f6\u00dfen erh\u00e4ltlich. Ideal f\u00fcr Bibliotheken oder Wandaufbewahrungen.","robots":{"index":"index","follow":"follow","max-snippet":"max-snippet:-1","max-image-preview":"max-image-preview:large","max-video-preview":"max-video-preview:-1"},"canonical":"https:\/\/www.tiptoe.fr\/de\/product\/set-3-wandregalen-recyceltem-altholz\/","og_locale":"de_DE","og_type":"article","og_title":"Set aus 3 Wandregalen aus recyceltem Altholz - 60 bis 150cm","og_description":"Entdecken Sie unser Set aus 3 Wandregalen aus recyceltem Altholz. In verschiedenen Gr\u00f6\u00dfen erh\u00e4ltlich. Ideal f\u00fcr Bibliotheken oder Wandaufbewahrungen.","og_url":"https:\/\/www.tiptoe.fr\/de\/product\/set-3-wandregalen-recyceltem-altholz\/","og_site_name":"TIPTOE","article_publisher":"https:\/\/www.facebook.com\/tiptoedesign","article_modified_time":"2025-09-29T16:50:54+00:00","og_image":[{"width":1500,"height":1500,"url":"https:\/\/www.tiptoe.fr\/wp-content\/uploads\/2023\/11\/trio-etageres-bois-ancien-120-noir-style-1.jpg","type":"image\/jpeg"}],"twitter_card":"summary_large_image","twitter_site":"@tiptoedesign","twitter_misc":{"Est. reading time":"1 minute"},"schema":{"@context":"https:\/\/schema.org","@graph":[{"@type":"WebPage","@id":"https:\/\/www.tiptoe.fr\/de\/product\/set-3-wandregalen-recyceltem-altholz\/","url":"https:\/\/www.tiptoe.fr\/de\/product\/set-3-wandregalen-recyceltem-altholz\/","name":"Set aus 3 Wandregalen aus recyceltem Altholz - 60 bis 150cm","isPartOf":{"@id":"https:\/\/www.tiptoe.fr\/de\/#website"},"primaryImageOfPage":{"@id":"https:\/\/www.tiptoe.fr\/de\/product\/set-3-wandregalen-recyceltem-altholz\/#primaryimage"},"image":{"@id":"https:\/\/www.tiptoe.fr\/de\/product\/set-3-wandregalen-recyceltem-altholz\/#primaryimage"},"thumbnailUrl":"https:\/\/www.tiptoe.fr\/wp-content\/uploads\/2023\/11\/trio-etageres-bois-ancien-120-noir-style-1.jpg","datePublished":"2023-11-08T16:03:16+00:00","dateModified":"2025-09-29T16:50:54+00:00","description":"Entdecken Sie unser Set aus 3 Wandregalen aus recyceltem Altholz. In verschiedenen Gr\u00f6\u00dfen erh\u00e4ltlich. Ideal f\u00fcr Bibliotheken oder Wandaufbewahrungen.","breadcrumb":{"@id":"https:\/\/www.tiptoe.fr\/de\/product\/set-3-wandregalen-recyceltem-altholz\/#breadcrumb"},"inLanguage":"de-DE","potentialAction":[{"@type":"ReadAction","target":["https:\/\/www.tiptoe.fr\/de\/product\/set-3-wandregalen-recyceltem-altholz\/"]}]},{"@type":"ImageObject","inLanguage":"de-DE","@id":"https:\/\/www.tiptoe.fr\/de\/product\/set-3-wandregalen-recyceltem-altholz\/#primaryimage","url":"https:\/\/www.tiptoe.fr\/wp-content\/uploads\/2023\/11\/trio-etageres-bois-ancien-120-noir-style-1.jpg","contentUrl":"https:\/\/www.tiptoe.fr\/wp-content\/uploads\/2023\/11\/trio-etageres-bois-ancien-120-noir-style-1.jpg","width":1500,"height":1500},{"@type":"BreadcrumbList","@id":"https:\/\/www.tiptoe.fr\/de\/product\/set-3-wandregalen-recyceltem-altholz\/#breadcrumb","itemListElement":[{"@type":"ListItem","position":1,"name":"Startseite","item":"https:\/\/www.tiptoe.fr\/de\/"},{"@type":"ListItem","position":2,"name":"Shop","item":"https:\/\/www.tiptoe.fr\/shop\/"},{"@type":"ListItem","position":3,"name":"Wandregale","item":"https:\/\/www.tiptoe.fr\/de\/wandregale\/"},{"@type":"ListItem","position":4,"name":"Wandb\u00fccherregale","item":"https:\/\/www.tiptoe.fr\/de\/wandregale\/wand-bibliotheken\/"},{"@type":"ListItem","position":5,"name":"Set aus 3 Wandregalen BRACKET &#8211; recyceltem Altholz &#8211; 60 bis 150cm"}]},{"@type":"WebSite","@id":"https:\/\/www.tiptoe.fr\/de\/#website","url":"https:\/\/www.tiptoe.fr\/de\/","name":"TIPTOE","description":"","publisher":{"@id":"https:\/\/www.tiptoe.fr\/de\/#organization"},"potentialAction":[{"@type":"SearchAction","target":{"@type":"EntryPoint","urlTemplate":"https:\/\/www.tiptoe.fr\/de\/?s={search_term_string}"},"query-input":{"@type":"PropertyValueSpecification","valueRequired":true,"valueName":"search_term_string"}}],"inLanguage":"de-DE"},{"@type":"Organization","@id":"https:\/\/www.tiptoe.fr\/de\/#organization","name":"TIPTOE","url":"https:\/\/www.tiptoe.fr\/de\/","logo":{"@type":"ImageObject","inLanguage":"de-DE","@id":"https:\/\/www.tiptoe.fr\/de\/#\/schema\/logo\/image\/","url":"https:\/\/www.tiptoe.fr\/wp-content\/uploads\/2024\/06\/Logo.png","contentUrl":"https:\/\/www.tiptoe.fr\/wp-content\/uploads\/2024\/06\/Logo.png","width":133,"height":26,"caption":"TIPTOE"},"image":{"@id":"https:\/\/www.tiptoe.fr\/de\/#\/schema\/logo\/image\/"},"sameAs":["https:\/\/www.facebook.com\/tiptoedesign","https:\/\/x.com\/tiptoedesign","https:\/\/www.instagram.com\/tiptoedesign\/","https:\/\/www.pinterest.fr\/tiptoedesign\/"]}]}},"_links":{"self":[{"href":"https:\/\/www.tiptoe.fr\/de\/wp-json\/wp\/v2\/product\/253132","targetHints":{"allow":["GET"]}}],"collection":[{"href":"https:\/\/www.tiptoe.fr\/de\/wp-json\/wp\/v2\/product"}],"about":[{"href":"https:\/\/www.tiptoe.fr\/de\/wp-json\/wp\/v2\/types\/product"}],"wp:featuredmedia":[{"embeddable":true,"href":"https:\/\/www.tiptoe.fr\/de\/wp-json\/wp\/v2\/media\/280679"}],"wp:attachment":[{"href":"https:\/\/www.tiptoe.fr\/de\/wp-json\/wp\/v2\/media?parent=253132"}],"wp:term":[{"taxonomy":"product_brand","embeddable":true,"href":"https:\/\/www.tiptoe.fr\/de\/wp-json\/wp\/v2\/product_brand?post=253132"},{"taxonomy":"product_cat","embeddable":true,"href":"https:\/\/www.tiptoe.fr\/de\/wp-json\/wp\/v2\/product_cat?post=253132"},{"taxonomy":"product_tag","embeddable":true,"href":"https:\/\/www.tiptoe.fr\/de\/wp-json\/wp\/v2\/product_tag?post=253132"}],"curies":[{"name":"wp","href":"https:\/\/api.w.org\/{rel}","templated":true}]}}