{"id":248374,"date":"2023-07-24T18:25:16","date_gmt":"2023-07-24T16:25:39","guid":{"rendered":"https:\/\/www.tiptoe.fr\/?post_type=product&#038;p=248374"},"modified":"2025-09-29T18:50:44","modified_gmt":"2025-09-29T16:50:44","slug":"set-2-bracket-wandhaken","status":"publish","type":"product","link":"https:\/\/www.tiptoe.fr\/de\/product\/set-2-bracket-wandhaken\/","title":{"rendered":"Set aus 2 BRACKET Wandhaken"},"content":{"rendered":"<p>Mit dem BRACKET Wandhaken von TIPTOE k\u00f6nnen Sie dank der Schraubzwinge ein <strong>Wandregal, ein B\u00fccherregal oder einen Nachttisch<\/strong> mit einer Vielzahl von Einlegeb\u00f6den schaffen. Sie k\u00f6nnen ihn auch mit den <strong>TIPTOE-Tischbeinen kombinieren<\/strong> und so einen <strong>an der Wand befestigten Schreibtisch, eine Arbeitsfl\u00e4che oder einen Stehimbiss schaffen.<\/strong><\/p>\n","protected":false},"excerpt":{"rendered":"<p style=\"text-align: left;\"><strong>\u2713<\/strong> Set aus 2 Wandhaken aus Stahl<\/p>\n<p style=\"text-align: left;\"><strong>\u2713<\/strong> F\u00fcr Wandregal oder an der Wand befestigtes M\u00f6belst\u00fcck<\/p>\n<p style=\"text-align: left;\"><strong>\u2713<\/strong> Schrauben und D\u00fcbel nicht im Lieferumfang enthalten<\/p>\n<p style=\"text-align: left;\"><strong>\u2713<\/strong> 100% in Europa hergestellt<\/p>\n","protected":false},"featured_media":300149,"template":"","meta":{"_acf_changed":false},"product_brand":[],"product_cat":[766,767,768,770,2475],"product_tag":[795,805,806],"class_list":{"0":"post-248374","1":"product","2":"type-product","3":"status-publish","4":"has-post-thumbnail","6":"product_cat-wandregale","7":"product_cat-wandablagen","8":"product_cat-wandregal-einheiten","9":"product_cat-wand-bibliotheken","10":"product_cat-wandregale-kueche","11":"product_tag-bois-ancien-de","12":"product_tag-plastique-recycle-de","13":"product_tag-bois-massif-de","14":"product_shipping_class-colis","16":"first","17":"instock","18":"taxable","19":"shipping-taxable","20":"purchasable","21":"product-type-variable","22":"has-default-attributes"},"acf":[],"yoast_head":"<!-- This site is optimized with the Yoast SEO plugin v26.3 - https:\/\/yoast.com\/wordpress\/plugins\/seo\/ -->\n<title>Set aus 2 Wandhaken BRACKET aus Stahl | TIPTOE<\/title>\n<meta name=\"description\" content=\"Entdecken Sie unser Set aus 2 Wandhaken BRACKET aus Stahl. Kreieren Sie ein einzigartiges Design-Wandregal. Erh\u00e4ltlich in verschiedenen Farben.\" \/>\n<meta name=\"robots\" content=\"index, follow, max-snippet:-1, max-image-preview:large, max-video-preview:-1\" \/>\n<link rel=\"canonical\" href=\"https:\/\/www.tiptoe.fr\/de\/product\/set-2-bracket-wandhaken\/\" \/>\n<meta property=\"og:locale\" content=\"de_DE\" \/>\n<meta property=\"og:type\" content=\"article\" \/>\n<meta property=\"og:title\" content=\"Set aus 2 Wandhaken BRACKET aus Stahl | TIPTOE\" \/>\n<meta property=\"og:description\" content=\"Entdecken Sie unser Set aus 2 Wandhaken BRACKET aus Stahl. Kreieren Sie ein einzigartiges Design-Wandregal. Erh\u00e4ltlich in verschiedenen Farben.\" \/>\n<meta property=\"og:url\" content=\"https:\/\/www.tiptoe.fr\/de\/product\/set-2-bracket-wandhaken\/\" \/>\n<meta property=\"og:site_name\" content=\"TIPTOE\" \/>\n<meta property=\"article:publisher\" content=\"https:\/\/www.facebook.com\/tiptoedesign\" \/>\n<meta property=\"article:modified_time\" content=\"2025-09-29T16:50:44+00:00\" \/>\n<meta property=\"og:image\" content=\"https:\/\/www.tiptoe.fr\/wp-content\/uploads\/2025\/06\/Tiptoe_Bracket_Pack_GrisEucalyptus.jpg\" \/>\n\t<meta property=\"og:image:width\" content=\"1920\" \/>\n\t<meta property=\"og:image:height\" content=\"1920\" \/>\n\t<meta property=\"og:image:type\" content=\"image\/jpeg\" \/>\n<meta name=\"twitter:card\" content=\"summary_large_image\" \/>\n<meta name=\"twitter:site\" content=\"@tiptoedesign\" \/>\n<meta name=\"twitter:label1\" content=\"Est. reading time\" \/>\n\t<meta name=\"twitter:data1\" content=\"1 minute\" \/>\n<script type=\"application\/ld+json\" class=\"yoast-schema-graph\">{\"@context\":\"https:\/\/schema.org\",\"@graph\":[{\"@type\":\"WebPage\",\"@id\":\"https:\/\/www.tiptoe.fr\/de\/product\/set-2-bracket-wandhaken\/\",\"url\":\"https:\/\/www.tiptoe.fr\/de\/product\/set-2-bracket-wandhaken\/\",\"name\":\"Set aus 2 Wandhaken BRACKET aus Stahl | TIPTOE\",\"isPartOf\":{\"@id\":\"https:\/\/www.tiptoe.fr\/de\/#website\"},\"primaryImageOfPage\":{\"@id\":\"https:\/\/www.tiptoe.fr\/de\/product\/set-2-bracket-wandhaken\/#primaryimage\"},\"image\":{\"@id\":\"https:\/\/www.tiptoe.fr\/de\/product\/set-2-bracket-wandhaken\/#primaryimage\"},\"thumbnailUrl\":\"https:\/\/www.tiptoe.fr\/wp-content\/uploads\/2025\/06\/Tiptoe_Bracket_Pack_GrisEucalyptus.jpg\",\"datePublished\":\"2023-07-24T16:25:39+00:00\",\"dateModified\":\"2025-09-29T16:50:44+00:00\",\"description\":\"Entdecken Sie unser Set aus 2 Wandhaken BRACKET aus Stahl. Kreieren Sie ein einzigartiges Design-Wandregal. Erh\u00e4ltlich in verschiedenen Farben.\",\"breadcrumb\":{\"@id\":\"https:\/\/www.tiptoe.fr\/de\/product\/set-2-bracket-wandhaken\/#breadcrumb\"},\"inLanguage\":\"de-DE\",\"potentialAction\":[{\"@type\":\"ReadAction\",\"target\":[\"https:\/\/www.tiptoe.fr\/de\/product\/set-2-bracket-wandhaken\/\"]}]},{\"@type\":\"ImageObject\",\"inLanguage\":\"de-DE\",\"@id\":\"https:\/\/www.tiptoe.fr\/de\/product\/set-2-bracket-wandhaken\/#primaryimage\",\"url\":\"https:\/\/www.tiptoe.fr\/wp-content\/uploads\/2025\/06\/Tiptoe_Bracket_Pack_GrisEucalyptus.jpg\",\"contentUrl\":\"https:\/\/www.tiptoe.fr\/wp-content\/uploads\/2025\/06\/Tiptoe_Bracket_Pack_GrisEucalyptus.jpg\",\"width\":1920,\"height\":1920},{\"@type\":\"BreadcrumbList\",\"@id\":\"https:\/\/www.tiptoe.fr\/de\/product\/set-2-bracket-wandhaken\/#breadcrumb\",\"itemListElement\":[{\"@type\":\"ListItem\",\"position\":1,\"name\":\"Startseite\",\"item\":\"https:\/\/www.tiptoe.fr\/de\/\"},{\"@type\":\"ListItem\",\"position\":2,\"name\":\"Shop\",\"item\":\"https:\/\/www.tiptoe.fr\/shop\/\"},{\"@type\":\"ListItem\",\"position\":3,\"name\":\"Wandregale\",\"item\":\"https:\/\/www.tiptoe.fr\/de\/wandregale\/\"},{\"@type\":\"ListItem\",\"position\":4,\"name\":\"Set aus 2 BRACKET Wandhaken\"}]},{\"@type\":\"WebSite\",\"@id\":\"https:\/\/www.tiptoe.fr\/de\/#website\",\"url\":\"https:\/\/www.tiptoe.fr\/de\/\",\"name\":\"TIPTOE\",\"description\":\"\",\"publisher\":{\"@id\":\"https:\/\/www.tiptoe.fr\/de\/#organization\"},\"potentialAction\":[{\"@type\":\"SearchAction\",\"target\":{\"@type\":\"EntryPoint\",\"urlTemplate\":\"https:\/\/www.tiptoe.fr\/de\/?s={search_term_string}\"},\"query-input\":{\"@type\":\"PropertyValueSpecification\",\"valueRequired\":true,\"valueName\":\"search_term_string\"}}],\"inLanguage\":\"de-DE\"},{\"@type\":\"Organization\",\"@id\":\"https:\/\/www.tiptoe.fr\/de\/#organization\",\"name\":\"TIPTOE\",\"url\":\"https:\/\/www.tiptoe.fr\/de\/\",\"logo\":{\"@type\":\"ImageObject\",\"inLanguage\":\"de-DE\",\"@id\":\"https:\/\/www.tiptoe.fr\/de\/#\/schema\/logo\/image\/\",\"url\":\"https:\/\/www.tiptoe.fr\/wp-content\/uploads\/2024\/06\/Logo.png\",\"contentUrl\":\"https:\/\/www.tiptoe.fr\/wp-content\/uploads\/2024\/06\/Logo.png\",\"width\":133,\"height\":26,\"caption\":\"TIPTOE\"},\"image\":{\"@id\":\"https:\/\/www.tiptoe.fr\/de\/#\/schema\/logo\/image\/\"},\"sameAs\":[\"https:\/\/www.facebook.com\/tiptoedesign\",\"https:\/\/x.com\/tiptoedesign\",\"https:\/\/www.instagram.com\/tiptoedesign\/\",\"https:\/\/www.pinterest.fr\/tiptoedesign\/\"]}]}<\/script>\n<!-- \/ Yoast SEO plugin. -->","yoast_head_json":{"title":"Set aus 2 Wandhaken BRACKET aus Stahl | TIPTOE","description":"Entdecken Sie unser Set aus 2 Wandhaken BRACKET aus Stahl. Kreieren Sie ein einzigartiges Design-Wandregal. Erh\u00e4ltlich in verschiedenen Farben.","robots":{"index":"index","follow":"follow","max-snippet":"max-snippet:-1","max-image-preview":"max-image-preview:large","max-video-preview":"max-video-preview:-1"},"canonical":"https:\/\/www.tiptoe.fr\/de\/product\/set-2-bracket-wandhaken\/","og_locale":"de_DE","og_type":"article","og_title":"Set aus 2 Wandhaken BRACKET aus Stahl | TIPTOE","og_description":"Entdecken Sie unser Set aus 2 Wandhaken BRACKET aus Stahl. Kreieren Sie ein einzigartiges Design-Wandregal. Erh\u00e4ltlich in verschiedenen Farben.","og_url":"https:\/\/www.tiptoe.fr\/de\/product\/set-2-bracket-wandhaken\/","og_site_name":"TIPTOE","article_publisher":"https:\/\/www.facebook.com\/tiptoedesign","article_modified_time":"2025-09-29T16:50:44+00:00","og_image":[{"width":1920,"height":1920,"url":"https:\/\/www.tiptoe.fr\/wp-content\/uploads\/2025\/06\/Tiptoe_Bracket_Pack_GrisEucalyptus.jpg","type":"image\/jpeg"}],"twitter_card":"summary_large_image","twitter_site":"@tiptoedesign","twitter_misc":{"Est. reading time":"1 minute"},"schema":{"@context":"https:\/\/schema.org","@graph":[{"@type":"WebPage","@id":"https:\/\/www.tiptoe.fr\/de\/product\/set-2-bracket-wandhaken\/","url":"https:\/\/www.tiptoe.fr\/de\/product\/set-2-bracket-wandhaken\/","name":"Set aus 2 Wandhaken BRACKET aus Stahl | TIPTOE","isPartOf":{"@id":"https:\/\/www.tiptoe.fr\/de\/#website"},"primaryImageOfPage":{"@id":"https:\/\/www.tiptoe.fr\/de\/product\/set-2-bracket-wandhaken\/#primaryimage"},"image":{"@id":"https:\/\/www.tiptoe.fr\/de\/product\/set-2-bracket-wandhaken\/#primaryimage"},"thumbnailUrl":"https:\/\/www.tiptoe.fr\/wp-content\/uploads\/2025\/06\/Tiptoe_Bracket_Pack_GrisEucalyptus.jpg","datePublished":"2023-07-24T16:25:39+00:00","dateModified":"2025-09-29T16:50:44+00:00","description":"Entdecken Sie unser Set aus 2 Wandhaken BRACKET aus Stahl. Kreieren Sie ein einzigartiges Design-Wandregal. Erh\u00e4ltlich in verschiedenen Farben.","breadcrumb":{"@id":"https:\/\/www.tiptoe.fr\/de\/product\/set-2-bracket-wandhaken\/#breadcrumb"},"inLanguage":"de-DE","potentialAction":[{"@type":"ReadAction","target":["https:\/\/www.tiptoe.fr\/de\/product\/set-2-bracket-wandhaken\/"]}]},{"@type":"ImageObject","inLanguage":"de-DE","@id":"https:\/\/www.tiptoe.fr\/de\/product\/set-2-bracket-wandhaken\/#primaryimage","url":"https:\/\/www.tiptoe.fr\/wp-content\/uploads\/2025\/06\/Tiptoe_Bracket_Pack_GrisEucalyptus.jpg","contentUrl":"https:\/\/www.tiptoe.fr\/wp-content\/uploads\/2025\/06\/Tiptoe_Bracket_Pack_GrisEucalyptus.jpg","width":1920,"height":1920},{"@type":"BreadcrumbList","@id":"https:\/\/www.tiptoe.fr\/de\/product\/set-2-bracket-wandhaken\/#breadcrumb","itemListElement":[{"@type":"ListItem","position":1,"name":"Startseite","item":"https:\/\/www.tiptoe.fr\/de\/"},{"@type":"ListItem","position":2,"name":"Shop","item":"https:\/\/www.tiptoe.fr\/shop\/"},{"@type":"ListItem","position":3,"name":"Wandregale","item":"https:\/\/www.tiptoe.fr\/de\/wandregale\/"},{"@type":"ListItem","position":4,"name":"Set aus 2 BRACKET Wandhaken"}]},{"@type":"WebSite","@id":"https:\/\/www.tiptoe.fr\/de\/#website","url":"https:\/\/www.tiptoe.fr\/de\/","name":"TIPTOE","description":"","publisher":{"@id":"https:\/\/www.tiptoe.fr\/de\/#organization"},"potentialAction":[{"@type":"SearchAction","target":{"@type":"EntryPoint","urlTemplate":"https:\/\/www.tiptoe.fr\/de\/?s={search_term_string}"},"query-input":{"@type":"PropertyValueSpecification","valueRequired":true,"valueName":"search_term_string"}}],"inLanguage":"de-DE"},{"@type":"Organization","@id":"https:\/\/www.tiptoe.fr\/de\/#organization","name":"TIPTOE","url":"https:\/\/www.tiptoe.fr\/de\/","logo":{"@type":"ImageObject","inLanguage":"de-DE","@id":"https:\/\/www.tiptoe.fr\/de\/#\/schema\/logo\/image\/","url":"https:\/\/www.tiptoe.fr\/wp-content\/uploads\/2024\/06\/Logo.png","contentUrl":"https:\/\/www.tiptoe.fr\/wp-content\/uploads\/2024\/06\/Logo.png","width":133,"height":26,"caption":"TIPTOE"},"image":{"@id":"https:\/\/www.tiptoe.fr\/de\/#\/schema\/logo\/image\/"},"sameAs":["https:\/\/www.facebook.com\/tiptoedesign","https:\/\/x.com\/tiptoedesign","https:\/\/www.instagram.com\/tiptoedesign\/","https:\/\/www.pinterest.fr\/tiptoedesign\/"]}]}},"_links":{"self":[{"href":"https:\/\/www.tiptoe.fr\/de\/wp-json\/wp\/v2\/product\/248374","targetHints":{"allow":["GET"]}}],"collection":[{"href":"https:\/\/www.tiptoe.fr\/de\/wp-json\/wp\/v2\/product"}],"about":[{"href":"https:\/\/www.tiptoe.fr\/de\/wp-json\/wp\/v2\/types\/product"}],"wp:featuredmedia":[{"embeddable":true,"href":"https:\/\/www.tiptoe.fr\/de\/wp-json\/wp\/v2\/media\/300149"}],"wp:attachment":[{"href":"https:\/\/www.tiptoe.fr\/de\/wp-json\/wp\/v2\/media?parent=248374"}],"wp:term":[{"taxonomy":"product_brand","embeddable":true,"href":"https:\/\/www.tiptoe.fr\/de\/wp-json\/wp\/v2\/product_brand?post=248374"},{"taxonomy":"product_cat","embeddable":true,"href":"https:\/\/www.tiptoe.fr\/de\/wp-json\/wp\/v2\/product_cat?post=248374"},{"taxonomy":"product_tag","embeddable":true,"href":"https:\/\/www.tiptoe.fr\/de\/wp-json\/wp\/v2\/product_tag?post=248374"}],"curies":[{"name":"wp","href":"https:\/\/api.w.org\/{rel}","templated":true}]}}