{"id":243207,"date":"2023-05-23T10:12:56","date_gmt":"2023-05-23T08:17:19","guid":{"rendered":"https:\/\/www.tiptoe.fr\/?post_type=product&#038;p=243207"},"modified":"2025-09-29T18:50:18","modified_gmt":"2025-09-29T16:50:18","slug":"bistrotisch-moka-massive-eiche","status":"publish","type":"product","link":"https:\/\/www.tiptoe.fr\/de\/product\/bistrotisch-moka-massive-eiche\/","title":{"rendered":"Bistrotisch MOKA &#8211; massive Eiche"},"content":{"rendered":"<p>Der Bistrotisch MOKA ist ideal f\u00fcr zwei Personen und erm\u00f6glicht es Ihnen, eine gem\u00fctliche Ecke in Ihrer K\u00fcche oder Ihrem Esszimmer einzurichten. Er besteht aus einem Gestell aus pulverbeschichtetem Stahl und einer quadratischen oder runden Tischplatte aus massiver Eiche und passt mit seinem minimalistischen Design in jede Einrichtung.<\/p>\n","protected":false},"excerpt":{"rendered":"<p style=\"text-align: left;\"><strong>\u2713<\/strong> Bistrotisch 75 cm rund oder quadratisch<\/p>\n<p style=\"text-align: left;\"><strong>\u2713<\/strong> Tischplatte aus massiver Eiche<\/p>\n<p style=\"text-align: left;\"><strong>\u2713<\/strong> Gestell aus pulverbeschichtetem Stahl<\/p>\n<p style=\"text-align: left;\"><strong>\u2713<\/strong> 100% in Europa hergestellt<\/p>\n","protected":false},"featured_media":242791,"template":"","meta":{"_acf_changed":false},"product_brand":[],"product_cat":[940,755,1536,761,801],"product_tag":[],"class_list":{"0":"post-243207","1":"product","2":"type-product","3":"status-publish","4":"has-post-thumbnail","6":"product_cat-restaurantmobel","7":"product_cat-esstische","8":"product_cat-kollektion-tische-moka","9":"product_cat-office-mobel-unternehmen","10":"product_cat-tische-und-schreibtische","11":"product_shipping_class-meubles-complets","13":"first","14":"instock","15":"taxable","16":"shipping-taxable","17":"purchasable","18":"product-type-variable","19":"has-default-attributes"},"acf":[],"yoast_head":"<!-- This site is optimized with the Yoast SEO plugin v26.3 - https:\/\/yoast.com\/wordpress\/plugins\/seo\/ -->\n<title>Bistrotisch MOKA aus massiver Eiche, H\u00f6he 75 cm<\/title>\n<meta name=\"description\" content=\"Entdecken Sie den Bistrotisch MOKA mit seiner Tischplatte aus massiver Eiche und seinem Gestell aus pulverbeschichtetem Stahl.\" \/>\n<meta name=\"robots\" content=\"index, follow, max-snippet:-1, max-image-preview:large, max-video-preview:-1\" \/>\n<link rel=\"canonical\" href=\"https:\/\/www.tiptoe.fr\/de\/product\/bistrotisch-moka-massive-eiche\/\" \/>\n<meta property=\"og:locale\" content=\"de_DE\" \/>\n<meta property=\"og:type\" content=\"article\" \/>\n<meta property=\"og:title\" content=\"Bistrotisch MOKA aus massiver Eiche, H\u00f6he 75 cm\" \/>\n<meta property=\"og:description\" content=\"Entdecken Sie den Bistrotisch MOKA mit seiner Tischplatte aus massiver Eiche und seinem Gestell aus pulverbeschichtetem Stahl.\" \/>\n<meta property=\"og:url\" content=\"https:\/\/www.tiptoe.fr\/de\/product\/bistrotisch-moka-massive-eiche\/\" \/>\n<meta property=\"og:site_name\" content=\"TIPTOE\" \/>\n<meta property=\"article:publisher\" content=\"https:\/\/www.facebook.com\/tiptoedesign\" \/>\n<meta property=\"article:modified_time\" content=\"2025-09-29T16:50:18+00:00\" \/>\n<meta property=\"og:image\" content=\"https:\/\/www.tiptoe.fr\/wp-content\/uploads\/2023\/04\/moka-chene-h75-rond70-noir.jpg\" \/>\n\t<meta property=\"og:image:width\" content=\"1500\" \/>\n\t<meta property=\"og:image:height\" content=\"1500\" \/>\n\t<meta property=\"og:image:type\" content=\"image\/jpeg\" \/>\n<meta name=\"twitter:card\" content=\"summary_large_image\" \/>\n<meta name=\"twitter:site\" content=\"@tiptoedesign\" \/>\n<meta name=\"twitter:label1\" content=\"Est. reading time\" \/>\n\t<meta name=\"twitter:data1\" content=\"1 minute\" \/>\n<script type=\"application\/ld+json\" class=\"yoast-schema-graph\">{\"@context\":\"https:\/\/schema.org\",\"@graph\":[{\"@type\":\"WebPage\",\"@id\":\"https:\/\/www.tiptoe.fr\/de\/product\/bistrotisch-moka-massive-eiche\/\",\"url\":\"https:\/\/www.tiptoe.fr\/de\/product\/bistrotisch-moka-massive-eiche\/\",\"name\":\"Bistrotisch MOKA aus massiver Eiche, H\u00f6he 75 cm\",\"isPartOf\":{\"@id\":\"https:\/\/www.tiptoe.fr\/de\/#website\"},\"primaryImageOfPage\":{\"@id\":\"https:\/\/www.tiptoe.fr\/de\/product\/bistrotisch-moka-massive-eiche\/#primaryimage\"},\"image\":{\"@id\":\"https:\/\/www.tiptoe.fr\/de\/product\/bistrotisch-moka-massive-eiche\/#primaryimage\"},\"thumbnailUrl\":\"https:\/\/www.tiptoe.fr\/wp-content\/uploads\/2023\/04\/moka-chene-h75-rond70-noir.jpg\",\"datePublished\":\"2023-05-23T08:17:19+00:00\",\"dateModified\":\"2025-09-29T16:50:18+00:00\",\"description\":\"Entdecken Sie den Bistrotisch MOKA mit seiner Tischplatte aus massiver Eiche und seinem Gestell aus pulverbeschichtetem Stahl.\",\"breadcrumb\":{\"@id\":\"https:\/\/www.tiptoe.fr\/de\/product\/bistrotisch-moka-massive-eiche\/#breadcrumb\"},\"inLanguage\":\"de-DE\",\"potentialAction\":[{\"@type\":\"ReadAction\",\"target\":[\"https:\/\/www.tiptoe.fr\/de\/product\/bistrotisch-moka-massive-eiche\/\"]}]},{\"@type\":\"ImageObject\",\"inLanguage\":\"de-DE\",\"@id\":\"https:\/\/www.tiptoe.fr\/de\/product\/bistrotisch-moka-massive-eiche\/#primaryimage\",\"url\":\"https:\/\/www.tiptoe.fr\/wp-content\/uploads\/2023\/04\/moka-chene-h75-rond70-noir.jpg\",\"contentUrl\":\"https:\/\/www.tiptoe.fr\/wp-content\/uploads\/2023\/04\/moka-chene-h75-rond70-noir.jpg\",\"width\":1500,\"height\":1500},{\"@type\":\"BreadcrumbList\",\"@id\":\"https:\/\/www.tiptoe.fr\/de\/product\/bistrotisch-moka-massive-eiche\/#breadcrumb\",\"itemListElement\":[{\"@type\":\"ListItem\",\"position\":1,\"name\":\"Startseite\",\"item\":\"https:\/\/www.tiptoe.fr\/de\/\"},{\"@type\":\"ListItem\",\"position\":2,\"name\":\"Shop\",\"item\":\"https:\/\/www.tiptoe.fr\/shop\/\"},{\"@type\":\"ListItem\",\"position\":3,\"name\":\"Tische und Schreibtische\",\"item\":\"https:\/\/www.tiptoe.fr\/de\/tische-und-schreibtische\/\"},{\"@type\":\"ListItem\",\"position\":4,\"name\":\"Esstische\",\"item\":\"https:\/\/www.tiptoe.fr\/de\/tische-und-schreibtische\/esstische\/\"},{\"@type\":\"ListItem\",\"position\":5,\"name\":\"Bistrotisch MOKA &#8211; massive Eiche\"}]},{\"@type\":\"WebSite\",\"@id\":\"https:\/\/www.tiptoe.fr\/de\/#website\",\"url\":\"https:\/\/www.tiptoe.fr\/de\/\",\"name\":\"TIPTOE\",\"description\":\"\",\"publisher\":{\"@id\":\"https:\/\/www.tiptoe.fr\/de\/#organization\"},\"potentialAction\":[{\"@type\":\"SearchAction\",\"target\":{\"@type\":\"EntryPoint\",\"urlTemplate\":\"https:\/\/www.tiptoe.fr\/de\/?s={search_term_string}\"},\"query-input\":{\"@type\":\"PropertyValueSpecification\",\"valueRequired\":true,\"valueName\":\"search_term_string\"}}],\"inLanguage\":\"de-DE\"},{\"@type\":\"Organization\",\"@id\":\"https:\/\/www.tiptoe.fr\/de\/#organization\",\"name\":\"TIPTOE\",\"url\":\"https:\/\/www.tiptoe.fr\/de\/\",\"logo\":{\"@type\":\"ImageObject\",\"inLanguage\":\"de-DE\",\"@id\":\"https:\/\/www.tiptoe.fr\/de\/#\/schema\/logo\/image\/\",\"url\":\"https:\/\/www.tiptoe.fr\/wp-content\/uploads\/2024\/06\/Logo.png\",\"contentUrl\":\"https:\/\/www.tiptoe.fr\/wp-content\/uploads\/2024\/06\/Logo.png\",\"width\":133,\"height\":26,\"caption\":\"TIPTOE\"},\"image\":{\"@id\":\"https:\/\/www.tiptoe.fr\/de\/#\/schema\/logo\/image\/\"},\"sameAs\":[\"https:\/\/www.facebook.com\/tiptoedesign\",\"https:\/\/x.com\/tiptoedesign\",\"https:\/\/www.instagram.com\/tiptoedesign\/\",\"https:\/\/www.pinterest.fr\/tiptoedesign\/\"]}]}<\/script>\n<!-- \/ Yoast SEO plugin. -->","yoast_head_json":{"title":"Bistrotisch MOKA aus massiver Eiche, H\u00f6he 75 cm","description":"Entdecken Sie den Bistrotisch MOKA mit seiner Tischplatte aus massiver Eiche und seinem Gestell aus pulverbeschichtetem Stahl.","robots":{"index":"index","follow":"follow","max-snippet":"max-snippet:-1","max-image-preview":"max-image-preview:large","max-video-preview":"max-video-preview:-1"},"canonical":"https:\/\/www.tiptoe.fr\/de\/product\/bistrotisch-moka-massive-eiche\/","og_locale":"de_DE","og_type":"article","og_title":"Bistrotisch MOKA aus massiver Eiche, H\u00f6he 75 cm","og_description":"Entdecken Sie den Bistrotisch MOKA mit seiner Tischplatte aus massiver Eiche und seinem Gestell aus pulverbeschichtetem Stahl.","og_url":"https:\/\/www.tiptoe.fr\/de\/product\/bistrotisch-moka-massive-eiche\/","og_site_name":"TIPTOE","article_publisher":"https:\/\/www.facebook.com\/tiptoedesign","article_modified_time":"2025-09-29T16:50:18+00:00","og_image":[{"width":1500,"height":1500,"url":"https:\/\/www.tiptoe.fr\/wp-content\/uploads\/2023\/04\/moka-chene-h75-rond70-noir.jpg","type":"image\/jpeg"}],"twitter_card":"summary_large_image","twitter_site":"@tiptoedesign","twitter_misc":{"Est. reading time":"1 minute"},"schema":{"@context":"https:\/\/schema.org","@graph":[{"@type":"WebPage","@id":"https:\/\/www.tiptoe.fr\/de\/product\/bistrotisch-moka-massive-eiche\/","url":"https:\/\/www.tiptoe.fr\/de\/product\/bistrotisch-moka-massive-eiche\/","name":"Bistrotisch MOKA aus massiver Eiche, H\u00f6he 75 cm","isPartOf":{"@id":"https:\/\/www.tiptoe.fr\/de\/#website"},"primaryImageOfPage":{"@id":"https:\/\/www.tiptoe.fr\/de\/product\/bistrotisch-moka-massive-eiche\/#primaryimage"},"image":{"@id":"https:\/\/www.tiptoe.fr\/de\/product\/bistrotisch-moka-massive-eiche\/#primaryimage"},"thumbnailUrl":"https:\/\/www.tiptoe.fr\/wp-content\/uploads\/2023\/04\/moka-chene-h75-rond70-noir.jpg","datePublished":"2023-05-23T08:17:19+00:00","dateModified":"2025-09-29T16:50:18+00:00","description":"Entdecken Sie den Bistrotisch MOKA mit seiner Tischplatte aus massiver Eiche und seinem Gestell aus pulverbeschichtetem Stahl.","breadcrumb":{"@id":"https:\/\/www.tiptoe.fr\/de\/product\/bistrotisch-moka-massive-eiche\/#breadcrumb"},"inLanguage":"de-DE","potentialAction":[{"@type":"ReadAction","target":["https:\/\/www.tiptoe.fr\/de\/product\/bistrotisch-moka-massive-eiche\/"]}]},{"@type":"ImageObject","inLanguage":"de-DE","@id":"https:\/\/www.tiptoe.fr\/de\/product\/bistrotisch-moka-massive-eiche\/#primaryimage","url":"https:\/\/www.tiptoe.fr\/wp-content\/uploads\/2023\/04\/moka-chene-h75-rond70-noir.jpg","contentUrl":"https:\/\/www.tiptoe.fr\/wp-content\/uploads\/2023\/04\/moka-chene-h75-rond70-noir.jpg","width":1500,"height":1500},{"@type":"BreadcrumbList","@id":"https:\/\/www.tiptoe.fr\/de\/product\/bistrotisch-moka-massive-eiche\/#breadcrumb","itemListElement":[{"@type":"ListItem","position":1,"name":"Startseite","item":"https:\/\/www.tiptoe.fr\/de\/"},{"@type":"ListItem","position":2,"name":"Shop","item":"https:\/\/www.tiptoe.fr\/shop\/"},{"@type":"ListItem","position":3,"name":"Tische und Schreibtische","item":"https:\/\/www.tiptoe.fr\/de\/tische-und-schreibtische\/"},{"@type":"ListItem","position":4,"name":"Esstische","item":"https:\/\/www.tiptoe.fr\/de\/tische-und-schreibtische\/esstische\/"},{"@type":"ListItem","position":5,"name":"Bistrotisch MOKA &#8211; massive Eiche"}]},{"@type":"WebSite","@id":"https:\/\/www.tiptoe.fr\/de\/#website","url":"https:\/\/www.tiptoe.fr\/de\/","name":"TIPTOE","description":"","publisher":{"@id":"https:\/\/www.tiptoe.fr\/de\/#organization"},"potentialAction":[{"@type":"SearchAction","target":{"@type":"EntryPoint","urlTemplate":"https:\/\/www.tiptoe.fr\/de\/?s={search_term_string}"},"query-input":{"@type":"PropertyValueSpecification","valueRequired":true,"valueName":"search_term_string"}}],"inLanguage":"de-DE"},{"@type":"Organization","@id":"https:\/\/www.tiptoe.fr\/de\/#organization","name":"TIPTOE","url":"https:\/\/www.tiptoe.fr\/de\/","logo":{"@type":"ImageObject","inLanguage":"de-DE","@id":"https:\/\/www.tiptoe.fr\/de\/#\/schema\/logo\/image\/","url":"https:\/\/www.tiptoe.fr\/wp-content\/uploads\/2024\/06\/Logo.png","contentUrl":"https:\/\/www.tiptoe.fr\/wp-content\/uploads\/2024\/06\/Logo.png","width":133,"height":26,"caption":"TIPTOE"},"image":{"@id":"https:\/\/www.tiptoe.fr\/de\/#\/schema\/logo\/image\/"},"sameAs":["https:\/\/www.facebook.com\/tiptoedesign","https:\/\/x.com\/tiptoedesign","https:\/\/www.instagram.com\/tiptoedesign\/","https:\/\/www.pinterest.fr\/tiptoedesign\/"]}]}},"_links":{"self":[{"href":"https:\/\/www.tiptoe.fr\/de\/wp-json\/wp\/v2\/product\/243207","targetHints":{"allow":["GET"]}}],"collection":[{"href":"https:\/\/www.tiptoe.fr\/de\/wp-json\/wp\/v2\/product"}],"about":[{"href":"https:\/\/www.tiptoe.fr\/de\/wp-json\/wp\/v2\/types\/product"}],"wp:featuredmedia":[{"embeddable":true,"href":"https:\/\/www.tiptoe.fr\/de\/wp-json\/wp\/v2\/media\/242791"}],"wp:attachment":[{"href":"https:\/\/www.tiptoe.fr\/de\/wp-json\/wp\/v2\/media?parent=243207"}],"wp:term":[{"taxonomy":"product_brand","embeddable":true,"href":"https:\/\/www.tiptoe.fr\/de\/wp-json\/wp\/v2\/product_brand?post=243207"},{"taxonomy":"product_cat","embeddable":true,"href":"https:\/\/www.tiptoe.fr\/de\/wp-json\/wp\/v2\/product_cat?post=243207"},{"taxonomy":"product_tag","embeddable":true,"href":"https:\/\/www.tiptoe.fr\/de\/wp-json\/wp\/v2\/product_tag?post=243207"}],"curies":[{"name":"wp","href":"https:\/\/api.w.org\/{rel}","templated":true}]}}