{"id":241683,"date":"2023-05-03T17:01:24","date_gmt":"2023-05-04T08:04:39","guid":{"rendered":"https:\/\/www.tiptoe.fr\/?post_type=product&#038;p=241683"},"modified":"2026-02-18T16:01:40","modified_gmt":"2026-02-18T15:01:40","slug":"tischbein-fur-den-aussenbereich-75cm","status":"publish","type":"product","link":"https:\/\/www.tiptoe.fr\/de\/product\/tischbein-fur-den-aussenbereich-75cm\/","title":{"rendered":"Tischbein f\u00fcr den Au\u00dfenbereich &#8211; 75cm"},"content":{"rendered":"<p>Das ikonische Tischbein mit Schraubzwinge von TIPTOE taucht in unserer ersten zu 100% in Europa hergestellten Outdoor-M\u00f6belserie wieder auf: der MIDI-Kollektion.<\/p>\n<p>Speziell f\u00fcr den Au\u00dfenbereich entworfen und entwickelt, um Korrosion zu widerstehen, erm\u00f6glicht Ihnen das Tischbein aus Stahl, ein dauerhaftes, sch\u00f6nes und ganz eigenes M\u00f6belst\u00fcck zu schaffen!<\/p>\n","protected":false},"excerpt":{"rendered":"<p><strong>\u2713<\/strong> Tischbein aus Stahl H\u00f6he 75 cm<\/p>\n<p><strong>\u2713<\/strong> Speziell f\u00fcr den Au\u00dfenbereich entwickelt<\/p>\n<p><strong>\u2713<\/strong> Hochwertige Anti-Korrosionsbehandlung<\/p>\n<p><strong>\u2713<\/strong> 100% in Europa hergestellt<\/p>\n","protected":false},"featured_media":241053,"template":"","meta":{"_acf_changed":false},"product_brand":[],"product_cat":[928,748,2554,749],"product_tag":[],"class_list":{"0":"post-241683","1":"product","2":"type-product","3":"status-publish","4":"has-post-thumbnail","6":"product_cat-gartenmoebel","7":"product_cat-tischbeine","8":"product_cat-gartentische","9":"product_cat-esstischbeine","10":"product_shipping_class-colis","12":"first","13":"instock","14":"taxable","15":"shipping-taxable","16":"purchasable","17":"product-type-variable","18":"has-default-attributes"},"acf":[],"yoast_head":"<!-- This site is optimized with the Yoast SEO plugin v26.3 - https:\/\/yoast.com\/wordpress\/plugins\/seo\/ -->\n<title>Tischbein f\u00fcr den Au\u00dfenbereich aus Stahl H\u00f6he 75cm | TIPTOE<\/title>\n<meta name=\"description\" content=\"Entdecken Sie das ikonische Tischbein aus Stahl TIPTOE in einer Version, die speziell f\u00fcr den Au\u00dfenbereich konzipiert wurde. 100% in Europa hergestellt.\" \/>\n<meta name=\"robots\" content=\"index, follow, max-snippet:-1, max-image-preview:large, max-video-preview:-1\" \/>\n<link rel=\"canonical\" href=\"https:\/\/www.tiptoe.fr\/de\/product\/tischbein-fur-den-aussenbereich-75cm\/\" \/>\n<meta property=\"og:locale\" content=\"de_DE\" \/>\n<meta property=\"og:type\" content=\"article\" \/>\n<meta property=\"og:title\" content=\"Tischbein f\u00fcr den Au\u00dfenbereich aus Stahl H\u00f6he 75cm | TIPTOE\" \/>\n<meta property=\"og:description\" content=\"Entdecken Sie das ikonische Tischbein aus Stahl TIPTOE in einer Version, die speziell f\u00fcr den Au\u00dfenbereich konzipiert wurde. 100% in Europa hergestellt.\" \/>\n<meta property=\"og:url\" content=\"https:\/\/www.tiptoe.fr\/de\/product\/tischbein-fur-den-aussenbereich-75cm\/\" \/>\n<meta property=\"og:site_name\" content=\"TIPTOE\" \/>\n<meta property=\"article:publisher\" content=\"https:\/\/www.facebook.com\/tiptoedesign\" \/>\n<meta property=\"article:modified_time\" content=\"2026-02-18T15:01:40+00:00\" \/>\n<meta property=\"og:image\" content=\"https:\/\/www.tiptoe.fr\/wp-content\/uploads\/2023\/04\/pied-de-table-midi-75-noir.jpg\" \/>\n\t<meta property=\"og:image:width\" content=\"1500\" \/>\n\t<meta property=\"og:image:height\" content=\"1500\" \/>\n\t<meta property=\"og:image:type\" content=\"image\/jpeg\" \/>\n<meta name=\"twitter:card\" content=\"summary_large_image\" \/>\n<meta name=\"twitter:site\" content=\"@tiptoedesign\" \/>\n<meta name=\"twitter:label1\" content=\"Est. reading time\" \/>\n\t<meta name=\"twitter:data1\" content=\"1 minute\" \/>\n<script type=\"application\/ld+json\" class=\"yoast-schema-graph\">{\"@context\":\"https:\/\/schema.org\",\"@graph\":[{\"@type\":\"WebPage\",\"@id\":\"https:\/\/www.tiptoe.fr\/de\/product\/tischbein-fur-den-aussenbereich-75cm\/\",\"url\":\"https:\/\/www.tiptoe.fr\/de\/product\/tischbein-fur-den-aussenbereich-75cm\/\",\"name\":\"Tischbein f\u00fcr den Au\u00dfenbereich aus Stahl H\u00f6he 75cm | TIPTOE\",\"isPartOf\":{\"@id\":\"https:\/\/www.tiptoe.fr\/de\/#website\"},\"primaryImageOfPage\":{\"@id\":\"https:\/\/www.tiptoe.fr\/de\/product\/tischbein-fur-den-aussenbereich-75cm\/#primaryimage\"},\"image\":{\"@id\":\"https:\/\/www.tiptoe.fr\/de\/product\/tischbein-fur-den-aussenbereich-75cm\/#primaryimage\"},\"thumbnailUrl\":\"https:\/\/www.tiptoe.fr\/wp-content\/uploads\/2023\/04\/pied-de-table-midi-75-noir.jpg\",\"datePublished\":\"2023-05-04T08:04:39+00:00\",\"dateModified\":\"2026-02-18T15:01:40+00:00\",\"description\":\"Entdecken Sie das ikonische Tischbein aus Stahl TIPTOE in einer Version, die speziell f\u00fcr den Au\u00dfenbereich konzipiert wurde. 100% in Europa hergestellt.\",\"breadcrumb\":{\"@id\":\"https:\/\/www.tiptoe.fr\/de\/product\/tischbein-fur-den-aussenbereich-75cm\/#breadcrumb\"},\"inLanguage\":\"de-DE\",\"potentialAction\":[{\"@type\":\"ReadAction\",\"target\":[\"https:\/\/www.tiptoe.fr\/de\/product\/tischbein-fur-den-aussenbereich-75cm\/\"]}]},{\"@type\":\"ImageObject\",\"inLanguage\":\"de-DE\",\"@id\":\"https:\/\/www.tiptoe.fr\/de\/product\/tischbein-fur-den-aussenbereich-75cm\/#primaryimage\",\"url\":\"https:\/\/www.tiptoe.fr\/wp-content\/uploads\/2023\/04\/pied-de-table-midi-75-noir.jpg\",\"contentUrl\":\"https:\/\/www.tiptoe.fr\/wp-content\/uploads\/2023\/04\/pied-de-table-midi-75-noir.jpg\",\"width\":1500,\"height\":1500},{\"@type\":\"BreadcrumbList\",\"@id\":\"https:\/\/www.tiptoe.fr\/de\/product\/tischbein-fur-den-aussenbereich-75cm\/#breadcrumb\",\"itemListElement\":[{\"@type\":\"ListItem\",\"position\":1,\"name\":\"Startseite\",\"item\":\"https:\/\/www.tiptoe.fr\/de\/\"},{\"@type\":\"ListItem\",\"position\":2,\"name\":\"Shop\",\"item\":\"https:\/\/www.tiptoe.fr\/shop\/\"},{\"@type\":\"ListItem\",\"position\":3,\"name\":\"Gartenm\u00f6bel\",\"item\":\"https:\/\/www.tiptoe.fr\/de\/gartenmoebel\/\"},{\"@type\":\"ListItem\",\"position\":4,\"name\":\"Tischbein f\u00fcr den Au\u00dfenbereich &#8211; 75cm\"}]},{\"@type\":\"WebSite\",\"@id\":\"https:\/\/www.tiptoe.fr\/de\/#website\",\"url\":\"https:\/\/www.tiptoe.fr\/de\/\",\"name\":\"TIPTOE\",\"description\":\"\",\"publisher\":{\"@id\":\"https:\/\/www.tiptoe.fr\/de\/#organization\"},\"potentialAction\":[{\"@type\":\"SearchAction\",\"target\":{\"@type\":\"EntryPoint\",\"urlTemplate\":\"https:\/\/www.tiptoe.fr\/de\/?s={search_term_string}\"},\"query-input\":{\"@type\":\"PropertyValueSpecification\",\"valueRequired\":true,\"valueName\":\"search_term_string\"}}],\"inLanguage\":\"de-DE\"},{\"@type\":\"Organization\",\"@id\":\"https:\/\/www.tiptoe.fr\/de\/#organization\",\"name\":\"TIPTOE\",\"url\":\"https:\/\/www.tiptoe.fr\/de\/\",\"logo\":{\"@type\":\"ImageObject\",\"inLanguage\":\"de-DE\",\"@id\":\"https:\/\/www.tiptoe.fr\/de\/#\/schema\/logo\/image\/\",\"url\":\"https:\/\/www.tiptoe.fr\/wp-content\/uploads\/2024\/06\/Logo.png\",\"contentUrl\":\"https:\/\/www.tiptoe.fr\/wp-content\/uploads\/2024\/06\/Logo.png\",\"width\":133,\"height\":26,\"caption\":\"TIPTOE\"},\"image\":{\"@id\":\"https:\/\/www.tiptoe.fr\/de\/#\/schema\/logo\/image\/\"},\"sameAs\":[\"https:\/\/www.facebook.com\/tiptoedesign\",\"https:\/\/x.com\/tiptoedesign\",\"https:\/\/www.instagram.com\/tiptoedesign\/\",\"https:\/\/www.pinterest.fr\/tiptoedesign\/\"]}]}<\/script>\n<!-- \/ Yoast SEO plugin. -->","yoast_head_json":{"title":"Tischbein f\u00fcr den Au\u00dfenbereich aus Stahl H\u00f6he 75cm | TIPTOE","description":"Entdecken Sie das ikonische Tischbein aus Stahl TIPTOE in einer Version, die speziell f\u00fcr den Au\u00dfenbereich konzipiert wurde. 100% in Europa hergestellt.","robots":{"index":"index","follow":"follow","max-snippet":"max-snippet:-1","max-image-preview":"max-image-preview:large","max-video-preview":"max-video-preview:-1"},"canonical":"https:\/\/www.tiptoe.fr\/de\/product\/tischbein-fur-den-aussenbereich-75cm\/","og_locale":"de_DE","og_type":"article","og_title":"Tischbein f\u00fcr den Au\u00dfenbereich aus Stahl H\u00f6he 75cm | TIPTOE","og_description":"Entdecken Sie das ikonische Tischbein aus Stahl TIPTOE in einer Version, die speziell f\u00fcr den Au\u00dfenbereich konzipiert wurde. 100% in Europa hergestellt.","og_url":"https:\/\/www.tiptoe.fr\/de\/product\/tischbein-fur-den-aussenbereich-75cm\/","og_site_name":"TIPTOE","article_publisher":"https:\/\/www.facebook.com\/tiptoedesign","article_modified_time":"2026-02-18T15:01:40+00:00","og_image":[{"width":1500,"height":1500,"url":"https:\/\/www.tiptoe.fr\/wp-content\/uploads\/2023\/04\/pied-de-table-midi-75-noir.jpg","type":"image\/jpeg"}],"twitter_card":"summary_large_image","twitter_site":"@tiptoedesign","twitter_misc":{"Est. reading time":"1 minute"},"schema":{"@context":"https:\/\/schema.org","@graph":[{"@type":"WebPage","@id":"https:\/\/www.tiptoe.fr\/de\/product\/tischbein-fur-den-aussenbereich-75cm\/","url":"https:\/\/www.tiptoe.fr\/de\/product\/tischbein-fur-den-aussenbereich-75cm\/","name":"Tischbein f\u00fcr den Au\u00dfenbereich aus Stahl H\u00f6he 75cm | TIPTOE","isPartOf":{"@id":"https:\/\/www.tiptoe.fr\/de\/#website"},"primaryImageOfPage":{"@id":"https:\/\/www.tiptoe.fr\/de\/product\/tischbein-fur-den-aussenbereich-75cm\/#primaryimage"},"image":{"@id":"https:\/\/www.tiptoe.fr\/de\/product\/tischbein-fur-den-aussenbereich-75cm\/#primaryimage"},"thumbnailUrl":"https:\/\/www.tiptoe.fr\/wp-content\/uploads\/2023\/04\/pied-de-table-midi-75-noir.jpg","datePublished":"2023-05-04T08:04:39+00:00","dateModified":"2026-02-18T15:01:40+00:00","description":"Entdecken Sie das ikonische Tischbein aus Stahl TIPTOE in einer Version, die speziell f\u00fcr den Au\u00dfenbereich konzipiert wurde. 100% in Europa hergestellt.","breadcrumb":{"@id":"https:\/\/www.tiptoe.fr\/de\/product\/tischbein-fur-den-aussenbereich-75cm\/#breadcrumb"},"inLanguage":"de-DE","potentialAction":[{"@type":"ReadAction","target":["https:\/\/www.tiptoe.fr\/de\/product\/tischbein-fur-den-aussenbereich-75cm\/"]}]},{"@type":"ImageObject","inLanguage":"de-DE","@id":"https:\/\/www.tiptoe.fr\/de\/product\/tischbein-fur-den-aussenbereich-75cm\/#primaryimage","url":"https:\/\/www.tiptoe.fr\/wp-content\/uploads\/2023\/04\/pied-de-table-midi-75-noir.jpg","contentUrl":"https:\/\/www.tiptoe.fr\/wp-content\/uploads\/2023\/04\/pied-de-table-midi-75-noir.jpg","width":1500,"height":1500},{"@type":"BreadcrumbList","@id":"https:\/\/www.tiptoe.fr\/de\/product\/tischbein-fur-den-aussenbereich-75cm\/#breadcrumb","itemListElement":[{"@type":"ListItem","position":1,"name":"Startseite","item":"https:\/\/www.tiptoe.fr\/de\/"},{"@type":"ListItem","position":2,"name":"Shop","item":"https:\/\/www.tiptoe.fr\/shop\/"},{"@type":"ListItem","position":3,"name":"Gartenm\u00f6bel","item":"https:\/\/www.tiptoe.fr\/de\/gartenmoebel\/"},{"@type":"ListItem","position":4,"name":"Tischbein f\u00fcr den Au\u00dfenbereich &#8211; 75cm"}]},{"@type":"WebSite","@id":"https:\/\/www.tiptoe.fr\/de\/#website","url":"https:\/\/www.tiptoe.fr\/de\/","name":"TIPTOE","description":"","publisher":{"@id":"https:\/\/www.tiptoe.fr\/de\/#organization"},"potentialAction":[{"@type":"SearchAction","target":{"@type":"EntryPoint","urlTemplate":"https:\/\/www.tiptoe.fr\/de\/?s={search_term_string}"},"query-input":{"@type":"PropertyValueSpecification","valueRequired":true,"valueName":"search_term_string"}}],"inLanguage":"de-DE"},{"@type":"Organization","@id":"https:\/\/www.tiptoe.fr\/de\/#organization","name":"TIPTOE","url":"https:\/\/www.tiptoe.fr\/de\/","logo":{"@type":"ImageObject","inLanguage":"de-DE","@id":"https:\/\/www.tiptoe.fr\/de\/#\/schema\/logo\/image\/","url":"https:\/\/www.tiptoe.fr\/wp-content\/uploads\/2024\/06\/Logo.png","contentUrl":"https:\/\/www.tiptoe.fr\/wp-content\/uploads\/2024\/06\/Logo.png","width":133,"height":26,"caption":"TIPTOE"},"image":{"@id":"https:\/\/www.tiptoe.fr\/de\/#\/schema\/logo\/image\/"},"sameAs":["https:\/\/www.facebook.com\/tiptoedesign","https:\/\/x.com\/tiptoedesign","https:\/\/www.instagram.com\/tiptoedesign\/","https:\/\/www.pinterest.fr\/tiptoedesign\/"]}]}},"_links":{"self":[{"href":"https:\/\/www.tiptoe.fr\/de\/wp-json\/wp\/v2\/product\/241683","targetHints":{"allow":["GET"]}}],"collection":[{"href":"https:\/\/www.tiptoe.fr\/de\/wp-json\/wp\/v2\/product"}],"about":[{"href":"https:\/\/www.tiptoe.fr\/de\/wp-json\/wp\/v2\/types\/product"}],"wp:featuredmedia":[{"embeddable":true,"href":"https:\/\/www.tiptoe.fr\/de\/wp-json\/wp\/v2\/media\/241053"}],"wp:attachment":[{"href":"https:\/\/www.tiptoe.fr\/de\/wp-json\/wp\/v2\/media?parent=241683"}],"wp:term":[{"taxonomy":"product_brand","embeddable":true,"href":"https:\/\/www.tiptoe.fr\/de\/wp-json\/wp\/v2\/product_brand?post=241683"},{"taxonomy":"product_cat","embeddable":true,"href":"https:\/\/www.tiptoe.fr\/de\/wp-json\/wp\/v2\/product_cat?post=241683"},{"taxonomy":"product_tag","embeddable":true,"href":"https:\/\/www.tiptoe.fr\/de\/wp-json\/wp\/v2\/product_tag?post=241683"}],"curies":[{"name":"wp","href":"https:\/\/api.w.org\/{rel}","templated":true}]}}