{"id":240259,"date":"2023-04-11T17:11:06","date_gmt":"2023-04-11T15:15:21","guid":{"rendered":"https:\/\/www.tiptoe.fr\/?post_type=product&#038;p=240259"},"modified":"2026-01-09T15:19:53","modified_gmt":"2026-01-09T14:19:53","slug":"stuhl-ssd-vollholz-oekozertifiziertes-holz","status":"publish","type":"product","link":"https:\/\/www.tiptoe.fr\/de\/product\/stuhl-ssd-vollholz-oekozertifiziertes-holz\/","title":{"rendered":"Stuhl SSD full wood &#8211; \u00f6ko-zertifiziertes Holz"},"content":{"rendered":"<p>Nach dem Erfolg des SSD-Stuhls im Jahr 2019 entdecken Sie nun den SSD Vollholz Stuhl!<\/p>\n<p>Zum ersten Mal weichen wir von unseren urspr\u00fcnglichen Konventionen ab und entwerfen ein Objekt, das vollst\u00e4ndig aus Holz besteht. Der Stuhl beh\u00e4lt die Ergonomie seines gro\u00dfen Bruders bei, enth\u00fcllt aber eine v\u00f6llig neue Struktur und einen neuen Zusammenbau.<\/p>\n","protected":false},"excerpt":{"rendered":"<p style=\"text-align: left;\"><strong>\u2713<\/strong> Stuhl aus nat\u00fcrlichem oder gebeiztem Holz<\/p>\n<p style=\"text-align: left;\"><strong>\u2713<\/strong> Leicht und stapelbar<\/p>\n<p style=\"text-align: left;\"><strong>\u2713<\/strong> Einfacher und schneller Zusammenbau<\/p>\n<p style=\"text-align: left;\"><strong>\u2713<\/strong> 100% in Europa hergestellt<\/p>\n","protected":false},"featured_media":239807,"template":"","meta":{"_acf_changed":false},"product_brand":[],"product_cat":[761,765,940,772,773],"product_tag":[],"class_list":{"0":"post-240259","1":"product","2":"type-product","3":"status-publish","4":"has-post-thumbnail","6":"product_cat-office-mobel-unternehmen","7":"product_cat-burostuhle","8":"product_cat-restaurantmobel","9":"product_cat-stuhle-und-hocker","10":"product_cat-stuhle","11":"product_shipping_class-colis","13":"first","14":"instock","15":"taxable","16":"shipping-taxable","17":"purchasable","18":"product-type-variable","19":"has-default-attributes"},"acf":[],"yoast_head":"<!-- This site is optimized with the Yoast SEO plugin v26.3 - https:\/\/yoast.com\/wordpress\/plugins\/seo\/ -->\n<title>Stuhl SSD Full Wood aus \u00f6kozertifiziertem Holz<\/title>\n<meta name=\"description\" content=\"Entdecken Sie SSD Vollholz, den ersten Stuhl ganz aus Holz von TIPTOE. Dieser Designer-Holzstuhl passt zu jedem Einrichtungsstil.\" \/>\n<meta name=\"robots\" content=\"index, follow, max-snippet:-1, max-image-preview:large, max-video-preview:-1\" \/>\n<link rel=\"canonical\" href=\"https:\/\/www.tiptoe.fr\/de\/product\/stuhl-ssd-vollholz-oekozertifiziertes-holz\/\" \/>\n<meta property=\"og:locale\" content=\"de_DE\" \/>\n<meta property=\"og:type\" content=\"article\" \/>\n<meta property=\"og:title\" content=\"Stuhl SSD Full Wood aus \u00f6kozertifiziertem Holz\" \/>\n<meta property=\"og:description\" content=\"Entdecken Sie SSD Vollholz, den ersten Stuhl ganz aus Holz von TIPTOE. Dieser Designer-Holzstuhl passt zu jedem Einrichtungsstil.\" \/>\n<meta property=\"og:url\" content=\"https:\/\/www.tiptoe.fr\/de\/product\/stuhl-ssd-vollholz-oekozertifiziertes-holz\/\" \/>\n<meta property=\"og:site_name\" content=\"TIPTOE\" \/>\n<meta property=\"article:publisher\" content=\"https:\/\/www.facebook.com\/tiptoedesign\" \/>\n<meta property=\"article:modified_time\" content=\"2026-01-09T14:19:53+00:00\" \/>\n<meta property=\"og:image\" content=\"https:\/\/www.tiptoe.fr\/wp-content\/uploads\/2023\/03\/SSD_Wood_R2.jpg\" \/>\n\t<meta property=\"og:image:width\" content=\"1500\" \/>\n\t<meta property=\"og:image:height\" content=\"1500\" \/>\n\t<meta property=\"og:image:type\" content=\"image\/jpeg\" \/>\n<meta name=\"twitter:card\" content=\"summary_large_image\" \/>\n<meta name=\"twitter:site\" content=\"@tiptoedesign\" \/>\n<meta name=\"twitter:label1\" content=\"Est. reading time\" \/>\n\t<meta name=\"twitter:data1\" content=\"1 minute\" \/>\n<script type=\"application\/ld+json\" class=\"yoast-schema-graph\">{\"@context\":\"https:\/\/schema.org\",\"@graph\":[{\"@type\":\"WebPage\",\"@id\":\"https:\/\/www.tiptoe.fr\/de\/product\/stuhl-ssd-vollholz-oekozertifiziertes-holz\/\",\"url\":\"https:\/\/www.tiptoe.fr\/de\/product\/stuhl-ssd-vollholz-oekozertifiziertes-holz\/\",\"name\":\"Stuhl SSD Full Wood aus \u00f6kozertifiziertem Holz\",\"isPartOf\":{\"@id\":\"https:\/\/www.tiptoe.fr\/de\/#website\"},\"primaryImageOfPage\":{\"@id\":\"https:\/\/www.tiptoe.fr\/de\/product\/stuhl-ssd-vollholz-oekozertifiziertes-holz\/#primaryimage\"},\"image\":{\"@id\":\"https:\/\/www.tiptoe.fr\/de\/product\/stuhl-ssd-vollholz-oekozertifiziertes-holz\/#primaryimage\"},\"thumbnailUrl\":\"https:\/\/www.tiptoe.fr\/wp-content\/uploads\/2023\/03\/SSD_Wood_R2.jpg\",\"datePublished\":\"2023-04-11T15:15:21+00:00\",\"dateModified\":\"2026-01-09T14:19:53+00:00\",\"description\":\"Entdecken Sie SSD Vollholz, den ersten Stuhl ganz aus Holz von TIPTOE. Dieser Designer-Holzstuhl passt zu jedem Einrichtungsstil.\",\"breadcrumb\":{\"@id\":\"https:\/\/www.tiptoe.fr\/de\/product\/stuhl-ssd-vollholz-oekozertifiziertes-holz\/#breadcrumb\"},\"inLanguage\":\"de-DE\",\"potentialAction\":[{\"@type\":\"ReadAction\",\"target\":[\"https:\/\/www.tiptoe.fr\/de\/product\/stuhl-ssd-vollholz-oekozertifiziertes-holz\/\"]}]},{\"@type\":\"ImageObject\",\"inLanguage\":\"de-DE\",\"@id\":\"https:\/\/www.tiptoe.fr\/de\/product\/stuhl-ssd-vollholz-oekozertifiziertes-holz\/#primaryimage\",\"url\":\"https:\/\/www.tiptoe.fr\/wp-content\/uploads\/2023\/03\/SSD_Wood_R2.jpg\",\"contentUrl\":\"https:\/\/www.tiptoe.fr\/wp-content\/uploads\/2023\/03\/SSD_Wood_R2.jpg\",\"width\":1500,\"height\":1500},{\"@type\":\"BreadcrumbList\",\"@id\":\"https:\/\/www.tiptoe.fr\/de\/product\/stuhl-ssd-vollholz-oekozertifiziertes-holz\/#breadcrumb\",\"itemListElement\":[{\"@type\":\"ListItem\",\"position\":1,\"name\":\"Startseite\",\"item\":\"https:\/\/www.tiptoe.fr\/de\/\"},{\"@type\":\"ListItem\",\"position\":2,\"name\":\"Shop\",\"item\":\"https:\/\/www.tiptoe.fr\/shop\/\"},{\"@type\":\"ListItem\",\"position\":3,\"name\":\"St\u00fchle und Hocker\",\"item\":\"https:\/\/www.tiptoe.fr\/de\/stuhle-und-hocker\/\"},{\"@type\":\"ListItem\",\"position\":4,\"name\":\"St\u00fchle\",\"item\":\"https:\/\/www.tiptoe.fr\/de\/stuhle-und-hocker\/stuhle\/\"},{\"@type\":\"ListItem\",\"position\":5,\"name\":\"Stuhl SSD full wood &#8211; \u00f6ko-zertifiziertes Holz\"}]},{\"@type\":\"WebSite\",\"@id\":\"https:\/\/www.tiptoe.fr\/de\/#website\",\"url\":\"https:\/\/www.tiptoe.fr\/de\/\",\"name\":\"TIPTOE\",\"description\":\"\",\"publisher\":{\"@id\":\"https:\/\/www.tiptoe.fr\/de\/#organization\"},\"potentialAction\":[{\"@type\":\"SearchAction\",\"target\":{\"@type\":\"EntryPoint\",\"urlTemplate\":\"https:\/\/www.tiptoe.fr\/de\/?s={search_term_string}\"},\"query-input\":{\"@type\":\"PropertyValueSpecification\",\"valueRequired\":true,\"valueName\":\"search_term_string\"}}],\"inLanguage\":\"de-DE\"},{\"@type\":\"Organization\",\"@id\":\"https:\/\/www.tiptoe.fr\/de\/#organization\",\"name\":\"TIPTOE\",\"url\":\"https:\/\/www.tiptoe.fr\/de\/\",\"logo\":{\"@type\":\"ImageObject\",\"inLanguage\":\"de-DE\",\"@id\":\"https:\/\/www.tiptoe.fr\/de\/#\/schema\/logo\/image\/\",\"url\":\"https:\/\/www.tiptoe.fr\/wp-content\/uploads\/2024\/06\/Logo.png\",\"contentUrl\":\"https:\/\/www.tiptoe.fr\/wp-content\/uploads\/2024\/06\/Logo.png\",\"width\":133,\"height\":26,\"caption\":\"TIPTOE\"},\"image\":{\"@id\":\"https:\/\/www.tiptoe.fr\/de\/#\/schema\/logo\/image\/\"},\"sameAs\":[\"https:\/\/www.facebook.com\/tiptoedesign\",\"https:\/\/x.com\/tiptoedesign\",\"https:\/\/www.instagram.com\/tiptoedesign\/\",\"https:\/\/www.pinterest.fr\/tiptoedesign\/\"]}]}<\/script>\n<!-- \/ Yoast SEO plugin. -->","yoast_head_json":{"title":"Stuhl SSD Full Wood aus \u00f6kozertifiziertem Holz","description":"Entdecken Sie SSD Vollholz, den ersten Stuhl ganz aus Holz von TIPTOE. Dieser Designer-Holzstuhl passt zu jedem Einrichtungsstil.","robots":{"index":"index","follow":"follow","max-snippet":"max-snippet:-1","max-image-preview":"max-image-preview:large","max-video-preview":"max-video-preview:-1"},"canonical":"https:\/\/www.tiptoe.fr\/de\/product\/stuhl-ssd-vollholz-oekozertifiziertes-holz\/","og_locale":"de_DE","og_type":"article","og_title":"Stuhl SSD Full Wood aus \u00f6kozertifiziertem Holz","og_description":"Entdecken Sie SSD Vollholz, den ersten Stuhl ganz aus Holz von TIPTOE. Dieser Designer-Holzstuhl passt zu jedem Einrichtungsstil.","og_url":"https:\/\/www.tiptoe.fr\/de\/product\/stuhl-ssd-vollholz-oekozertifiziertes-holz\/","og_site_name":"TIPTOE","article_publisher":"https:\/\/www.facebook.com\/tiptoedesign","article_modified_time":"2026-01-09T14:19:53+00:00","og_image":[{"width":1500,"height":1500,"url":"https:\/\/www.tiptoe.fr\/wp-content\/uploads\/2023\/03\/SSD_Wood_R2.jpg","type":"image\/jpeg"}],"twitter_card":"summary_large_image","twitter_site":"@tiptoedesign","twitter_misc":{"Est. reading time":"1 minute"},"schema":{"@context":"https:\/\/schema.org","@graph":[{"@type":"WebPage","@id":"https:\/\/www.tiptoe.fr\/de\/product\/stuhl-ssd-vollholz-oekozertifiziertes-holz\/","url":"https:\/\/www.tiptoe.fr\/de\/product\/stuhl-ssd-vollholz-oekozertifiziertes-holz\/","name":"Stuhl SSD Full Wood aus \u00f6kozertifiziertem Holz","isPartOf":{"@id":"https:\/\/www.tiptoe.fr\/de\/#website"},"primaryImageOfPage":{"@id":"https:\/\/www.tiptoe.fr\/de\/product\/stuhl-ssd-vollholz-oekozertifiziertes-holz\/#primaryimage"},"image":{"@id":"https:\/\/www.tiptoe.fr\/de\/product\/stuhl-ssd-vollholz-oekozertifiziertes-holz\/#primaryimage"},"thumbnailUrl":"https:\/\/www.tiptoe.fr\/wp-content\/uploads\/2023\/03\/SSD_Wood_R2.jpg","datePublished":"2023-04-11T15:15:21+00:00","dateModified":"2026-01-09T14:19:53+00:00","description":"Entdecken Sie SSD Vollholz, den ersten Stuhl ganz aus Holz von TIPTOE. Dieser Designer-Holzstuhl passt zu jedem Einrichtungsstil.","breadcrumb":{"@id":"https:\/\/www.tiptoe.fr\/de\/product\/stuhl-ssd-vollholz-oekozertifiziertes-holz\/#breadcrumb"},"inLanguage":"de-DE","potentialAction":[{"@type":"ReadAction","target":["https:\/\/www.tiptoe.fr\/de\/product\/stuhl-ssd-vollholz-oekozertifiziertes-holz\/"]}]},{"@type":"ImageObject","inLanguage":"de-DE","@id":"https:\/\/www.tiptoe.fr\/de\/product\/stuhl-ssd-vollholz-oekozertifiziertes-holz\/#primaryimage","url":"https:\/\/www.tiptoe.fr\/wp-content\/uploads\/2023\/03\/SSD_Wood_R2.jpg","contentUrl":"https:\/\/www.tiptoe.fr\/wp-content\/uploads\/2023\/03\/SSD_Wood_R2.jpg","width":1500,"height":1500},{"@type":"BreadcrumbList","@id":"https:\/\/www.tiptoe.fr\/de\/product\/stuhl-ssd-vollholz-oekozertifiziertes-holz\/#breadcrumb","itemListElement":[{"@type":"ListItem","position":1,"name":"Startseite","item":"https:\/\/www.tiptoe.fr\/de\/"},{"@type":"ListItem","position":2,"name":"Shop","item":"https:\/\/www.tiptoe.fr\/shop\/"},{"@type":"ListItem","position":3,"name":"St\u00fchle und Hocker","item":"https:\/\/www.tiptoe.fr\/de\/stuhle-und-hocker\/"},{"@type":"ListItem","position":4,"name":"St\u00fchle","item":"https:\/\/www.tiptoe.fr\/de\/stuhle-und-hocker\/stuhle\/"},{"@type":"ListItem","position":5,"name":"Stuhl SSD full wood &#8211; \u00f6ko-zertifiziertes Holz"}]},{"@type":"WebSite","@id":"https:\/\/www.tiptoe.fr\/de\/#website","url":"https:\/\/www.tiptoe.fr\/de\/","name":"TIPTOE","description":"","publisher":{"@id":"https:\/\/www.tiptoe.fr\/de\/#organization"},"potentialAction":[{"@type":"SearchAction","target":{"@type":"EntryPoint","urlTemplate":"https:\/\/www.tiptoe.fr\/de\/?s={search_term_string}"},"query-input":{"@type":"PropertyValueSpecification","valueRequired":true,"valueName":"search_term_string"}}],"inLanguage":"de-DE"},{"@type":"Organization","@id":"https:\/\/www.tiptoe.fr\/de\/#organization","name":"TIPTOE","url":"https:\/\/www.tiptoe.fr\/de\/","logo":{"@type":"ImageObject","inLanguage":"de-DE","@id":"https:\/\/www.tiptoe.fr\/de\/#\/schema\/logo\/image\/","url":"https:\/\/www.tiptoe.fr\/wp-content\/uploads\/2024\/06\/Logo.png","contentUrl":"https:\/\/www.tiptoe.fr\/wp-content\/uploads\/2024\/06\/Logo.png","width":133,"height":26,"caption":"TIPTOE"},"image":{"@id":"https:\/\/www.tiptoe.fr\/de\/#\/schema\/logo\/image\/"},"sameAs":["https:\/\/www.facebook.com\/tiptoedesign","https:\/\/x.com\/tiptoedesign","https:\/\/www.instagram.com\/tiptoedesign\/","https:\/\/www.pinterest.fr\/tiptoedesign\/"]}]}},"_links":{"self":[{"href":"https:\/\/www.tiptoe.fr\/de\/wp-json\/wp\/v2\/product\/240259","targetHints":{"allow":["GET"]}}],"collection":[{"href":"https:\/\/www.tiptoe.fr\/de\/wp-json\/wp\/v2\/product"}],"about":[{"href":"https:\/\/www.tiptoe.fr\/de\/wp-json\/wp\/v2\/types\/product"}],"wp:featuredmedia":[{"embeddable":true,"href":"https:\/\/www.tiptoe.fr\/de\/wp-json\/wp\/v2\/media\/239807"}],"wp:attachment":[{"href":"https:\/\/www.tiptoe.fr\/de\/wp-json\/wp\/v2\/media?parent=240259"}],"wp:term":[{"taxonomy":"product_brand","embeddable":true,"href":"https:\/\/www.tiptoe.fr\/de\/wp-json\/wp\/v2\/product_brand?post=240259"},{"taxonomy":"product_cat","embeddable":true,"href":"https:\/\/www.tiptoe.fr\/de\/wp-json\/wp\/v2\/product_cat?post=240259"},{"taxonomy":"product_tag","embeddable":true,"href":"https:\/\/www.tiptoe.fr\/de\/wp-json\/wp\/v2\/product_tag?post=240259"}],"curies":[{"name":"wp","href":"https:\/\/api.w.org\/{rel}","templated":true}]}}