{"id":239423,"date":"2023-03-28T17:01:20","date_gmt":"2023-03-28T15:02:34","guid":{"rendered":"https:\/\/www.tiptoe.fr\/?post_type=product&#038;p=239423"},"modified":"2025-10-29T16:17:59","modified_gmt":"2025-10-29T15:17:59","slug":"aufbewahrungsmodul-wave-new-modern","status":"publish","type":"product","link":"https:\/\/www.tiptoe.fr\/de\/product\/aufbewahrungsmodul-wave-new-modern\/","title":{"rendered":"Aufbewahrungsblock aus Stahl f\u00fcr Schreibtisch NEW MODERN"},"content":{"rendered":"<p>Das NEW MODERN Aufbewahrungsmodul besteht aus drei Stahlschubladen und schafft zus\u00e4tzlichen Stauraum f\u00fcr Ihr M\u00f6belst\u00fcck.<strong>\u00a0Es ist nur f\u00fcr NEW MODERN Schreibtische mit einer Tischplatte der Gr\u00f6\u00dfe 130 x 70 cm erh\u00e4ltlich.<\/strong><\/p>\n","protected":false},"excerpt":{"rendered":"<p style=\"text-align: left;\"><strong>\u2713<\/strong> Aufbewahrungsmodul: 3 Schubladen 96x22x7 cm<\/p>\n<p style=\"text-align: left;\"><strong>\u2713<\/strong> Einfach und schnell aufzubauen<\/p>\n<p style=\"text-align: left;\"><strong>\u2713<\/strong> Pulverbeschichteter Stahl<\/p>\n<p style=\"text-align: left;\"><strong>\u2713<\/strong> 100% in Europa hergestellt<\/p>\n<p>&nbsp;<\/p>\n<p><strong>Nur mit dem Schreibtisch NEW MODERN 130&#215;70 cm kompatibel.<\/strong><\/p>\n<p>Wenn Sie eine Tischplatte 150&#215;70 cm haben, k\u00f6nnen Sie unseren Kundenservice unter <a class=\"notion-link-token notion-enable-hover\" href=\"mailto:hello@tiptoe.fr\" target=\"_blank\" rel=\"noopener noreferrer\" data-token-index=\"0\"><span class=\"link-annotation-unknown-block-id--777240235\">hello@tiptoe.fr<\/span><\/a> kontaktieren.<\/p>\n","protected":false},"featured_media":239027,"template":"","meta":{"_acf_changed":false},"product_brand":[],"product_cat":[757,789,801],"product_tag":[],"class_list":{"0":"post-239423","1":"product","2":"type-product","3":"status-publish","4":"has-post-thumbnail","6":"product_cat-schreibtische","7":"product_cat-kollektion-new-modern","8":"product_cat-tische-und-schreibtische","9":"product_shipping_class-meubles-complets","11":"first","12":"instock","13":"taxable","14":"shipping-taxable","15":"purchasable","16":"product-type-variable","17":"has-default-attributes"},"acf":[],"yoast_head":"<!-- This site is optimized with the Yoast SEO plugin v26.3 - https:\/\/yoast.com\/wordpress\/plugins\/seo\/ -->\n<title>Aufbewahrungsmodul f\u00fcr NEW MODERN Schreibtische<\/title>\n<meta name=\"description\" content=\"Entdecken Sie unser NEW MODERN Aufbewahrungsmodul, das aus drei Stahlschubladen besteht. Einfache und schnelle Montage. 100% made in Europe\" \/>\n<meta name=\"robots\" content=\"index, follow, max-snippet:-1, max-image-preview:large, max-video-preview:-1\" \/>\n<link rel=\"canonical\" href=\"https:\/\/www.tiptoe.fr\/de\/product\/aufbewahrungsmodul-wave-new-modern\/\" \/>\n<meta property=\"og:locale\" content=\"de_DE\" \/>\n<meta property=\"og:type\" content=\"article\" \/>\n<meta property=\"og:title\" content=\"Aufbewahrungsmodul f\u00fcr NEW MODERN Schreibtische\" \/>\n<meta property=\"og:description\" content=\"Entdecken Sie unser NEW MODERN Aufbewahrungsmodul, das aus drei Stahlschubladen besteht. Einfache und schnelle Montage. 100% made in Europe\" \/>\n<meta property=\"og:url\" content=\"https:\/\/www.tiptoe.fr\/de\/product\/aufbewahrungsmodul-wave-new-modern\/\" \/>\n<meta property=\"og:site_name\" content=\"TIPTOE\" \/>\n<meta property=\"article:publisher\" content=\"https:\/\/www.facebook.com\/tiptoedesign\" \/>\n<meta property=\"article:modified_time\" content=\"2025-10-29T15:17:59+00:00\" \/>\n<meta property=\"og:image\" content=\"https:\/\/www.tiptoe.fr\/wp-content\/uploads\/2023\/03\/wave-new-modern-noir.jpg\" \/>\n\t<meta property=\"og:image:width\" content=\"1500\" \/>\n\t<meta property=\"og:image:height\" content=\"1500\" \/>\n\t<meta property=\"og:image:type\" content=\"image\/jpeg\" \/>\n<meta name=\"twitter:card\" content=\"summary_large_image\" \/>\n<meta name=\"twitter:site\" content=\"@tiptoedesign\" \/>\n<meta name=\"twitter:label1\" content=\"Est. reading time\" \/>\n\t<meta name=\"twitter:data1\" content=\"1 minute\" \/>\n<script type=\"application\/ld+json\" class=\"yoast-schema-graph\">{\"@context\":\"https:\/\/schema.org\",\"@graph\":[{\"@type\":\"WebPage\",\"@id\":\"https:\/\/www.tiptoe.fr\/de\/product\/aufbewahrungsmodul-wave-new-modern\/\",\"url\":\"https:\/\/www.tiptoe.fr\/de\/product\/aufbewahrungsmodul-wave-new-modern\/\",\"name\":\"Aufbewahrungsmodul f\u00fcr NEW MODERN Schreibtische\",\"isPartOf\":{\"@id\":\"https:\/\/www.tiptoe.fr\/de\/#website\"},\"primaryImageOfPage\":{\"@id\":\"https:\/\/www.tiptoe.fr\/de\/product\/aufbewahrungsmodul-wave-new-modern\/#primaryimage\"},\"image\":{\"@id\":\"https:\/\/www.tiptoe.fr\/de\/product\/aufbewahrungsmodul-wave-new-modern\/#primaryimage\"},\"thumbnailUrl\":\"https:\/\/www.tiptoe.fr\/wp-content\/uploads\/2023\/03\/wave-new-modern-noir.jpg\",\"datePublished\":\"2023-03-28T15:02:34+00:00\",\"dateModified\":\"2025-10-29T15:17:59+00:00\",\"description\":\"Entdecken Sie unser NEW MODERN Aufbewahrungsmodul, das aus drei Stahlschubladen besteht. Einfache und schnelle Montage. 100% made in Europe\",\"breadcrumb\":{\"@id\":\"https:\/\/www.tiptoe.fr\/de\/product\/aufbewahrungsmodul-wave-new-modern\/#breadcrumb\"},\"inLanguage\":\"de-DE\",\"potentialAction\":[{\"@type\":\"ReadAction\",\"target\":[\"https:\/\/www.tiptoe.fr\/de\/product\/aufbewahrungsmodul-wave-new-modern\/\"]}]},{\"@type\":\"ImageObject\",\"inLanguage\":\"de-DE\",\"@id\":\"https:\/\/www.tiptoe.fr\/de\/product\/aufbewahrungsmodul-wave-new-modern\/#primaryimage\",\"url\":\"https:\/\/www.tiptoe.fr\/wp-content\/uploads\/2023\/03\/wave-new-modern-noir.jpg\",\"contentUrl\":\"https:\/\/www.tiptoe.fr\/wp-content\/uploads\/2023\/03\/wave-new-modern-noir.jpg\",\"width\":1500,\"height\":1500},{\"@type\":\"BreadcrumbList\",\"@id\":\"https:\/\/www.tiptoe.fr\/de\/product\/aufbewahrungsmodul-wave-new-modern\/#breadcrumb\",\"itemListElement\":[{\"@type\":\"ListItem\",\"position\":1,\"name\":\"Startseite\",\"item\":\"https:\/\/www.tiptoe.fr\/de\/\"},{\"@type\":\"ListItem\",\"position\":2,\"name\":\"Shop\",\"item\":\"https:\/\/www.tiptoe.fr\/shop\/\"},{\"@type\":\"ListItem\",\"position\":3,\"name\":\"Tische und Schreibtische\",\"item\":\"https:\/\/www.tiptoe.fr\/de\/tische-und-schreibtische\/\"},{\"@type\":\"ListItem\",\"position\":4,\"name\":\"Schreibtische\",\"item\":\"https:\/\/www.tiptoe.fr\/de\/tische-und-schreibtische\/schreibtische\/\"},{\"@type\":\"ListItem\",\"position\":5,\"name\":\"Aufbewahrungsblock aus Stahl f\u00fcr Schreibtisch NEW MODERN\"}]},{\"@type\":\"WebSite\",\"@id\":\"https:\/\/www.tiptoe.fr\/de\/#website\",\"url\":\"https:\/\/www.tiptoe.fr\/de\/\",\"name\":\"TIPTOE\",\"description\":\"\",\"publisher\":{\"@id\":\"https:\/\/www.tiptoe.fr\/de\/#organization\"},\"potentialAction\":[{\"@type\":\"SearchAction\",\"target\":{\"@type\":\"EntryPoint\",\"urlTemplate\":\"https:\/\/www.tiptoe.fr\/de\/?s={search_term_string}\"},\"query-input\":{\"@type\":\"PropertyValueSpecification\",\"valueRequired\":true,\"valueName\":\"search_term_string\"}}],\"inLanguage\":\"de-DE\"},{\"@type\":\"Organization\",\"@id\":\"https:\/\/www.tiptoe.fr\/de\/#organization\",\"name\":\"TIPTOE\",\"url\":\"https:\/\/www.tiptoe.fr\/de\/\",\"logo\":{\"@type\":\"ImageObject\",\"inLanguage\":\"de-DE\",\"@id\":\"https:\/\/www.tiptoe.fr\/de\/#\/schema\/logo\/image\/\",\"url\":\"https:\/\/www.tiptoe.fr\/wp-content\/uploads\/2024\/06\/Logo.png\",\"contentUrl\":\"https:\/\/www.tiptoe.fr\/wp-content\/uploads\/2024\/06\/Logo.png\",\"width\":133,\"height\":26,\"caption\":\"TIPTOE\"},\"image\":{\"@id\":\"https:\/\/www.tiptoe.fr\/de\/#\/schema\/logo\/image\/\"},\"sameAs\":[\"https:\/\/www.facebook.com\/tiptoedesign\",\"https:\/\/x.com\/tiptoedesign\",\"https:\/\/www.instagram.com\/tiptoedesign\/\",\"https:\/\/www.pinterest.fr\/tiptoedesign\/\"]}]}<\/script>\n<!-- \/ Yoast SEO plugin. -->","yoast_head_json":{"title":"Aufbewahrungsmodul f\u00fcr NEW MODERN Schreibtische","description":"Entdecken Sie unser NEW MODERN Aufbewahrungsmodul, das aus drei Stahlschubladen besteht. Einfache und schnelle Montage. 100% made in Europe","robots":{"index":"index","follow":"follow","max-snippet":"max-snippet:-1","max-image-preview":"max-image-preview:large","max-video-preview":"max-video-preview:-1"},"canonical":"https:\/\/www.tiptoe.fr\/de\/product\/aufbewahrungsmodul-wave-new-modern\/","og_locale":"de_DE","og_type":"article","og_title":"Aufbewahrungsmodul f\u00fcr NEW MODERN Schreibtische","og_description":"Entdecken Sie unser NEW MODERN Aufbewahrungsmodul, das aus drei Stahlschubladen besteht. Einfache und schnelle Montage. 100% made in Europe","og_url":"https:\/\/www.tiptoe.fr\/de\/product\/aufbewahrungsmodul-wave-new-modern\/","og_site_name":"TIPTOE","article_publisher":"https:\/\/www.facebook.com\/tiptoedesign","article_modified_time":"2025-10-29T15:17:59+00:00","og_image":[{"width":1500,"height":1500,"url":"https:\/\/www.tiptoe.fr\/wp-content\/uploads\/2023\/03\/wave-new-modern-noir.jpg","type":"image\/jpeg"}],"twitter_card":"summary_large_image","twitter_site":"@tiptoedesign","twitter_misc":{"Est. reading time":"1 minute"},"schema":{"@context":"https:\/\/schema.org","@graph":[{"@type":"WebPage","@id":"https:\/\/www.tiptoe.fr\/de\/product\/aufbewahrungsmodul-wave-new-modern\/","url":"https:\/\/www.tiptoe.fr\/de\/product\/aufbewahrungsmodul-wave-new-modern\/","name":"Aufbewahrungsmodul f\u00fcr NEW MODERN Schreibtische","isPartOf":{"@id":"https:\/\/www.tiptoe.fr\/de\/#website"},"primaryImageOfPage":{"@id":"https:\/\/www.tiptoe.fr\/de\/product\/aufbewahrungsmodul-wave-new-modern\/#primaryimage"},"image":{"@id":"https:\/\/www.tiptoe.fr\/de\/product\/aufbewahrungsmodul-wave-new-modern\/#primaryimage"},"thumbnailUrl":"https:\/\/www.tiptoe.fr\/wp-content\/uploads\/2023\/03\/wave-new-modern-noir.jpg","datePublished":"2023-03-28T15:02:34+00:00","dateModified":"2025-10-29T15:17:59+00:00","description":"Entdecken Sie unser NEW MODERN Aufbewahrungsmodul, das aus drei Stahlschubladen besteht. Einfache und schnelle Montage. 100% made in Europe","breadcrumb":{"@id":"https:\/\/www.tiptoe.fr\/de\/product\/aufbewahrungsmodul-wave-new-modern\/#breadcrumb"},"inLanguage":"de-DE","potentialAction":[{"@type":"ReadAction","target":["https:\/\/www.tiptoe.fr\/de\/product\/aufbewahrungsmodul-wave-new-modern\/"]}]},{"@type":"ImageObject","inLanguage":"de-DE","@id":"https:\/\/www.tiptoe.fr\/de\/product\/aufbewahrungsmodul-wave-new-modern\/#primaryimage","url":"https:\/\/www.tiptoe.fr\/wp-content\/uploads\/2023\/03\/wave-new-modern-noir.jpg","contentUrl":"https:\/\/www.tiptoe.fr\/wp-content\/uploads\/2023\/03\/wave-new-modern-noir.jpg","width":1500,"height":1500},{"@type":"BreadcrumbList","@id":"https:\/\/www.tiptoe.fr\/de\/product\/aufbewahrungsmodul-wave-new-modern\/#breadcrumb","itemListElement":[{"@type":"ListItem","position":1,"name":"Startseite","item":"https:\/\/www.tiptoe.fr\/de\/"},{"@type":"ListItem","position":2,"name":"Shop","item":"https:\/\/www.tiptoe.fr\/shop\/"},{"@type":"ListItem","position":3,"name":"Tische und Schreibtische","item":"https:\/\/www.tiptoe.fr\/de\/tische-und-schreibtische\/"},{"@type":"ListItem","position":4,"name":"Schreibtische","item":"https:\/\/www.tiptoe.fr\/de\/tische-und-schreibtische\/schreibtische\/"},{"@type":"ListItem","position":5,"name":"Aufbewahrungsblock aus Stahl f\u00fcr Schreibtisch NEW MODERN"}]},{"@type":"WebSite","@id":"https:\/\/www.tiptoe.fr\/de\/#website","url":"https:\/\/www.tiptoe.fr\/de\/","name":"TIPTOE","description":"","publisher":{"@id":"https:\/\/www.tiptoe.fr\/de\/#organization"},"potentialAction":[{"@type":"SearchAction","target":{"@type":"EntryPoint","urlTemplate":"https:\/\/www.tiptoe.fr\/de\/?s={search_term_string}"},"query-input":{"@type":"PropertyValueSpecification","valueRequired":true,"valueName":"search_term_string"}}],"inLanguage":"de-DE"},{"@type":"Organization","@id":"https:\/\/www.tiptoe.fr\/de\/#organization","name":"TIPTOE","url":"https:\/\/www.tiptoe.fr\/de\/","logo":{"@type":"ImageObject","inLanguage":"de-DE","@id":"https:\/\/www.tiptoe.fr\/de\/#\/schema\/logo\/image\/","url":"https:\/\/www.tiptoe.fr\/wp-content\/uploads\/2024\/06\/Logo.png","contentUrl":"https:\/\/www.tiptoe.fr\/wp-content\/uploads\/2024\/06\/Logo.png","width":133,"height":26,"caption":"TIPTOE"},"image":{"@id":"https:\/\/www.tiptoe.fr\/de\/#\/schema\/logo\/image\/"},"sameAs":["https:\/\/www.facebook.com\/tiptoedesign","https:\/\/x.com\/tiptoedesign","https:\/\/www.instagram.com\/tiptoedesign\/","https:\/\/www.pinterest.fr\/tiptoedesign\/"]}]}},"_links":{"self":[{"href":"https:\/\/www.tiptoe.fr\/de\/wp-json\/wp\/v2\/product\/239423","targetHints":{"allow":["GET"]}}],"collection":[{"href":"https:\/\/www.tiptoe.fr\/de\/wp-json\/wp\/v2\/product"}],"about":[{"href":"https:\/\/www.tiptoe.fr\/de\/wp-json\/wp\/v2\/types\/product"}],"wp:featuredmedia":[{"embeddable":true,"href":"https:\/\/www.tiptoe.fr\/de\/wp-json\/wp\/v2\/media\/239027"}],"wp:attachment":[{"href":"https:\/\/www.tiptoe.fr\/de\/wp-json\/wp\/v2\/media?parent=239423"}],"wp:term":[{"taxonomy":"product_brand","embeddable":true,"href":"https:\/\/www.tiptoe.fr\/de\/wp-json\/wp\/v2\/product_brand?post=239423"},{"taxonomy":"product_cat","embeddable":true,"href":"https:\/\/www.tiptoe.fr\/de\/wp-json\/wp\/v2\/product_cat?post=239423"},{"taxonomy":"product_tag","embeddable":true,"href":"https:\/\/www.tiptoe.fr\/de\/wp-json\/wp\/v2\/product_tag?post=239423"}],"curies":[{"name":"wp","href":"https:\/\/api.w.org\/{rel}","templated":true}]}}