{"id":239362,"date":"2023-03-28T13:15:17","date_gmt":"2023-03-28T11:18:11","guid":{"rendered":"https:\/\/www.tiptoe.fr\/?post_type=product&#038;p=239362"},"modified":"2025-12-02T10:58:07","modified_gmt":"2025-12-02T09:58:07","slug":"hoher-tisch-new-modern-hoehe-90-105cm-oekozertifiziertes-holz","status":"publish","type":"product","link":"https:\/\/www.tiptoe.fr\/de\/product\/hoher-tisch-new-modern-hoehe-90-105cm-oekozertifiziertes-holz\/","title":{"rendered":"Hochtisch NEW MODERN &#8211; \u00f6ko-zertifiziertes Holz"},"content":{"rendered":"<p>NEW MODERN ist eine Kollektion von Tischen und Schreibtischen, die f\u00fcr alle Verwendungszwecke geeignet ist. Ihr elegantes Design und ihre klaren Linien f\u00fcgen sich harmonisch in jede Einrichtung ein.<\/p>\n<p>Der Hochtisch ist eine hohe Version des Systems f\u00fcr neue Verwendungszwecke und bietet je nach Gr\u00f6\u00dfe der Tischplatte Platz f\u00fcr bis zu 10 Personen.<\/p>\n","protected":false},"excerpt":{"rendered":"<p style=\"text-align: left;\"><strong>\u2713<\/strong> Hoher Tisch f\u00fcr bis zu 10 Personen<\/p>\n<p style=\"text-align: left;\"><strong>\u2713<\/strong> Tischplatte aus Massivholz mit Eichenfurnier<\/p>\n<p style=\"text-align: left;\"><strong>\u2713<\/strong> Stahlbeine H\u00f6he 90 oder 105 cm<\/p>\n<p style=\"text-align: left;\"><strong>\u2713<\/strong> 100% in Europa hergestellt<\/p>\n","protected":false},"featured_media":239063,"template":"","meta":{"_acf_changed":false},"product_brand":[],"product_cat":[761,801,789,940,758],"product_tag":[],"class_list":{"0":"post-239362","1":"product","2":"type-product","3":"status-publish","4":"has-post-thumbnail","6":"product_cat-office-mobel-unternehmen","7":"product_cat-tische-und-schreibtische","8":"product_cat-kollektion-new-modern","9":"product_cat-restaurantmobel","10":"product_cat-hohe-bartische","11":"product_shipping_class-meubles-complets","13":"first","14":"instock","15":"taxable","16":"shipping-taxable","17":"purchasable","18":"product-type-variable","19":"has-default-attributes"},"acf":[],"yoast_head":"<!-- This site is optimized with the Yoast SEO plugin v26.3 - https:\/\/yoast.com\/wordpress\/plugins\/seo\/ -->\n<title>Hoher Tisch NEW MODERN aus \u00f6kozertifiziertem Holz<\/title>\n<meta name=\"description\" content=\"Entdecken Sie den hohen Tisch NEW MODERN aus Eiche mit seinem Gestell aus Stahl. Der Tisch ist in den H\u00f6hen 90 und 105 cm erh\u00e4ltlich.\" \/>\n<meta name=\"robots\" content=\"index, follow, max-snippet:-1, max-image-preview:large, max-video-preview:-1\" \/>\n<link rel=\"canonical\" href=\"https:\/\/www.tiptoe.fr\/de\/product\/hoher-tisch-new-modern-hoehe-90-105cm-oekozertifiziertes-holz\/\" \/>\n<meta property=\"og:locale\" content=\"de_DE\" \/>\n<meta property=\"og:type\" content=\"article\" \/>\n<meta property=\"og:title\" content=\"Hoher Tisch NEW MODERN aus \u00f6kozertifiziertem Holz\" \/>\n<meta property=\"og:description\" content=\"Entdecken Sie den hohen Tisch NEW MODERN aus Eiche mit seinem Gestell aus Stahl. Der Tisch ist in den H\u00f6hen 90 und 105 cm erh\u00e4ltlich.\" \/>\n<meta property=\"og:url\" content=\"https:\/\/www.tiptoe.fr\/de\/product\/hoher-tisch-new-modern-hoehe-90-105cm-oekozertifiziertes-holz\/\" \/>\n<meta property=\"og:site_name\" content=\"TIPTOE\" \/>\n<meta property=\"article:publisher\" content=\"https:\/\/www.facebook.com\/tiptoedesign\" \/>\n<meta property=\"article:modified_time\" content=\"2025-12-02T09:58:07+00:00\" \/>\n<meta property=\"og:image\" content=\"https:\/\/www.tiptoe.fr\/wp-content\/uploads\/2023\/03\/table-haute-new-modern-90-chene-150x70-160x95-stylisme-noir.jpg\" \/>\n\t<meta property=\"og:image:width\" content=\"1500\" \/>\n\t<meta property=\"og:image:height\" content=\"1500\" \/>\n\t<meta property=\"og:image:type\" content=\"image\/jpeg\" \/>\n<meta name=\"twitter:card\" content=\"summary_large_image\" \/>\n<meta name=\"twitter:site\" content=\"@tiptoedesign\" \/>\n<meta name=\"twitter:label1\" content=\"Est. reading time\" \/>\n\t<meta name=\"twitter:data1\" content=\"1 minute\" \/>\n<script type=\"application\/ld+json\" class=\"yoast-schema-graph\">{\"@context\":\"https:\/\/schema.org\",\"@graph\":[{\"@type\":\"WebPage\",\"@id\":\"https:\/\/www.tiptoe.fr\/de\/product\/hoher-tisch-new-modern-hoehe-90-105cm-oekozertifiziertes-holz\/\",\"url\":\"https:\/\/www.tiptoe.fr\/de\/product\/hoher-tisch-new-modern-hoehe-90-105cm-oekozertifiziertes-holz\/\",\"name\":\"Hoher Tisch NEW MODERN aus \u00f6kozertifiziertem Holz\",\"isPartOf\":{\"@id\":\"https:\/\/www.tiptoe.fr\/de\/#website\"},\"primaryImageOfPage\":{\"@id\":\"https:\/\/www.tiptoe.fr\/de\/product\/hoher-tisch-new-modern-hoehe-90-105cm-oekozertifiziertes-holz\/#primaryimage\"},\"image\":{\"@id\":\"https:\/\/www.tiptoe.fr\/de\/product\/hoher-tisch-new-modern-hoehe-90-105cm-oekozertifiziertes-holz\/#primaryimage\"},\"thumbnailUrl\":\"https:\/\/www.tiptoe.fr\/wp-content\/uploads\/2023\/03\/table-haute-new-modern-90-chene-150x70-160x95-stylisme-noir.jpg\",\"datePublished\":\"2023-03-28T11:18:11+00:00\",\"dateModified\":\"2025-12-02T09:58:07+00:00\",\"description\":\"Entdecken Sie den hohen Tisch NEW MODERN aus Eiche mit seinem Gestell aus Stahl. Der Tisch ist in den H\u00f6hen 90 und 105 cm erh\u00e4ltlich.\",\"breadcrumb\":{\"@id\":\"https:\/\/www.tiptoe.fr\/de\/product\/hoher-tisch-new-modern-hoehe-90-105cm-oekozertifiziertes-holz\/#breadcrumb\"},\"inLanguage\":\"de-DE\",\"potentialAction\":[{\"@type\":\"ReadAction\",\"target\":[\"https:\/\/www.tiptoe.fr\/de\/product\/hoher-tisch-new-modern-hoehe-90-105cm-oekozertifiziertes-holz\/\"]}]},{\"@type\":\"ImageObject\",\"inLanguage\":\"de-DE\",\"@id\":\"https:\/\/www.tiptoe.fr\/de\/product\/hoher-tisch-new-modern-hoehe-90-105cm-oekozertifiziertes-holz\/#primaryimage\",\"url\":\"https:\/\/www.tiptoe.fr\/wp-content\/uploads\/2023\/03\/table-haute-new-modern-90-chene-150x70-160x95-stylisme-noir.jpg\",\"contentUrl\":\"https:\/\/www.tiptoe.fr\/wp-content\/uploads\/2023\/03\/table-haute-new-modern-90-chene-150x70-160x95-stylisme-noir.jpg\",\"width\":1500,\"height\":1500},{\"@type\":\"BreadcrumbList\",\"@id\":\"https:\/\/www.tiptoe.fr\/de\/product\/hoher-tisch-new-modern-hoehe-90-105cm-oekozertifiziertes-holz\/#breadcrumb\",\"itemListElement\":[{\"@type\":\"ListItem\",\"position\":1,\"name\":\"Startseite\",\"item\":\"https:\/\/www.tiptoe.fr\/de\/\"},{\"@type\":\"ListItem\",\"position\":2,\"name\":\"Shop\",\"item\":\"https:\/\/www.tiptoe.fr\/shop\/\"},{\"@type\":\"ListItem\",\"position\":3,\"name\":\"Tische und Schreibtische\",\"item\":\"https:\/\/www.tiptoe.fr\/de\/tische-und-schreibtische\/\"},{\"@type\":\"ListItem\",\"position\":4,\"name\":\"Hohe Bartische\",\"item\":\"https:\/\/www.tiptoe.fr\/de\/tische-und-schreibtische\/hohe-bartische\/\"},{\"@type\":\"ListItem\",\"position\":5,\"name\":\"Hochtisch NEW MODERN &#8211; \u00f6ko-zertifiziertes Holz\"}]},{\"@type\":\"WebSite\",\"@id\":\"https:\/\/www.tiptoe.fr\/de\/#website\",\"url\":\"https:\/\/www.tiptoe.fr\/de\/\",\"name\":\"TIPTOE\",\"description\":\"\",\"publisher\":{\"@id\":\"https:\/\/www.tiptoe.fr\/de\/#organization\"},\"potentialAction\":[{\"@type\":\"SearchAction\",\"target\":{\"@type\":\"EntryPoint\",\"urlTemplate\":\"https:\/\/www.tiptoe.fr\/de\/?s={search_term_string}\"},\"query-input\":{\"@type\":\"PropertyValueSpecification\",\"valueRequired\":true,\"valueName\":\"search_term_string\"}}],\"inLanguage\":\"de-DE\"},{\"@type\":\"Organization\",\"@id\":\"https:\/\/www.tiptoe.fr\/de\/#organization\",\"name\":\"TIPTOE\",\"url\":\"https:\/\/www.tiptoe.fr\/de\/\",\"logo\":{\"@type\":\"ImageObject\",\"inLanguage\":\"de-DE\",\"@id\":\"https:\/\/www.tiptoe.fr\/de\/#\/schema\/logo\/image\/\",\"url\":\"https:\/\/www.tiptoe.fr\/wp-content\/uploads\/2024\/06\/Logo.png\",\"contentUrl\":\"https:\/\/www.tiptoe.fr\/wp-content\/uploads\/2024\/06\/Logo.png\",\"width\":133,\"height\":26,\"caption\":\"TIPTOE\"},\"image\":{\"@id\":\"https:\/\/www.tiptoe.fr\/de\/#\/schema\/logo\/image\/\"},\"sameAs\":[\"https:\/\/www.facebook.com\/tiptoedesign\",\"https:\/\/x.com\/tiptoedesign\",\"https:\/\/www.instagram.com\/tiptoedesign\/\",\"https:\/\/www.pinterest.fr\/tiptoedesign\/\"]}]}<\/script>\n<!-- \/ Yoast SEO plugin. -->","yoast_head_json":{"title":"Hoher Tisch NEW MODERN aus \u00f6kozertifiziertem Holz","description":"Entdecken Sie den hohen Tisch NEW MODERN aus Eiche mit seinem Gestell aus Stahl. Der Tisch ist in den H\u00f6hen 90 und 105 cm erh\u00e4ltlich.","robots":{"index":"index","follow":"follow","max-snippet":"max-snippet:-1","max-image-preview":"max-image-preview:large","max-video-preview":"max-video-preview:-1"},"canonical":"https:\/\/www.tiptoe.fr\/de\/product\/hoher-tisch-new-modern-hoehe-90-105cm-oekozertifiziertes-holz\/","og_locale":"de_DE","og_type":"article","og_title":"Hoher Tisch NEW MODERN aus \u00f6kozertifiziertem Holz","og_description":"Entdecken Sie den hohen Tisch NEW MODERN aus Eiche mit seinem Gestell aus Stahl. Der Tisch ist in den H\u00f6hen 90 und 105 cm erh\u00e4ltlich.","og_url":"https:\/\/www.tiptoe.fr\/de\/product\/hoher-tisch-new-modern-hoehe-90-105cm-oekozertifiziertes-holz\/","og_site_name":"TIPTOE","article_publisher":"https:\/\/www.facebook.com\/tiptoedesign","article_modified_time":"2025-12-02T09:58:07+00:00","og_image":[{"width":1500,"height":1500,"url":"https:\/\/www.tiptoe.fr\/wp-content\/uploads\/2023\/03\/table-haute-new-modern-90-chene-150x70-160x95-stylisme-noir.jpg","type":"image\/jpeg"}],"twitter_card":"summary_large_image","twitter_site":"@tiptoedesign","twitter_misc":{"Est. reading time":"1 minute"},"schema":{"@context":"https:\/\/schema.org","@graph":[{"@type":"WebPage","@id":"https:\/\/www.tiptoe.fr\/de\/product\/hoher-tisch-new-modern-hoehe-90-105cm-oekozertifiziertes-holz\/","url":"https:\/\/www.tiptoe.fr\/de\/product\/hoher-tisch-new-modern-hoehe-90-105cm-oekozertifiziertes-holz\/","name":"Hoher Tisch NEW MODERN aus \u00f6kozertifiziertem Holz","isPartOf":{"@id":"https:\/\/www.tiptoe.fr\/de\/#website"},"primaryImageOfPage":{"@id":"https:\/\/www.tiptoe.fr\/de\/product\/hoher-tisch-new-modern-hoehe-90-105cm-oekozertifiziertes-holz\/#primaryimage"},"image":{"@id":"https:\/\/www.tiptoe.fr\/de\/product\/hoher-tisch-new-modern-hoehe-90-105cm-oekozertifiziertes-holz\/#primaryimage"},"thumbnailUrl":"https:\/\/www.tiptoe.fr\/wp-content\/uploads\/2023\/03\/table-haute-new-modern-90-chene-150x70-160x95-stylisme-noir.jpg","datePublished":"2023-03-28T11:18:11+00:00","dateModified":"2025-12-02T09:58:07+00:00","description":"Entdecken Sie den hohen Tisch NEW MODERN aus Eiche mit seinem Gestell aus Stahl. Der Tisch ist in den H\u00f6hen 90 und 105 cm erh\u00e4ltlich.","breadcrumb":{"@id":"https:\/\/www.tiptoe.fr\/de\/product\/hoher-tisch-new-modern-hoehe-90-105cm-oekozertifiziertes-holz\/#breadcrumb"},"inLanguage":"de-DE","potentialAction":[{"@type":"ReadAction","target":["https:\/\/www.tiptoe.fr\/de\/product\/hoher-tisch-new-modern-hoehe-90-105cm-oekozertifiziertes-holz\/"]}]},{"@type":"ImageObject","inLanguage":"de-DE","@id":"https:\/\/www.tiptoe.fr\/de\/product\/hoher-tisch-new-modern-hoehe-90-105cm-oekozertifiziertes-holz\/#primaryimage","url":"https:\/\/www.tiptoe.fr\/wp-content\/uploads\/2023\/03\/table-haute-new-modern-90-chene-150x70-160x95-stylisme-noir.jpg","contentUrl":"https:\/\/www.tiptoe.fr\/wp-content\/uploads\/2023\/03\/table-haute-new-modern-90-chene-150x70-160x95-stylisme-noir.jpg","width":1500,"height":1500},{"@type":"BreadcrumbList","@id":"https:\/\/www.tiptoe.fr\/de\/product\/hoher-tisch-new-modern-hoehe-90-105cm-oekozertifiziertes-holz\/#breadcrumb","itemListElement":[{"@type":"ListItem","position":1,"name":"Startseite","item":"https:\/\/www.tiptoe.fr\/de\/"},{"@type":"ListItem","position":2,"name":"Shop","item":"https:\/\/www.tiptoe.fr\/shop\/"},{"@type":"ListItem","position":3,"name":"Tische und Schreibtische","item":"https:\/\/www.tiptoe.fr\/de\/tische-und-schreibtische\/"},{"@type":"ListItem","position":4,"name":"Hohe Bartische","item":"https:\/\/www.tiptoe.fr\/de\/tische-und-schreibtische\/hohe-bartische\/"},{"@type":"ListItem","position":5,"name":"Hochtisch NEW MODERN &#8211; \u00f6ko-zertifiziertes Holz"}]},{"@type":"WebSite","@id":"https:\/\/www.tiptoe.fr\/de\/#website","url":"https:\/\/www.tiptoe.fr\/de\/","name":"TIPTOE","description":"","publisher":{"@id":"https:\/\/www.tiptoe.fr\/de\/#organization"},"potentialAction":[{"@type":"SearchAction","target":{"@type":"EntryPoint","urlTemplate":"https:\/\/www.tiptoe.fr\/de\/?s={search_term_string}"},"query-input":{"@type":"PropertyValueSpecification","valueRequired":true,"valueName":"search_term_string"}}],"inLanguage":"de-DE"},{"@type":"Organization","@id":"https:\/\/www.tiptoe.fr\/de\/#organization","name":"TIPTOE","url":"https:\/\/www.tiptoe.fr\/de\/","logo":{"@type":"ImageObject","inLanguage":"de-DE","@id":"https:\/\/www.tiptoe.fr\/de\/#\/schema\/logo\/image\/","url":"https:\/\/www.tiptoe.fr\/wp-content\/uploads\/2024\/06\/Logo.png","contentUrl":"https:\/\/www.tiptoe.fr\/wp-content\/uploads\/2024\/06\/Logo.png","width":133,"height":26,"caption":"TIPTOE"},"image":{"@id":"https:\/\/www.tiptoe.fr\/de\/#\/schema\/logo\/image\/"},"sameAs":["https:\/\/www.facebook.com\/tiptoedesign","https:\/\/x.com\/tiptoedesign","https:\/\/www.instagram.com\/tiptoedesign\/","https:\/\/www.pinterest.fr\/tiptoedesign\/"]}]}},"_links":{"self":[{"href":"https:\/\/www.tiptoe.fr\/de\/wp-json\/wp\/v2\/product\/239362","targetHints":{"allow":["GET"]}}],"collection":[{"href":"https:\/\/www.tiptoe.fr\/de\/wp-json\/wp\/v2\/product"}],"about":[{"href":"https:\/\/www.tiptoe.fr\/de\/wp-json\/wp\/v2\/types\/product"}],"wp:featuredmedia":[{"embeddable":true,"href":"https:\/\/www.tiptoe.fr\/de\/wp-json\/wp\/v2\/media\/239063"}],"wp:attachment":[{"href":"https:\/\/www.tiptoe.fr\/de\/wp-json\/wp\/v2\/media?parent=239362"}],"wp:term":[{"taxonomy":"product_brand","embeddable":true,"href":"https:\/\/www.tiptoe.fr\/de\/wp-json\/wp\/v2\/product_brand?post=239362"},{"taxonomy":"product_cat","embeddable":true,"href":"https:\/\/www.tiptoe.fr\/de\/wp-json\/wp\/v2\/product_cat?post=239362"},{"taxonomy":"product_tag","embeddable":true,"href":"https:\/\/www.tiptoe.fr\/de\/wp-json\/wp\/v2\/product_tag?post=239362"}],"curies":[{"name":"wp","href":"https:\/\/api.w.org\/{rel}","templated":true}]}}