{"id":235200,"date":"2023-01-18T17:42:25","date_gmt":"2023-01-18T16:50:33","guid":{"rendered":"https:\/\/www.tiptoe.fr\/?post_type=product&#038;p=235200"},"modified":"2026-03-25T15:52:57","modified_gmt":"2026-03-25T14:52:57","slug":"wand-hochtisch-90-110-oekozertifiziertes-holz","status":"publish","type":"product","link":"https:\/\/www.tiptoe.fr\/de\/product\/wand-hochtisch-90-110-oekozertifiziertes-holz\/","title":{"rendered":"Wand-Hochtisch TIPTOE &#8211; \u00f6ko-zertifiziertes Holz"},"content":{"rendered":"<p>Erh\u00e4ltlich in zwei Gr\u00f6\u00dfen \u2014 120\u00d760 cm und 150\u00d775 cm \u2014 bietet der Wand-Hochtisch Platz f\u00fcr bis zu 6 Personen. Einfach und schnell zu montieren, besteht er aus einer Holzplatte, 2 Tischbeinen H\u00f6he 90 oder 110 cm und passenden Wandhacken aus Stahl. Der Hochtisch eignet sich ideal als Arbeitsfl\u00e4che, K\u00fccheninsel oder Bar.<\/p>\n<p>Das Eichenfurnier stammt aus zertifizierten W\u00e4ldern. Seine nat\u00fcrlich warmen Farbt\u00f6ne und seine feine Maserung verleihen Ihrem Interieur Eleganz.<\/p>\n","protected":false},"excerpt":{"rendered":"<p style=\"text-align: left;\"><strong>\u2713<\/strong> Wand-Hochtisch f\u00fcr bis zu 6 Personen<\/p>\n<p style=\"text-align: left;\"><strong>\u2713<\/strong> Tischplatte aus Holz mit Eichenfurnier<\/p>\n<p style=\"text-align: left;\"><strong>\u2713<\/strong> 2 Tischbeine 90 cm oder 110 cm und 2 Wandhaken<\/p>\n<p style=\"text-align: left;\"><strong>\u2713<\/strong> 100% in Europa hergestellt<\/p>\n","protected":false},"featured_media":210813,"template":"","meta":{"_acf_changed":false},"product_brand":[],"product_cat":[761,801,748,752,940,758,989,759],"product_tag":[],"class_list":{"0":"post-235200","1":"product","2":"type-product","3":"status-publish","4":"has-post-thumbnail","6":"product_cat-office-mobel-unternehmen","7":"product_cat-tische-und-schreibtische","8":"product_cat-tischbeine","9":"product_cat-hochtischbeine","10":"product_cat-restaurantmobel","11":"product_cat-hohe-bartische","12":"product_cat-kollektion-tiptoe-tische","13":"product_cat-wandtische","14":"product_shipping_class-meubles-complets","16":"first","17":"instock","18":"taxable","19":"shipping-taxable","20":"purchasable","21":"product-type-variable","22":"has-default-attributes"},"acf":[],"yoast_head":"<!-- This site is optimized with the Yoast SEO plugin v26.3 - https:\/\/yoast.com\/wordpress\/plugins\/seo\/ -->\n<title>Wand-Hochtisch h\u00f6he 90 oder 110 cm in \u00f6kozertifiziertes Holz<\/title>\n<meta name=\"description\" content=\"Entdecken Sie die Wand-Hochtische aus \u00f6kozertifiziertem Holz. Erh\u00e4ltlich in verschiedenen Tischplattengr\u00f6\u00dfen, Beinfarben und zwei H\u00f6hen.\" \/>\n<meta name=\"robots\" content=\"index, follow, max-snippet:-1, max-image-preview:large, max-video-preview:-1\" \/>\n<link rel=\"canonical\" href=\"https:\/\/www.tiptoe.fr\/de\/product\/wand-hochtisch-90-110-oekozertifiziertes-holz\/\" \/>\n<meta property=\"og:locale\" content=\"de_DE\" \/>\n<meta property=\"og:type\" content=\"article\" \/>\n<meta property=\"og:title\" content=\"Wand-Hochtisch h\u00f6he 90 oder 110 cm in \u00f6kozertifiziertes Holz\" \/>\n<meta property=\"og:description\" content=\"Entdecken Sie die Wand-Hochtische aus \u00f6kozertifiziertem Holz. Erh\u00e4ltlich in verschiedenen Tischplattengr\u00f6\u00dfen, Beinfarben und zwei H\u00f6hen.\" \/>\n<meta property=\"og:url\" content=\"https:\/\/www.tiptoe.fr\/de\/product\/wand-hochtisch-90-110-oekozertifiziertes-holz\/\" \/>\n<meta property=\"og:site_name\" content=\"TIPTOE\" \/>\n<meta property=\"article:publisher\" content=\"https:\/\/www.facebook.com\/tiptoedesign\" \/>\n<meta property=\"article:modified_time\" content=\"2026-03-25T14:52:57+00:00\" \/>\n<meta property=\"og:image\" content=\"https:\/\/www.tiptoe.fr\/wp-content\/uploads\/2020\/11\/120x60-wall-bar-table-90cm-noir-graphite.jpg\" \/>\n\t<meta property=\"og:image:width\" content=\"2500\" \/>\n\t<meta property=\"og:image:height\" content=\"2500\" \/>\n\t<meta property=\"og:image:type\" content=\"image\/jpeg\" \/>\n<meta name=\"twitter:card\" content=\"summary_large_image\" \/>\n<meta name=\"twitter:site\" content=\"@tiptoedesign\" \/>\n<meta name=\"twitter:label1\" content=\"Est. reading time\" \/>\n\t<meta name=\"twitter:data1\" content=\"1 minute\" \/>\n<script type=\"application\/ld+json\" class=\"yoast-schema-graph\">{\"@context\":\"https:\/\/schema.org\",\"@graph\":[{\"@type\":\"WebPage\",\"@id\":\"https:\/\/www.tiptoe.fr\/de\/product\/wand-hochtisch-90-110-oekozertifiziertes-holz\/\",\"url\":\"https:\/\/www.tiptoe.fr\/de\/product\/wand-hochtisch-90-110-oekozertifiziertes-holz\/\",\"name\":\"Wand-Hochtisch h\u00f6he 90 oder 110 cm in \u00f6kozertifiziertes Holz\",\"isPartOf\":{\"@id\":\"https:\/\/www.tiptoe.fr\/de\/#website\"},\"primaryImageOfPage\":{\"@id\":\"https:\/\/www.tiptoe.fr\/de\/product\/wand-hochtisch-90-110-oekozertifiziertes-holz\/#primaryimage\"},\"image\":{\"@id\":\"https:\/\/www.tiptoe.fr\/de\/product\/wand-hochtisch-90-110-oekozertifiziertes-holz\/#primaryimage\"},\"thumbnailUrl\":\"https:\/\/www.tiptoe.fr\/wp-content\/uploads\/2020\/11\/120x60-wall-bar-table-90cm-noir-graphite.jpg\",\"datePublished\":\"2023-01-18T16:50:33+00:00\",\"dateModified\":\"2026-03-25T14:52:57+00:00\",\"description\":\"Entdecken Sie die Wand-Hochtische aus \u00f6kozertifiziertem Holz. Erh\u00e4ltlich in verschiedenen Tischplattengr\u00f6\u00dfen, Beinfarben und zwei H\u00f6hen.\",\"breadcrumb\":{\"@id\":\"https:\/\/www.tiptoe.fr\/de\/product\/wand-hochtisch-90-110-oekozertifiziertes-holz\/#breadcrumb\"},\"inLanguage\":\"de-DE\",\"potentialAction\":[{\"@type\":\"ReadAction\",\"target\":[\"https:\/\/www.tiptoe.fr\/de\/product\/wand-hochtisch-90-110-oekozertifiziertes-holz\/\"]}]},{\"@type\":\"ImageObject\",\"inLanguage\":\"de-DE\",\"@id\":\"https:\/\/www.tiptoe.fr\/de\/product\/wand-hochtisch-90-110-oekozertifiziertes-holz\/#primaryimage\",\"url\":\"https:\/\/www.tiptoe.fr\/wp-content\/uploads\/2020\/11\/120x60-wall-bar-table-90cm-noir-graphite.jpg\",\"contentUrl\":\"https:\/\/www.tiptoe.fr\/wp-content\/uploads\/2020\/11\/120x60-wall-bar-table-90cm-noir-graphite.jpg\",\"width\":2500,\"height\":2500},{\"@type\":\"BreadcrumbList\",\"@id\":\"https:\/\/www.tiptoe.fr\/de\/product\/wand-hochtisch-90-110-oekozertifiziertes-holz\/#breadcrumb\",\"itemListElement\":[{\"@type\":\"ListItem\",\"position\":1,\"name\":\"Startseite\",\"item\":\"https:\/\/www.tiptoe.fr\/de\/\"},{\"@type\":\"ListItem\",\"position\":2,\"name\":\"Shop\",\"item\":\"https:\/\/www.tiptoe.fr\/shop\/\"},{\"@type\":\"ListItem\",\"position\":3,\"name\":\"Tische und Schreibtische\",\"item\":\"https:\/\/www.tiptoe.fr\/de\/tische-und-schreibtische\/\"},{\"@type\":\"ListItem\",\"position\":4,\"name\":\"Hohe Bartische\",\"item\":\"https:\/\/www.tiptoe.fr\/de\/tische-und-schreibtische\/hohe-bartische\/\"},{\"@type\":\"ListItem\",\"position\":5,\"name\":\"Wand-Hochtisch TIPTOE &#8211; \u00f6ko-zertifiziertes Holz\"}]},{\"@type\":\"WebSite\",\"@id\":\"https:\/\/www.tiptoe.fr\/de\/#website\",\"url\":\"https:\/\/www.tiptoe.fr\/de\/\",\"name\":\"TIPTOE\",\"description\":\"\",\"publisher\":{\"@id\":\"https:\/\/www.tiptoe.fr\/de\/#organization\"},\"potentialAction\":[{\"@type\":\"SearchAction\",\"target\":{\"@type\":\"EntryPoint\",\"urlTemplate\":\"https:\/\/www.tiptoe.fr\/de\/?s={search_term_string}\"},\"query-input\":{\"@type\":\"PropertyValueSpecification\",\"valueRequired\":true,\"valueName\":\"search_term_string\"}}],\"inLanguage\":\"de-DE\"},{\"@type\":\"Organization\",\"@id\":\"https:\/\/www.tiptoe.fr\/de\/#organization\",\"name\":\"TIPTOE\",\"url\":\"https:\/\/www.tiptoe.fr\/de\/\",\"logo\":{\"@type\":\"ImageObject\",\"inLanguage\":\"de-DE\",\"@id\":\"https:\/\/www.tiptoe.fr\/de\/#\/schema\/logo\/image\/\",\"url\":\"https:\/\/www.tiptoe.fr\/wp-content\/uploads\/2024\/06\/Logo.png\",\"contentUrl\":\"https:\/\/www.tiptoe.fr\/wp-content\/uploads\/2024\/06\/Logo.png\",\"width\":133,\"height\":26,\"caption\":\"TIPTOE\"},\"image\":{\"@id\":\"https:\/\/www.tiptoe.fr\/de\/#\/schema\/logo\/image\/\"},\"sameAs\":[\"https:\/\/www.facebook.com\/tiptoedesign\",\"https:\/\/x.com\/tiptoedesign\",\"https:\/\/www.instagram.com\/tiptoedesign\/\",\"https:\/\/www.pinterest.fr\/tiptoedesign\/\"]}]}<\/script>\n<!-- \/ Yoast SEO plugin. -->","yoast_head_json":{"title":"Wand-Hochtisch h\u00f6he 90 oder 110 cm in \u00f6kozertifiziertes Holz","description":"Entdecken Sie die Wand-Hochtische aus \u00f6kozertifiziertem Holz. Erh\u00e4ltlich in verschiedenen Tischplattengr\u00f6\u00dfen, Beinfarben und zwei H\u00f6hen.","robots":{"index":"index","follow":"follow","max-snippet":"max-snippet:-1","max-image-preview":"max-image-preview:large","max-video-preview":"max-video-preview:-1"},"canonical":"https:\/\/www.tiptoe.fr\/de\/product\/wand-hochtisch-90-110-oekozertifiziertes-holz\/","og_locale":"de_DE","og_type":"article","og_title":"Wand-Hochtisch h\u00f6he 90 oder 110 cm in \u00f6kozertifiziertes Holz","og_description":"Entdecken Sie die Wand-Hochtische aus \u00f6kozertifiziertem Holz. Erh\u00e4ltlich in verschiedenen Tischplattengr\u00f6\u00dfen, Beinfarben und zwei H\u00f6hen.","og_url":"https:\/\/www.tiptoe.fr\/de\/product\/wand-hochtisch-90-110-oekozertifiziertes-holz\/","og_site_name":"TIPTOE","article_publisher":"https:\/\/www.facebook.com\/tiptoedesign","article_modified_time":"2026-03-25T14:52:57+00:00","og_image":[{"width":2500,"height":2500,"url":"https:\/\/www.tiptoe.fr\/wp-content\/uploads\/2020\/11\/120x60-wall-bar-table-90cm-noir-graphite.jpg","type":"image\/jpeg"}],"twitter_card":"summary_large_image","twitter_site":"@tiptoedesign","twitter_misc":{"Est. reading time":"1 minute"},"schema":{"@context":"https:\/\/schema.org","@graph":[{"@type":"WebPage","@id":"https:\/\/www.tiptoe.fr\/de\/product\/wand-hochtisch-90-110-oekozertifiziertes-holz\/","url":"https:\/\/www.tiptoe.fr\/de\/product\/wand-hochtisch-90-110-oekozertifiziertes-holz\/","name":"Wand-Hochtisch h\u00f6he 90 oder 110 cm in \u00f6kozertifiziertes Holz","isPartOf":{"@id":"https:\/\/www.tiptoe.fr\/de\/#website"},"primaryImageOfPage":{"@id":"https:\/\/www.tiptoe.fr\/de\/product\/wand-hochtisch-90-110-oekozertifiziertes-holz\/#primaryimage"},"image":{"@id":"https:\/\/www.tiptoe.fr\/de\/product\/wand-hochtisch-90-110-oekozertifiziertes-holz\/#primaryimage"},"thumbnailUrl":"https:\/\/www.tiptoe.fr\/wp-content\/uploads\/2020\/11\/120x60-wall-bar-table-90cm-noir-graphite.jpg","datePublished":"2023-01-18T16:50:33+00:00","dateModified":"2026-03-25T14:52:57+00:00","description":"Entdecken Sie die Wand-Hochtische aus \u00f6kozertifiziertem Holz. Erh\u00e4ltlich in verschiedenen Tischplattengr\u00f6\u00dfen, Beinfarben und zwei H\u00f6hen.","breadcrumb":{"@id":"https:\/\/www.tiptoe.fr\/de\/product\/wand-hochtisch-90-110-oekozertifiziertes-holz\/#breadcrumb"},"inLanguage":"de-DE","potentialAction":[{"@type":"ReadAction","target":["https:\/\/www.tiptoe.fr\/de\/product\/wand-hochtisch-90-110-oekozertifiziertes-holz\/"]}]},{"@type":"ImageObject","inLanguage":"de-DE","@id":"https:\/\/www.tiptoe.fr\/de\/product\/wand-hochtisch-90-110-oekozertifiziertes-holz\/#primaryimage","url":"https:\/\/www.tiptoe.fr\/wp-content\/uploads\/2020\/11\/120x60-wall-bar-table-90cm-noir-graphite.jpg","contentUrl":"https:\/\/www.tiptoe.fr\/wp-content\/uploads\/2020\/11\/120x60-wall-bar-table-90cm-noir-graphite.jpg","width":2500,"height":2500},{"@type":"BreadcrumbList","@id":"https:\/\/www.tiptoe.fr\/de\/product\/wand-hochtisch-90-110-oekozertifiziertes-holz\/#breadcrumb","itemListElement":[{"@type":"ListItem","position":1,"name":"Startseite","item":"https:\/\/www.tiptoe.fr\/de\/"},{"@type":"ListItem","position":2,"name":"Shop","item":"https:\/\/www.tiptoe.fr\/shop\/"},{"@type":"ListItem","position":3,"name":"Tische und Schreibtische","item":"https:\/\/www.tiptoe.fr\/de\/tische-und-schreibtische\/"},{"@type":"ListItem","position":4,"name":"Hohe Bartische","item":"https:\/\/www.tiptoe.fr\/de\/tische-und-schreibtische\/hohe-bartische\/"},{"@type":"ListItem","position":5,"name":"Wand-Hochtisch TIPTOE &#8211; \u00f6ko-zertifiziertes Holz"}]},{"@type":"WebSite","@id":"https:\/\/www.tiptoe.fr\/de\/#website","url":"https:\/\/www.tiptoe.fr\/de\/","name":"TIPTOE","description":"","publisher":{"@id":"https:\/\/www.tiptoe.fr\/de\/#organization"},"potentialAction":[{"@type":"SearchAction","target":{"@type":"EntryPoint","urlTemplate":"https:\/\/www.tiptoe.fr\/de\/?s={search_term_string}"},"query-input":{"@type":"PropertyValueSpecification","valueRequired":true,"valueName":"search_term_string"}}],"inLanguage":"de-DE"},{"@type":"Organization","@id":"https:\/\/www.tiptoe.fr\/de\/#organization","name":"TIPTOE","url":"https:\/\/www.tiptoe.fr\/de\/","logo":{"@type":"ImageObject","inLanguage":"de-DE","@id":"https:\/\/www.tiptoe.fr\/de\/#\/schema\/logo\/image\/","url":"https:\/\/www.tiptoe.fr\/wp-content\/uploads\/2024\/06\/Logo.png","contentUrl":"https:\/\/www.tiptoe.fr\/wp-content\/uploads\/2024\/06\/Logo.png","width":133,"height":26,"caption":"TIPTOE"},"image":{"@id":"https:\/\/www.tiptoe.fr\/de\/#\/schema\/logo\/image\/"},"sameAs":["https:\/\/www.facebook.com\/tiptoedesign","https:\/\/x.com\/tiptoedesign","https:\/\/www.instagram.com\/tiptoedesign\/","https:\/\/www.pinterest.fr\/tiptoedesign\/"]}]}},"_links":{"self":[{"href":"https:\/\/www.tiptoe.fr\/de\/wp-json\/wp\/v2\/product\/235200","targetHints":{"allow":["GET"]}}],"collection":[{"href":"https:\/\/www.tiptoe.fr\/de\/wp-json\/wp\/v2\/product"}],"about":[{"href":"https:\/\/www.tiptoe.fr\/de\/wp-json\/wp\/v2\/types\/product"}],"wp:featuredmedia":[{"embeddable":true,"href":"https:\/\/www.tiptoe.fr\/de\/wp-json\/wp\/v2\/media\/210813"}],"wp:attachment":[{"href":"https:\/\/www.tiptoe.fr\/de\/wp-json\/wp\/v2\/media?parent=235200"}],"wp:term":[{"taxonomy":"product_brand","embeddable":true,"href":"https:\/\/www.tiptoe.fr\/de\/wp-json\/wp\/v2\/product_brand?post=235200"},{"taxonomy":"product_cat","embeddable":true,"href":"https:\/\/www.tiptoe.fr\/de\/wp-json\/wp\/v2\/product_cat?post=235200"},{"taxonomy":"product_tag","embeddable":true,"href":"https:\/\/www.tiptoe.fr\/de\/wp-json\/wp\/v2\/product_tag?post=235200"}],"curies":[{"name":"wp","href":"https:\/\/api.w.org\/{rel}","templated":true}]}}