{"id":233248,"date":"2022-12-14T14:27:58","date_gmt":"2022-12-14T13:29:32","guid":{"rendered":"https:\/\/www.tiptoe.fr\/?post_type=product&#038;p=233248"},"modified":"2026-03-19T17:20:36","modified_gmt":"2026-03-19T16:20:36","slug":"wandschreibtisch-recyceltes-altholz","status":"publish","type":"product","link":"https:\/\/www.tiptoe.fr\/de\/product\/wandschreibtisch-recyceltes-altholz\/","title":{"rendered":"Wandschreibtisch TIPTOE 120x60cm &#8211; recyceltem Altholz"},"content":{"rendered":"<p>Der Wandschreibtisch kombiniert eine 120&#215;60 cm gro\u00dfe Holzplatte, 2 Tischbeinen H\u00f6he 75 cm und passende Wandhacken aus Stahl. Einfach und schnell zu montieren, ist der Schreibtisch ideal, um kleine R\u00e4ume optimal zu nutzen. Optional k\u00f6nnen Stahlschubladen hinzugef\u00fcgt werden, die praktischen und dezenten Stauraum f\u00fcr einen gut organisierten Arbeitsplatz bieten.<\/p>\n<p>Altholz \u00fcberzeugt durch seinen einzigartigen Charakter. Seine tiefe Farbe, markante Astknoten und nat\u00fcrliche Unebenheiten bringen W\u00e4rme und Authentizit\u00e4t in Ihr Zuhause.<\/p>\n","protected":false},"excerpt":{"rendered":"<p style=\"text-align: left;\"><strong>\u2713<\/strong> Wandschreibtisch ideal f\u00fcr kleine R\u00e4ume<\/p>\n<p style=\"text-align: left;\"><strong>\u2713<\/strong> Tischplatte aus gealtertem Holz 120&#215;60 cm<\/p>\n<p style=\"text-align: left;\"><strong>\u2713<\/strong> 2 Tischbeine 75 cm und 2 Wandhacken<\/p>\n<p style=\"text-align: left;\"><strong>\u2713<\/strong> Schubladen optional erh\u00e4ltlich<\/p>\n","protected":false},"featured_media":248267,"template":"","meta":{"_acf_changed":false},"product_brand":[],"product_cat":[801,989,757,759],"product_tag":[],"class_list":{"0":"post-233248","1":"product","2":"type-product","3":"status-publish","4":"has-post-thumbnail","6":"product_cat-tische-und-schreibtische","7":"product_cat-kollektion-tiptoe-tische","8":"product_cat-schreibtische","9":"product_cat-wandtische","10":"product_shipping_class-meubles-complets","12":"first","13":"instock","14":"taxable","15":"shipping-taxable","16":"purchasable","17":"product-type-variable","18":"has-default-attributes"},"acf":[],"yoast_head":"<!-- This site is optimized with the Yoast SEO plugin v26.3 - https:\/\/yoast.com\/wordpress\/plugins\/seo\/ -->\n<title>Wandschreibtisch aus Altholz<\/title>\n<meta name=\"description\" content=\"Entdecken Sie den Wandschreibtisch von TIPTOE aus Altholz und Stahlbeinen. Ideal zum Einrichten kleiner R\u00e4ume. Er ist ideal f\u00fcr kleine R\u00e4ume.\" \/>\n<meta name=\"robots\" content=\"index, follow, max-snippet:-1, max-image-preview:large, max-video-preview:-1\" \/>\n<link rel=\"canonical\" href=\"https:\/\/www.tiptoe.fr\/de\/product\/wandschreibtisch-recyceltes-altholz\/\" \/>\n<meta property=\"og:locale\" content=\"de_DE\" \/>\n<meta property=\"og:type\" content=\"article\" \/>\n<meta property=\"og:title\" content=\"Wandschreibtisch aus Altholz\" \/>\n<meta property=\"og:description\" content=\"Entdecken Sie den Wandschreibtisch von TIPTOE aus Altholz und Stahlbeinen. Ideal zum Einrichten kleiner R\u00e4ume. Er ist ideal f\u00fcr kleine R\u00e4ume.\" \/>\n<meta property=\"og:url\" content=\"https:\/\/www.tiptoe.fr\/de\/product\/wandschreibtisch-recyceltes-altholz\/\" \/>\n<meta property=\"og:site_name\" content=\"TIPTOE\" \/>\n<meta property=\"article:publisher\" content=\"https:\/\/www.facebook.com\/tiptoedesign\" \/>\n<meta property=\"article:modified_time\" content=\"2026-03-19T16:20:36+00:00\" \/>\n<meta property=\"og:image\" content=\"https:\/\/www.tiptoe.fr\/wp-content\/uploads\/2023\/07\/bureau-mural-wave-bois-ancien-.jpg\" \/>\n\t<meta property=\"og:image:width\" content=\"1500\" \/>\n\t<meta property=\"og:image:height\" content=\"1500\" \/>\n\t<meta property=\"og:image:type\" content=\"image\/jpeg\" \/>\n<meta name=\"twitter:card\" content=\"summary_large_image\" \/>\n<meta name=\"twitter:site\" content=\"@tiptoedesign\" \/>\n<meta name=\"twitter:label1\" content=\"Est. reading time\" \/>\n\t<meta name=\"twitter:data1\" content=\"1 minute\" \/>\n<script type=\"application\/ld+json\" class=\"yoast-schema-graph\">{\"@context\":\"https:\/\/schema.org\",\"@graph\":[{\"@type\":\"WebPage\",\"@id\":\"https:\/\/www.tiptoe.fr\/de\/product\/wandschreibtisch-recyceltes-altholz\/\",\"url\":\"https:\/\/www.tiptoe.fr\/de\/product\/wandschreibtisch-recyceltes-altholz\/\",\"name\":\"Wandschreibtisch aus Altholz\",\"isPartOf\":{\"@id\":\"https:\/\/www.tiptoe.fr\/de\/#website\"},\"primaryImageOfPage\":{\"@id\":\"https:\/\/www.tiptoe.fr\/de\/product\/wandschreibtisch-recyceltes-altholz\/#primaryimage\"},\"image\":{\"@id\":\"https:\/\/www.tiptoe.fr\/de\/product\/wandschreibtisch-recyceltes-altholz\/#primaryimage\"},\"thumbnailUrl\":\"https:\/\/www.tiptoe.fr\/wp-content\/uploads\/2023\/07\/bureau-mural-wave-bois-ancien-.jpg\",\"datePublished\":\"2022-12-14T13:29:32+00:00\",\"dateModified\":\"2026-03-19T16:20:36+00:00\",\"description\":\"Entdecken Sie den Wandschreibtisch von TIPTOE aus Altholz und Stahlbeinen. Ideal zum Einrichten kleiner R\u00e4ume. Er ist ideal f\u00fcr kleine R\u00e4ume.\",\"breadcrumb\":{\"@id\":\"https:\/\/www.tiptoe.fr\/de\/product\/wandschreibtisch-recyceltes-altholz\/#breadcrumb\"},\"inLanguage\":\"de-DE\",\"potentialAction\":[{\"@type\":\"ReadAction\",\"target\":[\"https:\/\/www.tiptoe.fr\/de\/product\/wandschreibtisch-recyceltes-altholz\/\"]}]},{\"@type\":\"ImageObject\",\"inLanguage\":\"de-DE\",\"@id\":\"https:\/\/www.tiptoe.fr\/de\/product\/wandschreibtisch-recyceltes-altholz\/#primaryimage\",\"url\":\"https:\/\/www.tiptoe.fr\/wp-content\/uploads\/2023\/07\/bureau-mural-wave-bois-ancien-.jpg\",\"contentUrl\":\"https:\/\/www.tiptoe.fr\/wp-content\/uploads\/2023\/07\/bureau-mural-wave-bois-ancien-.jpg\",\"width\":1500,\"height\":1500},{\"@type\":\"BreadcrumbList\",\"@id\":\"https:\/\/www.tiptoe.fr\/de\/product\/wandschreibtisch-recyceltes-altholz\/#breadcrumb\",\"itemListElement\":[{\"@type\":\"ListItem\",\"position\":1,\"name\":\"Startseite\",\"item\":\"https:\/\/www.tiptoe.fr\/de\/\"},{\"@type\":\"ListItem\",\"position\":2,\"name\":\"Shop\",\"item\":\"https:\/\/www.tiptoe.fr\/shop\/\"},{\"@type\":\"ListItem\",\"position\":3,\"name\":\"Tische und Schreibtische\",\"item\":\"https:\/\/www.tiptoe.fr\/de\/tische-und-schreibtische\/\"},{\"@type\":\"ListItem\",\"position\":4,\"name\":\"Schreibtische\",\"item\":\"https:\/\/www.tiptoe.fr\/de\/tische-und-schreibtische\/schreibtische\/\"},{\"@type\":\"ListItem\",\"position\":5,\"name\":\"Wandschreibtisch TIPTOE 120x60cm &#8211; recyceltem Altholz\"}]},{\"@type\":\"WebSite\",\"@id\":\"https:\/\/www.tiptoe.fr\/de\/#website\",\"url\":\"https:\/\/www.tiptoe.fr\/de\/\",\"name\":\"TIPTOE\",\"description\":\"\",\"publisher\":{\"@id\":\"https:\/\/www.tiptoe.fr\/de\/#organization\"},\"potentialAction\":[{\"@type\":\"SearchAction\",\"target\":{\"@type\":\"EntryPoint\",\"urlTemplate\":\"https:\/\/www.tiptoe.fr\/de\/?s={search_term_string}\"},\"query-input\":{\"@type\":\"PropertyValueSpecification\",\"valueRequired\":true,\"valueName\":\"search_term_string\"}}],\"inLanguage\":\"de-DE\"},{\"@type\":\"Organization\",\"@id\":\"https:\/\/www.tiptoe.fr\/de\/#organization\",\"name\":\"TIPTOE\",\"url\":\"https:\/\/www.tiptoe.fr\/de\/\",\"logo\":{\"@type\":\"ImageObject\",\"inLanguage\":\"de-DE\",\"@id\":\"https:\/\/www.tiptoe.fr\/de\/#\/schema\/logo\/image\/\",\"url\":\"https:\/\/www.tiptoe.fr\/wp-content\/uploads\/2024\/06\/Logo.png\",\"contentUrl\":\"https:\/\/www.tiptoe.fr\/wp-content\/uploads\/2024\/06\/Logo.png\",\"width\":133,\"height\":26,\"caption\":\"TIPTOE\"},\"image\":{\"@id\":\"https:\/\/www.tiptoe.fr\/de\/#\/schema\/logo\/image\/\"},\"sameAs\":[\"https:\/\/www.facebook.com\/tiptoedesign\",\"https:\/\/x.com\/tiptoedesign\",\"https:\/\/www.instagram.com\/tiptoedesign\/\",\"https:\/\/www.pinterest.fr\/tiptoedesign\/\"]}]}<\/script>\n<!-- \/ Yoast SEO plugin. -->","yoast_head_json":{"title":"Wandschreibtisch aus Altholz","description":"Entdecken Sie den Wandschreibtisch von TIPTOE aus Altholz und Stahlbeinen. Ideal zum Einrichten kleiner R\u00e4ume. Er ist ideal f\u00fcr kleine R\u00e4ume.","robots":{"index":"index","follow":"follow","max-snippet":"max-snippet:-1","max-image-preview":"max-image-preview:large","max-video-preview":"max-video-preview:-1"},"canonical":"https:\/\/www.tiptoe.fr\/de\/product\/wandschreibtisch-recyceltes-altholz\/","og_locale":"de_DE","og_type":"article","og_title":"Wandschreibtisch aus Altholz","og_description":"Entdecken Sie den Wandschreibtisch von TIPTOE aus Altholz und Stahlbeinen. Ideal zum Einrichten kleiner R\u00e4ume. Er ist ideal f\u00fcr kleine R\u00e4ume.","og_url":"https:\/\/www.tiptoe.fr\/de\/product\/wandschreibtisch-recyceltes-altholz\/","og_site_name":"TIPTOE","article_publisher":"https:\/\/www.facebook.com\/tiptoedesign","article_modified_time":"2026-03-19T16:20:36+00:00","og_image":[{"width":1500,"height":1500,"url":"https:\/\/www.tiptoe.fr\/wp-content\/uploads\/2023\/07\/bureau-mural-wave-bois-ancien-.jpg","type":"image\/jpeg"}],"twitter_card":"summary_large_image","twitter_site":"@tiptoedesign","twitter_misc":{"Est. reading time":"1 minute"},"schema":{"@context":"https:\/\/schema.org","@graph":[{"@type":"WebPage","@id":"https:\/\/www.tiptoe.fr\/de\/product\/wandschreibtisch-recyceltes-altholz\/","url":"https:\/\/www.tiptoe.fr\/de\/product\/wandschreibtisch-recyceltes-altholz\/","name":"Wandschreibtisch aus Altholz","isPartOf":{"@id":"https:\/\/www.tiptoe.fr\/de\/#website"},"primaryImageOfPage":{"@id":"https:\/\/www.tiptoe.fr\/de\/product\/wandschreibtisch-recyceltes-altholz\/#primaryimage"},"image":{"@id":"https:\/\/www.tiptoe.fr\/de\/product\/wandschreibtisch-recyceltes-altholz\/#primaryimage"},"thumbnailUrl":"https:\/\/www.tiptoe.fr\/wp-content\/uploads\/2023\/07\/bureau-mural-wave-bois-ancien-.jpg","datePublished":"2022-12-14T13:29:32+00:00","dateModified":"2026-03-19T16:20:36+00:00","description":"Entdecken Sie den Wandschreibtisch von TIPTOE aus Altholz und Stahlbeinen. Ideal zum Einrichten kleiner R\u00e4ume. Er ist ideal f\u00fcr kleine R\u00e4ume.","breadcrumb":{"@id":"https:\/\/www.tiptoe.fr\/de\/product\/wandschreibtisch-recyceltes-altholz\/#breadcrumb"},"inLanguage":"de-DE","potentialAction":[{"@type":"ReadAction","target":["https:\/\/www.tiptoe.fr\/de\/product\/wandschreibtisch-recyceltes-altholz\/"]}]},{"@type":"ImageObject","inLanguage":"de-DE","@id":"https:\/\/www.tiptoe.fr\/de\/product\/wandschreibtisch-recyceltes-altholz\/#primaryimage","url":"https:\/\/www.tiptoe.fr\/wp-content\/uploads\/2023\/07\/bureau-mural-wave-bois-ancien-.jpg","contentUrl":"https:\/\/www.tiptoe.fr\/wp-content\/uploads\/2023\/07\/bureau-mural-wave-bois-ancien-.jpg","width":1500,"height":1500},{"@type":"BreadcrumbList","@id":"https:\/\/www.tiptoe.fr\/de\/product\/wandschreibtisch-recyceltes-altholz\/#breadcrumb","itemListElement":[{"@type":"ListItem","position":1,"name":"Startseite","item":"https:\/\/www.tiptoe.fr\/de\/"},{"@type":"ListItem","position":2,"name":"Shop","item":"https:\/\/www.tiptoe.fr\/shop\/"},{"@type":"ListItem","position":3,"name":"Tische und Schreibtische","item":"https:\/\/www.tiptoe.fr\/de\/tische-und-schreibtische\/"},{"@type":"ListItem","position":4,"name":"Schreibtische","item":"https:\/\/www.tiptoe.fr\/de\/tische-und-schreibtische\/schreibtische\/"},{"@type":"ListItem","position":5,"name":"Wandschreibtisch TIPTOE 120x60cm &#8211; recyceltem Altholz"}]},{"@type":"WebSite","@id":"https:\/\/www.tiptoe.fr\/de\/#website","url":"https:\/\/www.tiptoe.fr\/de\/","name":"TIPTOE","description":"","publisher":{"@id":"https:\/\/www.tiptoe.fr\/de\/#organization"},"potentialAction":[{"@type":"SearchAction","target":{"@type":"EntryPoint","urlTemplate":"https:\/\/www.tiptoe.fr\/de\/?s={search_term_string}"},"query-input":{"@type":"PropertyValueSpecification","valueRequired":true,"valueName":"search_term_string"}}],"inLanguage":"de-DE"},{"@type":"Organization","@id":"https:\/\/www.tiptoe.fr\/de\/#organization","name":"TIPTOE","url":"https:\/\/www.tiptoe.fr\/de\/","logo":{"@type":"ImageObject","inLanguage":"de-DE","@id":"https:\/\/www.tiptoe.fr\/de\/#\/schema\/logo\/image\/","url":"https:\/\/www.tiptoe.fr\/wp-content\/uploads\/2024\/06\/Logo.png","contentUrl":"https:\/\/www.tiptoe.fr\/wp-content\/uploads\/2024\/06\/Logo.png","width":133,"height":26,"caption":"TIPTOE"},"image":{"@id":"https:\/\/www.tiptoe.fr\/de\/#\/schema\/logo\/image\/"},"sameAs":["https:\/\/www.facebook.com\/tiptoedesign","https:\/\/x.com\/tiptoedesign","https:\/\/www.instagram.com\/tiptoedesign\/","https:\/\/www.pinterest.fr\/tiptoedesign\/"]}]}},"_links":{"self":[{"href":"https:\/\/www.tiptoe.fr\/de\/wp-json\/wp\/v2\/product\/233248","targetHints":{"allow":["GET"]}}],"collection":[{"href":"https:\/\/www.tiptoe.fr\/de\/wp-json\/wp\/v2\/product"}],"about":[{"href":"https:\/\/www.tiptoe.fr\/de\/wp-json\/wp\/v2\/types\/product"}],"wp:featuredmedia":[{"embeddable":true,"href":"https:\/\/www.tiptoe.fr\/de\/wp-json\/wp\/v2\/media\/248267"}],"wp:attachment":[{"href":"https:\/\/www.tiptoe.fr\/de\/wp-json\/wp\/v2\/media?parent=233248"}],"wp:term":[{"taxonomy":"product_brand","embeddable":true,"href":"https:\/\/www.tiptoe.fr\/de\/wp-json\/wp\/v2\/product_brand?post=233248"},{"taxonomy":"product_cat","embeddable":true,"href":"https:\/\/www.tiptoe.fr\/de\/wp-json\/wp\/v2\/product_cat?post=233248"},{"taxonomy":"product_tag","embeddable":true,"href":"https:\/\/www.tiptoe.fr\/de\/wp-json\/wp\/v2\/product_tag?post=233248"}],"curies":[{"name":"wp","href":"https:\/\/api.w.org\/{rel}","templated":true}]}}