{"id":224744,"date":"2021-12-15T15:32:18","date_gmt":"2021-12-15T14:32:18","guid":{"rendered":"https:\/\/www.tiptoe.fr\/product\/plateau-de-table-basse-et-banc\/"},"modified":"2025-09-29T18:48:29","modified_gmt":"2025-09-29T16:48:29","slug":"platte-couchtisch-bank","status":"publish","type":"product","link":"https:\/\/www.tiptoe.fr\/de\/product\/platte-couchtisch-bank\/","title":{"rendered":"Tischplatte f\u00fcr Couchtisch und Bank TIPTOE"},"content":{"rendered":"","protected":false},"excerpt":{"rendered":"<p style=\"text-align: left;\"><strong>\u2713<\/strong> Tischplatte f\u00fcr Couchtisch und Banke<\/p>\n<p style=\"text-align: left;\"><strong>\u2713<\/strong> Kompatibel mit den Tischbeinen 43 cm<\/p>\n<p style=\"text-align: left;\"><strong>\u2713<\/strong> Verschiedene Ausf\u00fchrungen und Gr\u00f6\u00dfen<\/p>\n<p style=\"text-align: left;\"><strong>\u2713<\/strong> Pflegeleicht<\/p>\n","protected":false},"featured_media":214387,"template":"","meta":{"_acf_changed":false},"product_brand":[],"product_cat":[790],"product_tag":[],"class_list":{"0":"post-224744","1":"product","2":"type-product","3":"status-publish","4":"has-post-thumbnail","6":"product_cat-platten","7":"product_shipping_class-meubles-complets","9":"first","10":"instock","11":"taxable","12":"shipping-taxable","13":"purchasable","14":"product-type-variable","15":"has-default-attributes"},"acf":[],"yoast_head":"<!-- This site is optimized with the Yoast SEO plugin v26.3 - https:\/\/yoast.com\/wordpress\/plugins\/seo\/ -->\n<title>Tischplatte f\u00fcr Couchtisch und Bank TIPTOE | TIPTOE<\/title>\n<meta name=\"description\" content=\"Entdecken Sie die TIPTOE-Tabletts f\u00fcr Couchtische und B\u00e4nke. Erh\u00e4ltlich in Holz, recycelter Eiche oder recyceltem Kunststoff.\" \/>\n<meta name=\"robots\" content=\"noindex, follow\" \/>\n<meta property=\"og:locale\" content=\"de_DE\" \/>\n<meta property=\"og:type\" content=\"article\" \/>\n<meta property=\"og:title\" content=\"Tischplatte f\u00fcr Couchtisch und Bank TIPTOE | TIPTOE\" \/>\n<meta property=\"og:description\" content=\"Entdecken Sie die TIPTOE-Tabletts f\u00fcr Couchtische und B\u00e4nke. Erh\u00e4ltlich in Holz, recycelter Eiche oder recyceltem Kunststoff.\" \/>\n<meta property=\"og:url\" content=\"https:\/\/www.tiptoe.fr\/de\/product\/platte-couchtisch-bank\/\" \/>\n<meta property=\"og:site_name\" content=\"TIPTOE\" \/>\n<meta property=\"article:publisher\" content=\"https:\/\/www.facebook.com\/tiptoedesign\" \/>\n<meta property=\"article:modified_time\" content=\"2025-09-29T16:48:29+00:00\" \/>\n<meta property=\"og:image\" content=\"https:\/\/www.tiptoe.fr\/wp-content\/uploads\/2021\/12\/plateau-venezia-fond-gris.jpg\" \/>\n\t<meta property=\"og:image:width\" content=\"1500\" \/>\n\t<meta property=\"og:image:height\" content=\"1500\" \/>\n\t<meta property=\"og:image:type\" content=\"image\/jpeg\" \/>\n<meta name=\"twitter:card\" content=\"summary_large_image\" \/>\n<meta name=\"twitter:site\" content=\"@tiptoedesign\" \/>\n<meta name=\"twitter:label1\" content=\"Est. reading time\" \/>\n\t<meta name=\"twitter:data1\" content=\"1 minute\" \/>\n<script type=\"application\/ld+json\" class=\"yoast-schema-graph\">{\"@context\":\"https:\/\/schema.org\",\"@graph\":[{\"@type\":\"WebPage\",\"@id\":\"https:\/\/www.tiptoe.fr\/de\/product\/platte-couchtisch-bank\/\",\"url\":\"https:\/\/www.tiptoe.fr\/de\/product\/platte-couchtisch-bank\/\",\"name\":\"Tischplatte f\u00fcr Couchtisch und Bank TIPTOE | TIPTOE\",\"isPartOf\":{\"@id\":\"https:\/\/www.tiptoe.fr\/de\/#website\"},\"primaryImageOfPage\":{\"@id\":\"https:\/\/www.tiptoe.fr\/de\/product\/platte-couchtisch-bank\/#primaryimage\"},\"image\":{\"@id\":\"https:\/\/www.tiptoe.fr\/de\/product\/platte-couchtisch-bank\/#primaryimage\"},\"thumbnailUrl\":\"https:\/\/www.tiptoe.fr\/wp-content\/uploads\/2021\/12\/plateau-venezia-fond-gris.jpg\",\"datePublished\":\"2021-12-15T14:32:18+00:00\",\"dateModified\":\"2025-09-29T16:48:29+00:00\",\"description\":\"Entdecken Sie die TIPTOE-Tabletts f\u00fcr Couchtische und B\u00e4nke. Erh\u00e4ltlich in Holz, recycelter Eiche oder recyceltem Kunststoff.\",\"breadcrumb\":{\"@id\":\"https:\/\/www.tiptoe.fr\/de\/product\/platte-couchtisch-bank\/#breadcrumb\"},\"inLanguage\":\"de-DE\",\"potentialAction\":[{\"@type\":\"ReadAction\",\"target\":[\"https:\/\/www.tiptoe.fr\/de\/product\/platte-couchtisch-bank\/\"]}]},{\"@type\":\"ImageObject\",\"inLanguage\":\"de-DE\",\"@id\":\"https:\/\/www.tiptoe.fr\/de\/product\/platte-couchtisch-bank\/#primaryimage\",\"url\":\"https:\/\/www.tiptoe.fr\/wp-content\/uploads\/2021\/12\/plateau-venezia-fond-gris.jpg\",\"contentUrl\":\"https:\/\/www.tiptoe.fr\/wp-content\/uploads\/2021\/12\/plateau-venezia-fond-gris.jpg\",\"width\":1500,\"height\":1500},{\"@type\":\"BreadcrumbList\",\"@id\":\"https:\/\/www.tiptoe.fr\/de\/product\/platte-couchtisch-bank\/#breadcrumb\",\"itemListElement\":[{\"@type\":\"ListItem\",\"position\":1,\"name\":\"Startseite\",\"item\":\"https:\/\/www.tiptoe.fr\/de\/\"},{\"@type\":\"ListItem\",\"position\":2,\"name\":\"Shop\",\"item\":\"https:\/\/www.tiptoe.fr\/shop\/\"},{\"@type\":\"ListItem\",\"position\":3,\"name\":\"Platten\",\"item\":\"https:\/\/www.tiptoe.fr\/de\/platten\/\"},{\"@type\":\"ListItem\",\"position\":4,\"name\":\"Tischplatte f\u00fcr Couchtisch und Bank TIPTOE\"}]},{\"@type\":\"WebSite\",\"@id\":\"https:\/\/www.tiptoe.fr\/de\/#website\",\"url\":\"https:\/\/www.tiptoe.fr\/de\/\",\"name\":\"TIPTOE\",\"description\":\"\",\"publisher\":{\"@id\":\"https:\/\/www.tiptoe.fr\/de\/#organization\"},\"potentialAction\":[{\"@type\":\"SearchAction\",\"target\":{\"@type\":\"EntryPoint\",\"urlTemplate\":\"https:\/\/www.tiptoe.fr\/de\/?s={search_term_string}\"},\"query-input\":{\"@type\":\"PropertyValueSpecification\",\"valueRequired\":true,\"valueName\":\"search_term_string\"}}],\"inLanguage\":\"de-DE\"},{\"@type\":\"Organization\",\"@id\":\"https:\/\/www.tiptoe.fr\/de\/#organization\",\"name\":\"TIPTOE\",\"url\":\"https:\/\/www.tiptoe.fr\/de\/\",\"logo\":{\"@type\":\"ImageObject\",\"inLanguage\":\"de-DE\",\"@id\":\"https:\/\/www.tiptoe.fr\/de\/#\/schema\/logo\/image\/\",\"url\":\"https:\/\/www.tiptoe.fr\/wp-content\/uploads\/2024\/06\/Logo.png\",\"contentUrl\":\"https:\/\/www.tiptoe.fr\/wp-content\/uploads\/2024\/06\/Logo.png\",\"width\":133,\"height\":26,\"caption\":\"TIPTOE\"},\"image\":{\"@id\":\"https:\/\/www.tiptoe.fr\/de\/#\/schema\/logo\/image\/\"},\"sameAs\":[\"https:\/\/www.facebook.com\/tiptoedesign\",\"https:\/\/x.com\/tiptoedesign\",\"https:\/\/www.instagram.com\/tiptoedesign\/\",\"https:\/\/www.pinterest.fr\/tiptoedesign\/\"]}]}<\/script>\n<!-- \/ Yoast SEO plugin. -->","yoast_head_json":{"title":"Tischplatte f\u00fcr Couchtisch und Bank TIPTOE | TIPTOE","description":"Entdecken Sie die TIPTOE-Tabletts f\u00fcr Couchtische und B\u00e4nke. Erh\u00e4ltlich in Holz, recycelter Eiche oder recyceltem Kunststoff.","robots":{"index":"noindex","follow":"follow"},"og_locale":"de_DE","og_type":"article","og_title":"Tischplatte f\u00fcr Couchtisch und Bank TIPTOE | TIPTOE","og_description":"Entdecken Sie die TIPTOE-Tabletts f\u00fcr Couchtische und B\u00e4nke. Erh\u00e4ltlich in Holz, recycelter Eiche oder recyceltem Kunststoff.","og_url":"https:\/\/www.tiptoe.fr\/de\/product\/platte-couchtisch-bank\/","og_site_name":"TIPTOE","article_publisher":"https:\/\/www.facebook.com\/tiptoedesign","article_modified_time":"2025-09-29T16:48:29+00:00","og_image":[{"width":1500,"height":1500,"url":"https:\/\/www.tiptoe.fr\/wp-content\/uploads\/2021\/12\/plateau-venezia-fond-gris.jpg","type":"image\/jpeg"}],"twitter_card":"summary_large_image","twitter_site":"@tiptoedesign","twitter_misc":{"Est. reading time":"1 minute"},"schema":{"@context":"https:\/\/schema.org","@graph":[{"@type":"WebPage","@id":"https:\/\/www.tiptoe.fr\/de\/product\/platte-couchtisch-bank\/","url":"https:\/\/www.tiptoe.fr\/de\/product\/platte-couchtisch-bank\/","name":"Tischplatte f\u00fcr Couchtisch und Bank TIPTOE | TIPTOE","isPartOf":{"@id":"https:\/\/www.tiptoe.fr\/de\/#website"},"primaryImageOfPage":{"@id":"https:\/\/www.tiptoe.fr\/de\/product\/platte-couchtisch-bank\/#primaryimage"},"image":{"@id":"https:\/\/www.tiptoe.fr\/de\/product\/platte-couchtisch-bank\/#primaryimage"},"thumbnailUrl":"https:\/\/www.tiptoe.fr\/wp-content\/uploads\/2021\/12\/plateau-venezia-fond-gris.jpg","datePublished":"2021-12-15T14:32:18+00:00","dateModified":"2025-09-29T16:48:29+00:00","description":"Entdecken Sie die TIPTOE-Tabletts f\u00fcr Couchtische und B\u00e4nke. Erh\u00e4ltlich in Holz, recycelter Eiche oder recyceltem Kunststoff.","breadcrumb":{"@id":"https:\/\/www.tiptoe.fr\/de\/product\/platte-couchtisch-bank\/#breadcrumb"},"inLanguage":"de-DE","potentialAction":[{"@type":"ReadAction","target":["https:\/\/www.tiptoe.fr\/de\/product\/platte-couchtisch-bank\/"]}]},{"@type":"ImageObject","inLanguage":"de-DE","@id":"https:\/\/www.tiptoe.fr\/de\/product\/platte-couchtisch-bank\/#primaryimage","url":"https:\/\/www.tiptoe.fr\/wp-content\/uploads\/2021\/12\/plateau-venezia-fond-gris.jpg","contentUrl":"https:\/\/www.tiptoe.fr\/wp-content\/uploads\/2021\/12\/plateau-venezia-fond-gris.jpg","width":1500,"height":1500},{"@type":"BreadcrumbList","@id":"https:\/\/www.tiptoe.fr\/de\/product\/platte-couchtisch-bank\/#breadcrumb","itemListElement":[{"@type":"ListItem","position":1,"name":"Startseite","item":"https:\/\/www.tiptoe.fr\/de\/"},{"@type":"ListItem","position":2,"name":"Shop","item":"https:\/\/www.tiptoe.fr\/shop\/"},{"@type":"ListItem","position":3,"name":"Platten","item":"https:\/\/www.tiptoe.fr\/de\/platten\/"},{"@type":"ListItem","position":4,"name":"Tischplatte f\u00fcr Couchtisch und Bank TIPTOE"}]},{"@type":"WebSite","@id":"https:\/\/www.tiptoe.fr\/de\/#website","url":"https:\/\/www.tiptoe.fr\/de\/","name":"TIPTOE","description":"","publisher":{"@id":"https:\/\/www.tiptoe.fr\/de\/#organization"},"potentialAction":[{"@type":"SearchAction","target":{"@type":"EntryPoint","urlTemplate":"https:\/\/www.tiptoe.fr\/de\/?s={search_term_string}"},"query-input":{"@type":"PropertyValueSpecification","valueRequired":true,"valueName":"search_term_string"}}],"inLanguage":"de-DE"},{"@type":"Organization","@id":"https:\/\/www.tiptoe.fr\/de\/#organization","name":"TIPTOE","url":"https:\/\/www.tiptoe.fr\/de\/","logo":{"@type":"ImageObject","inLanguage":"de-DE","@id":"https:\/\/www.tiptoe.fr\/de\/#\/schema\/logo\/image\/","url":"https:\/\/www.tiptoe.fr\/wp-content\/uploads\/2024\/06\/Logo.png","contentUrl":"https:\/\/www.tiptoe.fr\/wp-content\/uploads\/2024\/06\/Logo.png","width":133,"height":26,"caption":"TIPTOE"},"image":{"@id":"https:\/\/www.tiptoe.fr\/de\/#\/schema\/logo\/image\/"},"sameAs":["https:\/\/www.facebook.com\/tiptoedesign","https:\/\/x.com\/tiptoedesign","https:\/\/www.instagram.com\/tiptoedesign\/","https:\/\/www.pinterest.fr\/tiptoedesign\/"]}]}},"_links":{"self":[{"href":"https:\/\/www.tiptoe.fr\/de\/wp-json\/wp\/v2\/product\/224744","targetHints":{"allow":["GET"]}}],"collection":[{"href":"https:\/\/www.tiptoe.fr\/de\/wp-json\/wp\/v2\/product"}],"about":[{"href":"https:\/\/www.tiptoe.fr\/de\/wp-json\/wp\/v2\/types\/product"}],"wp:featuredmedia":[{"embeddable":true,"href":"https:\/\/www.tiptoe.fr\/de\/wp-json\/wp\/v2\/media\/214387"}],"wp:attachment":[{"href":"https:\/\/www.tiptoe.fr\/de\/wp-json\/wp\/v2\/media?parent=224744"}],"wp:term":[{"taxonomy":"product_brand","embeddable":true,"href":"https:\/\/www.tiptoe.fr\/de\/wp-json\/wp\/v2\/product_brand?post=224744"},{"taxonomy":"product_cat","embeddable":true,"href":"https:\/\/www.tiptoe.fr\/de\/wp-json\/wp\/v2\/product_cat?post=224744"},{"taxonomy":"product_tag","embeddable":true,"href":"https:\/\/www.tiptoe.fr\/de\/wp-json\/wp\/v2\/product_tag?post=224744"}],"curies":[{"name":"wp","href":"https:\/\/api.w.org\/{rel}","templated":true}]}}