{"id":222210,"date":"2020-05-13T14:30:29","date_gmt":"2020-05-13T12:30:29","guid":{"rendered":"https:\/\/www.tiptoe.fr\/product\/chaise-ssdr-plastique-recycle\/"},"modified":"2025-09-29T18:44:34","modified_gmt":"2025-09-29T16:44:34","slug":"stuhl-ssdr-recyceltes-plastik","status":"publish","type":"product","link":"https:\/\/www.tiptoe.fr\/de\/product\/stuhl-ssdr-recyceltes-plastik\/","title":{"rendered":"Stuhl SSDr &#8211; recycelter Kunststoff"},"content":{"rendered":"<p>Der <strong>Stuhl SSDr<\/strong> ist das Ergebnis einer eineinhalbj\u00e4hrigen wagemutigen Arbeit, um <strong>ein sch\u00f6nes, n\u00fctzliches und nachhaltiges Objekt<\/strong> in einer Branche zu schaffen, die sehr oft neu hergestellten Kunststoff verwendet. Der Stuhl SSDr stellt einen neuen Meilenstein in unserem Bestreben dar, <strong>nachhaltige M\u00f6bel<\/strong> zu schaffen.<\/p>\n<p>Bei dieser Version des SSD-Stuhls bestehen die <strong>Sitzfl\u00e4che und die R\u00fcckenlehne<\/strong> nicht aus Holz, sondern <strong>aus recyceltem PP-Kunststoff.<\/strong> PP oder Polypropylen ist ein Kunststoff mit sehr vielen industriellen Anwendungen. Die <strong>Tischbeine sind aus Stahl,<\/strong> dem am h\u00e4ufigsten recycelten Material der Welt.<\/p>\n","protected":false},"excerpt":{"rendered":"<p style=\"text-align: left;\"><strong>\u2713<\/strong> Stuhl aus recyceltem PP-Kunststoff<\/p>\n<p style=\"text-align: left;\"><strong>\u2713<\/strong> Stuhlbeine aus pulverbeschichtetem Stahl<\/p>\n<p style=\"text-align: left;\"><strong>\u2713<\/strong> Einfacher Zusammenbau in 2 Minuten und stapelbar<\/p>\n<p style=\"text-align: left;\"><strong>\u2713<\/strong> Nachhaltige Materialien und 100% in Europa hergestellt<\/p>\n","protected":false},"featured_media":302501,"template":"","meta":{"_acf_changed":false},"product_brand":[],"product_cat":[765,772,773,940],"product_tag":[],"class_list":{"0":"post-222210","1":"product","2":"type-product","3":"status-publish","4":"has-post-thumbnail","6":"product_cat-burostuhle","7":"product_cat-stuhle-und-hocker","8":"product_cat-stuhle","9":"product_cat-restaurantmobel","10":"product_shipping_class-colis","12":"first","13":"instock","14":"taxable","15":"shipping-taxable","16":"purchasable","17":"product-type-variable","18":"has-default-attributes"},"acf":[],"yoast_head":"<!-- This site is optimized with the Yoast SEO plugin v26.3 - https:\/\/yoast.com\/wordpress\/plugins\/seo\/ -->\n<title>Stuhl SSDr aus recyceltem Plastik: Simpel, Solide, Dauerhaft<\/title>\n<meta name=\"description\" content=\"Der Stuhl SSDr ist ein Stuhl aus recyceltem Plastik. Dieser Designerstuhl ist 100% made in Europe mit nachhaltigen und widerstandsf\u00e4higen Materialien.\" \/>\n<meta name=\"robots\" content=\"index, follow, max-snippet:-1, max-image-preview:large, max-video-preview:-1\" \/>\n<link rel=\"canonical\" href=\"https:\/\/www.tiptoe.fr\/de\/product\/stuhl-ssdr-recyceltes-plastik\/\" \/>\n<meta property=\"og:locale\" content=\"de_DE\" \/>\n<meta property=\"og:type\" content=\"article\" \/>\n<meta property=\"og:title\" content=\"Stuhl SSDr aus recyceltem Plastik: Simpel, Solide, Dauerhaft\" \/>\n<meta property=\"og:description\" content=\"Der Stuhl SSDr ist ein Stuhl aus recyceltem Plastik. Dieser Designerstuhl ist 100% made in Europe mit nachhaltigen und widerstandsf\u00e4higen Materialien.\" \/>\n<meta property=\"og:url\" content=\"https:\/\/www.tiptoe.fr\/de\/product\/stuhl-ssdr-recyceltes-plastik\/\" \/>\n<meta property=\"og:site_name\" content=\"TIPTOE\" \/>\n<meta property=\"article:publisher\" content=\"https:\/\/www.facebook.com\/tiptoedesign\" \/>\n<meta property=\"article:modified_time\" content=\"2025-09-29T16:44:34+00:00\" \/>\n<meta property=\"og:image\" content=\"https:\/\/www.tiptoe.fr\/wp-content\/uploads\/2025\/06\/chaise-SSDr-plastique-face-vertkaki.jpg\" \/>\n\t<meta property=\"og:image:width\" content=\"1500\" \/>\n\t<meta property=\"og:image:height\" content=\"1500\" \/>\n\t<meta property=\"og:image:type\" content=\"image\/jpeg\" \/>\n<meta name=\"twitter:card\" content=\"summary_large_image\" \/>\n<meta name=\"twitter:site\" content=\"@tiptoedesign\" \/>\n<meta name=\"twitter:label1\" content=\"Est. reading time\" \/>\n\t<meta name=\"twitter:data1\" content=\"1 minute\" \/>\n<script type=\"application\/ld+json\" class=\"yoast-schema-graph\">{\"@context\":\"https:\/\/schema.org\",\"@graph\":[{\"@type\":\"WebPage\",\"@id\":\"https:\/\/www.tiptoe.fr\/de\/product\/stuhl-ssdr-recyceltes-plastik\/\",\"url\":\"https:\/\/www.tiptoe.fr\/de\/product\/stuhl-ssdr-recyceltes-plastik\/\",\"name\":\"Stuhl SSDr aus recyceltem Plastik: Simpel, Solide, Dauerhaft\",\"isPartOf\":{\"@id\":\"https:\/\/www.tiptoe.fr\/de\/#website\"},\"primaryImageOfPage\":{\"@id\":\"https:\/\/www.tiptoe.fr\/de\/product\/stuhl-ssdr-recyceltes-plastik\/#primaryimage\"},\"image\":{\"@id\":\"https:\/\/www.tiptoe.fr\/de\/product\/stuhl-ssdr-recyceltes-plastik\/#primaryimage\"},\"thumbnailUrl\":\"https:\/\/www.tiptoe.fr\/wp-content\/uploads\/2025\/06\/chaise-SSDr-plastique-face-vertkaki.jpg\",\"datePublished\":\"2020-05-13T12:30:29+00:00\",\"dateModified\":\"2025-09-29T16:44:34+00:00\",\"description\":\"Der Stuhl SSDr ist ein Stuhl aus recyceltem Plastik. Dieser Designerstuhl ist 100% made in Europe mit nachhaltigen und widerstandsf\u00e4higen Materialien.\",\"breadcrumb\":{\"@id\":\"https:\/\/www.tiptoe.fr\/de\/product\/stuhl-ssdr-recyceltes-plastik\/#breadcrumb\"},\"inLanguage\":\"de-DE\",\"potentialAction\":[{\"@type\":\"ReadAction\",\"target\":[\"https:\/\/www.tiptoe.fr\/de\/product\/stuhl-ssdr-recyceltes-plastik\/\"]}]},{\"@type\":\"ImageObject\",\"inLanguage\":\"de-DE\",\"@id\":\"https:\/\/www.tiptoe.fr\/de\/product\/stuhl-ssdr-recyceltes-plastik\/#primaryimage\",\"url\":\"https:\/\/www.tiptoe.fr\/wp-content\/uploads\/2025\/06\/chaise-SSDr-plastique-face-vertkaki.jpg\",\"contentUrl\":\"https:\/\/www.tiptoe.fr\/wp-content\/uploads\/2025\/06\/chaise-SSDr-plastique-face-vertkaki.jpg\",\"width\":1500,\"height\":1500},{\"@type\":\"BreadcrumbList\",\"@id\":\"https:\/\/www.tiptoe.fr\/de\/product\/stuhl-ssdr-recyceltes-plastik\/#breadcrumb\",\"itemListElement\":[{\"@type\":\"ListItem\",\"position\":1,\"name\":\"Startseite\",\"item\":\"https:\/\/www.tiptoe.fr\/de\/\"},{\"@type\":\"ListItem\",\"position\":2,\"name\":\"Shop\",\"item\":\"https:\/\/www.tiptoe.fr\/shop\/\"},{\"@type\":\"ListItem\",\"position\":3,\"name\":\"St\u00fchle und Hocker\",\"item\":\"https:\/\/www.tiptoe.fr\/de\/stuhle-und-hocker\/\"},{\"@type\":\"ListItem\",\"position\":4,\"name\":\"St\u00fchle\",\"item\":\"https:\/\/www.tiptoe.fr\/de\/stuhle-und-hocker\/stuhle\/\"},{\"@type\":\"ListItem\",\"position\":5,\"name\":\"Stuhl SSDr &#8211; recycelter Kunststoff\"}]},{\"@type\":\"WebSite\",\"@id\":\"https:\/\/www.tiptoe.fr\/de\/#website\",\"url\":\"https:\/\/www.tiptoe.fr\/de\/\",\"name\":\"TIPTOE\",\"description\":\"\",\"publisher\":{\"@id\":\"https:\/\/www.tiptoe.fr\/de\/#organization\"},\"potentialAction\":[{\"@type\":\"SearchAction\",\"target\":{\"@type\":\"EntryPoint\",\"urlTemplate\":\"https:\/\/www.tiptoe.fr\/de\/?s={search_term_string}\"},\"query-input\":{\"@type\":\"PropertyValueSpecification\",\"valueRequired\":true,\"valueName\":\"search_term_string\"}}],\"inLanguage\":\"de-DE\"},{\"@type\":\"Organization\",\"@id\":\"https:\/\/www.tiptoe.fr\/de\/#organization\",\"name\":\"TIPTOE\",\"url\":\"https:\/\/www.tiptoe.fr\/de\/\",\"logo\":{\"@type\":\"ImageObject\",\"inLanguage\":\"de-DE\",\"@id\":\"https:\/\/www.tiptoe.fr\/de\/#\/schema\/logo\/image\/\",\"url\":\"https:\/\/www.tiptoe.fr\/wp-content\/uploads\/2024\/06\/Logo.png\",\"contentUrl\":\"https:\/\/www.tiptoe.fr\/wp-content\/uploads\/2024\/06\/Logo.png\",\"width\":133,\"height\":26,\"caption\":\"TIPTOE\"},\"image\":{\"@id\":\"https:\/\/www.tiptoe.fr\/de\/#\/schema\/logo\/image\/\"},\"sameAs\":[\"https:\/\/www.facebook.com\/tiptoedesign\",\"https:\/\/x.com\/tiptoedesign\",\"https:\/\/www.instagram.com\/tiptoedesign\/\",\"https:\/\/www.pinterest.fr\/tiptoedesign\/\"]}]}<\/script>\n<!-- \/ Yoast SEO plugin. -->","yoast_head_json":{"title":"Stuhl SSDr aus recyceltem Plastik: Simpel, Solide, Dauerhaft","description":"Der Stuhl SSDr ist ein Stuhl aus recyceltem Plastik. Dieser Designerstuhl ist 100% made in Europe mit nachhaltigen und widerstandsf\u00e4higen Materialien.","robots":{"index":"index","follow":"follow","max-snippet":"max-snippet:-1","max-image-preview":"max-image-preview:large","max-video-preview":"max-video-preview:-1"},"canonical":"https:\/\/www.tiptoe.fr\/de\/product\/stuhl-ssdr-recyceltes-plastik\/","og_locale":"de_DE","og_type":"article","og_title":"Stuhl SSDr aus recyceltem Plastik: Simpel, Solide, Dauerhaft","og_description":"Der Stuhl SSDr ist ein Stuhl aus recyceltem Plastik. Dieser Designerstuhl ist 100% made in Europe mit nachhaltigen und widerstandsf\u00e4higen Materialien.","og_url":"https:\/\/www.tiptoe.fr\/de\/product\/stuhl-ssdr-recyceltes-plastik\/","og_site_name":"TIPTOE","article_publisher":"https:\/\/www.facebook.com\/tiptoedesign","article_modified_time":"2025-09-29T16:44:34+00:00","og_image":[{"width":1500,"height":1500,"url":"https:\/\/www.tiptoe.fr\/wp-content\/uploads\/2025\/06\/chaise-SSDr-plastique-face-vertkaki.jpg","type":"image\/jpeg"}],"twitter_card":"summary_large_image","twitter_site":"@tiptoedesign","twitter_misc":{"Est. reading time":"1 minute"},"schema":{"@context":"https:\/\/schema.org","@graph":[{"@type":"WebPage","@id":"https:\/\/www.tiptoe.fr\/de\/product\/stuhl-ssdr-recyceltes-plastik\/","url":"https:\/\/www.tiptoe.fr\/de\/product\/stuhl-ssdr-recyceltes-plastik\/","name":"Stuhl SSDr aus recyceltem Plastik: Simpel, Solide, Dauerhaft","isPartOf":{"@id":"https:\/\/www.tiptoe.fr\/de\/#website"},"primaryImageOfPage":{"@id":"https:\/\/www.tiptoe.fr\/de\/product\/stuhl-ssdr-recyceltes-plastik\/#primaryimage"},"image":{"@id":"https:\/\/www.tiptoe.fr\/de\/product\/stuhl-ssdr-recyceltes-plastik\/#primaryimage"},"thumbnailUrl":"https:\/\/www.tiptoe.fr\/wp-content\/uploads\/2025\/06\/chaise-SSDr-plastique-face-vertkaki.jpg","datePublished":"2020-05-13T12:30:29+00:00","dateModified":"2025-09-29T16:44:34+00:00","description":"Der Stuhl SSDr ist ein Stuhl aus recyceltem Plastik. Dieser Designerstuhl ist 100% made in Europe mit nachhaltigen und widerstandsf\u00e4higen Materialien.","breadcrumb":{"@id":"https:\/\/www.tiptoe.fr\/de\/product\/stuhl-ssdr-recyceltes-plastik\/#breadcrumb"},"inLanguage":"de-DE","potentialAction":[{"@type":"ReadAction","target":["https:\/\/www.tiptoe.fr\/de\/product\/stuhl-ssdr-recyceltes-plastik\/"]}]},{"@type":"ImageObject","inLanguage":"de-DE","@id":"https:\/\/www.tiptoe.fr\/de\/product\/stuhl-ssdr-recyceltes-plastik\/#primaryimage","url":"https:\/\/www.tiptoe.fr\/wp-content\/uploads\/2025\/06\/chaise-SSDr-plastique-face-vertkaki.jpg","contentUrl":"https:\/\/www.tiptoe.fr\/wp-content\/uploads\/2025\/06\/chaise-SSDr-plastique-face-vertkaki.jpg","width":1500,"height":1500},{"@type":"BreadcrumbList","@id":"https:\/\/www.tiptoe.fr\/de\/product\/stuhl-ssdr-recyceltes-plastik\/#breadcrumb","itemListElement":[{"@type":"ListItem","position":1,"name":"Startseite","item":"https:\/\/www.tiptoe.fr\/de\/"},{"@type":"ListItem","position":2,"name":"Shop","item":"https:\/\/www.tiptoe.fr\/shop\/"},{"@type":"ListItem","position":3,"name":"St\u00fchle und Hocker","item":"https:\/\/www.tiptoe.fr\/de\/stuhle-und-hocker\/"},{"@type":"ListItem","position":4,"name":"St\u00fchle","item":"https:\/\/www.tiptoe.fr\/de\/stuhle-und-hocker\/stuhle\/"},{"@type":"ListItem","position":5,"name":"Stuhl SSDr &#8211; recycelter Kunststoff"}]},{"@type":"WebSite","@id":"https:\/\/www.tiptoe.fr\/de\/#website","url":"https:\/\/www.tiptoe.fr\/de\/","name":"TIPTOE","description":"","publisher":{"@id":"https:\/\/www.tiptoe.fr\/de\/#organization"},"potentialAction":[{"@type":"SearchAction","target":{"@type":"EntryPoint","urlTemplate":"https:\/\/www.tiptoe.fr\/de\/?s={search_term_string}"},"query-input":{"@type":"PropertyValueSpecification","valueRequired":true,"valueName":"search_term_string"}}],"inLanguage":"de-DE"},{"@type":"Organization","@id":"https:\/\/www.tiptoe.fr\/de\/#organization","name":"TIPTOE","url":"https:\/\/www.tiptoe.fr\/de\/","logo":{"@type":"ImageObject","inLanguage":"de-DE","@id":"https:\/\/www.tiptoe.fr\/de\/#\/schema\/logo\/image\/","url":"https:\/\/www.tiptoe.fr\/wp-content\/uploads\/2024\/06\/Logo.png","contentUrl":"https:\/\/www.tiptoe.fr\/wp-content\/uploads\/2024\/06\/Logo.png","width":133,"height":26,"caption":"TIPTOE"},"image":{"@id":"https:\/\/www.tiptoe.fr\/de\/#\/schema\/logo\/image\/"},"sameAs":["https:\/\/www.facebook.com\/tiptoedesign","https:\/\/x.com\/tiptoedesign","https:\/\/www.instagram.com\/tiptoedesign\/","https:\/\/www.pinterest.fr\/tiptoedesign\/"]}]}},"_links":{"self":[{"href":"https:\/\/www.tiptoe.fr\/de\/wp-json\/wp\/v2\/product\/222210","targetHints":{"allow":["GET"]}}],"collection":[{"href":"https:\/\/www.tiptoe.fr\/de\/wp-json\/wp\/v2\/product"}],"about":[{"href":"https:\/\/www.tiptoe.fr\/de\/wp-json\/wp\/v2\/types\/product"}],"wp:featuredmedia":[{"embeddable":true,"href":"https:\/\/www.tiptoe.fr\/de\/wp-json\/wp\/v2\/media\/302501"}],"wp:attachment":[{"href":"https:\/\/www.tiptoe.fr\/de\/wp-json\/wp\/v2\/media?parent=222210"}],"wp:term":[{"taxonomy":"product_brand","embeddable":true,"href":"https:\/\/www.tiptoe.fr\/de\/wp-json\/wp\/v2\/product_brand?post=222210"},{"taxonomy":"product_cat","embeddable":true,"href":"https:\/\/www.tiptoe.fr\/de\/wp-json\/wp\/v2\/product_cat?post=222210"},{"taxonomy":"product_tag","embeddable":true,"href":"https:\/\/www.tiptoe.fr\/de\/wp-json\/wp\/v2\/product_tag?post=222210"}],"curies":[{"name":"wp","href":"https:\/\/api.w.org\/{rel}","templated":true}]}}