{"id":221768,"date":"2021-10-20T12:33:23","date_gmt":"2021-10-20T10:33:23","guid":{"rendered":"https:\/\/www.tiptoe.fr\/product\/bureau-enfant-plastique-recycle\/"},"modified":"2025-09-29T18:47:49","modified_gmt":"2025-09-29T16:47:49","slug":"kinderschreibtisch-recyceltes-plastik","status":"publish","type":"product","link":"https:\/\/www.tiptoe.fr\/de\/product\/kinderschreibtisch-recyceltes-plastik\/","title":{"rendered":"Kinderschreibtisch TIPTOE 70x50cm &#8211; recycelter Kunststoff Tutti Frutti"},"content":{"rendered":"<p>Entdecken Sie die KIDS-Kollektion! <strong>Der Kinderschreibtisch und der Hocker MINI LOU<\/strong> wurden speziell f\u00fcr Kinder entworfen, die es ihren Eltern gleichtun m\u00f6chten. Der Schreibtisch Tutti Frutti aus recyceltem Plastik ist funktional und zeitlos und eignet sich mit seiner angepassten Gr\u00f6\u00dfe perfekt f\u00fcr <strong>Kinder von 3 bis 6 Jahren.<\/strong><\/p>\n<p>Die Tischplatte des Kinderschreibtisches aus recyceltem Kunststoff wird aus altem Kinderspielzeug hergestellt. Der Name Tutti Frutti spiegelt die verschiedenen Farbschattierungen wider, die perfekt auf die Welt des Kindes abgestimmt sind. Die KIDS-Kollektion wird <strong>in Europa aus edlen, soliden und langlebigen Materialien hergestellt.<\/strong> Und nat\u00fcrlich ist die Pflege dieser kleinen Schreibtische ganz einfach!<\/p>\n","protected":false},"excerpt":{"rendered":"<p style=\"text-align: left;\"><strong>\u2713<\/strong> Kinderschreibtisch 3 bis 6 Jahre<\/p>\n<p style=\"text-align: left;\"><strong>\u2713<\/strong> Recyceltem Kunststoff aus altem Spielzeug<\/p>\n<p style=\"text-align: left;\"><strong>\u2713<\/strong> Ma\u00dfe: 70 x 50 cm<\/p>\n<p style=\"text-align: left;\"><strong>\u2713<\/strong> Robuste und pflegeleichte Materialien<\/p>\n","protected":false},"featured_media":213477,"template":"","meta":{"_acf_changed":false},"product_brand":[],"product_cat":[801,989,746,757],"product_tag":[],"class_list":{"0":"post-221768","1":"product","2":"type-product","3":"status-publish","4":"has-post-thumbnail","6":"product_cat-tische-und-schreibtische","7":"product_cat-kollektion-tiptoe-tische","8":"product_cat-kollektion-kids","9":"product_cat-schreibtische","10":"product_shipping_class-meubles-complets","12":"first","13":"instock","14":"taxable","15":"shipping-taxable","16":"purchasable","17":"product-type-variable","18":"has-default-attributes"},"acf":[],"yoast_head":"<!-- This site is optimized with the Yoast SEO plugin v26.3 - https:\/\/yoast.com\/wordpress\/plugins\/seo\/ -->\n<title>Kinderschreibtisch aus recyceltem Plastik Tutti Frutti<\/title>\n<meta name=\"description\" content=\"Der Kinderschreibtisch besteht aus einer Tischplatte aus recyceltem Plastik. Der Schreibtisch ist f\u00fcr Kinder von 3 bis 6 Jahren geeignet.\" \/>\n<meta name=\"robots\" content=\"index, follow, max-snippet:-1, max-image-preview:large, max-video-preview:-1\" \/>\n<link rel=\"canonical\" href=\"https:\/\/www.tiptoe.fr\/de\/product\/kinderschreibtisch-recyceltes-plastik\/\" \/>\n<meta property=\"og:locale\" content=\"de_DE\" \/>\n<meta property=\"og:type\" content=\"article\" \/>\n<meta property=\"og:title\" content=\"Kinderschreibtisch aus recyceltem Plastik Tutti Frutti\" \/>\n<meta property=\"og:description\" content=\"Der Kinderschreibtisch besteht aus einer Tischplatte aus recyceltem Plastik. Der Schreibtisch ist f\u00fcr Kinder von 3 bis 6 Jahren geeignet.\" \/>\n<meta property=\"og:url\" content=\"https:\/\/www.tiptoe.fr\/de\/product\/kinderschreibtisch-recyceltes-plastik\/\" \/>\n<meta property=\"og:site_name\" content=\"TIPTOE\" \/>\n<meta property=\"article:publisher\" content=\"https:\/\/www.facebook.com\/tiptoedesign\" \/>\n<meta property=\"article:modified_time\" content=\"2025-09-29T16:47:49+00:00\" \/>\n<meta property=\"og:image\" content=\"https:\/\/www.tiptoe.fr\/wp-content\/uploads\/2021\/10\/bureau-kids-PR-tutti-bleu.jpg\" \/>\n\t<meta property=\"og:image:width\" content=\"1500\" \/>\n\t<meta property=\"og:image:height\" content=\"1500\" \/>\n\t<meta property=\"og:image:type\" content=\"image\/jpeg\" \/>\n<meta name=\"twitter:card\" content=\"summary_large_image\" \/>\n<meta name=\"twitter:site\" content=\"@tiptoedesign\" \/>\n<meta name=\"twitter:label1\" content=\"Est. reading time\" \/>\n\t<meta name=\"twitter:data1\" content=\"1 minute\" \/>\n<script type=\"application\/ld+json\" class=\"yoast-schema-graph\">{\"@context\":\"https:\/\/schema.org\",\"@graph\":[{\"@type\":\"WebPage\",\"@id\":\"https:\/\/www.tiptoe.fr\/de\/product\/kinderschreibtisch-recyceltes-plastik\/\",\"url\":\"https:\/\/www.tiptoe.fr\/de\/product\/kinderschreibtisch-recyceltes-plastik\/\",\"name\":\"Kinderschreibtisch aus recyceltem Plastik Tutti Frutti\",\"isPartOf\":{\"@id\":\"https:\/\/www.tiptoe.fr\/de\/#website\"},\"primaryImageOfPage\":{\"@id\":\"https:\/\/www.tiptoe.fr\/de\/product\/kinderschreibtisch-recyceltes-plastik\/#primaryimage\"},\"image\":{\"@id\":\"https:\/\/www.tiptoe.fr\/de\/product\/kinderschreibtisch-recyceltes-plastik\/#primaryimage\"},\"thumbnailUrl\":\"https:\/\/www.tiptoe.fr\/wp-content\/uploads\/2021\/10\/bureau-kids-PR-tutti-bleu.jpg\",\"datePublished\":\"2021-10-20T10:33:23+00:00\",\"dateModified\":\"2025-09-29T16:47:49+00:00\",\"description\":\"Der Kinderschreibtisch besteht aus einer Tischplatte aus recyceltem Plastik. Der Schreibtisch ist f\u00fcr Kinder von 3 bis 6 Jahren geeignet.\",\"breadcrumb\":{\"@id\":\"https:\/\/www.tiptoe.fr\/de\/product\/kinderschreibtisch-recyceltes-plastik\/#breadcrumb\"},\"inLanguage\":\"de-DE\",\"potentialAction\":[{\"@type\":\"ReadAction\",\"target\":[\"https:\/\/www.tiptoe.fr\/de\/product\/kinderschreibtisch-recyceltes-plastik\/\"]}]},{\"@type\":\"ImageObject\",\"inLanguage\":\"de-DE\",\"@id\":\"https:\/\/www.tiptoe.fr\/de\/product\/kinderschreibtisch-recyceltes-plastik\/#primaryimage\",\"url\":\"https:\/\/www.tiptoe.fr\/wp-content\/uploads\/2021\/10\/bureau-kids-PR-tutti-bleu.jpg\",\"contentUrl\":\"https:\/\/www.tiptoe.fr\/wp-content\/uploads\/2021\/10\/bureau-kids-PR-tutti-bleu.jpg\",\"width\":1500,\"height\":1500},{\"@type\":\"BreadcrumbList\",\"@id\":\"https:\/\/www.tiptoe.fr\/de\/product\/kinderschreibtisch-recyceltes-plastik\/#breadcrumb\",\"itemListElement\":[{\"@type\":\"ListItem\",\"position\":1,\"name\":\"Startseite\",\"item\":\"https:\/\/www.tiptoe.fr\/de\/\"},{\"@type\":\"ListItem\",\"position\":2,\"name\":\"Shop\",\"item\":\"https:\/\/www.tiptoe.fr\/shop\/\"},{\"@type\":\"ListItem\",\"position\":3,\"name\":\"Tische und Schreibtische\",\"item\":\"https:\/\/www.tiptoe.fr\/de\/tische-und-schreibtische\/\"},{\"@type\":\"ListItem\",\"position\":4,\"name\":\"Schreibtische\",\"item\":\"https:\/\/www.tiptoe.fr\/de\/tische-und-schreibtische\/schreibtische\/\"},{\"@type\":\"ListItem\",\"position\":5,\"name\":\"Kinderschreibtisch TIPTOE 70x50cm &#8211; recycelter Kunststoff Tutti Frutti\"}]},{\"@type\":\"WebSite\",\"@id\":\"https:\/\/www.tiptoe.fr\/de\/#website\",\"url\":\"https:\/\/www.tiptoe.fr\/de\/\",\"name\":\"TIPTOE\",\"description\":\"\",\"publisher\":{\"@id\":\"https:\/\/www.tiptoe.fr\/de\/#organization\"},\"potentialAction\":[{\"@type\":\"SearchAction\",\"target\":{\"@type\":\"EntryPoint\",\"urlTemplate\":\"https:\/\/www.tiptoe.fr\/de\/?s={search_term_string}\"},\"query-input\":{\"@type\":\"PropertyValueSpecification\",\"valueRequired\":true,\"valueName\":\"search_term_string\"}}],\"inLanguage\":\"de-DE\"},{\"@type\":\"Organization\",\"@id\":\"https:\/\/www.tiptoe.fr\/de\/#organization\",\"name\":\"TIPTOE\",\"url\":\"https:\/\/www.tiptoe.fr\/de\/\",\"logo\":{\"@type\":\"ImageObject\",\"inLanguage\":\"de-DE\",\"@id\":\"https:\/\/www.tiptoe.fr\/de\/#\/schema\/logo\/image\/\",\"url\":\"https:\/\/www.tiptoe.fr\/wp-content\/uploads\/2024\/06\/Logo.png\",\"contentUrl\":\"https:\/\/www.tiptoe.fr\/wp-content\/uploads\/2024\/06\/Logo.png\",\"width\":133,\"height\":26,\"caption\":\"TIPTOE\"},\"image\":{\"@id\":\"https:\/\/www.tiptoe.fr\/de\/#\/schema\/logo\/image\/\"},\"sameAs\":[\"https:\/\/www.facebook.com\/tiptoedesign\",\"https:\/\/x.com\/tiptoedesign\",\"https:\/\/www.instagram.com\/tiptoedesign\/\",\"https:\/\/www.pinterest.fr\/tiptoedesign\/\"]}]}<\/script>\n<!-- \/ Yoast SEO plugin. -->","yoast_head_json":{"title":"Kinderschreibtisch aus recyceltem Plastik Tutti Frutti","description":"Der Kinderschreibtisch besteht aus einer Tischplatte aus recyceltem Plastik. Der Schreibtisch ist f\u00fcr Kinder von 3 bis 6 Jahren geeignet.","robots":{"index":"index","follow":"follow","max-snippet":"max-snippet:-1","max-image-preview":"max-image-preview:large","max-video-preview":"max-video-preview:-1"},"canonical":"https:\/\/www.tiptoe.fr\/de\/product\/kinderschreibtisch-recyceltes-plastik\/","og_locale":"de_DE","og_type":"article","og_title":"Kinderschreibtisch aus recyceltem Plastik Tutti Frutti","og_description":"Der Kinderschreibtisch besteht aus einer Tischplatte aus recyceltem Plastik. Der Schreibtisch ist f\u00fcr Kinder von 3 bis 6 Jahren geeignet.","og_url":"https:\/\/www.tiptoe.fr\/de\/product\/kinderschreibtisch-recyceltes-plastik\/","og_site_name":"TIPTOE","article_publisher":"https:\/\/www.facebook.com\/tiptoedesign","article_modified_time":"2025-09-29T16:47:49+00:00","og_image":[{"width":1500,"height":1500,"url":"https:\/\/www.tiptoe.fr\/wp-content\/uploads\/2021\/10\/bureau-kids-PR-tutti-bleu.jpg","type":"image\/jpeg"}],"twitter_card":"summary_large_image","twitter_site":"@tiptoedesign","twitter_misc":{"Est. reading time":"1 minute"},"schema":{"@context":"https:\/\/schema.org","@graph":[{"@type":"WebPage","@id":"https:\/\/www.tiptoe.fr\/de\/product\/kinderschreibtisch-recyceltes-plastik\/","url":"https:\/\/www.tiptoe.fr\/de\/product\/kinderschreibtisch-recyceltes-plastik\/","name":"Kinderschreibtisch aus recyceltem Plastik Tutti Frutti","isPartOf":{"@id":"https:\/\/www.tiptoe.fr\/de\/#website"},"primaryImageOfPage":{"@id":"https:\/\/www.tiptoe.fr\/de\/product\/kinderschreibtisch-recyceltes-plastik\/#primaryimage"},"image":{"@id":"https:\/\/www.tiptoe.fr\/de\/product\/kinderschreibtisch-recyceltes-plastik\/#primaryimage"},"thumbnailUrl":"https:\/\/www.tiptoe.fr\/wp-content\/uploads\/2021\/10\/bureau-kids-PR-tutti-bleu.jpg","datePublished":"2021-10-20T10:33:23+00:00","dateModified":"2025-09-29T16:47:49+00:00","description":"Der Kinderschreibtisch besteht aus einer Tischplatte aus recyceltem Plastik. Der Schreibtisch ist f\u00fcr Kinder von 3 bis 6 Jahren geeignet.","breadcrumb":{"@id":"https:\/\/www.tiptoe.fr\/de\/product\/kinderschreibtisch-recyceltes-plastik\/#breadcrumb"},"inLanguage":"de-DE","potentialAction":[{"@type":"ReadAction","target":["https:\/\/www.tiptoe.fr\/de\/product\/kinderschreibtisch-recyceltes-plastik\/"]}]},{"@type":"ImageObject","inLanguage":"de-DE","@id":"https:\/\/www.tiptoe.fr\/de\/product\/kinderschreibtisch-recyceltes-plastik\/#primaryimage","url":"https:\/\/www.tiptoe.fr\/wp-content\/uploads\/2021\/10\/bureau-kids-PR-tutti-bleu.jpg","contentUrl":"https:\/\/www.tiptoe.fr\/wp-content\/uploads\/2021\/10\/bureau-kids-PR-tutti-bleu.jpg","width":1500,"height":1500},{"@type":"BreadcrumbList","@id":"https:\/\/www.tiptoe.fr\/de\/product\/kinderschreibtisch-recyceltes-plastik\/#breadcrumb","itemListElement":[{"@type":"ListItem","position":1,"name":"Startseite","item":"https:\/\/www.tiptoe.fr\/de\/"},{"@type":"ListItem","position":2,"name":"Shop","item":"https:\/\/www.tiptoe.fr\/shop\/"},{"@type":"ListItem","position":3,"name":"Tische und Schreibtische","item":"https:\/\/www.tiptoe.fr\/de\/tische-und-schreibtische\/"},{"@type":"ListItem","position":4,"name":"Schreibtische","item":"https:\/\/www.tiptoe.fr\/de\/tische-und-schreibtische\/schreibtische\/"},{"@type":"ListItem","position":5,"name":"Kinderschreibtisch TIPTOE 70x50cm &#8211; recycelter Kunststoff Tutti Frutti"}]},{"@type":"WebSite","@id":"https:\/\/www.tiptoe.fr\/de\/#website","url":"https:\/\/www.tiptoe.fr\/de\/","name":"TIPTOE","description":"","publisher":{"@id":"https:\/\/www.tiptoe.fr\/de\/#organization"},"potentialAction":[{"@type":"SearchAction","target":{"@type":"EntryPoint","urlTemplate":"https:\/\/www.tiptoe.fr\/de\/?s={search_term_string}"},"query-input":{"@type":"PropertyValueSpecification","valueRequired":true,"valueName":"search_term_string"}}],"inLanguage":"de-DE"},{"@type":"Organization","@id":"https:\/\/www.tiptoe.fr\/de\/#organization","name":"TIPTOE","url":"https:\/\/www.tiptoe.fr\/de\/","logo":{"@type":"ImageObject","inLanguage":"de-DE","@id":"https:\/\/www.tiptoe.fr\/de\/#\/schema\/logo\/image\/","url":"https:\/\/www.tiptoe.fr\/wp-content\/uploads\/2024\/06\/Logo.png","contentUrl":"https:\/\/www.tiptoe.fr\/wp-content\/uploads\/2024\/06\/Logo.png","width":133,"height":26,"caption":"TIPTOE"},"image":{"@id":"https:\/\/www.tiptoe.fr\/de\/#\/schema\/logo\/image\/"},"sameAs":["https:\/\/www.facebook.com\/tiptoedesign","https:\/\/x.com\/tiptoedesign","https:\/\/www.instagram.com\/tiptoedesign\/","https:\/\/www.pinterest.fr\/tiptoedesign\/"]}]}},"_links":{"self":[{"href":"https:\/\/www.tiptoe.fr\/de\/wp-json\/wp\/v2\/product\/221768","targetHints":{"allow":["GET"]}}],"collection":[{"href":"https:\/\/www.tiptoe.fr\/de\/wp-json\/wp\/v2\/product"}],"about":[{"href":"https:\/\/www.tiptoe.fr\/de\/wp-json\/wp\/v2\/types\/product"}],"wp:featuredmedia":[{"embeddable":true,"href":"https:\/\/www.tiptoe.fr\/de\/wp-json\/wp\/v2\/media\/213477"}],"wp:attachment":[{"href":"https:\/\/www.tiptoe.fr\/de\/wp-json\/wp\/v2\/media?parent=221768"}],"wp:term":[{"taxonomy":"product_brand","embeddable":true,"href":"https:\/\/www.tiptoe.fr\/de\/wp-json\/wp\/v2\/product_brand?post=221768"},{"taxonomy":"product_cat","embeddable":true,"href":"https:\/\/www.tiptoe.fr\/de\/wp-json\/wp\/v2\/product_cat?post=221768"},{"taxonomy":"product_tag","embeddable":true,"href":"https:\/\/www.tiptoe.fr\/de\/wp-json\/wp\/v2\/product_tag?post=221768"}],"curies":[{"name":"wp","href":"https:\/\/api.w.org\/{rel}","templated":true}]}}