{"id":221708,"date":"2021-03-24T18:32:52","date_gmt":"2021-03-24T17:32:52","guid":{"rendered":"https:\/\/www.tiptoe.fr\/product\/bureau-new-modern-bois\/"},"modified":"2025-10-27T17:33:45","modified_gmt":"2025-10-27T16:33:45","slug":"schreibtisch-new-modern-holz","status":"publish","type":"product","link":"https:\/\/www.tiptoe.fr\/de\/product\/schreibtisch-new-modern-holz\/","title":{"rendered":"Schreibtisch NEW MODERN &#8211; \u00f6ko-zertifiziertes Holz"},"content":{"rendered":"<p>NEW MODERN ist eine Kollektion von Tischen und Schreibtischen, die f\u00fcr alle Verwendungszwecke geeignet ist. Ihr elegantes Design und ihre klaren Linien f\u00fcgen sich harmonisch in jede Einrichtung ein.<\/p>\n<p>Der Schreibtisch ist ideal f\u00fcr einen funktionalen und konzentrierten Arbeitsbereich. Er ist in zwei Gr\u00f6\u00dfen erh\u00e4ltlich und verf\u00fcgt \u00fcber praktische Staur\u00e4ume, damit Ihr Arbeitsplatz immer aufger\u00e4umt bleibt.<\/p>\n","protected":false},"excerpt":{"rendered":"<p style=\"text-align: left;\"><strong>\u2713<\/strong> Schreibtisch in zwei Gr\u00f6\u00dfen erh\u00e4ltlich<\/p>\n<p style=\"text-align: left;\"><strong>\u2713<\/strong> Tischplatte aus Massivholz mit Eichenfurnier<\/p>\n<p style=\"text-align: left;\"><strong>\u2713<\/strong> Gestell aus pulverbeschichtetem Stahl<\/p>\n<p style=\"text-align: left;\"><strong>\u2713<\/strong> Schubladen optional erh\u00e4ltlich<\/p>\n","protected":false},"featured_media":304357,"template":"","meta":{"_acf_changed":false},"product_brand":[],"product_cat":[789,801,757,762],"product_tag":[],"class_list":{"0":"post-221708","1":"product","2":"type-product","3":"status-publish","4":"has-post-thumbnail","6":"product_cat-kollektion-new-modern","7":"product_cat-tische-und-schreibtische","8":"product_cat-schreibtische","9":"product_cat-individuelle-buros","10":"product_shipping_class-meubles-complets","12":"first","13":"instock","14":"taxable","15":"shipping-taxable","16":"purchasable","17":"product-type-variable","18":"has-default-attributes"},"acf":[],"yoast_head":"<!-- This site is optimized with the Yoast SEO plugin v26.3 - https:\/\/yoast.com\/wordpress\/plugins\/seo\/ -->\n<title>Schreibtisch NEW MODERN, \u00f6kozertifiziertes Holz<\/title>\n<meta name=\"description\" content=\"Der Schreibtisch NEW MODERN ist ein Tischsystem aus Stahl und Holz, mit dem Sie eine gem\u00fctliche, designorientierte und moderne B\u00fcroecke einrichten k\u00f6nnen.\" \/>\n<meta name=\"robots\" content=\"index, follow, max-snippet:-1, max-image-preview:large, max-video-preview:-1\" \/>\n<link rel=\"canonical\" href=\"https:\/\/www.tiptoe.fr\/de\/product\/schreibtisch-new-modern-holz\/\" \/>\n<meta property=\"og:locale\" content=\"de_DE\" \/>\n<meta property=\"og:type\" content=\"article\" \/>\n<meta property=\"og:title\" content=\"Schreibtisch NEW MODERN, \u00f6kozertifiziertes Holz\" \/>\n<meta property=\"og:description\" content=\"Der Schreibtisch NEW MODERN ist ein Tischsystem aus Stahl und Holz, mit dem Sie eine gem\u00fctliche, designorientierte und moderne B\u00fcroecke einrichten k\u00f6nnen.\" \/>\n<meta property=\"og:url\" content=\"https:\/\/www.tiptoe.fr\/de\/product\/schreibtisch-new-modern-holz\/\" \/>\n<meta property=\"og:site_name\" content=\"TIPTOE\" \/>\n<meta property=\"article:publisher\" content=\"https:\/\/www.facebook.com\/tiptoedesign\" \/>\n<meta property=\"article:modified_time\" content=\"2025-10-27T16:33:45+00:00\" \/>\n<meta property=\"og:image\" content=\"https:\/\/www.tiptoe.fr\/wp-content\/uploads\/2025\/06\/bureau-new-modern-chene-tiroirs-130x70-blanccreme.jpg\" \/>\n\t<meta property=\"og:image:width\" content=\"1500\" \/>\n\t<meta property=\"og:image:height\" content=\"1500\" \/>\n\t<meta property=\"og:image:type\" content=\"image\/jpeg\" \/>\n<meta name=\"twitter:card\" content=\"summary_large_image\" \/>\n<meta name=\"twitter:site\" content=\"@tiptoedesign\" \/>\n<meta name=\"twitter:label1\" content=\"Est. reading time\" \/>\n\t<meta name=\"twitter:data1\" content=\"1 minute\" \/>\n<script type=\"application\/ld+json\" class=\"yoast-schema-graph\">{\"@context\":\"https:\/\/schema.org\",\"@graph\":[{\"@type\":\"WebPage\",\"@id\":\"https:\/\/www.tiptoe.fr\/de\/product\/schreibtisch-new-modern-holz\/\",\"url\":\"https:\/\/www.tiptoe.fr\/de\/product\/schreibtisch-new-modern-holz\/\",\"name\":\"Schreibtisch NEW MODERN, \u00f6kozertifiziertes Holz\",\"isPartOf\":{\"@id\":\"https:\/\/www.tiptoe.fr\/de\/#website\"},\"primaryImageOfPage\":{\"@id\":\"https:\/\/www.tiptoe.fr\/de\/product\/schreibtisch-new-modern-holz\/#primaryimage\"},\"image\":{\"@id\":\"https:\/\/www.tiptoe.fr\/de\/product\/schreibtisch-new-modern-holz\/#primaryimage\"},\"thumbnailUrl\":\"https:\/\/www.tiptoe.fr\/wp-content\/uploads\/2025\/06\/bureau-new-modern-chene-tiroirs-130x70-blanccreme.jpg\",\"datePublished\":\"2021-03-24T17:32:52+00:00\",\"dateModified\":\"2025-10-27T16:33:45+00:00\",\"description\":\"Der Schreibtisch NEW MODERN ist ein Tischsystem aus Stahl und Holz, mit dem Sie eine gem\u00fctliche, designorientierte und moderne B\u00fcroecke einrichten k\u00f6nnen.\",\"breadcrumb\":{\"@id\":\"https:\/\/www.tiptoe.fr\/de\/product\/schreibtisch-new-modern-holz\/#breadcrumb\"},\"inLanguage\":\"de-DE\",\"potentialAction\":[{\"@type\":\"ReadAction\",\"target\":[\"https:\/\/www.tiptoe.fr\/de\/product\/schreibtisch-new-modern-holz\/\"]}]},{\"@type\":\"ImageObject\",\"inLanguage\":\"de-DE\",\"@id\":\"https:\/\/www.tiptoe.fr\/de\/product\/schreibtisch-new-modern-holz\/#primaryimage\",\"url\":\"https:\/\/www.tiptoe.fr\/wp-content\/uploads\/2025\/06\/bureau-new-modern-chene-tiroirs-130x70-blanccreme.jpg\",\"contentUrl\":\"https:\/\/www.tiptoe.fr\/wp-content\/uploads\/2025\/06\/bureau-new-modern-chene-tiroirs-130x70-blanccreme.jpg\",\"width\":1500,\"height\":1500},{\"@type\":\"BreadcrumbList\",\"@id\":\"https:\/\/www.tiptoe.fr\/de\/product\/schreibtisch-new-modern-holz\/#breadcrumb\",\"itemListElement\":[{\"@type\":\"ListItem\",\"position\":1,\"name\":\"Startseite\",\"item\":\"https:\/\/www.tiptoe.fr\/de\/\"},{\"@type\":\"ListItem\",\"position\":2,\"name\":\"Shop\",\"item\":\"https:\/\/www.tiptoe.fr\/shop\/\"},{\"@type\":\"ListItem\",\"position\":3,\"name\":\"Tische und Schreibtische\",\"item\":\"https:\/\/www.tiptoe.fr\/de\/tische-und-schreibtische\/\"},{\"@type\":\"ListItem\",\"position\":4,\"name\":\"Schreibtische\",\"item\":\"https:\/\/www.tiptoe.fr\/de\/tische-und-schreibtische\/schreibtische\/\"},{\"@type\":\"ListItem\",\"position\":5,\"name\":\"Schreibtisch NEW MODERN &#8211; \u00f6ko-zertifiziertes Holz\"}]},{\"@type\":\"WebSite\",\"@id\":\"https:\/\/www.tiptoe.fr\/de\/#website\",\"url\":\"https:\/\/www.tiptoe.fr\/de\/\",\"name\":\"TIPTOE\",\"description\":\"\",\"publisher\":{\"@id\":\"https:\/\/www.tiptoe.fr\/de\/#organization\"},\"potentialAction\":[{\"@type\":\"SearchAction\",\"target\":{\"@type\":\"EntryPoint\",\"urlTemplate\":\"https:\/\/www.tiptoe.fr\/de\/?s={search_term_string}\"},\"query-input\":{\"@type\":\"PropertyValueSpecification\",\"valueRequired\":true,\"valueName\":\"search_term_string\"}}],\"inLanguage\":\"de-DE\"},{\"@type\":\"Organization\",\"@id\":\"https:\/\/www.tiptoe.fr\/de\/#organization\",\"name\":\"TIPTOE\",\"url\":\"https:\/\/www.tiptoe.fr\/de\/\",\"logo\":{\"@type\":\"ImageObject\",\"inLanguage\":\"de-DE\",\"@id\":\"https:\/\/www.tiptoe.fr\/de\/#\/schema\/logo\/image\/\",\"url\":\"https:\/\/www.tiptoe.fr\/wp-content\/uploads\/2024\/06\/Logo.png\",\"contentUrl\":\"https:\/\/www.tiptoe.fr\/wp-content\/uploads\/2024\/06\/Logo.png\",\"width\":133,\"height\":26,\"caption\":\"TIPTOE\"},\"image\":{\"@id\":\"https:\/\/www.tiptoe.fr\/de\/#\/schema\/logo\/image\/\"},\"sameAs\":[\"https:\/\/www.facebook.com\/tiptoedesign\",\"https:\/\/x.com\/tiptoedesign\",\"https:\/\/www.instagram.com\/tiptoedesign\/\",\"https:\/\/www.pinterest.fr\/tiptoedesign\/\"]}]}<\/script>\n<!-- \/ Yoast SEO plugin. -->","yoast_head_json":{"title":"Schreibtisch NEW MODERN, \u00f6kozertifiziertes Holz","description":"Der Schreibtisch NEW MODERN ist ein Tischsystem aus Stahl und Holz, mit dem Sie eine gem\u00fctliche, designorientierte und moderne B\u00fcroecke einrichten k\u00f6nnen.","robots":{"index":"index","follow":"follow","max-snippet":"max-snippet:-1","max-image-preview":"max-image-preview:large","max-video-preview":"max-video-preview:-1"},"canonical":"https:\/\/www.tiptoe.fr\/de\/product\/schreibtisch-new-modern-holz\/","og_locale":"de_DE","og_type":"article","og_title":"Schreibtisch NEW MODERN, \u00f6kozertifiziertes Holz","og_description":"Der Schreibtisch NEW MODERN ist ein Tischsystem aus Stahl und Holz, mit dem Sie eine gem\u00fctliche, designorientierte und moderne B\u00fcroecke einrichten k\u00f6nnen.","og_url":"https:\/\/www.tiptoe.fr\/de\/product\/schreibtisch-new-modern-holz\/","og_site_name":"TIPTOE","article_publisher":"https:\/\/www.facebook.com\/tiptoedesign","article_modified_time":"2025-10-27T16:33:45+00:00","og_image":[{"width":1500,"height":1500,"url":"https:\/\/www.tiptoe.fr\/wp-content\/uploads\/2025\/06\/bureau-new-modern-chene-tiroirs-130x70-blanccreme.jpg","type":"image\/jpeg"}],"twitter_card":"summary_large_image","twitter_site":"@tiptoedesign","twitter_misc":{"Est. reading time":"1 minute"},"schema":{"@context":"https:\/\/schema.org","@graph":[{"@type":"WebPage","@id":"https:\/\/www.tiptoe.fr\/de\/product\/schreibtisch-new-modern-holz\/","url":"https:\/\/www.tiptoe.fr\/de\/product\/schreibtisch-new-modern-holz\/","name":"Schreibtisch NEW MODERN, \u00f6kozertifiziertes Holz","isPartOf":{"@id":"https:\/\/www.tiptoe.fr\/de\/#website"},"primaryImageOfPage":{"@id":"https:\/\/www.tiptoe.fr\/de\/product\/schreibtisch-new-modern-holz\/#primaryimage"},"image":{"@id":"https:\/\/www.tiptoe.fr\/de\/product\/schreibtisch-new-modern-holz\/#primaryimage"},"thumbnailUrl":"https:\/\/www.tiptoe.fr\/wp-content\/uploads\/2025\/06\/bureau-new-modern-chene-tiroirs-130x70-blanccreme.jpg","datePublished":"2021-03-24T17:32:52+00:00","dateModified":"2025-10-27T16:33:45+00:00","description":"Der Schreibtisch NEW MODERN ist ein Tischsystem aus Stahl und Holz, mit dem Sie eine gem\u00fctliche, designorientierte und moderne B\u00fcroecke einrichten k\u00f6nnen.","breadcrumb":{"@id":"https:\/\/www.tiptoe.fr\/de\/product\/schreibtisch-new-modern-holz\/#breadcrumb"},"inLanguage":"de-DE","potentialAction":[{"@type":"ReadAction","target":["https:\/\/www.tiptoe.fr\/de\/product\/schreibtisch-new-modern-holz\/"]}]},{"@type":"ImageObject","inLanguage":"de-DE","@id":"https:\/\/www.tiptoe.fr\/de\/product\/schreibtisch-new-modern-holz\/#primaryimage","url":"https:\/\/www.tiptoe.fr\/wp-content\/uploads\/2025\/06\/bureau-new-modern-chene-tiroirs-130x70-blanccreme.jpg","contentUrl":"https:\/\/www.tiptoe.fr\/wp-content\/uploads\/2025\/06\/bureau-new-modern-chene-tiroirs-130x70-blanccreme.jpg","width":1500,"height":1500},{"@type":"BreadcrumbList","@id":"https:\/\/www.tiptoe.fr\/de\/product\/schreibtisch-new-modern-holz\/#breadcrumb","itemListElement":[{"@type":"ListItem","position":1,"name":"Startseite","item":"https:\/\/www.tiptoe.fr\/de\/"},{"@type":"ListItem","position":2,"name":"Shop","item":"https:\/\/www.tiptoe.fr\/shop\/"},{"@type":"ListItem","position":3,"name":"Tische und Schreibtische","item":"https:\/\/www.tiptoe.fr\/de\/tische-und-schreibtische\/"},{"@type":"ListItem","position":4,"name":"Schreibtische","item":"https:\/\/www.tiptoe.fr\/de\/tische-und-schreibtische\/schreibtische\/"},{"@type":"ListItem","position":5,"name":"Schreibtisch NEW MODERN &#8211; \u00f6ko-zertifiziertes Holz"}]},{"@type":"WebSite","@id":"https:\/\/www.tiptoe.fr\/de\/#website","url":"https:\/\/www.tiptoe.fr\/de\/","name":"TIPTOE","description":"","publisher":{"@id":"https:\/\/www.tiptoe.fr\/de\/#organization"},"potentialAction":[{"@type":"SearchAction","target":{"@type":"EntryPoint","urlTemplate":"https:\/\/www.tiptoe.fr\/de\/?s={search_term_string}"},"query-input":{"@type":"PropertyValueSpecification","valueRequired":true,"valueName":"search_term_string"}}],"inLanguage":"de-DE"},{"@type":"Organization","@id":"https:\/\/www.tiptoe.fr\/de\/#organization","name":"TIPTOE","url":"https:\/\/www.tiptoe.fr\/de\/","logo":{"@type":"ImageObject","inLanguage":"de-DE","@id":"https:\/\/www.tiptoe.fr\/de\/#\/schema\/logo\/image\/","url":"https:\/\/www.tiptoe.fr\/wp-content\/uploads\/2024\/06\/Logo.png","contentUrl":"https:\/\/www.tiptoe.fr\/wp-content\/uploads\/2024\/06\/Logo.png","width":133,"height":26,"caption":"TIPTOE"},"image":{"@id":"https:\/\/www.tiptoe.fr\/de\/#\/schema\/logo\/image\/"},"sameAs":["https:\/\/www.facebook.com\/tiptoedesign","https:\/\/x.com\/tiptoedesign","https:\/\/www.instagram.com\/tiptoedesign\/","https:\/\/www.pinterest.fr\/tiptoedesign\/"]}]}},"_links":{"self":[{"href":"https:\/\/www.tiptoe.fr\/de\/wp-json\/wp\/v2\/product\/221708","targetHints":{"allow":["GET"]}}],"collection":[{"href":"https:\/\/www.tiptoe.fr\/de\/wp-json\/wp\/v2\/product"}],"about":[{"href":"https:\/\/www.tiptoe.fr\/de\/wp-json\/wp\/v2\/types\/product"}],"wp:featuredmedia":[{"embeddable":true,"href":"https:\/\/www.tiptoe.fr\/de\/wp-json\/wp\/v2\/media\/304357"}],"wp:attachment":[{"href":"https:\/\/www.tiptoe.fr\/de\/wp-json\/wp\/v2\/media?parent=221708"}],"wp:term":[{"taxonomy":"product_brand","embeddable":true,"href":"https:\/\/www.tiptoe.fr\/de\/wp-json\/wp\/v2\/product_brand?post=221708"},{"taxonomy":"product_cat","embeddable":true,"href":"https:\/\/www.tiptoe.fr\/de\/wp-json\/wp\/v2\/product_cat?post=221708"},{"taxonomy":"product_tag","embeddable":true,"href":"https:\/\/www.tiptoe.fr\/de\/wp-json\/wp\/v2\/product_tag?post=221708"}],"curies":[{"name":"wp","href":"https:\/\/api.w.org\/{rel}","templated":true}]}}