{"id":221702,"date":"2020-08-16T10:50:13","date_gmt":"2020-08-16T08:50:13","guid":{"rendered":"https:\/\/www.tiptoe.fr\/product\/bureau-mural-75cm\/"},"modified":"2026-03-19T17:20:44","modified_gmt":"2026-03-19T16:20:44","slug":"wandschreibtisch-75cm","status":"publish","type":"product","link":"https:\/\/www.tiptoe.fr\/de\/product\/wandschreibtisch-75cm\/","title":{"rendered":"Wandschreibtisch TIPTOE 120x60cm &#8211; \u00f6ko-zertifiziertes Holz"},"content":{"rendered":"<p>Der Wandschreibtisch kombiniert eine 120&#215;60 cm gro\u00dfe Holzplatte, 2 Tischbeinen H\u00f6he 75 cm und passende Wandhacken aus Stahl. Einfach und schnell zu montieren, ist der Schreibtisch ideal, um kleine R\u00e4ume optimal zu nutzen. Optional k\u00f6nnen Stahlschubladen hinzugef\u00fcgt werden, die praktischen und dezenten Stauraum f\u00fcr einen gut organisierten Arbeitsplatz bieten.<\/p>\n<p>Das Eichenfurnier stammt aus zertifizierten W\u00e4ldern. Seine nat\u00fcrlich warmen Farbt\u00f6ne und seine feine Maserung verleihen Ihrem Interieur Eleganz.<\/p>\n","protected":false},"excerpt":{"rendered":"<p style=\"text-align: left;\"><strong>\u2713<\/strong> Wandschreibtisch ideal f\u00fcr kleine R\u00e4ume<\/p>\n<p style=\"text-align: left;\"><strong>\u2713<\/strong> Tischplatte aus Holz mit Eichenfurnier 120&#215;60 cm<\/p>\n<p style=\"text-align: left;\"><strong>\u2713<\/strong> 2 Tischbeine 75 cm und 2 Wandhaken<\/p>\n<p style=\"text-align: left;\"><strong>\u2713<\/strong> Schubladen optional erh\u00e4ltlich<\/p>\n","protected":false},"featured_media":248288,"template":"","meta":{"_acf_changed":false},"product_brand":[],"product_cat":[801,989,757,759],"product_tag":[],"class_list":{"0":"post-221702","1":"product","2":"type-product","3":"status-publish","4":"has-post-thumbnail","6":"product_cat-tische-und-schreibtische","7":"product_cat-kollektion-tiptoe-tische","8":"product_cat-schreibtische","9":"product_cat-wandtische","10":"product_shipping_class-meubles-complets","12":"first","13":"instock","14":"taxable","15":"shipping-taxable","16":"purchasable","17":"product-type-variable","18":"has-default-attributes"},"acf":[],"yoast_head":"<!-- This site is optimized with the Yoast SEO plugin v26.3 - https:\/\/yoast.com\/wordpress\/plugins\/seo\/ -->\n<title>Wandschreibtisch von TIPTOE: ideal f\u00fcr kleine R\u00e4ume<\/title>\n<meta name=\"description\" content=\"Der Wandschreibtisch TIPTOE erm\u00f6glicht dank seiner Tischplatte aus Eiche 120 x 60 cm ein bequemes Arbeiten. Er ist ideal f\u00fcr kleine R\u00e4ume.\" \/>\n<meta name=\"robots\" content=\"index, follow, max-snippet:-1, max-image-preview:large, max-video-preview:-1\" \/>\n<link rel=\"canonical\" href=\"https:\/\/www.tiptoe.fr\/de\/product\/wandschreibtisch-75cm\/\" \/>\n<meta property=\"og:locale\" content=\"de_DE\" \/>\n<meta property=\"og:type\" content=\"article\" \/>\n<meta property=\"og:title\" content=\"Wandschreibtisch von TIPTOE: ideal f\u00fcr kleine R\u00e4ume\" \/>\n<meta property=\"og:description\" content=\"Der Wandschreibtisch TIPTOE erm\u00f6glicht dank seiner Tischplatte aus Eiche 120 x 60 cm ein bequemes Arbeiten. Er ist ideal f\u00fcr kleine R\u00e4ume.\" \/>\n<meta property=\"og:url\" content=\"https:\/\/www.tiptoe.fr\/de\/product\/wandschreibtisch-75cm\/\" \/>\n<meta property=\"og:site_name\" content=\"TIPTOE\" \/>\n<meta property=\"article:publisher\" content=\"https:\/\/www.facebook.com\/tiptoedesign\" \/>\n<meta property=\"article:modified_time\" content=\"2026-03-19T16:20:44+00:00\" \/>\n<meta property=\"og:image\" content=\"https:\/\/www.tiptoe.fr\/wp-content\/uploads\/2023\/07\/bureau-mural-wave-chene-noir.jpg\" \/>\n\t<meta property=\"og:image:width\" content=\"1500\" \/>\n\t<meta property=\"og:image:height\" content=\"1500\" \/>\n\t<meta property=\"og:image:type\" content=\"image\/jpeg\" \/>\n<meta name=\"twitter:card\" content=\"summary_large_image\" \/>\n<meta name=\"twitter:site\" content=\"@tiptoedesign\" \/>\n<meta name=\"twitter:label1\" content=\"Est. reading time\" \/>\n\t<meta name=\"twitter:data1\" content=\"1 minute\" \/>\n<script type=\"application\/ld+json\" class=\"yoast-schema-graph\">{\"@context\":\"https:\/\/schema.org\",\"@graph\":[{\"@type\":\"WebPage\",\"@id\":\"https:\/\/www.tiptoe.fr\/de\/product\/wandschreibtisch-75cm\/\",\"url\":\"https:\/\/www.tiptoe.fr\/de\/product\/wandschreibtisch-75cm\/\",\"name\":\"Wandschreibtisch von TIPTOE: ideal f\u00fcr kleine R\u00e4ume\",\"isPartOf\":{\"@id\":\"https:\/\/www.tiptoe.fr\/de\/#website\"},\"primaryImageOfPage\":{\"@id\":\"https:\/\/www.tiptoe.fr\/de\/product\/wandschreibtisch-75cm\/#primaryimage\"},\"image\":{\"@id\":\"https:\/\/www.tiptoe.fr\/de\/product\/wandschreibtisch-75cm\/#primaryimage\"},\"thumbnailUrl\":\"https:\/\/www.tiptoe.fr\/wp-content\/uploads\/2023\/07\/bureau-mural-wave-chene-noir.jpg\",\"datePublished\":\"2020-08-16T08:50:13+00:00\",\"dateModified\":\"2026-03-19T16:20:44+00:00\",\"description\":\"Der Wandschreibtisch TIPTOE erm\u00f6glicht dank seiner Tischplatte aus Eiche 120 x 60 cm ein bequemes Arbeiten. Er ist ideal f\u00fcr kleine R\u00e4ume.\",\"breadcrumb\":{\"@id\":\"https:\/\/www.tiptoe.fr\/de\/product\/wandschreibtisch-75cm\/#breadcrumb\"},\"inLanguage\":\"de-DE\",\"potentialAction\":[{\"@type\":\"ReadAction\",\"target\":[\"https:\/\/www.tiptoe.fr\/de\/product\/wandschreibtisch-75cm\/\"]}]},{\"@type\":\"ImageObject\",\"inLanguage\":\"de-DE\",\"@id\":\"https:\/\/www.tiptoe.fr\/de\/product\/wandschreibtisch-75cm\/#primaryimage\",\"url\":\"https:\/\/www.tiptoe.fr\/wp-content\/uploads\/2023\/07\/bureau-mural-wave-chene-noir.jpg\",\"contentUrl\":\"https:\/\/www.tiptoe.fr\/wp-content\/uploads\/2023\/07\/bureau-mural-wave-chene-noir.jpg\",\"width\":1500,\"height\":1500},{\"@type\":\"BreadcrumbList\",\"@id\":\"https:\/\/www.tiptoe.fr\/de\/product\/wandschreibtisch-75cm\/#breadcrumb\",\"itemListElement\":[{\"@type\":\"ListItem\",\"position\":1,\"name\":\"Startseite\",\"item\":\"https:\/\/www.tiptoe.fr\/de\/\"},{\"@type\":\"ListItem\",\"position\":2,\"name\":\"Shop\",\"item\":\"https:\/\/www.tiptoe.fr\/shop\/\"},{\"@type\":\"ListItem\",\"position\":3,\"name\":\"Tische und Schreibtische\",\"item\":\"https:\/\/www.tiptoe.fr\/de\/tische-und-schreibtische\/\"},{\"@type\":\"ListItem\",\"position\":4,\"name\":\"Schreibtische\",\"item\":\"https:\/\/www.tiptoe.fr\/de\/tische-und-schreibtische\/schreibtische\/\"},{\"@type\":\"ListItem\",\"position\":5,\"name\":\"Wandschreibtisch TIPTOE 120x60cm &#8211; \u00f6ko-zertifiziertes Holz\"}]},{\"@type\":\"WebSite\",\"@id\":\"https:\/\/www.tiptoe.fr\/de\/#website\",\"url\":\"https:\/\/www.tiptoe.fr\/de\/\",\"name\":\"TIPTOE\",\"description\":\"\",\"publisher\":{\"@id\":\"https:\/\/www.tiptoe.fr\/de\/#organization\"},\"potentialAction\":[{\"@type\":\"SearchAction\",\"target\":{\"@type\":\"EntryPoint\",\"urlTemplate\":\"https:\/\/www.tiptoe.fr\/de\/?s={search_term_string}\"},\"query-input\":{\"@type\":\"PropertyValueSpecification\",\"valueRequired\":true,\"valueName\":\"search_term_string\"}}],\"inLanguage\":\"de-DE\"},{\"@type\":\"Organization\",\"@id\":\"https:\/\/www.tiptoe.fr\/de\/#organization\",\"name\":\"TIPTOE\",\"url\":\"https:\/\/www.tiptoe.fr\/de\/\",\"logo\":{\"@type\":\"ImageObject\",\"inLanguage\":\"de-DE\",\"@id\":\"https:\/\/www.tiptoe.fr\/de\/#\/schema\/logo\/image\/\",\"url\":\"https:\/\/www.tiptoe.fr\/wp-content\/uploads\/2024\/06\/Logo.png\",\"contentUrl\":\"https:\/\/www.tiptoe.fr\/wp-content\/uploads\/2024\/06\/Logo.png\",\"width\":133,\"height\":26,\"caption\":\"TIPTOE\"},\"image\":{\"@id\":\"https:\/\/www.tiptoe.fr\/de\/#\/schema\/logo\/image\/\"},\"sameAs\":[\"https:\/\/www.facebook.com\/tiptoedesign\",\"https:\/\/x.com\/tiptoedesign\",\"https:\/\/www.instagram.com\/tiptoedesign\/\",\"https:\/\/www.pinterest.fr\/tiptoedesign\/\"]}]}<\/script>\n<!-- \/ Yoast SEO plugin. -->","yoast_head_json":{"title":"Wandschreibtisch von TIPTOE: ideal f\u00fcr kleine R\u00e4ume","description":"Der Wandschreibtisch TIPTOE erm\u00f6glicht dank seiner Tischplatte aus Eiche 120 x 60 cm ein bequemes Arbeiten. Er ist ideal f\u00fcr kleine R\u00e4ume.","robots":{"index":"index","follow":"follow","max-snippet":"max-snippet:-1","max-image-preview":"max-image-preview:large","max-video-preview":"max-video-preview:-1"},"canonical":"https:\/\/www.tiptoe.fr\/de\/product\/wandschreibtisch-75cm\/","og_locale":"de_DE","og_type":"article","og_title":"Wandschreibtisch von TIPTOE: ideal f\u00fcr kleine R\u00e4ume","og_description":"Der Wandschreibtisch TIPTOE erm\u00f6glicht dank seiner Tischplatte aus Eiche 120 x 60 cm ein bequemes Arbeiten. Er ist ideal f\u00fcr kleine R\u00e4ume.","og_url":"https:\/\/www.tiptoe.fr\/de\/product\/wandschreibtisch-75cm\/","og_site_name":"TIPTOE","article_publisher":"https:\/\/www.facebook.com\/tiptoedesign","article_modified_time":"2026-03-19T16:20:44+00:00","og_image":[{"width":1500,"height":1500,"url":"https:\/\/www.tiptoe.fr\/wp-content\/uploads\/2023\/07\/bureau-mural-wave-chene-noir.jpg","type":"image\/jpeg"}],"twitter_card":"summary_large_image","twitter_site":"@tiptoedesign","twitter_misc":{"Est. reading time":"1 minute"},"schema":{"@context":"https:\/\/schema.org","@graph":[{"@type":"WebPage","@id":"https:\/\/www.tiptoe.fr\/de\/product\/wandschreibtisch-75cm\/","url":"https:\/\/www.tiptoe.fr\/de\/product\/wandschreibtisch-75cm\/","name":"Wandschreibtisch von TIPTOE: ideal f\u00fcr kleine R\u00e4ume","isPartOf":{"@id":"https:\/\/www.tiptoe.fr\/de\/#website"},"primaryImageOfPage":{"@id":"https:\/\/www.tiptoe.fr\/de\/product\/wandschreibtisch-75cm\/#primaryimage"},"image":{"@id":"https:\/\/www.tiptoe.fr\/de\/product\/wandschreibtisch-75cm\/#primaryimage"},"thumbnailUrl":"https:\/\/www.tiptoe.fr\/wp-content\/uploads\/2023\/07\/bureau-mural-wave-chene-noir.jpg","datePublished":"2020-08-16T08:50:13+00:00","dateModified":"2026-03-19T16:20:44+00:00","description":"Der Wandschreibtisch TIPTOE erm\u00f6glicht dank seiner Tischplatte aus Eiche 120 x 60 cm ein bequemes Arbeiten. Er ist ideal f\u00fcr kleine R\u00e4ume.","breadcrumb":{"@id":"https:\/\/www.tiptoe.fr\/de\/product\/wandschreibtisch-75cm\/#breadcrumb"},"inLanguage":"de-DE","potentialAction":[{"@type":"ReadAction","target":["https:\/\/www.tiptoe.fr\/de\/product\/wandschreibtisch-75cm\/"]}]},{"@type":"ImageObject","inLanguage":"de-DE","@id":"https:\/\/www.tiptoe.fr\/de\/product\/wandschreibtisch-75cm\/#primaryimage","url":"https:\/\/www.tiptoe.fr\/wp-content\/uploads\/2023\/07\/bureau-mural-wave-chene-noir.jpg","contentUrl":"https:\/\/www.tiptoe.fr\/wp-content\/uploads\/2023\/07\/bureau-mural-wave-chene-noir.jpg","width":1500,"height":1500},{"@type":"BreadcrumbList","@id":"https:\/\/www.tiptoe.fr\/de\/product\/wandschreibtisch-75cm\/#breadcrumb","itemListElement":[{"@type":"ListItem","position":1,"name":"Startseite","item":"https:\/\/www.tiptoe.fr\/de\/"},{"@type":"ListItem","position":2,"name":"Shop","item":"https:\/\/www.tiptoe.fr\/shop\/"},{"@type":"ListItem","position":3,"name":"Tische und Schreibtische","item":"https:\/\/www.tiptoe.fr\/de\/tische-und-schreibtische\/"},{"@type":"ListItem","position":4,"name":"Schreibtische","item":"https:\/\/www.tiptoe.fr\/de\/tische-und-schreibtische\/schreibtische\/"},{"@type":"ListItem","position":5,"name":"Wandschreibtisch TIPTOE 120x60cm &#8211; \u00f6ko-zertifiziertes Holz"}]},{"@type":"WebSite","@id":"https:\/\/www.tiptoe.fr\/de\/#website","url":"https:\/\/www.tiptoe.fr\/de\/","name":"TIPTOE","description":"","publisher":{"@id":"https:\/\/www.tiptoe.fr\/de\/#organization"},"potentialAction":[{"@type":"SearchAction","target":{"@type":"EntryPoint","urlTemplate":"https:\/\/www.tiptoe.fr\/de\/?s={search_term_string}"},"query-input":{"@type":"PropertyValueSpecification","valueRequired":true,"valueName":"search_term_string"}}],"inLanguage":"de-DE"},{"@type":"Organization","@id":"https:\/\/www.tiptoe.fr\/de\/#organization","name":"TIPTOE","url":"https:\/\/www.tiptoe.fr\/de\/","logo":{"@type":"ImageObject","inLanguage":"de-DE","@id":"https:\/\/www.tiptoe.fr\/de\/#\/schema\/logo\/image\/","url":"https:\/\/www.tiptoe.fr\/wp-content\/uploads\/2024\/06\/Logo.png","contentUrl":"https:\/\/www.tiptoe.fr\/wp-content\/uploads\/2024\/06\/Logo.png","width":133,"height":26,"caption":"TIPTOE"},"image":{"@id":"https:\/\/www.tiptoe.fr\/de\/#\/schema\/logo\/image\/"},"sameAs":["https:\/\/www.facebook.com\/tiptoedesign","https:\/\/x.com\/tiptoedesign","https:\/\/www.instagram.com\/tiptoedesign\/","https:\/\/www.pinterest.fr\/tiptoedesign\/"]}]}},"_links":{"self":[{"href":"https:\/\/www.tiptoe.fr\/de\/wp-json\/wp\/v2\/product\/221702","targetHints":{"allow":["GET"]}}],"collection":[{"href":"https:\/\/www.tiptoe.fr\/de\/wp-json\/wp\/v2\/product"}],"about":[{"href":"https:\/\/www.tiptoe.fr\/de\/wp-json\/wp\/v2\/types\/product"}],"wp:featuredmedia":[{"embeddable":true,"href":"https:\/\/www.tiptoe.fr\/de\/wp-json\/wp\/v2\/media\/248288"}],"wp:attachment":[{"href":"https:\/\/www.tiptoe.fr\/de\/wp-json\/wp\/v2\/media?parent=221702"}],"wp:term":[{"taxonomy":"product_brand","embeddable":true,"href":"https:\/\/www.tiptoe.fr\/de\/wp-json\/wp\/v2\/product_brand?post=221702"},{"taxonomy":"product_cat","embeddable":true,"href":"https:\/\/www.tiptoe.fr\/de\/wp-json\/wp\/v2\/product_cat?post=221702"},{"taxonomy":"product_tag","embeddable":true,"href":"https:\/\/www.tiptoe.fr\/de\/wp-json\/wp\/v2\/product_tag?post=221702"}],"curies":[{"name":"wp","href":"https:\/\/api.w.org\/{rel}","templated":true}]}}