{"id":220395,"date":"2020-10-01T12:38:01","date_gmt":"2020-10-01T10:38:01","guid":{"rendered":"https:\/\/www.tiptoe.fr\/product\/table-basse-oblong-plastique-recycle-venezia\/"},"modified":"2026-03-25T12:53:03","modified_gmt":"2026-03-25T11:53:03","slug":"couchtisch-laenglich-recycletes-plastik-venezia","status":"publish","type":"product","link":"https:\/\/www.tiptoe.fr\/de\/product\/couchtisch-laenglich-recycletes-plastik-venezia\/","title":{"rendered":"L\u00e4nglicher Couchtisch TIPTOE 100x50cm &#8211; recycelter Kunststoff Venezia"},"content":{"rendered":"<p>Der oblonge Couchtisch besteht aus einer 100\u00d750 cm gro\u00dfe Tischplatte aus recyceltem Kunststoff und 4Tischbeinen H\u00f6he 43 cm aus Stahl. Seine l\u00e4ngliche Form und abgerundeten Kanten verleihen Ihrem Wohnzimmer eine moderne und grafische Note.<\/p>\n<p>Der recycelte Kunststoff wird aus Joghurtbechern hergestellt. Die wei\u00dfe Farbe ist mit gold- und silberfarbenen Partikeln aus Etikettenfragmenten durchzogen. Jeder Tisch ist einzigartig, mit Mustern und Farbt\u00f6nen, die variieren k\u00f6nnen.<\/p>\n","protected":false},"excerpt":{"rendered":"<p style=\"text-align: left;\"><strong>\u2713<\/strong> L\u00e4nglicher Couchtisch, 100&#215;50 cm<\/p>\n<p style=\"text-align: left;\"><strong>\u2713<\/strong> Tischplatte aus recyceltem Plastik Venezia<\/p>\n<p style=\"text-align: left;\"><strong>\u2713<\/strong> 4 Tischbeine H\u00f6he 43 cm<\/p>\n<p style=\"text-align: left;\"><strong>\u2713<\/strong> 100% in Europa hergestellt<\/p>\n<p style=\"text-align: left;\">\n","protected":false},"featured_media":300990,"template":"","meta":{"_acf_changed":false},"product_brand":[],"product_cat":[989,750,756,801],"product_tag":[],"class_list":{"0":"post-220395","1":"product","2":"type-product","3":"status-publish","4":"has-post-thumbnail","6":"product_cat-kollektion-tiptoe-tische","7":"product_cat-couchtischbeine","8":"product_cat-couchtische","9":"product_cat-tische-und-schreibtische","10":"product_shipping_class-meubles-complets","12":"first","13":"instock","14":"taxable","15":"shipping-taxable","16":"purchasable","17":"product-type-variable","18":"has-default-attributes"},"acf":[],"yoast_head":"<!-- This site is optimized with the Yoast SEO plugin v26.3 - https:\/\/yoast.com\/wordpress\/plugins\/seo\/ -->\n<title>Ovaler, l\u00e4nglicher Couchtisch aus recyceltem Plastik<\/title>\n<meta name=\"description\" content=\"Der ovale, l\u00e4ngliche Couchtisch VENEZIA besteht aus vier TIPTOE Tischbeinen 43 cm aus Stahl und einer Tischplatte aus wei\u00dfem recyceltem Plastik.\" \/>\n<meta name=\"robots\" content=\"index, follow, max-snippet:-1, max-image-preview:large, max-video-preview:-1\" \/>\n<link rel=\"canonical\" href=\"https:\/\/www.tiptoe.fr\/de\/product\/couchtisch-laenglich-recycletes-plastik-venezia\/\" \/>\n<meta property=\"og:locale\" content=\"de_DE\" \/>\n<meta property=\"og:type\" content=\"article\" \/>\n<meta property=\"og:title\" content=\"Ovaler, l\u00e4nglicher Couchtisch aus recyceltem Plastik\" \/>\n<meta property=\"og:description\" content=\"Der ovale, l\u00e4ngliche Couchtisch VENEZIA besteht aus vier TIPTOE Tischbeinen 43 cm aus Stahl und einer Tischplatte aus wei\u00dfem recyceltem Plastik.\" \/>\n<meta property=\"og:url\" content=\"https:\/\/www.tiptoe.fr\/de\/product\/couchtisch-laenglich-recycletes-plastik-venezia\/\" \/>\n<meta property=\"og:site_name\" content=\"TIPTOE\" \/>\n<meta property=\"article:publisher\" content=\"https:\/\/www.facebook.com\/tiptoedesign\" \/>\n<meta property=\"article:modified_time\" content=\"2026-03-25T11:53:03+00:00\" \/>\n<meta property=\"og:image\" content=\"https:\/\/www.tiptoe.fr\/wp-content\/uploads\/2025\/06\/table-oblongue-venezia-100x50-bleunuit.jpg\" \/>\n\t<meta property=\"og:image:width\" content=\"1500\" \/>\n\t<meta property=\"og:image:height\" content=\"1500\" \/>\n\t<meta property=\"og:image:type\" content=\"image\/jpeg\" \/>\n<meta name=\"twitter:card\" content=\"summary_large_image\" \/>\n<meta name=\"twitter:site\" content=\"@tiptoedesign\" \/>\n<meta name=\"twitter:label1\" content=\"Est. reading time\" \/>\n\t<meta name=\"twitter:data1\" content=\"1 minute\" \/>\n<script type=\"application\/ld+json\" class=\"yoast-schema-graph\">{\"@context\":\"https:\/\/schema.org\",\"@graph\":[{\"@type\":\"WebPage\",\"@id\":\"https:\/\/www.tiptoe.fr\/de\/product\/couchtisch-laenglich-recycletes-plastik-venezia\/\",\"url\":\"https:\/\/www.tiptoe.fr\/de\/product\/couchtisch-laenglich-recycletes-plastik-venezia\/\",\"name\":\"Ovaler, l\u00e4nglicher Couchtisch aus recyceltem Plastik\",\"isPartOf\":{\"@id\":\"https:\/\/www.tiptoe.fr\/de\/#website\"},\"primaryImageOfPage\":{\"@id\":\"https:\/\/www.tiptoe.fr\/de\/product\/couchtisch-laenglich-recycletes-plastik-venezia\/#primaryimage\"},\"image\":{\"@id\":\"https:\/\/www.tiptoe.fr\/de\/product\/couchtisch-laenglich-recycletes-plastik-venezia\/#primaryimage\"},\"thumbnailUrl\":\"https:\/\/www.tiptoe.fr\/wp-content\/uploads\/2025\/06\/table-oblongue-venezia-100x50-bleunuit.jpg\",\"datePublished\":\"2020-10-01T10:38:01+00:00\",\"dateModified\":\"2026-03-25T11:53:03+00:00\",\"description\":\"Der ovale, l\u00e4ngliche Couchtisch VENEZIA besteht aus vier TIPTOE Tischbeinen 43 cm aus Stahl und einer Tischplatte aus wei\u00dfem recyceltem Plastik.\",\"breadcrumb\":{\"@id\":\"https:\/\/www.tiptoe.fr\/de\/product\/couchtisch-laenglich-recycletes-plastik-venezia\/#breadcrumb\"},\"inLanguage\":\"de-DE\",\"potentialAction\":[{\"@type\":\"ReadAction\",\"target\":[\"https:\/\/www.tiptoe.fr\/de\/product\/couchtisch-laenglich-recycletes-plastik-venezia\/\"]}]},{\"@type\":\"ImageObject\",\"inLanguage\":\"de-DE\",\"@id\":\"https:\/\/www.tiptoe.fr\/de\/product\/couchtisch-laenglich-recycletes-plastik-venezia\/#primaryimage\",\"url\":\"https:\/\/www.tiptoe.fr\/wp-content\/uploads\/2025\/06\/table-oblongue-venezia-100x50-bleunuit.jpg\",\"contentUrl\":\"https:\/\/www.tiptoe.fr\/wp-content\/uploads\/2025\/06\/table-oblongue-venezia-100x50-bleunuit.jpg\",\"width\":1500,\"height\":1500},{\"@type\":\"BreadcrumbList\",\"@id\":\"https:\/\/www.tiptoe.fr\/de\/product\/couchtisch-laenglich-recycletes-plastik-venezia\/#breadcrumb\",\"itemListElement\":[{\"@type\":\"ListItem\",\"position\":1,\"name\":\"Startseite\",\"item\":\"https:\/\/www.tiptoe.fr\/de\/\"},{\"@type\":\"ListItem\",\"position\":2,\"name\":\"Shop\",\"item\":\"https:\/\/www.tiptoe.fr\/shop\/\"},{\"@type\":\"ListItem\",\"position\":3,\"name\":\"Tische und Schreibtische\",\"item\":\"https:\/\/www.tiptoe.fr\/de\/tische-und-schreibtische\/\"},{\"@type\":\"ListItem\",\"position\":4,\"name\":\"Couchtische\",\"item\":\"https:\/\/www.tiptoe.fr\/de\/tische-und-schreibtische\/couchtische\/\"},{\"@type\":\"ListItem\",\"position\":5,\"name\":\"L\u00e4nglicher Couchtisch TIPTOE 100x50cm &#8211; recycelter Kunststoff Venezia\"}]},{\"@type\":\"WebSite\",\"@id\":\"https:\/\/www.tiptoe.fr\/de\/#website\",\"url\":\"https:\/\/www.tiptoe.fr\/de\/\",\"name\":\"TIPTOE\",\"description\":\"\",\"publisher\":{\"@id\":\"https:\/\/www.tiptoe.fr\/de\/#organization\"},\"potentialAction\":[{\"@type\":\"SearchAction\",\"target\":{\"@type\":\"EntryPoint\",\"urlTemplate\":\"https:\/\/www.tiptoe.fr\/de\/?s={search_term_string}\"},\"query-input\":{\"@type\":\"PropertyValueSpecification\",\"valueRequired\":true,\"valueName\":\"search_term_string\"}}],\"inLanguage\":\"de-DE\"},{\"@type\":\"Organization\",\"@id\":\"https:\/\/www.tiptoe.fr\/de\/#organization\",\"name\":\"TIPTOE\",\"url\":\"https:\/\/www.tiptoe.fr\/de\/\",\"logo\":{\"@type\":\"ImageObject\",\"inLanguage\":\"de-DE\",\"@id\":\"https:\/\/www.tiptoe.fr\/de\/#\/schema\/logo\/image\/\",\"url\":\"https:\/\/www.tiptoe.fr\/wp-content\/uploads\/2024\/06\/Logo.png\",\"contentUrl\":\"https:\/\/www.tiptoe.fr\/wp-content\/uploads\/2024\/06\/Logo.png\",\"width\":133,\"height\":26,\"caption\":\"TIPTOE\"},\"image\":{\"@id\":\"https:\/\/www.tiptoe.fr\/de\/#\/schema\/logo\/image\/\"},\"sameAs\":[\"https:\/\/www.facebook.com\/tiptoedesign\",\"https:\/\/x.com\/tiptoedesign\",\"https:\/\/www.instagram.com\/tiptoedesign\/\",\"https:\/\/www.pinterest.fr\/tiptoedesign\/\"]}]}<\/script>\n<!-- \/ Yoast SEO plugin. -->","yoast_head_json":{"title":"Ovaler, l\u00e4nglicher Couchtisch aus recyceltem Plastik","description":"Der ovale, l\u00e4ngliche Couchtisch VENEZIA besteht aus vier TIPTOE Tischbeinen 43 cm aus Stahl und einer Tischplatte aus wei\u00dfem recyceltem Plastik.","robots":{"index":"index","follow":"follow","max-snippet":"max-snippet:-1","max-image-preview":"max-image-preview:large","max-video-preview":"max-video-preview:-1"},"canonical":"https:\/\/www.tiptoe.fr\/de\/product\/couchtisch-laenglich-recycletes-plastik-venezia\/","og_locale":"de_DE","og_type":"article","og_title":"Ovaler, l\u00e4nglicher Couchtisch aus recyceltem Plastik","og_description":"Der ovale, l\u00e4ngliche Couchtisch VENEZIA besteht aus vier TIPTOE Tischbeinen 43 cm aus Stahl und einer Tischplatte aus wei\u00dfem recyceltem Plastik.","og_url":"https:\/\/www.tiptoe.fr\/de\/product\/couchtisch-laenglich-recycletes-plastik-venezia\/","og_site_name":"TIPTOE","article_publisher":"https:\/\/www.facebook.com\/tiptoedesign","article_modified_time":"2026-03-25T11:53:03+00:00","og_image":[{"width":1500,"height":1500,"url":"https:\/\/www.tiptoe.fr\/wp-content\/uploads\/2025\/06\/table-oblongue-venezia-100x50-bleunuit.jpg","type":"image\/jpeg"}],"twitter_card":"summary_large_image","twitter_site":"@tiptoedesign","twitter_misc":{"Est. reading time":"1 minute"},"schema":{"@context":"https:\/\/schema.org","@graph":[{"@type":"WebPage","@id":"https:\/\/www.tiptoe.fr\/de\/product\/couchtisch-laenglich-recycletes-plastik-venezia\/","url":"https:\/\/www.tiptoe.fr\/de\/product\/couchtisch-laenglich-recycletes-plastik-venezia\/","name":"Ovaler, l\u00e4nglicher Couchtisch aus recyceltem Plastik","isPartOf":{"@id":"https:\/\/www.tiptoe.fr\/de\/#website"},"primaryImageOfPage":{"@id":"https:\/\/www.tiptoe.fr\/de\/product\/couchtisch-laenglich-recycletes-plastik-venezia\/#primaryimage"},"image":{"@id":"https:\/\/www.tiptoe.fr\/de\/product\/couchtisch-laenglich-recycletes-plastik-venezia\/#primaryimage"},"thumbnailUrl":"https:\/\/www.tiptoe.fr\/wp-content\/uploads\/2025\/06\/table-oblongue-venezia-100x50-bleunuit.jpg","datePublished":"2020-10-01T10:38:01+00:00","dateModified":"2026-03-25T11:53:03+00:00","description":"Der ovale, l\u00e4ngliche Couchtisch VENEZIA besteht aus vier TIPTOE Tischbeinen 43 cm aus Stahl und einer Tischplatte aus wei\u00dfem recyceltem Plastik.","breadcrumb":{"@id":"https:\/\/www.tiptoe.fr\/de\/product\/couchtisch-laenglich-recycletes-plastik-venezia\/#breadcrumb"},"inLanguage":"de-DE","potentialAction":[{"@type":"ReadAction","target":["https:\/\/www.tiptoe.fr\/de\/product\/couchtisch-laenglich-recycletes-plastik-venezia\/"]}]},{"@type":"ImageObject","inLanguage":"de-DE","@id":"https:\/\/www.tiptoe.fr\/de\/product\/couchtisch-laenglich-recycletes-plastik-venezia\/#primaryimage","url":"https:\/\/www.tiptoe.fr\/wp-content\/uploads\/2025\/06\/table-oblongue-venezia-100x50-bleunuit.jpg","contentUrl":"https:\/\/www.tiptoe.fr\/wp-content\/uploads\/2025\/06\/table-oblongue-venezia-100x50-bleunuit.jpg","width":1500,"height":1500},{"@type":"BreadcrumbList","@id":"https:\/\/www.tiptoe.fr\/de\/product\/couchtisch-laenglich-recycletes-plastik-venezia\/#breadcrumb","itemListElement":[{"@type":"ListItem","position":1,"name":"Startseite","item":"https:\/\/www.tiptoe.fr\/de\/"},{"@type":"ListItem","position":2,"name":"Shop","item":"https:\/\/www.tiptoe.fr\/shop\/"},{"@type":"ListItem","position":3,"name":"Tische und Schreibtische","item":"https:\/\/www.tiptoe.fr\/de\/tische-und-schreibtische\/"},{"@type":"ListItem","position":4,"name":"Couchtische","item":"https:\/\/www.tiptoe.fr\/de\/tische-und-schreibtische\/couchtische\/"},{"@type":"ListItem","position":5,"name":"L\u00e4nglicher Couchtisch TIPTOE 100x50cm &#8211; recycelter Kunststoff Venezia"}]},{"@type":"WebSite","@id":"https:\/\/www.tiptoe.fr\/de\/#website","url":"https:\/\/www.tiptoe.fr\/de\/","name":"TIPTOE","description":"","publisher":{"@id":"https:\/\/www.tiptoe.fr\/de\/#organization"},"potentialAction":[{"@type":"SearchAction","target":{"@type":"EntryPoint","urlTemplate":"https:\/\/www.tiptoe.fr\/de\/?s={search_term_string}"},"query-input":{"@type":"PropertyValueSpecification","valueRequired":true,"valueName":"search_term_string"}}],"inLanguage":"de-DE"},{"@type":"Organization","@id":"https:\/\/www.tiptoe.fr\/de\/#organization","name":"TIPTOE","url":"https:\/\/www.tiptoe.fr\/de\/","logo":{"@type":"ImageObject","inLanguage":"de-DE","@id":"https:\/\/www.tiptoe.fr\/de\/#\/schema\/logo\/image\/","url":"https:\/\/www.tiptoe.fr\/wp-content\/uploads\/2024\/06\/Logo.png","contentUrl":"https:\/\/www.tiptoe.fr\/wp-content\/uploads\/2024\/06\/Logo.png","width":133,"height":26,"caption":"TIPTOE"},"image":{"@id":"https:\/\/www.tiptoe.fr\/de\/#\/schema\/logo\/image\/"},"sameAs":["https:\/\/www.facebook.com\/tiptoedesign","https:\/\/x.com\/tiptoedesign","https:\/\/www.instagram.com\/tiptoedesign\/","https:\/\/www.pinterest.fr\/tiptoedesign\/"]}]}},"_links":{"self":[{"href":"https:\/\/www.tiptoe.fr\/de\/wp-json\/wp\/v2\/product\/220395","targetHints":{"allow":["GET"]}}],"collection":[{"href":"https:\/\/www.tiptoe.fr\/de\/wp-json\/wp\/v2\/product"}],"about":[{"href":"https:\/\/www.tiptoe.fr\/de\/wp-json\/wp\/v2\/types\/product"}],"wp:featuredmedia":[{"embeddable":true,"href":"https:\/\/www.tiptoe.fr\/de\/wp-json\/wp\/v2\/media\/300990"}],"wp:attachment":[{"href":"https:\/\/www.tiptoe.fr\/de\/wp-json\/wp\/v2\/media?parent=220395"}],"wp:term":[{"taxonomy":"product_brand","embeddable":true,"href":"https:\/\/www.tiptoe.fr\/de\/wp-json\/wp\/v2\/product_brand?post=220395"},{"taxonomy":"product_cat","embeddable":true,"href":"https:\/\/www.tiptoe.fr\/de\/wp-json\/wp\/v2\/product_cat?post=220395"},{"taxonomy":"product_tag","embeddable":true,"href":"https:\/\/www.tiptoe.fr\/de\/wp-json\/wp\/v2\/product_tag?post=220395"}],"curies":[{"name":"wp","href":"https:\/\/api.w.org\/{rel}","templated":true}]}}