{"id":220378,"date":"2020-10-20T11:10:11","date_gmt":"2020-10-20T09:10:11","guid":{"rendered":"https:\/\/www.tiptoe.fr\/product\/table-basse-santiago-bois-ancien-recycle\/"},"modified":"2026-03-25T15:24:32","modified_gmt":"2026-03-25T14:24:32","slug":"couchtisch-santiago-recycletes-altholz","status":"publish","type":"product","link":"https:\/\/www.tiptoe.fr\/de\/product\/couchtisch-santiago-recycletes-altholz\/","title":{"rendered":"Couchtisch TIPTOE 120x60cm &#8211; recyceltem Altholz"},"content":{"rendered":"<p>Der rechteckige Couchtisch verf\u00fcgt \u00fcber eine 120\u00d760 cm gro\u00dfe Holzplatte und 4 Tischbeinen H\u00f6he 43 cm aus Stahl. Sein klares Design und die pr\u00e4zisen Linien verleihen Ihrem Wohnzimmer Modernit\u00e4t und Struktur.<\/p>\n<p>Altholz \u00fcberzeugt durch seinen einzigartigen Charakter. Seine tiefe Farbe, markante Astknoten und nat\u00fcrliche Unebenheiten bringen W\u00e4rme und Authentizit\u00e4t in Ihr Zuhause.<\/p>\n","protected":false},"excerpt":{"rendered":"<p style=\"text-align: left;\"><strong>\u2713<\/strong> Rechteckiger Couchtisch 120&#215;60 cm<\/p>\n<p style=\"text-align: left;\"><strong>\u2713<\/strong> Tischplatte aus gealtertem Holz<\/p>\n<p style=\"text-align: left;\"><strong>\u2713<\/strong> 4 Tischbeine H\u00f6he 43 cm<\/p>\n<p style=\"text-align: left;\"><strong>\u2713<\/strong> 100% in Europa hergestellt<\/p>\n","protected":false},"featured_media":301077,"template":"","meta":{"_acf_changed":false},"product_brand":[],"product_cat":[750,756,801,989],"product_tag":[795],"class_list":{"0":"post-220378","1":"product","2":"type-product","3":"status-publish","4":"has-post-thumbnail","6":"product_cat-couchtischbeine","7":"product_cat-couchtische","8":"product_cat-tische-und-schreibtische","9":"product_cat-kollektion-tiptoe-tische","10":"product_tag-bois-ancien-de","11":"product_shipping_class-meubles-complets","13":"first","14":"instock","15":"taxable","16":"shipping-taxable","17":"purchasable","18":"product-type-variable","19":"has-default-attributes"},"acf":[],"yoast_head":"<!-- This site is optimized with the Yoast SEO plugin v26.3 - https:\/\/yoast.com\/wordpress\/plugins\/seo\/ -->\n<title>Couchtisch aus recyceltem Altholz, Tischbeine 43cm<\/title>\n<meta name=\"description\" content=\"Der Couchtisch Tiptoe aus recyceltem Altholz besteht aus einer Tischplatte aus altem Holz, das aus alten Scheunen stammt.\" \/>\n<meta name=\"robots\" content=\"index, follow, max-snippet:-1, max-image-preview:large, max-video-preview:-1\" \/>\n<link rel=\"canonical\" href=\"https:\/\/www.tiptoe.fr\/de\/product\/couchtisch-santiago-recycletes-altholz\/\" \/>\n<meta property=\"og:locale\" content=\"de_DE\" \/>\n<meta property=\"og:type\" content=\"article\" \/>\n<meta property=\"og:title\" content=\"Couchtisch aus recyceltem Altholz, Tischbeine 43cm\" \/>\n<meta property=\"og:description\" content=\"Der Couchtisch Tiptoe aus recyceltem Altholz besteht aus einer Tischplatte aus altem Holz, das aus alten Scheunen stammt.\" \/>\n<meta property=\"og:url\" content=\"https:\/\/www.tiptoe.fr\/de\/product\/couchtisch-santiago-recycletes-altholz\/\" \/>\n<meta property=\"og:site_name\" content=\"TIPTOE\" \/>\n<meta property=\"article:publisher\" content=\"https:\/\/www.facebook.com\/tiptoedesign\" \/>\n<meta property=\"article:modified_time\" content=\"2026-03-25T14:24:32+00:00\" \/>\n<meta property=\"og:image\" content=\"https:\/\/www.tiptoe.fr\/wp-content\/uploads\/2020\/10\/table-rectangulaire-bois-ancien-120x60-griseuca.jpg\" \/>\n\t<meta property=\"og:image:width\" content=\"1500\" \/>\n\t<meta property=\"og:image:height\" content=\"1500\" \/>\n\t<meta property=\"og:image:type\" content=\"image\/jpeg\" \/>\n<meta name=\"twitter:card\" content=\"summary_large_image\" \/>\n<meta name=\"twitter:site\" content=\"@tiptoedesign\" \/>\n<meta name=\"twitter:label1\" content=\"Est. reading time\" \/>\n\t<meta name=\"twitter:data1\" content=\"1 minute\" \/>\n<script type=\"application\/ld+json\" class=\"yoast-schema-graph\">{\"@context\":\"https:\/\/schema.org\",\"@graph\":[{\"@type\":\"WebPage\",\"@id\":\"https:\/\/www.tiptoe.fr\/de\/product\/couchtisch-santiago-recycletes-altholz\/\",\"url\":\"https:\/\/www.tiptoe.fr\/de\/product\/couchtisch-santiago-recycletes-altholz\/\",\"name\":\"Couchtisch aus recyceltem Altholz, Tischbeine 43cm\",\"isPartOf\":{\"@id\":\"https:\/\/www.tiptoe.fr\/de\/#website\"},\"primaryImageOfPage\":{\"@id\":\"https:\/\/www.tiptoe.fr\/de\/product\/couchtisch-santiago-recycletes-altholz\/#primaryimage\"},\"image\":{\"@id\":\"https:\/\/www.tiptoe.fr\/de\/product\/couchtisch-santiago-recycletes-altholz\/#primaryimage\"},\"thumbnailUrl\":\"https:\/\/www.tiptoe.fr\/wp-content\/uploads\/2020\/10\/table-rectangulaire-bois-ancien-120x60-griseuca.jpg\",\"datePublished\":\"2020-10-20T09:10:11+00:00\",\"dateModified\":\"2026-03-25T14:24:32+00:00\",\"description\":\"Der Couchtisch Tiptoe aus recyceltem Altholz besteht aus einer Tischplatte aus altem Holz, das aus alten Scheunen stammt.\",\"breadcrumb\":{\"@id\":\"https:\/\/www.tiptoe.fr\/de\/product\/couchtisch-santiago-recycletes-altholz\/#breadcrumb\"},\"inLanguage\":\"de-DE\",\"potentialAction\":[{\"@type\":\"ReadAction\",\"target\":[\"https:\/\/www.tiptoe.fr\/de\/product\/couchtisch-santiago-recycletes-altholz\/\"]}]},{\"@type\":\"ImageObject\",\"inLanguage\":\"de-DE\",\"@id\":\"https:\/\/www.tiptoe.fr\/de\/product\/couchtisch-santiago-recycletes-altholz\/#primaryimage\",\"url\":\"https:\/\/www.tiptoe.fr\/wp-content\/uploads\/2020\/10\/table-rectangulaire-bois-ancien-120x60-griseuca.jpg\",\"contentUrl\":\"https:\/\/www.tiptoe.fr\/wp-content\/uploads\/2020\/10\/table-rectangulaire-bois-ancien-120x60-griseuca.jpg\",\"width\":1500,\"height\":1500},{\"@type\":\"BreadcrumbList\",\"@id\":\"https:\/\/www.tiptoe.fr\/de\/product\/couchtisch-santiago-recycletes-altholz\/#breadcrumb\",\"itemListElement\":[{\"@type\":\"ListItem\",\"position\":1,\"name\":\"Startseite\",\"item\":\"https:\/\/www.tiptoe.fr\/de\/\"},{\"@type\":\"ListItem\",\"position\":2,\"name\":\"Shop\",\"item\":\"https:\/\/www.tiptoe.fr\/shop\/\"},{\"@type\":\"ListItem\",\"position\":3,\"name\":\"Tische und Schreibtische\",\"item\":\"https:\/\/www.tiptoe.fr\/de\/tische-und-schreibtische\/\"},{\"@type\":\"ListItem\",\"position\":4,\"name\":\"Couchtische\",\"item\":\"https:\/\/www.tiptoe.fr\/de\/tische-und-schreibtische\/couchtische\/\"},{\"@type\":\"ListItem\",\"position\":5,\"name\":\"Couchtisch TIPTOE 120x60cm &#8211; recyceltem Altholz\"}]},{\"@type\":\"WebSite\",\"@id\":\"https:\/\/www.tiptoe.fr\/de\/#website\",\"url\":\"https:\/\/www.tiptoe.fr\/de\/\",\"name\":\"TIPTOE\",\"description\":\"\",\"publisher\":{\"@id\":\"https:\/\/www.tiptoe.fr\/de\/#organization\"},\"potentialAction\":[{\"@type\":\"SearchAction\",\"target\":{\"@type\":\"EntryPoint\",\"urlTemplate\":\"https:\/\/www.tiptoe.fr\/de\/?s={search_term_string}\"},\"query-input\":{\"@type\":\"PropertyValueSpecification\",\"valueRequired\":true,\"valueName\":\"search_term_string\"}}],\"inLanguage\":\"de-DE\"},{\"@type\":\"Organization\",\"@id\":\"https:\/\/www.tiptoe.fr\/de\/#organization\",\"name\":\"TIPTOE\",\"url\":\"https:\/\/www.tiptoe.fr\/de\/\",\"logo\":{\"@type\":\"ImageObject\",\"inLanguage\":\"de-DE\",\"@id\":\"https:\/\/www.tiptoe.fr\/de\/#\/schema\/logo\/image\/\",\"url\":\"https:\/\/www.tiptoe.fr\/wp-content\/uploads\/2024\/06\/Logo.png\",\"contentUrl\":\"https:\/\/www.tiptoe.fr\/wp-content\/uploads\/2024\/06\/Logo.png\",\"width\":133,\"height\":26,\"caption\":\"TIPTOE\"},\"image\":{\"@id\":\"https:\/\/www.tiptoe.fr\/de\/#\/schema\/logo\/image\/\"},\"sameAs\":[\"https:\/\/www.facebook.com\/tiptoedesign\",\"https:\/\/x.com\/tiptoedesign\",\"https:\/\/www.instagram.com\/tiptoedesign\/\",\"https:\/\/www.pinterest.fr\/tiptoedesign\/\"]}]}<\/script>\n<!-- \/ Yoast SEO plugin. -->","yoast_head_json":{"title":"Couchtisch aus recyceltem Altholz, Tischbeine 43cm","description":"Der Couchtisch Tiptoe aus recyceltem Altholz besteht aus einer Tischplatte aus altem Holz, das aus alten Scheunen stammt.","robots":{"index":"index","follow":"follow","max-snippet":"max-snippet:-1","max-image-preview":"max-image-preview:large","max-video-preview":"max-video-preview:-1"},"canonical":"https:\/\/www.tiptoe.fr\/de\/product\/couchtisch-santiago-recycletes-altholz\/","og_locale":"de_DE","og_type":"article","og_title":"Couchtisch aus recyceltem Altholz, Tischbeine 43cm","og_description":"Der Couchtisch Tiptoe aus recyceltem Altholz besteht aus einer Tischplatte aus altem Holz, das aus alten Scheunen stammt.","og_url":"https:\/\/www.tiptoe.fr\/de\/product\/couchtisch-santiago-recycletes-altholz\/","og_site_name":"TIPTOE","article_publisher":"https:\/\/www.facebook.com\/tiptoedesign","article_modified_time":"2026-03-25T14:24:32+00:00","og_image":[{"width":1500,"height":1500,"url":"https:\/\/www.tiptoe.fr\/wp-content\/uploads\/2020\/10\/table-rectangulaire-bois-ancien-120x60-griseuca.jpg","type":"image\/jpeg"}],"twitter_card":"summary_large_image","twitter_site":"@tiptoedesign","twitter_misc":{"Est. reading time":"1 minute"},"schema":{"@context":"https:\/\/schema.org","@graph":[{"@type":"WebPage","@id":"https:\/\/www.tiptoe.fr\/de\/product\/couchtisch-santiago-recycletes-altholz\/","url":"https:\/\/www.tiptoe.fr\/de\/product\/couchtisch-santiago-recycletes-altholz\/","name":"Couchtisch aus recyceltem Altholz, Tischbeine 43cm","isPartOf":{"@id":"https:\/\/www.tiptoe.fr\/de\/#website"},"primaryImageOfPage":{"@id":"https:\/\/www.tiptoe.fr\/de\/product\/couchtisch-santiago-recycletes-altholz\/#primaryimage"},"image":{"@id":"https:\/\/www.tiptoe.fr\/de\/product\/couchtisch-santiago-recycletes-altholz\/#primaryimage"},"thumbnailUrl":"https:\/\/www.tiptoe.fr\/wp-content\/uploads\/2020\/10\/table-rectangulaire-bois-ancien-120x60-griseuca.jpg","datePublished":"2020-10-20T09:10:11+00:00","dateModified":"2026-03-25T14:24:32+00:00","description":"Der Couchtisch Tiptoe aus recyceltem Altholz besteht aus einer Tischplatte aus altem Holz, das aus alten Scheunen stammt.","breadcrumb":{"@id":"https:\/\/www.tiptoe.fr\/de\/product\/couchtisch-santiago-recycletes-altholz\/#breadcrumb"},"inLanguage":"de-DE","potentialAction":[{"@type":"ReadAction","target":["https:\/\/www.tiptoe.fr\/de\/product\/couchtisch-santiago-recycletes-altholz\/"]}]},{"@type":"ImageObject","inLanguage":"de-DE","@id":"https:\/\/www.tiptoe.fr\/de\/product\/couchtisch-santiago-recycletes-altholz\/#primaryimage","url":"https:\/\/www.tiptoe.fr\/wp-content\/uploads\/2020\/10\/table-rectangulaire-bois-ancien-120x60-griseuca.jpg","contentUrl":"https:\/\/www.tiptoe.fr\/wp-content\/uploads\/2020\/10\/table-rectangulaire-bois-ancien-120x60-griseuca.jpg","width":1500,"height":1500},{"@type":"BreadcrumbList","@id":"https:\/\/www.tiptoe.fr\/de\/product\/couchtisch-santiago-recycletes-altholz\/#breadcrumb","itemListElement":[{"@type":"ListItem","position":1,"name":"Startseite","item":"https:\/\/www.tiptoe.fr\/de\/"},{"@type":"ListItem","position":2,"name":"Shop","item":"https:\/\/www.tiptoe.fr\/shop\/"},{"@type":"ListItem","position":3,"name":"Tische und Schreibtische","item":"https:\/\/www.tiptoe.fr\/de\/tische-und-schreibtische\/"},{"@type":"ListItem","position":4,"name":"Couchtische","item":"https:\/\/www.tiptoe.fr\/de\/tische-und-schreibtische\/couchtische\/"},{"@type":"ListItem","position":5,"name":"Couchtisch TIPTOE 120x60cm &#8211; recyceltem Altholz"}]},{"@type":"WebSite","@id":"https:\/\/www.tiptoe.fr\/de\/#website","url":"https:\/\/www.tiptoe.fr\/de\/","name":"TIPTOE","description":"","publisher":{"@id":"https:\/\/www.tiptoe.fr\/de\/#organization"},"potentialAction":[{"@type":"SearchAction","target":{"@type":"EntryPoint","urlTemplate":"https:\/\/www.tiptoe.fr\/de\/?s={search_term_string}"},"query-input":{"@type":"PropertyValueSpecification","valueRequired":true,"valueName":"search_term_string"}}],"inLanguage":"de-DE"},{"@type":"Organization","@id":"https:\/\/www.tiptoe.fr\/de\/#organization","name":"TIPTOE","url":"https:\/\/www.tiptoe.fr\/de\/","logo":{"@type":"ImageObject","inLanguage":"de-DE","@id":"https:\/\/www.tiptoe.fr\/de\/#\/schema\/logo\/image\/","url":"https:\/\/www.tiptoe.fr\/wp-content\/uploads\/2024\/06\/Logo.png","contentUrl":"https:\/\/www.tiptoe.fr\/wp-content\/uploads\/2024\/06\/Logo.png","width":133,"height":26,"caption":"TIPTOE"},"image":{"@id":"https:\/\/www.tiptoe.fr\/de\/#\/schema\/logo\/image\/"},"sameAs":["https:\/\/www.facebook.com\/tiptoedesign","https:\/\/x.com\/tiptoedesign","https:\/\/www.instagram.com\/tiptoedesign\/","https:\/\/www.pinterest.fr\/tiptoedesign\/"]}]}},"_links":{"self":[{"href":"https:\/\/www.tiptoe.fr\/de\/wp-json\/wp\/v2\/product\/220378","targetHints":{"allow":["GET"]}}],"collection":[{"href":"https:\/\/www.tiptoe.fr\/de\/wp-json\/wp\/v2\/product"}],"about":[{"href":"https:\/\/www.tiptoe.fr\/de\/wp-json\/wp\/v2\/types\/product"}],"wp:featuredmedia":[{"embeddable":true,"href":"https:\/\/www.tiptoe.fr\/de\/wp-json\/wp\/v2\/media\/301077"}],"wp:attachment":[{"href":"https:\/\/www.tiptoe.fr\/de\/wp-json\/wp\/v2\/media?parent=220378"}],"wp:term":[{"taxonomy":"product_brand","embeddable":true,"href":"https:\/\/www.tiptoe.fr\/de\/wp-json\/wp\/v2\/product_brand?post=220378"},{"taxonomy":"product_cat","embeddable":true,"href":"https:\/\/www.tiptoe.fr\/de\/wp-json\/wp\/v2\/product_cat?post=220378"},{"taxonomy":"product_tag","embeddable":true,"href":"https:\/\/www.tiptoe.fr\/de\/wp-json\/wp\/v2\/product_tag?post=220378"}],"curies":[{"name":"wp","href":"https:\/\/api.w.org\/{rel}","templated":true}]}}