{"id":220352,"date":"2020-12-11T16:48:06","date_gmt":"2020-12-11T15:48:06","guid":{"rendered":"https:\/\/www.tiptoe.fr\/product\/table-basse-versailles\/"},"modified":"2026-03-25T15:04:39","modified_gmt":"2026-03-25T14:04:39","slug":"couchtisch-versailles","status":"publish","type":"product","link":"https:\/\/www.tiptoe.fr\/de\/product\/couchtisch-versailles\/","title":{"rendered":"Couchtisch TIPTOE 80x80cm &#8211; Parkett Versailles"},"content":{"rendered":"<p>Der quadratische Couchtisch besteht aus eine 80\u00d780 cm gro\u00dfe Holzplatte und 4 Tischbeinen H\u00f6he 43 cm aus Stahl. Ihre Oberfl\u00e4che, inspiriert vom Versailles-Parkett, erinnert an Haussmann-Apartments und deren ber\u00fchmte Fischgr\u00e4tmuster.<\/p>\n<p>Die Tischplatte aus Massiv-Eiche wird von Hand nach der traditionellen Versailles-Parkett-Methode gefertigt. Jeder Tisch ist ein Unikat, wobei Muster und Holzfarben variieren k\u00f6nnen.<\/p>\n","protected":false},"excerpt":{"rendered":"<p style=\"text-align: left;\"><strong>\u2713<\/strong> Quadratischer Couchtisch 80 x 80 cm<\/p>\n<p style=\"text-align: left;\"><strong>\u2713<\/strong> Handgefertigte Tischplatte aus Eiche<\/p>\n<p style=\"text-align: left;\"><strong>\u2713<\/strong> 4 Tischbeine aus Stahl H\u00f6he 43 cm<\/p>\n<p style=\"text-align: left;\"><strong>\u2713<\/strong> 100% in Europa hergestellt<\/p>\n","protected":false},"featured_media":310662,"template":"","meta":{"_acf_changed":false},"product_brand":[],"product_cat":[801,989,750,756],"product_tag":[],"class_list":{"0":"post-220352","1":"product","2":"type-product","3":"status-publish","4":"has-post-thumbnail","6":"product_cat-tische-und-schreibtische","7":"product_cat-kollektion-tiptoe-tische","8":"product_cat-couchtischbeine","9":"product_cat-couchtische","10":"product_shipping_class-meubles-complets","12":"first","13":"instock","14":"taxable","15":"shipping-taxable","16":"purchasable","17":"product-type-variable","18":"has-default-attributes"},"acf":[],"yoast_head":"<!-- This site is optimized with the Yoast SEO plugin v26.3 - https:\/\/yoast.com\/wordpress\/plugins\/seo\/ -->\n<title>Quadratischer Couchtisch aus Versailles-Parkett<\/title>\n<meta name=\"description\" content=\"Der Couchtisch Tiptoe besteht aus vier Tischbeinen und einer Tischplatte aus Versailles-Parkett f\u00fcr eine grafisch-moderne Einrichtung.\" \/>\n<meta name=\"robots\" content=\"index, follow, max-snippet:-1, max-image-preview:large, max-video-preview:-1\" \/>\n<link rel=\"canonical\" href=\"https:\/\/www.tiptoe.fr\/de\/product\/couchtisch-versailles\/\" \/>\n<meta property=\"og:locale\" content=\"de_DE\" \/>\n<meta property=\"og:type\" content=\"article\" \/>\n<meta property=\"og:title\" content=\"Quadratischer Couchtisch aus Versailles-Parkett\" \/>\n<meta property=\"og:description\" content=\"Der Couchtisch Tiptoe besteht aus vier Tischbeinen und einer Tischplatte aus Versailles-Parkett f\u00fcr eine grafisch-moderne Einrichtung.\" \/>\n<meta property=\"og:url\" content=\"https:\/\/www.tiptoe.fr\/de\/product\/couchtisch-versailles\/\" \/>\n<meta property=\"og:site_name\" content=\"TIPTOE\" \/>\n<meta property=\"article:publisher\" content=\"https:\/\/www.facebook.com\/tiptoedesign\" \/>\n<meta property=\"article:modified_time\" content=\"2026-03-25T14:04:39+00:00\" \/>\n<meta property=\"og:image\" content=\"https:\/\/www.tiptoe.fr\/wp-content\/uploads\/2020\/12\/apercu-listing-table-basse-versailles-noir.jpg\" \/>\n\t<meta property=\"og:image:width\" content=\"1500\" \/>\n\t<meta property=\"og:image:height\" content=\"1500\" \/>\n\t<meta property=\"og:image:type\" content=\"image\/jpeg\" \/>\n<meta name=\"twitter:card\" content=\"summary_large_image\" \/>\n<meta name=\"twitter:site\" content=\"@tiptoedesign\" \/>\n<meta name=\"twitter:label1\" content=\"Est. reading time\" \/>\n\t<meta name=\"twitter:data1\" content=\"1 minute\" \/>\n<script type=\"application\/ld+json\" class=\"yoast-schema-graph\">{\"@context\":\"https:\/\/schema.org\",\"@graph\":[{\"@type\":\"WebPage\",\"@id\":\"https:\/\/www.tiptoe.fr\/de\/product\/couchtisch-versailles\/\",\"url\":\"https:\/\/www.tiptoe.fr\/de\/product\/couchtisch-versailles\/\",\"name\":\"Quadratischer Couchtisch aus Versailles-Parkett\",\"isPartOf\":{\"@id\":\"https:\/\/www.tiptoe.fr\/de\/#website\"},\"primaryImageOfPage\":{\"@id\":\"https:\/\/www.tiptoe.fr\/de\/product\/couchtisch-versailles\/#primaryimage\"},\"image\":{\"@id\":\"https:\/\/www.tiptoe.fr\/de\/product\/couchtisch-versailles\/#primaryimage\"},\"thumbnailUrl\":\"https:\/\/www.tiptoe.fr\/wp-content\/uploads\/2020\/12\/apercu-listing-table-basse-versailles-noir.jpg\",\"datePublished\":\"2020-12-11T15:48:06+00:00\",\"dateModified\":\"2026-03-25T14:04:39+00:00\",\"description\":\"Der Couchtisch Tiptoe besteht aus vier Tischbeinen und einer Tischplatte aus Versailles-Parkett f\u00fcr eine grafisch-moderne Einrichtung.\",\"breadcrumb\":{\"@id\":\"https:\/\/www.tiptoe.fr\/de\/product\/couchtisch-versailles\/#breadcrumb\"},\"inLanguage\":\"de-DE\",\"potentialAction\":[{\"@type\":\"ReadAction\",\"target\":[\"https:\/\/www.tiptoe.fr\/de\/product\/couchtisch-versailles\/\"]}]},{\"@type\":\"ImageObject\",\"inLanguage\":\"de-DE\",\"@id\":\"https:\/\/www.tiptoe.fr\/de\/product\/couchtisch-versailles\/#primaryimage\",\"url\":\"https:\/\/www.tiptoe.fr\/wp-content\/uploads\/2020\/12\/apercu-listing-table-basse-versailles-noir.jpg\",\"contentUrl\":\"https:\/\/www.tiptoe.fr\/wp-content\/uploads\/2020\/12\/apercu-listing-table-basse-versailles-noir.jpg\",\"width\":1500,\"height\":1500},{\"@type\":\"BreadcrumbList\",\"@id\":\"https:\/\/www.tiptoe.fr\/de\/product\/couchtisch-versailles\/#breadcrumb\",\"itemListElement\":[{\"@type\":\"ListItem\",\"position\":1,\"name\":\"Startseite\",\"item\":\"https:\/\/www.tiptoe.fr\/de\/\"},{\"@type\":\"ListItem\",\"position\":2,\"name\":\"Shop\",\"item\":\"https:\/\/www.tiptoe.fr\/shop\/\"},{\"@type\":\"ListItem\",\"position\":3,\"name\":\"Tische und Schreibtische\",\"item\":\"https:\/\/www.tiptoe.fr\/de\/tische-und-schreibtische\/\"},{\"@type\":\"ListItem\",\"position\":4,\"name\":\"Couchtische\",\"item\":\"https:\/\/www.tiptoe.fr\/de\/tische-und-schreibtische\/couchtische\/\"},{\"@type\":\"ListItem\",\"position\":5,\"name\":\"Couchtisch TIPTOE 80x80cm &#8211; Parkett Versailles\"}]},{\"@type\":\"WebSite\",\"@id\":\"https:\/\/www.tiptoe.fr\/de\/#website\",\"url\":\"https:\/\/www.tiptoe.fr\/de\/\",\"name\":\"TIPTOE\",\"description\":\"\",\"publisher\":{\"@id\":\"https:\/\/www.tiptoe.fr\/de\/#organization\"},\"potentialAction\":[{\"@type\":\"SearchAction\",\"target\":{\"@type\":\"EntryPoint\",\"urlTemplate\":\"https:\/\/www.tiptoe.fr\/de\/?s={search_term_string}\"},\"query-input\":{\"@type\":\"PropertyValueSpecification\",\"valueRequired\":true,\"valueName\":\"search_term_string\"}}],\"inLanguage\":\"de-DE\"},{\"@type\":\"Organization\",\"@id\":\"https:\/\/www.tiptoe.fr\/de\/#organization\",\"name\":\"TIPTOE\",\"url\":\"https:\/\/www.tiptoe.fr\/de\/\",\"logo\":{\"@type\":\"ImageObject\",\"inLanguage\":\"de-DE\",\"@id\":\"https:\/\/www.tiptoe.fr\/de\/#\/schema\/logo\/image\/\",\"url\":\"https:\/\/www.tiptoe.fr\/wp-content\/uploads\/2024\/06\/Logo.png\",\"contentUrl\":\"https:\/\/www.tiptoe.fr\/wp-content\/uploads\/2024\/06\/Logo.png\",\"width\":133,\"height\":26,\"caption\":\"TIPTOE\"},\"image\":{\"@id\":\"https:\/\/www.tiptoe.fr\/de\/#\/schema\/logo\/image\/\"},\"sameAs\":[\"https:\/\/www.facebook.com\/tiptoedesign\",\"https:\/\/x.com\/tiptoedesign\",\"https:\/\/www.instagram.com\/tiptoedesign\/\",\"https:\/\/www.pinterest.fr\/tiptoedesign\/\"]}]}<\/script>\n<!-- \/ Yoast SEO plugin. -->","yoast_head_json":{"title":"Quadratischer Couchtisch aus Versailles-Parkett","description":"Der Couchtisch Tiptoe besteht aus vier Tischbeinen und einer Tischplatte aus Versailles-Parkett f\u00fcr eine grafisch-moderne Einrichtung.","robots":{"index":"index","follow":"follow","max-snippet":"max-snippet:-1","max-image-preview":"max-image-preview:large","max-video-preview":"max-video-preview:-1"},"canonical":"https:\/\/www.tiptoe.fr\/de\/product\/couchtisch-versailles\/","og_locale":"de_DE","og_type":"article","og_title":"Quadratischer Couchtisch aus Versailles-Parkett","og_description":"Der Couchtisch Tiptoe besteht aus vier Tischbeinen und einer Tischplatte aus Versailles-Parkett f\u00fcr eine grafisch-moderne Einrichtung.","og_url":"https:\/\/www.tiptoe.fr\/de\/product\/couchtisch-versailles\/","og_site_name":"TIPTOE","article_publisher":"https:\/\/www.facebook.com\/tiptoedesign","article_modified_time":"2026-03-25T14:04:39+00:00","og_image":[{"width":1500,"height":1500,"url":"https:\/\/www.tiptoe.fr\/wp-content\/uploads\/2020\/12\/apercu-listing-table-basse-versailles-noir.jpg","type":"image\/jpeg"}],"twitter_card":"summary_large_image","twitter_site":"@tiptoedesign","twitter_misc":{"Est. reading time":"1 minute"},"schema":{"@context":"https:\/\/schema.org","@graph":[{"@type":"WebPage","@id":"https:\/\/www.tiptoe.fr\/de\/product\/couchtisch-versailles\/","url":"https:\/\/www.tiptoe.fr\/de\/product\/couchtisch-versailles\/","name":"Quadratischer Couchtisch aus Versailles-Parkett","isPartOf":{"@id":"https:\/\/www.tiptoe.fr\/de\/#website"},"primaryImageOfPage":{"@id":"https:\/\/www.tiptoe.fr\/de\/product\/couchtisch-versailles\/#primaryimage"},"image":{"@id":"https:\/\/www.tiptoe.fr\/de\/product\/couchtisch-versailles\/#primaryimage"},"thumbnailUrl":"https:\/\/www.tiptoe.fr\/wp-content\/uploads\/2020\/12\/apercu-listing-table-basse-versailles-noir.jpg","datePublished":"2020-12-11T15:48:06+00:00","dateModified":"2026-03-25T14:04:39+00:00","description":"Der Couchtisch Tiptoe besteht aus vier Tischbeinen und einer Tischplatte aus Versailles-Parkett f\u00fcr eine grafisch-moderne Einrichtung.","breadcrumb":{"@id":"https:\/\/www.tiptoe.fr\/de\/product\/couchtisch-versailles\/#breadcrumb"},"inLanguage":"de-DE","potentialAction":[{"@type":"ReadAction","target":["https:\/\/www.tiptoe.fr\/de\/product\/couchtisch-versailles\/"]}]},{"@type":"ImageObject","inLanguage":"de-DE","@id":"https:\/\/www.tiptoe.fr\/de\/product\/couchtisch-versailles\/#primaryimage","url":"https:\/\/www.tiptoe.fr\/wp-content\/uploads\/2020\/12\/apercu-listing-table-basse-versailles-noir.jpg","contentUrl":"https:\/\/www.tiptoe.fr\/wp-content\/uploads\/2020\/12\/apercu-listing-table-basse-versailles-noir.jpg","width":1500,"height":1500},{"@type":"BreadcrumbList","@id":"https:\/\/www.tiptoe.fr\/de\/product\/couchtisch-versailles\/#breadcrumb","itemListElement":[{"@type":"ListItem","position":1,"name":"Startseite","item":"https:\/\/www.tiptoe.fr\/de\/"},{"@type":"ListItem","position":2,"name":"Shop","item":"https:\/\/www.tiptoe.fr\/shop\/"},{"@type":"ListItem","position":3,"name":"Tische und Schreibtische","item":"https:\/\/www.tiptoe.fr\/de\/tische-und-schreibtische\/"},{"@type":"ListItem","position":4,"name":"Couchtische","item":"https:\/\/www.tiptoe.fr\/de\/tische-und-schreibtische\/couchtische\/"},{"@type":"ListItem","position":5,"name":"Couchtisch TIPTOE 80x80cm &#8211; Parkett Versailles"}]},{"@type":"WebSite","@id":"https:\/\/www.tiptoe.fr\/de\/#website","url":"https:\/\/www.tiptoe.fr\/de\/","name":"TIPTOE","description":"","publisher":{"@id":"https:\/\/www.tiptoe.fr\/de\/#organization"},"potentialAction":[{"@type":"SearchAction","target":{"@type":"EntryPoint","urlTemplate":"https:\/\/www.tiptoe.fr\/de\/?s={search_term_string}"},"query-input":{"@type":"PropertyValueSpecification","valueRequired":true,"valueName":"search_term_string"}}],"inLanguage":"de-DE"},{"@type":"Organization","@id":"https:\/\/www.tiptoe.fr\/de\/#organization","name":"TIPTOE","url":"https:\/\/www.tiptoe.fr\/de\/","logo":{"@type":"ImageObject","inLanguage":"de-DE","@id":"https:\/\/www.tiptoe.fr\/de\/#\/schema\/logo\/image\/","url":"https:\/\/www.tiptoe.fr\/wp-content\/uploads\/2024\/06\/Logo.png","contentUrl":"https:\/\/www.tiptoe.fr\/wp-content\/uploads\/2024\/06\/Logo.png","width":133,"height":26,"caption":"TIPTOE"},"image":{"@id":"https:\/\/www.tiptoe.fr\/de\/#\/schema\/logo\/image\/"},"sameAs":["https:\/\/www.facebook.com\/tiptoedesign","https:\/\/x.com\/tiptoedesign","https:\/\/www.instagram.com\/tiptoedesign\/","https:\/\/www.pinterest.fr\/tiptoedesign\/"]}]}},"_links":{"self":[{"href":"https:\/\/www.tiptoe.fr\/de\/wp-json\/wp\/v2\/product\/220352","targetHints":{"allow":["GET"]}}],"collection":[{"href":"https:\/\/www.tiptoe.fr\/de\/wp-json\/wp\/v2\/product"}],"about":[{"href":"https:\/\/www.tiptoe.fr\/de\/wp-json\/wp\/v2\/types\/product"}],"wp:featuredmedia":[{"embeddable":true,"href":"https:\/\/www.tiptoe.fr\/de\/wp-json\/wp\/v2\/media\/310662"}],"wp:attachment":[{"href":"https:\/\/www.tiptoe.fr\/de\/wp-json\/wp\/v2\/media?parent=220352"}],"wp:term":[{"taxonomy":"product_brand","embeddable":true,"href":"https:\/\/www.tiptoe.fr\/de\/wp-json\/wp\/v2\/product_brand?post=220352"},{"taxonomy":"product_cat","embeddable":true,"href":"https:\/\/www.tiptoe.fr\/de\/wp-json\/wp\/v2\/product_cat?post=220352"},{"taxonomy":"product_tag","embeddable":true,"href":"https:\/\/www.tiptoe.fr\/de\/wp-json\/wp\/v2\/product_tag?post=220352"}],"curies":[{"name":"wp","href":"https:\/\/api.w.org\/{rel}","templated":true}]}}