{"id":218316,"date":"2017-10-11T14:44:59","date_gmt":"2017-10-11T12:44:59","guid":{"rendered":"https:\/\/www.tiptoe.fr\/product\/pied-de-table-bar\/"},"modified":"2026-02-18T15:49:28","modified_gmt":"2026-02-18T14:49:28","slug":"tischbein-fuer-bartisch","status":"publish","type":"product","link":"https:\/\/www.tiptoe.fr\/de\/product\/tischbein-fuer-bartisch\/","title":{"rendered":"Bartischbein &#8211; 110cm"},"content":{"rendered":"<p>Ikonisches TIPTOE-Konzept, das Tischbein erm\u00f6glicht es, in nur wenigen Minuten ein individuelles M\u00f6belst\u00fcck zu gestalten. Dank seines ausgekl\u00fcgelten Klemmsystems passt es sich an alle Arten von Tischplatten an und sorgt f\u00fcr eine einfache und schnelle Montage.<\/p>\n<p>Das 110 cm Tischbein ist ideal, um eine Bar, einen Stehtisch oder einen Hochtisch zu gestalten.<\/p>\n","protected":false},"excerpt":{"rendered":"<p style=\"text-align: left;\"><strong>\u2713<\/strong> Tischbein aus Stahl H\u00f6he 110 cm<\/p>\n<p style=\"text-align: left;\"><strong>\u2713<\/strong> Ideal f\u00fcr Bar, Stehtisch oder Hochtisch<\/p>\n<p style=\"text-align: left;\"><strong>\u2713<\/strong> Einfach und schnell aufzubauen<\/p>\n<p style=\"text-align: left;\"><strong>\u2713<\/strong> 100% in Europa hergestellt<\/p>\n","protected":false},"featured_media":303004,"template":"","meta":{"_acf_changed":false},"product_brand":[],"product_cat":[748,752],"product_tag":[],"class_list":{"0":"post-218316","1":"product","2":"type-product","3":"status-publish","4":"has-post-thumbnail","6":"product_cat-tischbeine","7":"product_cat-hochtischbeine","8":"product_shipping_class-grands-colis","10":"first","11":"instock","12":"taxable","13":"shipping-taxable","14":"purchasable","15":"product-type-variable","16":"has-default-attributes"},"acf":[],"yoast_head":"<!-- This site is optimized with the Yoast SEO plugin v26.3 - https:\/\/yoast.com\/wordpress\/plugins\/seo\/ -->\n<title>Tischbein 110 cm f\u00fcr individuellen Bartisch<\/title>\n<meta name=\"description\" content=\"Entdecken Sie das TIPTOE 110 cm Tischbein f\u00fcr Ihren Bartisch oder Stehtisch. Entwerfen Sie ein einzigartiges Design-M\u00f6belst\u00fcck. Umweltfreundliche M\u00f6bel.\" \/>\n<meta name=\"robots\" content=\"index, follow, max-snippet:-1, max-image-preview:large, max-video-preview:-1\" \/>\n<link rel=\"canonical\" href=\"https:\/\/www.tiptoe.fr\/de\/product\/tischbein-fuer-bartisch\/\" \/>\n<meta property=\"og:locale\" content=\"de_DE\" \/>\n<meta property=\"og:type\" content=\"article\" \/>\n<meta property=\"og:title\" content=\"Tischbein 110 cm f\u00fcr individuellen Bartisch\" \/>\n<meta property=\"og:description\" content=\"Entdecken Sie das TIPTOE 110 cm Tischbein f\u00fcr Ihren Bartisch oder Stehtisch. Entwerfen Sie ein einzigartiges Design-M\u00f6belst\u00fcck. Umweltfreundliche M\u00f6bel.\" \/>\n<meta property=\"og:url\" content=\"https:\/\/www.tiptoe.fr\/de\/product\/tischbein-fuer-bartisch\/\" \/>\n<meta property=\"og:site_name\" content=\"TIPTOE\" \/>\n<meta property=\"article:publisher\" content=\"https:\/\/www.facebook.com\/tiptoedesign\" \/>\n<meta property=\"article:modified_time\" content=\"2026-02-18T14:49:28+00:00\" \/>\n<meta property=\"og:image\" content=\"https:\/\/www.tiptoe.fr\/wp-content\/uploads\/2017\/10\/pied-de-table-seul-110-noirgraphite.jpg\" \/>\n\t<meta property=\"og:image:width\" content=\"2300\" \/>\n\t<meta property=\"og:image:height\" content=\"2300\" \/>\n\t<meta property=\"og:image:type\" content=\"image\/jpeg\" \/>\n<meta name=\"twitter:card\" content=\"summary_large_image\" \/>\n<meta name=\"twitter:site\" content=\"@tiptoedesign\" \/>\n<meta name=\"twitter:label1\" content=\"Est. reading time\" \/>\n\t<meta name=\"twitter:data1\" content=\"1 minute\" \/>\n<script type=\"application\/ld+json\" class=\"yoast-schema-graph\">{\"@context\":\"https:\/\/schema.org\",\"@graph\":[{\"@type\":\"WebPage\",\"@id\":\"https:\/\/www.tiptoe.fr\/de\/product\/tischbein-fuer-bartisch\/\",\"url\":\"https:\/\/www.tiptoe.fr\/de\/product\/tischbein-fuer-bartisch\/\",\"name\":\"Tischbein 110 cm f\u00fcr individuellen Bartisch\",\"isPartOf\":{\"@id\":\"https:\/\/www.tiptoe.fr\/de\/#website\"},\"primaryImageOfPage\":{\"@id\":\"https:\/\/www.tiptoe.fr\/de\/product\/tischbein-fuer-bartisch\/#primaryimage\"},\"image\":{\"@id\":\"https:\/\/www.tiptoe.fr\/de\/product\/tischbein-fuer-bartisch\/#primaryimage\"},\"thumbnailUrl\":\"https:\/\/www.tiptoe.fr\/wp-content\/uploads\/2017\/10\/pied-de-table-seul-110-noirgraphite.jpg\",\"datePublished\":\"2017-10-11T12:44:59+00:00\",\"dateModified\":\"2026-02-18T14:49:28+00:00\",\"description\":\"Entdecken Sie das TIPTOE 110 cm Tischbein f\u00fcr Ihren Bartisch oder Stehtisch. Entwerfen Sie ein einzigartiges Design-M\u00f6belst\u00fcck. Umweltfreundliche M\u00f6bel.\",\"breadcrumb\":{\"@id\":\"https:\/\/www.tiptoe.fr\/de\/product\/tischbein-fuer-bartisch\/#breadcrumb\"},\"inLanguage\":\"de-DE\",\"potentialAction\":[{\"@type\":\"ReadAction\",\"target\":[\"https:\/\/www.tiptoe.fr\/de\/product\/tischbein-fuer-bartisch\/\"]}]},{\"@type\":\"ImageObject\",\"inLanguage\":\"de-DE\",\"@id\":\"https:\/\/www.tiptoe.fr\/de\/product\/tischbein-fuer-bartisch\/#primaryimage\",\"url\":\"https:\/\/www.tiptoe.fr\/wp-content\/uploads\/2017\/10\/pied-de-table-seul-110-noirgraphite.jpg\",\"contentUrl\":\"https:\/\/www.tiptoe.fr\/wp-content\/uploads\/2017\/10\/pied-de-table-seul-110-noirgraphite.jpg\",\"width\":2300,\"height\":2300},{\"@type\":\"BreadcrumbList\",\"@id\":\"https:\/\/www.tiptoe.fr\/de\/product\/tischbein-fuer-bartisch\/#breadcrumb\",\"itemListElement\":[{\"@type\":\"ListItem\",\"position\":1,\"name\":\"Startseite\",\"item\":\"https:\/\/www.tiptoe.fr\/de\/\"},{\"@type\":\"ListItem\",\"position\":2,\"name\":\"Shop\",\"item\":\"https:\/\/www.tiptoe.fr\/shop\/\"},{\"@type\":\"ListItem\",\"position\":3,\"name\":\"Tischbeine\",\"item\":\"https:\/\/www.tiptoe.fr\/de\/tischbeine\/\"},{\"@type\":\"ListItem\",\"position\":4,\"name\":\"Hochtischbeine\",\"item\":\"https:\/\/www.tiptoe.fr\/de\/tischbeine\/hochtischbeine\/\"},{\"@type\":\"ListItem\",\"position\":5,\"name\":\"Bartischbein &#8211; 110cm\"}]},{\"@type\":\"WebSite\",\"@id\":\"https:\/\/www.tiptoe.fr\/de\/#website\",\"url\":\"https:\/\/www.tiptoe.fr\/de\/\",\"name\":\"TIPTOE\",\"description\":\"\",\"publisher\":{\"@id\":\"https:\/\/www.tiptoe.fr\/de\/#organization\"},\"potentialAction\":[{\"@type\":\"SearchAction\",\"target\":{\"@type\":\"EntryPoint\",\"urlTemplate\":\"https:\/\/www.tiptoe.fr\/de\/?s={search_term_string}\"},\"query-input\":{\"@type\":\"PropertyValueSpecification\",\"valueRequired\":true,\"valueName\":\"search_term_string\"}}],\"inLanguage\":\"de-DE\"},{\"@type\":\"Organization\",\"@id\":\"https:\/\/www.tiptoe.fr\/de\/#organization\",\"name\":\"TIPTOE\",\"url\":\"https:\/\/www.tiptoe.fr\/de\/\",\"logo\":{\"@type\":\"ImageObject\",\"inLanguage\":\"de-DE\",\"@id\":\"https:\/\/www.tiptoe.fr\/de\/#\/schema\/logo\/image\/\",\"url\":\"https:\/\/www.tiptoe.fr\/wp-content\/uploads\/2024\/06\/Logo.png\",\"contentUrl\":\"https:\/\/www.tiptoe.fr\/wp-content\/uploads\/2024\/06\/Logo.png\",\"width\":133,\"height\":26,\"caption\":\"TIPTOE\"},\"image\":{\"@id\":\"https:\/\/www.tiptoe.fr\/de\/#\/schema\/logo\/image\/\"},\"sameAs\":[\"https:\/\/www.facebook.com\/tiptoedesign\",\"https:\/\/x.com\/tiptoedesign\",\"https:\/\/www.instagram.com\/tiptoedesign\/\",\"https:\/\/www.pinterest.fr\/tiptoedesign\/\"]}]}<\/script>\n<!-- \/ Yoast SEO plugin. -->","yoast_head_json":{"title":"Tischbein 110 cm f\u00fcr individuellen Bartisch","description":"Entdecken Sie das TIPTOE 110 cm Tischbein f\u00fcr Ihren Bartisch oder Stehtisch. Entwerfen Sie ein einzigartiges Design-M\u00f6belst\u00fcck. Umweltfreundliche M\u00f6bel.","robots":{"index":"index","follow":"follow","max-snippet":"max-snippet:-1","max-image-preview":"max-image-preview:large","max-video-preview":"max-video-preview:-1"},"canonical":"https:\/\/www.tiptoe.fr\/de\/product\/tischbein-fuer-bartisch\/","og_locale":"de_DE","og_type":"article","og_title":"Tischbein 110 cm f\u00fcr individuellen Bartisch","og_description":"Entdecken Sie das TIPTOE 110 cm Tischbein f\u00fcr Ihren Bartisch oder Stehtisch. Entwerfen Sie ein einzigartiges Design-M\u00f6belst\u00fcck. Umweltfreundliche M\u00f6bel.","og_url":"https:\/\/www.tiptoe.fr\/de\/product\/tischbein-fuer-bartisch\/","og_site_name":"TIPTOE","article_publisher":"https:\/\/www.facebook.com\/tiptoedesign","article_modified_time":"2026-02-18T14:49:28+00:00","og_image":[{"width":2300,"height":2300,"url":"https:\/\/www.tiptoe.fr\/wp-content\/uploads\/2017\/10\/pied-de-table-seul-110-noirgraphite.jpg","type":"image\/jpeg"}],"twitter_card":"summary_large_image","twitter_site":"@tiptoedesign","twitter_misc":{"Est. reading time":"1 minute"},"schema":{"@context":"https:\/\/schema.org","@graph":[{"@type":"WebPage","@id":"https:\/\/www.tiptoe.fr\/de\/product\/tischbein-fuer-bartisch\/","url":"https:\/\/www.tiptoe.fr\/de\/product\/tischbein-fuer-bartisch\/","name":"Tischbein 110 cm f\u00fcr individuellen Bartisch","isPartOf":{"@id":"https:\/\/www.tiptoe.fr\/de\/#website"},"primaryImageOfPage":{"@id":"https:\/\/www.tiptoe.fr\/de\/product\/tischbein-fuer-bartisch\/#primaryimage"},"image":{"@id":"https:\/\/www.tiptoe.fr\/de\/product\/tischbein-fuer-bartisch\/#primaryimage"},"thumbnailUrl":"https:\/\/www.tiptoe.fr\/wp-content\/uploads\/2017\/10\/pied-de-table-seul-110-noirgraphite.jpg","datePublished":"2017-10-11T12:44:59+00:00","dateModified":"2026-02-18T14:49:28+00:00","description":"Entdecken Sie das TIPTOE 110 cm Tischbein f\u00fcr Ihren Bartisch oder Stehtisch. Entwerfen Sie ein einzigartiges Design-M\u00f6belst\u00fcck. Umweltfreundliche M\u00f6bel.","breadcrumb":{"@id":"https:\/\/www.tiptoe.fr\/de\/product\/tischbein-fuer-bartisch\/#breadcrumb"},"inLanguage":"de-DE","potentialAction":[{"@type":"ReadAction","target":["https:\/\/www.tiptoe.fr\/de\/product\/tischbein-fuer-bartisch\/"]}]},{"@type":"ImageObject","inLanguage":"de-DE","@id":"https:\/\/www.tiptoe.fr\/de\/product\/tischbein-fuer-bartisch\/#primaryimage","url":"https:\/\/www.tiptoe.fr\/wp-content\/uploads\/2017\/10\/pied-de-table-seul-110-noirgraphite.jpg","contentUrl":"https:\/\/www.tiptoe.fr\/wp-content\/uploads\/2017\/10\/pied-de-table-seul-110-noirgraphite.jpg","width":2300,"height":2300},{"@type":"BreadcrumbList","@id":"https:\/\/www.tiptoe.fr\/de\/product\/tischbein-fuer-bartisch\/#breadcrumb","itemListElement":[{"@type":"ListItem","position":1,"name":"Startseite","item":"https:\/\/www.tiptoe.fr\/de\/"},{"@type":"ListItem","position":2,"name":"Shop","item":"https:\/\/www.tiptoe.fr\/shop\/"},{"@type":"ListItem","position":3,"name":"Tischbeine","item":"https:\/\/www.tiptoe.fr\/de\/tischbeine\/"},{"@type":"ListItem","position":4,"name":"Hochtischbeine","item":"https:\/\/www.tiptoe.fr\/de\/tischbeine\/hochtischbeine\/"},{"@type":"ListItem","position":5,"name":"Bartischbein &#8211; 110cm"}]},{"@type":"WebSite","@id":"https:\/\/www.tiptoe.fr\/de\/#website","url":"https:\/\/www.tiptoe.fr\/de\/","name":"TIPTOE","description":"","publisher":{"@id":"https:\/\/www.tiptoe.fr\/de\/#organization"},"potentialAction":[{"@type":"SearchAction","target":{"@type":"EntryPoint","urlTemplate":"https:\/\/www.tiptoe.fr\/de\/?s={search_term_string}"},"query-input":{"@type":"PropertyValueSpecification","valueRequired":true,"valueName":"search_term_string"}}],"inLanguage":"de-DE"},{"@type":"Organization","@id":"https:\/\/www.tiptoe.fr\/de\/#organization","name":"TIPTOE","url":"https:\/\/www.tiptoe.fr\/de\/","logo":{"@type":"ImageObject","inLanguage":"de-DE","@id":"https:\/\/www.tiptoe.fr\/de\/#\/schema\/logo\/image\/","url":"https:\/\/www.tiptoe.fr\/wp-content\/uploads\/2024\/06\/Logo.png","contentUrl":"https:\/\/www.tiptoe.fr\/wp-content\/uploads\/2024\/06\/Logo.png","width":133,"height":26,"caption":"TIPTOE"},"image":{"@id":"https:\/\/www.tiptoe.fr\/de\/#\/schema\/logo\/image\/"},"sameAs":["https:\/\/www.facebook.com\/tiptoedesign","https:\/\/x.com\/tiptoedesign","https:\/\/www.instagram.com\/tiptoedesign\/","https:\/\/www.pinterest.fr\/tiptoedesign\/"]}]}},"_links":{"self":[{"href":"https:\/\/www.tiptoe.fr\/de\/wp-json\/wp\/v2\/product\/218316","targetHints":{"allow":["GET"]}}],"collection":[{"href":"https:\/\/www.tiptoe.fr\/de\/wp-json\/wp\/v2\/product"}],"about":[{"href":"https:\/\/www.tiptoe.fr\/de\/wp-json\/wp\/v2\/types\/product"}],"wp:featuredmedia":[{"embeddable":true,"href":"https:\/\/www.tiptoe.fr\/de\/wp-json\/wp\/v2\/media\/303004"}],"wp:attachment":[{"href":"https:\/\/www.tiptoe.fr\/de\/wp-json\/wp\/v2\/media?parent=218316"}],"wp:term":[{"taxonomy":"product_brand","embeddable":true,"href":"https:\/\/www.tiptoe.fr\/de\/wp-json\/wp\/v2\/product_brand?post=218316"},{"taxonomy":"product_cat","embeddable":true,"href":"https:\/\/www.tiptoe.fr\/de\/wp-json\/wp\/v2\/product_cat?post=218316"},{"taxonomy":"product_tag","embeddable":true,"href":"https:\/\/www.tiptoe.fr\/de\/wp-json\/wp\/v2\/product_tag?post=218316"}],"curies":[{"name":"wp","href":"https:\/\/api.w.org\/{rel}","templated":true}]}}