{"id":218296,"date":"2017-10-11T14:37:49","date_gmt":"2017-10-11T12:37:49","guid":{"rendered":"https:\/\/www.tiptoe.fr\/product\/pied-plan-de-travail\/"},"modified":"2026-02-18T14:57:07","modified_gmt":"2026-02-18T13:57:07","slug":"tischbein-arbeitsplatte","status":"publish","type":"product","link":"https:\/\/www.tiptoe.fr\/de\/product\/tischbein-arbeitsplatte\/","title":{"rendered":"Hochtischbein &#8211; 90cm"},"content":{"rendered":"<p>Ikonisches TIPTOE-Konzept, das Tischbein erm\u00f6glicht es, in nur wenigen Minuten ein individuelles M\u00f6belst\u00fcck zu gestalten. Dank seines ausgekl\u00fcgelten Klemmsystems passt es sich an alle Arten von Tischplatten an und sorgt f\u00fcr eine einfache und schnelle Montage.<\/p>\n<p>Das 90 cm Tischbein ist ideal, um einen Stehtisch, eine Arbeitsfl\u00e4che oder eine K\u00fccheninsel zu gestalten.<\/p>\n","protected":false},"excerpt":{"rendered":"<p style=\"text-align: left;\"><strong>\u2713<\/strong> Tischbein aus Stahl H\u00f6he 90 cm<\/p>\n<p style=\"text-align: left;\"><strong>\u2713<\/strong> Ideal f\u00fcr Arbeitsplatte or Mittelinsel<\/p>\n<p style=\"text-align: left;\"><strong>\u2713<\/strong> Einfach und schnell aufzubauen<\/p>\n<p style=\"text-align: left;\"><strong>\u2713<\/strong> 100% in Europa hergestellt<\/p>\n","protected":false},"featured_media":302979,"template":"","meta":{"_acf_changed":false},"product_brand":[],"product_cat":[748,752],"product_tag":[],"class_list":{"0":"post-218296","1":"product","2":"type-product","3":"status-publish","4":"has-post-thumbnail","6":"product_cat-tischbeine","7":"product_cat-hochtischbeine","8":"product_shipping_class-grands-colis","10":"first","11":"instock","12":"taxable","13":"shipping-taxable","14":"purchasable","15":"product-type-variable","16":"has-default-attributes"},"acf":[],"yoast_head":"<!-- This site is optimized with the Yoast SEO plugin v26.3 - https:\/\/yoast.com\/wordpress\/plugins\/seo\/ -->\n<title>Tischbein 90 cm f\u00fcr individuelle Arbeitsplatte<\/title>\n<meta name=\"description\" content=\"Mit dem 90 cm Tischbein von TIPTOE f\u00fcr Arbeitsplatten k\u00f6nnen Sie Ihr Design-M\u00f6belst\u00fcck selbst herstellen. 100% made in Europe.\" \/>\n<meta name=\"robots\" content=\"index, follow, max-snippet:-1, max-image-preview:large, max-video-preview:-1\" \/>\n<link rel=\"canonical\" href=\"https:\/\/www.tiptoe.fr\/de\/product\/tischbein-arbeitsplatte\/\" \/>\n<meta property=\"og:locale\" content=\"de_DE\" \/>\n<meta property=\"og:type\" content=\"article\" \/>\n<meta property=\"og:title\" content=\"Tischbein 90 cm f\u00fcr individuelle Arbeitsplatte\" \/>\n<meta property=\"og:description\" content=\"Mit dem 90 cm Tischbein von TIPTOE f\u00fcr Arbeitsplatten k\u00f6nnen Sie Ihr Design-M\u00f6belst\u00fcck selbst herstellen. 100% made in Europe.\" \/>\n<meta property=\"og:url\" content=\"https:\/\/www.tiptoe.fr\/de\/product\/tischbein-arbeitsplatte\/\" \/>\n<meta property=\"og:site_name\" content=\"TIPTOE\" \/>\n<meta property=\"article:publisher\" content=\"https:\/\/www.facebook.com\/tiptoedesign\" \/>\n<meta property=\"article:modified_time\" content=\"2026-02-18T13:57:07+00:00\" \/>\n<meta property=\"og:image\" content=\"https:\/\/www.tiptoe.fr\/wp-content\/uploads\/2017\/10\/pied-table-90-seul-noirgraphite.jpg\" \/>\n\t<meta property=\"og:image:width\" content=\"2500\" \/>\n\t<meta property=\"og:image:height\" content=\"2500\" \/>\n\t<meta property=\"og:image:type\" content=\"image\/jpeg\" \/>\n<meta name=\"twitter:card\" content=\"summary_large_image\" \/>\n<meta name=\"twitter:site\" content=\"@tiptoedesign\" \/>\n<meta name=\"twitter:label1\" content=\"Est. reading time\" \/>\n\t<meta name=\"twitter:data1\" content=\"1 minute\" \/>\n<script type=\"application\/ld+json\" class=\"yoast-schema-graph\">{\"@context\":\"https:\/\/schema.org\",\"@graph\":[{\"@type\":\"WebPage\",\"@id\":\"https:\/\/www.tiptoe.fr\/de\/product\/tischbein-arbeitsplatte\/\",\"url\":\"https:\/\/www.tiptoe.fr\/de\/product\/tischbein-arbeitsplatte\/\",\"name\":\"Tischbein 90 cm f\u00fcr individuelle Arbeitsplatte\",\"isPartOf\":{\"@id\":\"https:\/\/www.tiptoe.fr\/de\/#website\"},\"primaryImageOfPage\":{\"@id\":\"https:\/\/www.tiptoe.fr\/de\/product\/tischbein-arbeitsplatte\/#primaryimage\"},\"image\":{\"@id\":\"https:\/\/www.tiptoe.fr\/de\/product\/tischbein-arbeitsplatte\/#primaryimage\"},\"thumbnailUrl\":\"https:\/\/www.tiptoe.fr\/wp-content\/uploads\/2017\/10\/pied-table-90-seul-noirgraphite.jpg\",\"datePublished\":\"2017-10-11T12:37:49+00:00\",\"dateModified\":\"2026-02-18T13:57:07+00:00\",\"description\":\"Mit dem 90 cm Tischbein von TIPTOE f\u00fcr Arbeitsplatten k\u00f6nnen Sie Ihr Design-M\u00f6belst\u00fcck selbst herstellen. 100% made in Europe.\",\"breadcrumb\":{\"@id\":\"https:\/\/www.tiptoe.fr\/de\/product\/tischbein-arbeitsplatte\/#breadcrumb\"},\"inLanguage\":\"de-DE\",\"potentialAction\":[{\"@type\":\"ReadAction\",\"target\":[\"https:\/\/www.tiptoe.fr\/de\/product\/tischbein-arbeitsplatte\/\"]}]},{\"@type\":\"ImageObject\",\"inLanguage\":\"de-DE\",\"@id\":\"https:\/\/www.tiptoe.fr\/de\/product\/tischbein-arbeitsplatte\/#primaryimage\",\"url\":\"https:\/\/www.tiptoe.fr\/wp-content\/uploads\/2017\/10\/pied-table-90-seul-noirgraphite.jpg\",\"contentUrl\":\"https:\/\/www.tiptoe.fr\/wp-content\/uploads\/2017\/10\/pied-table-90-seul-noirgraphite.jpg\",\"width\":2500,\"height\":2500},{\"@type\":\"BreadcrumbList\",\"@id\":\"https:\/\/www.tiptoe.fr\/de\/product\/tischbein-arbeitsplatte\/#breadcrumb\",\"itemListElement\":[{\"@type\":\"ListItem\",\"position\":1,\"name\":\"Startseite\",\"item\":\"https:\/\/www.tiptoe.fr\/de\/\"},{\"@type\":\"ListItem\",\"position\":2,\"name\":\"Shop\",\"item\":\"https:\/\/www.tiptoe.fr\/shop\/\"},{\"@type\":\"ListItem\",\"position\":3,\"name\":\"Tischbeine\",\"item\":\"https:\/\/www.tiptoe.fr\/de\/tischbeine\/\"},{\"@type\":\"ListItem\",\"position\":4,\"name\":\"Hochtischbeine\",\"item\":\"https:\/\/www.tiptoe.fr\/de\/tischbeine\/hochtischbeine\/\"},{\"@type\":\"ListItem\",\"position\":5,\"name\":\"Hochtischbein &#8211; 90cm\"}]},{\"@type\":\"WebSite\",\"@id\":\"https:\/\/www.tiptoe.fr\/de\/#website\",\"url\":\"https:\/\/www.tiptoe.fr\/de\/\",\"name\":\"TIPTOE\",\"description\":\"\",\"publisher\":{\"@id\":\"https:\/\/www.tiptoe.fr\/de\/#organization\"},\"potentialAction\":[{\"@type\":\"SearchAction\",\"target\":{\"@type\":\"EntryPoint\",\"urlTemplate\":\"https:\/\/www.tiptoe.fr\/de\/?s={search_term_string}\"},\"query-input\":{\"@type\":\"PropertyValueSpecification\",\"valueRequired\":true,\"valueName\":\"search_term_string\"}}],\"inLanguage\":\"de-DE\"},{\"@type\":\"Organization\",\"@id\":\"https:\/\/www.tiptoe.fr\/de\/#organization\",\"name\":\"TIPTOE\",\"url\":\"https:\/\/www.tiptoe.fr\/de\/\",\"logo\":{\"@type\":\"ImageObject\",\"inLanguage\":\"de-DE\",\"@id\":\"https:\/\/www.tiptoe.fr\/de\/#\/schema\/logo\/image\/\",\"url\":\"https:\/\/www.tiptoe.fr\/wp-content\/uploads\/2024\/06\/Logo.png\",\"contentUrl\":\"https:\/\/www.tiptoe.fr\/wp-content\/uploads\/2024\/06\/Logo.png\",\"width\":133,\"height\":26,\"caption\":\"TIPTOE\"},\"image\":{\"@id\":\"https:\/\/www.tiptoe.fr\/de\/#\/schema\/logo\/image\/\"},\"sameAs\":[\"https:\/\/www.facebook.com\/tiptoedesign\",\"https:\/\/x.com\/tiptoedesign\",\"https:\/\/www.instagram.com\/tiptoedesign\/\",\"https:\/\/www.pinterest.fr\/tiptoedesign\/\"]}]}<\/script>\n<!-- \/ Yoast SEO plugin. -->","yoast_head_json":{"title":"Tischbein 90 cm f\u00fcr individuelle Arbeitsplatte","description":"Mit dem 90 cm Tischbein von TIPTOE f\u00fcr Arbeitsplatten k\u00f6nnen Sie Ihr Design-M\u00f6belst\u00fcck selbst herstellen. 100% made in Europe.","robots":{"index":"index","follow":"follow","max-snippet":"max-snippet:-1","max-image-preview":"max-image-preview:large","max-video-preview":"max-video-preview:-1"},"canonical":"https:\/\/www.tiptoe.fr\/de\/product\/tischbein-arbeitsplatte\/","og_locale":"de_DE","og_type":"article","og_title":"Tischbein 90 cm f\u00fcr individuelle Arbeitsplatte","og_description":"Mit dem 90 cm Tischbein von TIPTOE f\u00fcr Arbeitsplatten k\u00f6nnen Sie Ihr Design-M\u00f6belst\u00fcck selbst herstellen. 100% made in Europe.","og_url":"https:\/\/www.tiptoe.fr\/de\/product\/tischbein-arbeitsplatte\/","og_site_name":"TIPTOE","article_publisher":"https:\/\/www.facebook.com\/tiptoedesign","article_modified_time":"2026-02-18T13:57:07+00:00","og_image":[{"width":2500,"height":2500,"url":"https:\/\/www.tiptoe.fr\/wp-content\/uploads\/2017\/10\/pied-table-90-seul-noirgraphite.jpg","type":"image\/jpeg"}],"twitter_card":"summary_large_image","twitter_site":"@tiptoedesign","twitter_misc":{"Est. reading time":"1 minute"},"schema":{"@context":"https:\/\/schema.org","@graph":[{"@type":"WebPage","@id":"https:\/\/www.tiptoe.fr\/de\/product\/tischbein-arbeitsplatte\/","url":"https:\/\/www.tiptoe.fr\/de\/product\/tischbein-arbeitsplatte\/","name":"Tischbein 90 cm f\u00fcr individuelle Arbeitsplatte","isPartOf":{"@id":"https:\/\/www.tiptoe.fr\/de\/#website"},"primaryImageOfPage":{"@id":"https:\/\/www.tiptoe.fr\/de\/product\/tischbein-arbeitsplatte\/#primaryimage"},"image":{"@id":"https:\/\/www.tiptoe.fr\/de\/product\/tischbein-arbeitsplatte\/#primaryimage"},"thumbnailUrl":"https:\/\/www.tiptoe.fr\/wp-content\/uploads\/2017\/10\/pied-table-90-seul-noirgraphite.jpg","datePublished":"2017-10-11T12:37:49+00:00","dateModified":"2026-02-18T13:57:07+00:00","description":"Mit dem 90 cm Tischbein von TIPTOE f\u00fcr Arbeitsplatten k\u00f6nnen Sie Ihr Design-M\u00f6belst\u00fcck selbst herstellen. 100% made in Europe.","breadcrumb":{"@id":"https:\/\/www.tiptoe.fr\/de\/product\/tischbein-arbeitsplatte\/#breadcrumb"},"inLanguage":"de-DE","potentialAction":[{"@type":"ReadAction","target":["https:\/\/www.tiptoe.fr\/de\/product\/tischbein-arbeitsplatte\/"]}]},{"@type":"ImageObject","inLanguage":"de-DE","@id":"https:\/\/www.tiptoe.fr\/de\/product\/tischbein-arbeitsplatte\/#primaryimage","url":"https:\/\/www.tiptoe.fr\/wp-content\/uploads\/2017\/10\/pied-table-90-seul-noirgraphite.jpg","contentUrl":"https:\/\/www.tiptoe.fr\/wp-content\/uploads\/2017\/10\/pied-table-90-seul-noirgraphite.jpg","width":2500,"height":2500},{"@type":"BreadcrumbList","@id":"https:\/\/www.tiptoe.fr\/de\/product\/tischbein-arbeitsplatte\/#breadcrumb","itemListElement":[{"@type":"ListItem","position":1,"name":"Startseite","item":"https:\/\/www.tiptoe.fr\/de\/"},{"@type":"ListItem","position":2,"name":"Shop","item":"https:\/\/www.tiptoe.fr\/shop\/"},{"@type":"ListItem","position":3,"name":"Tischbeine","item":"https:\/\/www.tiptoe.fr\/de\/tischbeine\/"},{"@type":"ListItem","position":4,"name":"Hochtischbeine","item":"https:\/\/www.tiptoe.fr\/de\/tischbeine\/hochtischbeine\/"},{"@type":"ListItem","position":5,"name":"Hochtischbein &#8211; 90cm"}]},{"@type":"WebSite","@id":"https:\/\/www.tiptoe.fr\/de\/#website","url":"https:\/\/www.tiptoe.fr\/de\/","name":"TIPTOE","description":"","publisher":{"@id":"https:\/\/www.tiptoe.fr\/de\/#organization"},"potentialAction":[{"@type":"SearchAction","target":{"@type":"EntryPoint","urlTemplate":"https:\/\/www.tiptoe.fr\/de\/?s={search_term_string}"},"query-input":{"@type":"PropertyValueSpecification","valueRequired":true,"valueName":"search_term_string"}}],"inLanguage":"de-DE"},{"@type":"Organization","@id":"https:\/\/www.tiptoe.fr\/de\/#organization","name":"TIPTOE","url":"https:\/\/www.tiptoe.fr\/de\/","logo":{"@type":"ImageObject","inLanguage":"de-DE","@id":"https:\/\/www.tiptoe.fr\/de\/#\/schema\/logo\/image\/","url":"https:\/\/www.tiptoe.fr\/wp-content\/uploads\/2024\/06\/Logo.png","contentUrl":"https:\/\/www.tiptoe.fr\/wp-content\/uploads\/2024\/06\/Logo.png","width":133,"height":26,"caption":"TIPTOE"},"image":{"@id":"https:\/\/www.tiptoe.fr\/de\/#\/schema\/logo\/image\/"},"sameAs":["https:\/\/www.facebook.com\/tiptoedesign","https:\/\/x.com\/tiptoedesign","https:\/\/www.instagram.com\/tiptoedesign\/","https:\/\/www.pinterest.fr\/tiptoedesign\/"]}]}},"_links":{"self":[{"href":"https:\/\/www.tiptoe.fr\/de\/wp-json\/wp\/v2\/product\/218296","targetHints":{"allow":["GET"]}}],"collection":[{"href":"https:\/\/www.tiptoe.fr\/de\/wp-json\/wp\/v2\/product"}],"about":[{"href":"https:\/\/www.tiptoe.fr\/de\/wp-json\/wp\/v2\/types\/product"}],"wp:featuredmedia":[{"embeddable":true,"href":"https:\/\/www.tiptoe.fr\/de\/wp-json\/wp\/v2\/media\/302979"}],"wp:attachment":[{"href":"https:\/\/www.tiptoe.fr\/de\/wp-json\/wp\/v2\/media?parent=218296"}],"wp:term":[{"taxonomy":"product_brand","embeddable":true,"href":"https:\/\/www.tiptoe.fr\/de\/wp-json\/wp\/v2\/product_brand?post=218296"},{"taxonomy":"product_cat","embeddable":true,"href":"https:\/\/www.tiptoe.fr\/de\/wp-json\/wp\/v2\/product_cat?post=218296"},{"taxonomy":"product_tag","embeddable":true,"href":"https:\/\/www.tiptoe.fr\/de\/wp-json\/wp\/v2\/product_tag?post=218296"}],"curies":[{"name":"wp","href":"https:\/\/api.w.org\/{rel}","templated":true}]}}