{"id":218287,"date":"2020-11-19T16:35:52","date_gmt":"2020-11-19T15:35:52","guid":{"rendered":"https:\/\/www.tiptoe.fr\/product\/pied-75-cm-et-accroche-murale-bracket\/"},"modified":"2026-02-18T16:20:42","modified_gmt":"2026-02-18T15:20:42","slug":"tischbein-75-cm-und-wandhaken-bracket","status":"publish","type":"product","link":"https:\/\/www.tiptoe.fr\/de\/product\/tischbein-75-cm-und-wandhaken-bracket\/","title":{"rendered":"Tischbein 75cm und Wandhaken BRACKET"},"content":{"rendered":"<p>Ikonisches TIPTOE-Konzept, das Tischbein erm\u00f6glicht es, in nur wenigen Minuten ein individuelles M\u00f6belst\u00fcck zu gestalten. Dank seines ausgekl\u00fcgelten Klemmsystems passt es sich an alle Arten von Tischplatten an und sorgt f\u00fcr eine einfache und schnelle Montage.<\/p>\n<p>Das 75 cm Tischbein ist ideal, um einen Esstisch, einen Schreibtisch oder einen Beistelltisch zu gestalten.<\/p>\n","protected":false},"excerpt":{"rendered":"<p style=\"text-align: left;\"><strong>\u2713<\/strong> Set: 1 Tischbein H\u00f6he 75 cm und 1 Wandhaken<\/p>\n<p style=\"text-align: left;\"><strong>\u2713<\/strong> Ideal f\u00fcr Esstisch, Schreibtisch oder Wandkonsole<\/p>\n<p style=\"text-align: left;\"><strong>\u2713<\/strong> Einfach und schnell zu installieren<\/p>\n<p style=\"text-align: left;\"><strong>\u2713<\/strong> 100% in Europa hergestellt<\/p>\n","protected":false},"featured_media":302945,"template":"","meta":{"_acf_changed":false},"product_brand":[],"product_cat":[748,749,751],"product_tag":[],"class_list":{"0":"post-218287","1":"product","2":"type-product","3":"status-publish","4":"has-post-thumbnail","6":"product_cat-tischbeine","7":"product_cat-esstischbeine","8":"product_cat-schreibtischbeine","9":"product_shipping_class-colis","11":"first","12":"instock","13":"taxable","14":"shipping-taxable","15":"purchasable","16":"product-type-variable","17":"has-default-attributes"},"acf":[],"yoast_head":"<!-- This site is optimized with the Yoast SEO plugin v26.3 - https:\/\/yoast.com\/wordpress\/plugins\/seo\/ -->\n<title>Tischbein 75 cm und Wandhaken aus Stahl<\/title>\n<meta name=\"description\" content=\"Kombinieren Sie das 75 cm Tischbein von TIPTOE mit dem Wandhaken BRACKET, um einen Schreibtisch oder Wandtisch zu kreieren. Design-M\u00f6belst\u00fcck.\" \/>\n<meta name=\"robots\" content=\"index, follow, max-snippet:-1, max-image-preview:large, max-video-preview:-1\" \/>\n<link rel=\"canonical\" href=\"https:\/\/www.tiptoe.fr\/de\/product\/tischbein-75-cm-und-wandhaken-bracket\/\" \/>\n<meta property=\"og:locale\" content=\"de_DE\" \/>\n<meta property=\"og:type\" content=\"article\" \/>\n<meta property=\"og:title\" content=\"Tischbein 75 cm und Wandhaken aus Stahl\" \/>\n<meta property=\"og:description\" content=\"Kombinieren Sie das 75 cm Tischbein von TIPTOE mit dem Wandhaken BRACKET, um einen Schreibtisch oder Wandtisch zu kreieren. Design-M\u00f6belst\u00fcck.\" \/>\n<meta property=\"og:url\" content=\"https:\/\/www.tiptoe.fr\/de\/product\/tischbein-75-cm-und-wandhaken-bracket\/\" \/>\n<meta property=\"og:site_name\" content=\"TIPTOE\" \/>\n<meta property=\"article:publisher\" content=\"https:\/\/www.facebook.com\/tiptoedesign\" \/>\n<meta property=\"article:modified_time\" content=\"2026-02-18T15:20:42+00:00\" \/>\n<meta property=\"og:image\" content=\"https:\/\/www.tiptoe.fr\/wp-content\/uploads\/2020\/11\/Leg_Bracket_75_GB.jpg\" \/>\n\t<meta property=\"og:image:width\" content=\"1920\" \/>\n\t<meta property=\"og:image:height\" content=\"1919\" \/>\n\t<meta property=\"og:image:type\" content=\"image\/jpeg\" \/>\n<meta name=\"twitter:card\" content=\"summary_large_image\" \/>\n<meta name=\"twitter:site\" content=\"@tiptoedesign\" \/>\n<meta name=\"twitter:label1\" content=\"Est. reading time\" \/>\n\t<meta name=\"twitter:data1\" content=\"1 minute\" \/>\n<script type=\"application\/ld+json\" class=\"yoast-schema-graph\">{\"@context\":\"https:\/\/schema.org\",\"@graph\":[{\"@type\":\"WebPage\",\"@id\":\"https:\/\/www.tiptoe.fr\/de\/product\/tischbein-75-cm-und-wandhaken-bracket\/\",\"url\":\"https:\/\/www.tiptoe.fr\/de\/product\/tischbein-75-cm-und-wandhaken-bracket\/\",\"name\":\"Tischbein 75 cm und Wandhaken aus Stahl\",\"isPartOf\":{\"@id\":\"https:\/\/www.tiptoe.fr\/de\/#website\"},\"primaryImageOfPage\":{\"@id\":\"https:\/\/www.tiptoe.fr\/de\/product\/tischbein-75-cm-und-wandhaken-bracket\/#primaryimage\"},\"image\":{\"@id\":\"https:\/\/www.tiptoe.fr\/de\/product\/tischbein-75-cm-und-wandhaken-bracket\/#primaryimage\"},\"thumbnailUrl\":\"https:\/\/www.tiptoe.fr\/wp-content\/uploads\/2020\/11\/Leg_Bracket_75_GB.jpg\",\"datePublished\":\"2020-11-19T15:35:52+00:00\",\"dateModified\":\"2026-02-18T15:20:42+00:00\",\"description\":\"Kombinieren Sie das 75 cm Tischbein von TIPTOE mit dem Wandhaken BRACKET, um einen Schreibtisch oder Wandtisch zu kreieren. Design-M\u00f6belst\u00fcck.\",\"breadcrumb\":{\"@id\":\"https:\/\/www.tiptoe.fr\/de\/product\/tischbein-75-cm-und-wandhaken-bracket\/#breadcrumb\"},\"inLanguage\":\"de-DE\",\"potentialAction\":[{\"@type\":\"ReadAction\",\"target\":[\"https:\/\/www.tiptoe.fr\/de\/product\/tischbein-75-cm-und-wandhaken-bracket\/\"]}]},{\"@type\":\"ImageObject\",\"inLanguage\":\"de-DE\",\"@id\":\"https:\/\/www.tiptoe.fr\/de\/product\/tischbein-75-cm-und-wandhaken-bracket\/#primaryimage\",\"url\":\"https:\/\/www.tiptoe.fr\/wp-content\/uploads\/2020\/11\/Leg_Bracket_75_GB.jpg\",\"contentUrl\":\"https:\/\/www.tiptoe.fr\/wp-content\/uploads\/2020\/11\/Leg_Bracket_75_GB.jpg\",\"width\":1920,\"height\":1919},{\"@type\":\"BreadcrumbList\",\"@id\":\"https:\/\/www.tiptoe.fr\/de\/product\/tischbein-75-cm-und-wandhaken-bracket\/#breadcrumb\",\"itemListElement\":[{\"@type\":\"ListItem\",\"position\":1,\"name\":\"Startseite\",\"item\":\"https:\/\/www.tiptoe.fr\/de\/\"},{\"@type\":\"ListItem\",\"position\":2,\"name\":\"Shop\",\"item\":\"https:\/\/www.tiptoe.fr\/shop\/\"},{\"@type\":\"ListItem\",\"position\":3,\"name\":\"Tischbeine\",\"item\":\"https:\/\/www.tiptoe.fr\/de\/tischbeine\/\"},{\"@type\":\"ListItem\",\"position\":4,\"name\":\"Esstischbeine\",\"item\":\"https:\/\/www.tiptoe.fr\/de\/tischbeine\/esstischbeine\/\"},{\"@type\":\"ListItem\",\"position\":5,\"name\":\"Tischbein 75cm und Wandhaken BRACKET\"}]},{\"@type\":\"WebSite\",\"@id\":\"https:\/\/www.tiptoe.fr\/de\/#website\",\"url\":\"https:\/\/www.tiptoe.fr\/de\/\",\"name\":\"TIPTOE\",\"description\":\"\",\"publisher\":{\"@id\":\"https:\/\/www.tiptoe.fr\/de\/#organization\"},\"potentialAction\":[{\"@type\":\"SearchAction\",\"target\":{\"@type\":\"EntryPoint\",\"urlTemplate\":\"https:\/\/www.tiptoe.fr\/de\/?s={search_term_string}\"},\"query-input\":{\"@type\":\"PropertyValueSpecification\",\"valueRequired\":true,\"valueName\":\"search_term_string\"}}],\"inLanguage\":\"de-DE\"},{\"@type\":\"Organization\",\"@id\":\"https:\/\/www.tiptoe.fr\/de\/#organization\",\"name\":\"TIPTOE\",\"url\":\"https:\/\/www.tiptoe.fr\/de\/\",\"logo\":{\"@type\":\"ImageObject\",\"inLanguage\":\"de-DE\",\"@id\":\"https:\/\/www.tiptoe.fr\/de\/#\/schema\/logo\/image\/\",\"url\":\"https:\/\/www.tiptoe.fr\/wp-content\/uploads\/2024\/06\/Logo.png\",\"contentUrl\":\"https:\/\/www.tiptoe.fr\/wp-content\/uploads\/2024\/06\/Logo.png\",\"width\":133,\"height\":26,\"caption\":\"TIPTOE\"},\"image\":{\"@id\":\"https:\/\/www.tiptoe.fr\/de\/#\/schema\/logo\/image\/\"},\"sameAs\":[\"https:\/\/www.facebook.com\/tiptoedesign\",\"https:\/\/x.com\/tiptoedesign\",\"https:\/\/www.instagram.com\/tiptoedesign\/\",\"https:\/\/www.pinterest.fr\/tiptoedesign\/\"]}]}<\/script>\n<!-- \/ Yoast SEO plugin. -->","yoast_head_json":{"title":"Tischbein 75 cm und Wandhaken aus Stahl","description":"Kombinieren Sie das 75 cm Tischbein von TIPTOE mit dem Wandhaken BRACKET, um einen Schreibtisch oder Wandtisch zu kreieren. Design-M\u00f6belst\u00fcck.","robots":{"index":"index","follow":"follow","max-snippet":"max-snippet:-1","max-image-preview":"max-image-preview:large","max-video-preview":"max-video-preview:-1"},"canonical":"https:\/\/www.tiptoe.fr\/de\/product\/tischbein-75-cm-und-wandhaken-bracket\/","og_locale":"de_DE","og_type":"article","og_title":"Tischbein 75 cm und Wandhaken aus Stahl","og_description":"Kombinieren Sie das 75 cm Tischbein von TIPTOE mit dem Wandhaken BRACKET, um einen Schreibtisch oder Wandtisch zu kreieren. Design-M\u00f6belst\u00fcck.","og_url":"https:\/\/www.tiptoe.fr\/de\/product\/tischbein-75-cm-und-wandhaken-bracket\/","og_site_name":"TIPTOE","article_publisher":"https:\/\/www.facebook.com\/tiptoedesign","article_modified_time":"2026-02-18T15:20:42+00:00","og_image":[{"width":1920,"height":1919,"url":"https:\/\/www.tiptoe.fr\/wp-content\/uploads\/2020\/11\/Leg_Bracket_75_GB.jpg","type":"image\/jpeg"}],"twitter_card":"summary_large_image","twitter_site":"@tiptoedesign","twitter_misc":{"Est. reading time":"1 minute"},"schema":{"@context":"https:\/\/schema.org","@graph":[{"@type":"WebPage","@id":"https:\/\/www.tiptoe.fr\/de\/product\/tischbein-75-cm-und-wandhaken-bracket\/","url":"https:\/\/www.tiptoe.fr\/de\/product\/tischbein-75-cm-und-wandhaken-bracket\/","name":"Tischbein 75 cm und Wandhaken aus Stahl","isPartOf":{"@id":"https:\/\/www.tiptoe.fr\/de\/#website"},"primaryImageOfPage":{"@id":"https:\/\/www.tiptoe.fr\/de\/product\/tischbein-75-cm-und-wandhaken-bracket\/#primaryimage"},"image":{"@id":"https:\/\/www.tiptoe.fr\/de\/product\/tischbein-75-cm-und-wandhaken-bracket\/#primaryimage"},"thumbnailUrl":"https:\/\/www.tiptoe.fr\/wp-content\/uploads\/2020\/11\/Leg_Bracket_75_GB.jpg","datePublished":"2020-11-19T15:35:52+00:00","dateModified":"2026-02-18T15:20:42+00:00","description":"Kombinieren Sie das 75 cm Tischbein von TIPTOE mit dem Wandhaken BRACKET, um einen Schreibtisch oder Wandtisch zu kreieren. Design-M\u00f6belst\u00fcck.","breadcrumb":{"@id":"https:\/\/www.tiptoe.fr\/de\/product\/tischbein-75-cm-und-wandhaken-bracket\/#breadcrumb"},"inLanguage":"de-DE","potentialAction":[{"@type":"ReadAction","target":["https:\/\/www.tiptoe.fr\/de\/product\/tischbein-75-cm-und-wandhaken-bracket\/"]}]},{"@type":"ImageObject","inLanguage":"de-DE","@id":"https:\/\/www.tiptoe.fr\/de\/product\/tischbein-75-cm-und-wandhaken-bracket\/#primaryimage","url":"https:\/\/www.tiptoe.fr\/wp-content\/uploads\/2020\/11\/Leg_Bracket_75_GB.jpg","contentUrl":"https:\/\/www.tiptoe.fr\/wp-content\/uploads\/2020\/11\/Leg_Bracket_75_GB.jpg","width":1920,"height":1919},{"@type":"BreadcrumbList","@id":"https:\/\/www.tiptoe.fr\/de\/product\/tischbein-75-cm-und-wandhaken-bracket\/#breadcrumb","itemListElement":[{"@type":"ListItem","position":1,"name":"Startseite","item":"https:\/\/www.tiptoe.fr\/de\/"},{"@type":"ListItem","position":2,"name":"Shop","item":"https:\/\/www.tiptoe.fr\/shop\/"},{"@type":"ListItem","position":3,"name":"Tischbeine","item":"https:\/\/www.tiptoe.fr\/de\/tischbeine\/"},{"@type":"ListItem","position":4,"name":"Esstischbeine","item":"https:\/\/www.tiptoe.fr\/de\/tischbeine\/esstischbeine\/"},{"@type":"ListItem","position":5,"name":"Tischbein 75cm und Wandhaken BRACKET"}]},{"@type":"WebSite","@id":"https:\/\/www.tiptoe.fr\/de\/#website","url":"https:\/\/www.tiptoe.fr\/de\/","name":"TIPTOE","description":"","publisher":{"@id":"https:\/\/www.tiptoe.fr\/de\/#organization"},"potentialAction":[{"@type":"SearchAction","target":{"@type":"EntryPoint","urlTemplate":"https:\/\/www.tiptoe.fr\/de\/?s={search_term_string}"},"query-input":{"@type":"PropertyValueSpecification","valueRequired":true,"valueName":"search_term_string"}}],"inLanguage":"de-DE"},{"@type":"Organization","@id":"https:\/\/www.tiptoe.fr\/de\/#organization","name":"TIPTOE","url":"https:\/\/www.tiptoe.fr\/de\/","logo":{"@type":"ImageObject","inLanguage":"de-DE","@id":"https:\/\/www.tiptoe.fr\/de\/#\/schema\/logo\/image\/","url":"https:\/\/www.tiptoe.fr\/wp-content\/uploads\/2024\/06\/Logo.png","contentUrl":"https:\/\/www.tiptoe.fr\/wp-content\/uploads\/2024\/06\/Logo.png","width":133,"height":26,"caption":"TIPTOE"},"image":{"@id":"https:\/\/www.tiptoe.fr\/de\/#\/schema\/logo\/image\/"},"sameAs":["https:\/\/www.facebook.com\/tiptoedesign","https:\/\/x.com\/tiptoedesign","https:\/\/www.instagram.com\/tiptoedesign\/","https:\/\/www.pinterest.fr\/tiptoedesign\/"]}]}},"_links":{"self":[{"href":"https:\/\/www.tiptoe.fr\/de\/wp-json\/wp\/v2\/product\/218287","targetHints":{"allow":["GET"]}}],"collection":[{"href":"https:\/\/www.tiptoe.fr\/de\/wp-json\/wp\/v2\/product"}],"about":[{"href":"https:\/\/www.tiptoe.fr\/de\/wp-json\/wp\/v2\/types\/product"}],"wp:featuredmedia":[{"embeddable":true,"href":"https:\/\/www.tiptoe.fr\/de\/wp-json\/wp\/v2\/media\/302945"}],"wp:attachment":[{"href":"https:\/\/www.tiptoe.fr\/de\/wp-json\/wp\/v2\/media?parent=218287"}],"wp:term":[{"taxonomy":"product_brand","embeddable":true,"href":"https:\/\/www.tiptoe.fr\/de\/wp-json\/wp\/v2\/product_brand?post=218287"},{"taxonomy":"product_cat","embeddable":true,"href":"https:\/\/www.tiptoe.fr\/de\/wp-json\/wp\/v2\/product_cat?post=218287"},{"taxonomy":"product_tag","embeddable":true,"href":"https:\/\/www.tiptoe.fr\/de\/wp-json\/wp\/v2\/product_tag?post=218287"}],"curies":[{"name":"wp","href":"https:\/\/api.w.org\/{rel}","templated":true}]}}