{"id":218272,"date":"2017-09-05T11:37:33","date_gmt":"2017-09-05T09:37:33","guid":{"rendered":"https:\/\/www.tiptoe.fr\/product\/pied-de-table-basse\/"},"modified":"2026-03-04T16:07:47","modified_gmt":"2026-03-04T15:07:47","slug":"couchtischbein","status":"publish","type":"product","link":"https:\/\/www.tiptoe.fr\/de\/product\/couchtischbein\/","title":{"rendered":"Tischbein f\u00fcr Couchtisch &#8211; 43cm"},"content":{"rendered":"<p>Ikonisches TIPTOE-Konzept, das Tischbein erm\u00f6glicht es, in nur wenigen Minuten ein individuelles M\u00f6belst\u00fcck zu gestalten. Dank seines ausgekl\u00fcgelten Klemmsystems passt es sich an alle Arten von Tischplatten an und sorgt f\u00fcr eine einfache und schnelle Montage.<\/p>\n<p>Das 43 cm Tischbein ist ideal, um einen Couchtisch oder eine Sitzbank zu gestalten.<\/p>\n","protected":false},"excerpt":{"rendered":"<p style=\"text-align: left;\"><strong>\u2713<\/strong> Tischbein aus Stahl H\u00f6he 43 cm<\/p>\n<p style=\"text-align: left;\"><strong>\u2713<\/strong> Ideal als Couchtisch oder Beistellbank<\/p>\n<p style=\"text-align: left;\"><strong>\u2713<\/strong> Einfach und schnell aufzubauen<\/p>\n<p style=\"text-align: left;\"><strong>\u2713<\/strong> 100% in Europa hergestellt<\/p>\n","protected":false},"featured_media":302918,"template":"","meta":{"_acf_changed":false},"product_brand":[],"product_cat":[748,750],"product_tag":[],"class_list":{"0":"post-218272","1":"product","2":"type-product","3":"status-publish","4":"has-post-thumbnail","6":"product_cat-tischbeine","7":"product_cat-couchtischbeine","8":"product_shipping_class-colis","10":"first","11":"instock","12":"taxable","13":"shipping-taxable","14":"purchasable","15":"product-type-variable","16":"has-default-attributes"},"acf":[],"yoast_head":"<!-- This site is optimized with the Yoast SEO plugin v26.3 - https:\/\/yoast.com\/wordpress\/plugins\/seo\/ -->\n<title>Tischbein 43 cm aus Stahl mit Schraubzwinge - TIPTOE<\/title>\n<meta name=\"description\" content=\"Mit dem TIPTOE 43 cm Tischbein aus Stahl k\u00f6nnen Sie dank der beigef\u00fcgten Schraubzwinge einen Couchtisch. 100% made in Europe\" \/>\n<meta name=\"robots\" content=\"index, follow, max-snippet:-1, max-image-preview:large, max-video-preview:-1\" \/>\n<link rel=\"canonical\" href=\"https:\/\/www.tiptoe.fr\/de\/product\/couchtischbein\/\" \/>\n<meta property=\"og:locale\" content=\"de_DE\" \/>\n<meta property=\"og:type\" content=\"article\" \/>\n<meta property=\"og:title\" content=\"Tischbein 43 cm aus Stahl mit Schraubzwinge - TIPTOE\" \/>\n<meta property=\"og:description\" content=\"Mit dem TIPTOE 43 cm Tischbein aus Stahl k\u00f6nnen Sie dank der beigef\u00fcgten Schraubzwinge einen Couchtisch. 100% made in Europe\" \/>\n<meta property=\"og:url\" content=\"https:\/\/www.tiptoe.fr\/de\/product\/couchtischbein\/\" \/>\n<meta property=\"og:site_name\" content=\"TIPTOE\" \/>\n<meta property=\"article:publisher\" content=\"https:\/\/www.facebook.com\/tiptoedesign\" \/>\n<meta property=\"article:modified_time\" content=\"2026-03-04T15:07:47+00:00\" \/>\n<meta property=\"og:image\" content=\"https:\/\/www.tiptoe.fr\/wp-content\/uploads\/2017\/10\/Tiptoe_Pied43_GrisEucalyptus.jpg\" \/>\n\t<meta property=\"og:image:width\" content=\"1920\" \/>\n\t<meta property=\"og:image:height\" content=\"1920\" \/>\n\t<meta property=\"og:image:type\" content=\"image\/jpeg\" \/>\n<meta name=\"twitter:card\" content=\"summary_large_image\" \/>\n<meta name=\"twitter:site\" content=\"@tiptoedesign\" \/>\n<meta name=\"twitter:label1\" content=\"Est. reading time\" \/>\n\t<meta name=\"twitter:data1\" content=\"1 minute\" \/>\n<script type=\"application\/ld+json\" class=\"yoast-schema-graph\">{\"@context\":\"https:\/\/schema.org\",\"@graph\":[{\"@type\":\"WebPage\",\"@id\":\"https:\/\/www.tiptoe.fr\/de\/product\/couchtischbein\/\",\"url\":\"https:\/\/www.tiptoe.fr\/de\/product\/couchtischbein\/\",\"name\":\"Tischbein 43 cm aus Stahl mit Schraubzwinge - TIPTOE\",\"isPartOf\":{\"@id\":\"https:\/\/www.tiptoe.fr\/de\/#website\"},\"primaryImageOfPage\":{\"@id\":\"https:\/\/www.tiptoe.fr\/de\/product\/couchtischbein\/#primaryimage\"},\"image\":{\"@id\":\"https:\/\/www.tiptoe.fr\/de\/product\/couchtischbein\/#primaryimage\"},\"thumbnailUrl\":\"https:\/\/www.tiptoe.fr\/wp-content\/uploads\/2017\/10\/Tiptoe_Pied43_GrisEucalyptus.jpg\",\"datePublished\":\"2017-09-05T09:37:33+00:00\",\"dateModified\":\"2026-03-04T15:07:47+00:00\",\"description\":\"Mit dem TIPTOE 43 cm Tischbein aus Stahl k\u00f6nnen Sie dank der beigef\u00fcgten Schraubzwinge einen Couchtisch. 100% made in Europe\",\"breadcrumb\":{\"@id\":\"https:\/\/www.tiptoe.fr\/de\/product\/couchtischbein\/#breadcrumb\"},\"inLanguage\":\"de-DE\",\"potentialAction\":[{\"@type\":\"ReadAction\",\"target\":[\"https:\/\/www.tiptoe.fr\/de\/product\/couchtischbein\/\"]}]},{\"@type\":\"ImageObject\",\"inLanguage\":\"de-DE\",\"@id\":\"https:\/\/www.tiptoe.fr\/de\/product\/couchtischbein\/#primaryimage\",\"url\":\"https:\/\/www.tiptoe.fr\/wp-content\/uploads\/2017\/10\/Tiptoe_Pied43_GrisEucalyptus.jpg\",\"contentUrl\":\"https:\/\/www.tiptoe.fr\/wp-content\/uploads\/2017\/10\/Tiptoe_Pied43_GrisEucalyptus.jpg\",\"width\":1920,\"height\":1920},{\"@type\":\"BreadcrumbList\",\"@id\":\"https:\/\/www.tiptoe.fr\/de\/product\/couchtischbein\/#breadcrumb\",\"itemListElement\":[{\"@type\":\"ListItem\",\"position\":1,\"name\":\"Startseite\",\"item\":\"https:\/\/www.tiptoe.fr\/de\/\"},{\"@type\":\"ListItem\",\"position\":2,\"name\":\"Shop\",\"item\":\"https:\/\/www.tiptoe.fr\/shop\/\"},{\"@type\":\"ListItem\",\"position\":3,\"name\":\"Tischbeine\",\"item\":\"https:\/\/www.tiptoe.fr\/de\/tischbeine\/\"},{\"@type\":\"ListItem\",\"position\":4,\"name\":\"Couchtischbeine\",\"item\":\"https:\/\/www.tiptoe.fr\/de\/tischbeine\/couchtischbeine\/\"},{\"@type\":\"ListItem\",\"position\":5,\"name\":\"Tischbein f\u00fcr Couchtisch &#8211; 43cm\"}]},{\"@type\":\"WebSite\",\"@id\":\"https:\/\/www.tiptoe.fr\/de\/#website\",\"url\":\"https:\/\/www.tiptoe.fr\/de\/\",\"name\":\"TIPTOE\",\"description\":\"\",\"publisher\":{\"@id\":\"https:\/\/www.tiptoe.fr\/de\/#organization\"},\"potentialAction\":[{\"@type\":\"SearchAction\",\"target\":{\"@type\":\"EntryPoint\",\"urlTemplate\":\"https:\/\/www.tiptoe.fr\/de\/?s={search_term_string}\"},\"query-input\":{\"@type\":\"PropertyValueSpecification\",\"valueRequired\":true,\"valueName\":\"search_term_string\"}}],\"inLanguage\":\"de-DE\"},{\"@type\":\"Organization\",\"@id\":\"https:\/\/www.tiptoe.fr\/de\/#organization\",\"name\":\"TIPTOE\",\"url\":\"https:\/\/www.tiptoe.fr\/de\/\",\"logo\":{\"@type\":\"ImageObject\",\"inLanguage\":\"de-DE\",\"@id\":\"https:\/\/www.tiptoe.fr\/de\/#\/schema\/logo\/image\/\",\"url\":\"https:\/\/www.tiptoe.fr\/wp-content\/uploads\/2024\/06\/Logo.png\",\"contentUrl\":\"https:\/\/www.tiptoe.fr\/wp-content\/uploads\/2024\/06\/Logo.png\",\"width\":133,\"height\":26,\"caption\":\"TIPTOE\"},\"image\":{\"@id\":\"https:\/\/www.tiptoe.fr\/de\/#\/schema\/logo\/image\/\"},\"sameAs\":[\"https:\/\/www.facebook.com\/tiptoedesign\",\"https:\/\/x.com\/tiptoedesign\",\"https:\/\/www.instagram.com\/tiptoedesign\/\",\"https:\/\/www.pinterest.fr\/tiptoedesign\/\"]}]}<\/script>\n<!-- \/ Yoast SEO plugin. -->","yoast_head_json":{"title":"Tischbein 43 cm aus Stahl mit Schraubzwinge - TIPTOE","description":"Mit dem TIPTOE 43 cm Tischbein aus Stahl k\u00f6nnen Sie dank der beigef\u00fcgten Schraubzwinge einen Couchtisch. 100% made in Europe","robots":{"index":"index","follow":"follow","max-snippet":"max-snippet:-1","max-image-preview":"max-image-preview:large","max-video-preview":"max-video-preview:-1"},"canonical":"https:\/\/www.tiptoe.fr\/de\/product\/couchtischbein\/","og_locale":"de_DE","og_type":"article","og_title":"Tischbein 43 cm aus Stahl mit Schraubzwinge - TIPTOE","og_description":"Mit dem TIPTOE 43 cm Tischbein aus Stahl k\u00f6nnen Sie dank der beigef\u00fcgten Schraubzwinge einen Couchtisch. 100% made in Europe","og_url":"https:\/\/www.tiptoe.fr\/de\/product\/couchtischbein\/","og_site_name":"TIPTOE","article_publisher":"https:\/\/www.facebook.com\/tiptoedesign","article_modified_time":"2026-03-04T15:07:47+00:00","og_image":[{"width":1920,"height":1920,"url":"https:\/\/www.tiptoe.fr\/wp-content\/uploads\/2017\/10\/Tiptoe_Pied43_GrisEucalyptus.jpg","type":"image\/jpeg"}],"twitter_card":"summary_large_image","twitter_site":"@tiptoedesign","twitter_misc":{"Est. reading time":"1 minute"},"schema":{"@context":"https:\/\/schema.org","@graph":[{"@type":"WebPage","@id":"https:\/\/www.tiptoe.fr\/de\/product\/couchtischbein\/","url":"https:\/\/www.tiptoe.fr\/de\/product\/couchtischbein\/","name":"Tischbein 43 cm aus Stahl mit Schraubzwinge - TIPTOE","isPartOf":{"@id":"https:\/\/www.tiptoe.fr\/de\/#website"},"primaryImageOfPage":{"@id":"https:\/\/www.tiptoe.fr\/de\/product\/couchtischbein\/#primaryimage"},"image":{"@id":"https:\/\/www.tiptoe.fr\/de\/product\/couchtischbein\/#primaryimage"},"thumbnailUrl":"https:\/\/www.tiptoe.fr\/wp-content\/uploads\/2017\/10\/Tiptoe_Pied43_GrisEucalyptus.jpg","datePublished":"2017-09-05T09:37:33+00:00","dateModified":"2026-03-04T15:07:47+00:00","description":"Mit dem TIPTOE 43 cm Tischbein aus Stahl k\u00f6nnen Sie dank der beigef\u00fcgten Schraubzwinge einen Couchtisch. 100% made in Europe","breadcrumb":{"@id":"https:\/\/www.tiptoe.fr\/de\/product\/couchtischbein\/#breadcrumb"},"inLanguage":"de-DE","potentialAction":[{"@type":"ReadAction","target":["https:\/\/www.tiptoe.fr\/de\/product\/couchtischbein\/"]}]},{"@type":"ImageObject","inLanguage":"de-DE","@id":"https:\/\/www.tiptoe.fr\/de\/product\/couchtischbein\/#primaryimage","url":"https:\/\/www.tiptoe.fr\/wp-content\/uploads\/2017\/10\/Tiptoe_Pied43_GrisEucalyptus.jpg","contentUrl":"https:\/\/www.tiptoe.fr\/wp-content\/uploads\/2017\/10\/Tiptoe_Pied43_GrisEucalyptus.jpg","width":1920,"height":1920},{"@type":"BreadcrumbList","@id":"https:\/\/www.tiptoe.fr\/de\/product\/couchtischbein\/#breadcrumb","itemListElement":[{"@type":"ListItem","position":1,"name":"Startseite","item":"https:\/\/www.tiptoe.fr\/de\/"},{"@type":"ListItem","position":2,"name":"Shop","item":"https:\/\/www.tiptoe.fr\/shop\/"},{"@type":"ListItem","position":3,"name":"Tischbeine","item":"https:\/\/www.tiptoe.fr\/de\/tischbeine\/"},{"@type":"ListItem","position":4,"name":"Couchtischbeine","item":"https:\/\/www.tiptoe.fr\/de\/tischbeine\/couchtischbeine\/"},{"@type":"ListItem","position":5,"name":"Tischbein f\u00fcr Couchtisch &#8211; 43cm"}]},{"@type":"WebSite","@id":"https:\/\/www.tiptoe.fr\/de\/#website","url":"https:\/\/www.tiptoe.fr\/de\/","name":"TIPTOE","description":"","publisher":{"@id":"https:\/\/www.tiptoe.fr\/de\/#organization"},"potentialAction":[{"@type":"SearchAction","target":{"@type":"EntryPoint","urlTemplate":"https:\/\/www.tiptoe.fr\/de\/?s={search_term_string}"},"query-input":{"@type":"PropertyValueSpecification","valueRequired":true,"valueName":"search_term_string"}}],"inLanguage":"de-DE"},{"@type":"Organization","@id":"https:\/\/www.tiptoe.fr\/de\/#organization","name":"TIPTOE","url":"https:\/\/www.tiptoe.fr\/de\/","logo":{"@type":"ImageObject","inLanguage":"de-DE","@id":"https:\/\/www.tiptoe.fr\/de\/#\/schema\/logo\/image\/","url":"https:\/\/www.tiptoe.fr\/wp-content\/uploads\/2024\/06\/Logo.png","contentUrl":"https:\/\/www.tiptoe.fr\/wp-content\/uploads\/2024\/06\/Logo.png","width":133,"height":26,"caption":"TIPTOE"},"image":{"@id":"https:\/\/www.tiptoe.fr\/de\/#\/schema\/logo\/image\/"},"sameAs":["https:\/\/www.facebook.com\/tiptoedesign","https:\/\/x.com\/tiptoedesign","https:\/\/www.instagram.com\/tiptoedesign\/","https:\/\/www.pinterest.fr\/tiptoedesign\/"]}]}},"_links":{"self":[{"href":"https:\/\/www.tiptoe.fr\/de\/wp-json\/wp\/v2\/product\/218272","targetHints":{"allow":["GET"]}}],"collection":[{"href":"https:\/\/www.tiptoe.fr\/de\/wp-json\/wp\/v2\/product"}],"about":[{"href":"https:\/\/www.tiptoe.fr\/de\/wp-json\/wp\/v2\/types\/product"}],"wp:featuredmedia":[{"embeddable":true,"href":"https:\/\/www.tiptoe.fr\/de\/wp-json\/wp\/v2\/media\/302918"}],"wp:attachment":[{"href":"https:\/\/www.tiptoe.fr\/de\/wp-json\/wp\/v2\/media?parent=218272"}],"wp:term":[{"taxonomy":"product_brand","embeddable":true,"href":"https:\/\/www.tiptoe.fr\/de\/wp-json\/wp\/v2\/product_brand?post=218272"},{"taxonomy":"product_cat","embeddable":true,"href":"https:\/\/www.tiptoe.fr\/de\/wp-json\/wp\/v2\/product_cat?post=218272"},{"taxonomy":"product_tag","embeddable":true,"href":"https:\/\/www.tiptoe.fr\/de\/wp-json\/wp\/v2\/product_tag?post=218272"}],"curies":[{"name":"wp","href":"https:\/\/api.w.org\/{rel}","templated":true}]}}