{"id":226236,"date":"2019-12-13T09:39:54","date_gmt":"2019-12-13T08:39:54","guid":{"rendered":"https:\/\/www.tiptoe.fr\/solde-carte-cadeau\/"},"modified":"2022-09-16T16:53:52","modified_gmt":"2022-09-16T14:53:52","slug":"saldo-geschenkkarte","status":"publish","type":"page","link":"https:\/\/www.tiptoe.fr\/de\/saldo-geschenkkarte\/","title":{"rendered":"Saldo der Geschenkkarte"},"content":{"rendered":"<div class=\"grid__col-xxs--12 grid__col-s--10 grid__col-s-push--1\">\r\n\t<\/div>\r\n\r\n<div class=\"grid__col-xxs--12 grid__col-s--10 grid__col-s-push--1 grid__col-m--6 grid__col-m-push--3\">\r\n<form id=\"pwgc-balance-form\">\r\n<div id=\"pwgc-balance-container\">\r\n\t<p class=\"balance-icon\">\ud83c\udf81<\/p>\r\n\t<div id=\"pwgc-balance-title\">Saldo der Geschenkkarte<\/div>\r\n\r\n\t<div id=\"pwgc-balance-error\"><\/div>\r\n\t<div id=\"pwgc-balance-amount\"><\/div>\r\n\r\n\t<div id=\"pwgc-balance-expiration-date-container\">\r\n\t\tL\u00e4uft ab <span id=\"pwgc-balance-expiration-date\"><\/span>\r\n\t<\/div>\r\n\r\n\t\r\n\t<div id=\"pwgc-balance-number-container\">\r\n\t\t<input type=\"text\" class=\"form__text\" id=\"pwgc-balance-number\" name=\"card_number\" autocomplete=\"off\" placeholder=\"Geschenkkartennummer\" value=\"\" required>\r\n\t\t<button type=\"submit\" class=\"btn btn--black\" id=\"pwgc-balance-button\">\r\n\t\t\t<span class=\"btn__label\">Betrag \u00fcberpr\u00fcfen<\/span>\r\n\t\t<\/button>\r\n\t<\/div>\r\n<\/div>\r\n<\/form>\r\n<\/div>\r\n\n","protected":false},"excerpt":{"rendered":"","protected":false},"author":6981,"featured_media":0,"parent":0,"menu_order":270,"comment_status":"closed","ping_status":"closed","template":"","meta":{"_acf_changed":false,"footnotes":""},"class_list":["post-226236","page","type-page","status-publish","hentry"],"acf":[],"yoast_head":"<!-- This site is optimized with the Yoast SEO plugin v26.3 - https:\/\/yoast.com\/wordpress\/plugins\/seo\/ -->\n<title>Saldo TIPTOE-Geschenkkarte, pr\u00fcfen Sie den verf\u00fcgbaren Saldo<\/title>\n<meta name=\"description\" content=\"Geben Sie die Nummer Ihrer Geschenkkarte ein, um den verf\u00fcgbaren Betrag zu erfahren. 100% in Europa hergestellte Designerm\u00f6bel\" \/>\n<meta name=\"robots\" content=\"index, follow, max-snippet:-1, max-image-preview:large, max-video-preview:-1\" \/>\n<link rel=\"canonical\" href=\"https:\/\/www.tiptoe.fr\/de\/saldo-geschenkkarte\/\" \/>\n<meta property=\"og:locale\" content=\"de_DE\" \/>\n<meta property=\"og:type\" content=\"article\" \/>\n<meta property=\"og:title\" content=\"Saldo TIPTOE-Geschenkkarte, pr\u00fcfen Sie den verf\u00fcgbaren Saldo\" \/>\n<meta property=\"og:description\" content=\"Geben Sie die Nummer Ihrer Geschenkkarte ein, um den verf\u00fcgbaren Betrag zu erfahren. 100% in Europa hergestellte Designerm\u00f6bel\" \/>\n<meta property=\"og:url\" content=\"https:\/\/www.tiptoe.fr\/de\/saldo-geschenkkarte\/\" \/>\n<meta property=\"og:site_name\" content=\"TIPTOE\" \/>\n<meta property=\"article:publisher\" content=\"https:\/\/www.facebook.com\/tiptoedesign\" \/>\n<meta property=\"article:modified_time\" content=\"2022-09-16T14:53:52+00:00\" \/>\n<meta name=\"twitter:card\" content=\"summary_large_image\" \/>\n<meta name=\"twitter:site\" content=\"@tiptoedesign\" \/>\n<script type=\"application\/ld+json\" class=\"yoast-schema-graph\">{\"@context\":\"https:\/\/schema.org\",\"@graph\":[{\"@type\":\"WebPage\",\"@id\":\"https:\/\/www.tiptoe.fr\/de\/saldo-geschenkkarte\/\",\"url\":\"https:\/\/www.tiptoe.fr\/de\/saldo-geschenkkarte\/\",\"name\":\"Saldo TIPTOE-Geschenkkarte, pr\u00fcfen Sie den verf\u00fcgbaren Saldo\",\"isPartOf\":{\"@id\":\"https:\/\/www.tiptoe.fr\/de\/#website\"},\"datePublished\":\"2019-12-13T08:39:54+00:00\",\"dateModified\":\"2022-09-16T14:53:52+00:00\",\"description\":\"Geben Sie die Nummer Ihrer Geschenkkarte ein, um den verf\u00fcgbaren Betrag zu erfahren. 100% in Europa hergestellte Designerm\u00f6bel\",\"breadcrumb\":{\"@id\":\"https:\/\/www.tiptoe.fr\/de\/saldo-geschenkkarte\/#breadcrumb\"},\"inLanguage\":\"de-DE\",\"potentialAction\":[{\"@type\":\"ReadAction\",\"target\":[\"https:\/\/www.tiptoe.fr\/de\/saldo-geschenkkarte\/\"]}]},{\"@type\":\"BreadcrumbList\",\"@id\":\"https:\/\/www.tiptoe.fr\/de\/saldo-geschenkkarte\/#breadcrumb\",\"itemListElement\":[{\"@type\":\"ListItem\",\"position\":1,\"name\":\"Startseite\",\"item\":\"https:\/\/www.tiptoe.fr\/de\/\"},{\"@type\":\"ListItem\",\"position\":2,\"name\":\"Saldo der Geschenkkarte\"}]},{\"@type\":\"WebSite\",\"@id\":\"https:\/\/www.tiptoe.fr\/de\/#website\",\"url\":\"https:\/\/www.tiptoe.fr\/de\/\",\"name\":\"TIPTOE\",\"description\":\"\",\"publisher\":{\"@id\":\"https:\/\/www.tiptoe.fr\/de\/#organization\"},\"potentialAction\":[{\"@type\":\"SearchAction\",\"target\":{\"@type\":\"EntryPoint\",\"urlTemplate\":\"https:\/\/www.tiptoe.fr\/de\/?s={search_term_string}\"},\"query-input\":{\"@type\":\"PropertyValueSpecification\",\"valueRequired\":true,\"valueName\":\"search_term_string\"}}],\"inLanguage\":\"de-DE\"},{\"@type\":\"Organization\",\"@id\":\"https:\/\/www.tiptoe.fr\/de\/#organization\",\"name\":\"TIPTOE\",\"url\":\"https:\/\/www.tiptoe.fr\/de\/\",\"logo\":{\"@type\":\"ImageObject\",\"inLanguage\":\"de-DE\",\"@id\":\"https:\/\/www.tiptoe.fr\/de\/#\/schema\/logo\/image\/\",\"url\":\"https:\/\/www.tiptoe.fr\/wp-content\/uploads\/2024\/06\/Logo.png\",\"contentUrl\":\"https:\/\/www.tiptoe.fr\/wp-content\/uploads\/2024\/06\/Logo.png\",\"width\":133,\"height\":26,\"caption\":\"TIPTOE\"},\"image\":{\"@id\":\"https:\/\/www.tiptoe.fr\/de\/#\/schema\/logo\/image\/\"},\"sameAs\":[\"https:\/\/www.facebook.com\/tiptoedesign\",\"https:\/\/x.com\/tiptoedesign\",\"https:\/\/www.instagram.com\/tiptoedesign\/\",\"https:\/\/www.pinterest.fr\/tiptoedesign\/\"]}]}<\/script>\n<!-- \/ Yoast SEO plugin. -->","yoast_head_json":{"title":"Saldo TIPTOE-Geschenkkarte, pr\u00fcfen Sie den verf\u00fcgbaren Saldo","description":"Geben Sie die Nummer Ihrer Geschenkkarte ein, um den verf\u00fcgbaren Betrag zu erfahren. 100% in Europa hergestellte Designerm\u00f6bel","robots":{"index":"index","follow":"follow","max-snippet":"max-snippet:-1","max-image-preview":"max-image-preview:large","max-video-preview":"max-video-preview:-1"},"canonical":"https:\/\/www.tiptoe.fr\/de\/saldo-geschenkkarte\/","og_locale":"de_DE","og_type":"article","og_title":"Saldo TIPTOE-Geschenkkarte, pr\u00fcfen Sie den verf\u00fcgbaren Saldo","og_description":"Geben Sie die Nummer Ihrer Geschenkkarte ein, um den verf\u00fcgbaren Betrag zu erfahren. 100% in Europa hergestellte Designerm\u00f6bel","og_url":"https:\/\/www.tiptoe.fr\/de\/saldo-geschenkkarte\/","og_site_name":"TIPTOE","article_publisher":"https:\/\/www.facebook.com\/tiptoedesign","article_modified_time":"2022-09-16T14:53:52+00:00","twitter_card":"summary_large_image","twitter_site":"@tiptoedesign","schema":{"@context":"https:\/\/schema.org","@graph":[{"@type":"WebPage","@id":"https:\/\/www.tiptoe.fr\/de\/saldo-geschenkkarte\/","url":"https:\/\/www.tiptoe.fr\/de\/saldo-geschenkkarte\/","name":"Saldo TIPTOE-Geschenkkarte, pr\u00fcfen Sie den verf\u00fcgbaren Saldo","isPartOf":{"@id":"https:\/\/www.tiptoe.fr\/de\/#website"},"datePublished":"2019-12-13T08:39:54+00:00","dateModified":"2022-09-16T14:53:52+00:00","description":"Geben Sie die Nummer Ihrer Geschenkkarte ein, um den verf\u00fcgbaren Betrag zu erfahren. 100% in Europa hergestellte Designerm\u00f6bel","breadcrumb":{"@id":"https:\/\/www.tiptoe.fr\/de\/saldo-geschenkkarte\/#breadcrumb"},"inLanguage":"de-DE","potentialAction":[{"@type":"ReadAction","target":["https:\/\/www.tiptoe.fr\/de\/saldo-geschenkkarte\/"]}]},{"@type":"BreadcrumbList","@id":"https:\/\/www.tiptoe.fr\/de\/saldo-geschenkkarte\/#breadcrumb","itemListElement":[{"@type":"ListItem","position":1,"name":"Startseite","item":"https:\/\/www.tiptoe.fr\/de\/"},{"@type":"ListItem","position":2,"name":"Saldo der Geschenkkarte"}]},{"@type":"WebSite","@id":"https:\/\/www.tiptoe.fr\/de\/#website","url":"https:\/\/www.tiptoe.fr\/de\/","name":"TIPTOE","description":"","publisher":{"@id":"https:\/\/www.tiptoe.fr\/de\/#organization"},"potentialAction":[{"@type":"SearchAction","target":{"@type":"EntryPoint","urlTemplate":"https:\/\/www.tiptoe.fr\/de\/?s={search_term_string}"},"query-input":{"@type":"PropertyValueSpecification","valueRequired":true,"valueName":"search_term_string"}}],"inLanguage":"de-DE"},{"@type":"Organization","@id":"https:\/\/www.tiptoe.fr\/de\/#organization","name":"TIPTOE","url":"https:\/\/www.tiptoe.fr\/de\/","logo":{"@type":"ImageObject","inLanguage":"de-DE","@id":"https:\/\/www.tiptoe.fr\/de\/#\/schema\/logo\/image\/","url":"https:\/\/www.tiptoe.fr\/wp-content\/uploads\/2024\/06\/Logo.png","contentUrl":"https:\/\/www.tiptoe.fr\/wp-content\/uploads\/2024\/06\/Logo.png","width":133,"height":26,"caption":"TIPTOE"},"image":{"@id":"https:\/\/www.tiptoe.fr\/de\/#\/schema\/logo\/image\/"},"sameAs":["https:\/\/www.facebook.com\/tiptoedesign","https:\/\/x.com\/tiptoedesign","https:\/\/www.instagram.com\/tiptoedesign\/","https:\/\/www.pinterest.fr\/tiptoedesign\/"]}]}},"_links":{"self":[{"href":"https:\/\/www.tiptoe.fr\/de\/wp-json\/wp\/v2\/pages\/226236","targetHints":{"allow":["GET"]}}],"collection":[{"href":"https:\/\/www.tiptoe.fr\/de\/wp-json\/wp\/v2\/pages"}],"about":[{"href":"https:\/\/www.tiptoe.fr\/de\/wp-json\/wp\/v2\/types\/page"}],"author":[{"embeddable":true,"href":"https:\/\/www.tiptoe.fr\/de\/wp-json\/wp\/v2\/users\/6981"}],"replies":[{"embeddable":true,"href":"https:\/\/www.tiptoe.fr\/de\/wp-json\/wp\/v2\/comments?post=226236"}],"version-history":[{"count":1,"href":"https:\/\/www.tiptoe.fr\/de\/wp-json\/wp\/v2\/pages\/226236\/revisions"}],"predecessor-version":[{"id":226237,"href":"https:\/\/www.tiptoe.fr\/de\/wp-json\/wp\/v2\/pages\/226236\/revisions\/226237"}],"wp:attachment":[{"href":"https:\/\/www.tiptoe.fr\/de\/wp-json\/wp\/v2\/media?parent=226236"}],"curies":[{"name":"wp","href":"https:\/\/api.w.org\/{rel}","templated":true}]}}