{"id":225244,"date":"2018-06-04T17:03:23","date_gmt":"2018-06-04T15:03:23","guid":{"rendered":"https:\/\/www.tiptoe.fr\/mentions-legales\/"},"modified":"2023-02-16T15:32:18","modified_gmt":"2023-02-16T14:32:18","slug":"gesetzliche-hinweise","status":"publish","type":"page","link":"https:\/\/www.tiptoe.fr\/de\/gesetzliche-hinweise\/","title":{"rendered":"Gesetzliche Hinweise"},"content":{"rendered":"<p>Gem\u00e4\u00df dem Gesetz laden wir Sie ein, die vorliegenden allgemeinen Nutzungsbedingungen zur Kenntnis zu nehmen.<\/p>\n<p>Das Surfen und die Nutzung der Website tiptoe.fr setzt die Annahme der unten aufgef\u00fchrten allgemeinen Bedingungen voraus.<\/p>\n<p>Sie k\u00f6nnen jederzeit ge\u00e4ndert oder erg\u00e4nzt werden, ohne dass der Nutzer ausdr\u00fccklich dar\u00fcber informiert werden muss. Wir empfehlen Ihnen daher, sie regelm\u00e4\u00dfig zu \u00fcberpr\u00fcfen.<\/p>\n<h2>Rechtliche Informationen<\/h2>\n<p>&nbsp;<\/p>\n<p>Die vorliegenden Allgemeinen Gesch\u00e4ftsbedingungen gelten zwischen den Nutzern und TIP TOE SAS (im Folgenden &#8220;TIPTOE&#8221;), einer Gesellschaft mit einem Kapital von 6109,80\u20ac, deren Hauptsitz sich in 46, rue du Faubourg Saint Martin befindet und die im Handelsregister Paris 812 719 433 eingetragen ist.<\/p>\n<p>Intrakommunale Mehrwertsteuer-Nr.: FR 67 812 719 433<\/p>\n<p>Der Leiter der Publikation ist Herr Matthieu Bourgeaux, Vorsitzender.<\/p>\n<p>Um uns zu kontaktieren :<\/p>\n<p>hello@tiptoe.fr<\/p>\n<p>Das Hosting der Website wird von :<\/p>\n<p>OVH<\/p>\n<p>2 Rue Kellermann<\/p>\n<p>59100 Roubaix<\/p>\n<p>www.ovh.com<\/p>\n<h2>Geistige Eigentumsrechte<\/h2>\n<p>&nbsp;<\/p>\n<p>Die Website unterliegt in ihrer Gesamtheit der franz\u00f6sischen Gesetzgebung.<\/p>\n<p>Alle Bilder, Fotografien, Illustrationen und Designs sowie die Texte und Kommentare, die auf der Website der Gesellschaft TIPTOE wiedergegeben werden, sind durch das Urheberrecht, das Markenrecht und das Recht am eigenen Bild gesch\u00fctzt, und zwar weltweit.<\/p>\n<p>Der auf dieser Website verbreitete Inhalt ist das vollst\u00e4ndige und uneingeschr\u00e4nkte Eigentum der Gesellschaft TIPTOE. Der Inhalt darf daher ohne die ausdr\u00fcckliche schriftliche Zustimmung der Firma TIPTOE nicht verwendet, ver\u00e4ndert oder angepasst werden. Jede nicht genehmigte Nutzung der Website tiptoe.fr oder ihres Inhalts kann als Plagiat angesehen und gem\u00e4\u00df den Artikeln L. 335-2 ff. des franz\u00f6sischen Gesetzbuchs \u00fcber geistiges Eigentum verfolgt werden.<\/p>\n<p>Jeder Link, auch wenn er stillschweigend genehmigt wurde, der auf die TIPTOE-Website oder eine ihrer Satellitenseiten verweist, muss auf einfache Anfrage der Gesellschaft TIPTOE entfernt werden.<\/p>\n<p>Die vorliegenden Bedingungen gew\u00e4hren dem Nutzer keine Lizenzen zur Nutzung der Marken, Logos oder Fotografien von TIPTOE.<\/p>\n<p>Die nicht genehmigte Wiederverwendung, Reproduktion (ganz oder teilweise) oder Extraktion ist strengstens untersagt und f\u00fchrt zur Haftung des Nutzers.<\/p>\n<h2>Namentliche Daten<\/h2>\n<p>&nbsp;<\/p>\n<p>Die Firma TIPTOE beh\u00e4lt sich das Recht vor, Daten \u00fcber die Nutzer der Website zu sammeln, und zwar auf namentliche Weise. Wenn Sie eines unserer Produkte online kaufen m\u00f6chten, m\u00fcssen Sie uns bestimmte pers\u00f6nliche Informationen zur Verf\u00fcgung stellen, um Ihre Bestellung aufgeben zu k\u00f6nnen. Diese Informationen werden sicher aufbewahrt und k\u00f6nnen aktualisiert werden, wenn der Nutzer dies w\u00fcnscht.<\/p>\n<p>Das Unternehmen verpflichtet sich, die auf seiner Website gesammelten pers\u00f6nlichen Daten nicht zu verbreiten. Es nimmt sich jedoch das Recht, sie zu Marketingzwecken, f\u00fcr Studien oder f\u00fcr unternehmensinterne Statistiken zu verwenden.<\/p>\n<p>In \u00dcbereinstimmung mit dem Gesetz Nr. 78-17 vom 6. Januar 1978 wurde tiptoe.fr bei der &#8220;Commission Nationale de l&#8217;Informatique et des Libert\u00e9s&#8221; (CNIL) unter der Nummer 1882815 angemeldet und beschr\u00e4nkt TIPTOE bei der Sammlung und Verarbeitung dieser Informationen auf die interne Verwendung. Diese Informationen sind f\u00fcr die Bearbeitung der Bestellung des K\u00e4ufers notwendig. In keinem Fall werden die gesammelten Daten an Dritte verkauft.<\/p>\n<p>Kommentare, Vorschl\u00e4ge, Meinungen werden jedoch als solche behandelt und sind daher nicht vertraulich und fallen nicht unter Ihr Privateigentum.<\/p>\n<p>Der Nutzer hat dennoch ein Recht auf Widerspruch, Zugang, \u00c4nderung und L\u00f6schung seiner Daten (Art. 40 des Gesetzes \u00fcber Informatik und Freiheit). Um dieses Recht auszu\u00fcben, muss der Nutzer TIPTOE entweder auf dem Postweg oder per E-Mail kontaktieren.<\/p>\n<h2>Cookie-Richtlinien<\/h2>\n<p>&nbsp;<\/p>\n<p>Der Kunde erm\u00e4chtigt die Firma TIPTOE ausdr\u00fccklich, auf der Festplatte des Kunden eine sogenannte &#8220;Cookie&#8221;-Datei zu hinterlegen.<\/p>\n<p>Dieser &#8220;Cookie&#8221; hat zum Ziel, die Sammlung von Statistiken, die Wiedererkennung des Kunden und seine Identifizierung im Bereich &#8220;Mein Konto&#8221; der Website der Gesellschaft TIPTOE zu erleichtern. Ein Cookie erm\u00f6glicht es uns nicht, Sie namentlich zu identifizieren. Im Allgemeinen speichert er Informationen \u00fcber Ihre Navigation auf unserer Website, die wir bei Ihren sp\u00e4teren Besuchen lesen k\u00f6nnen.<br \/>\nDiese Daten sind ausschlie\u00dflich f\u00fcr den internen Gebrauch von TIPTOE bestimmt und werden nicht an Dritte weitergegeben.<\/p>\n<p>Sie k\u00f6nnen sich der Verwendung von Cookies widersetzen, indem Sie Ihren Browser entsprechend einstellen.<\/p>\n<p>Einige Cookies sind Werbe-Cookies, die es uns erm\u00f6glichen, die besuchten Produkte zu speichern, um Ihnen innerhalb von maximal 90 Tagen Werbebanner zu pr\u00e4sentieren, die Ihrem Interesse entsprechen. Wenn Sie beim Surfen keine Werbe-Cookies erhalten m\u00f6chten, m\u00fcssen Sie dies in den Einstellungen Ihres Browsers festlegen.<\/p>\n<h2>Verantwortlichkeit<\/h2>\n<p>&nbsp;<\/p>\n<p>TIPTOE verpflichtet sich, alle Anstrengungen zu unternehmen, um sicherzustellen, dass die Informationen auf dieser Website aktuell und genau sind. Im Falle h\u00f6herer Gewalt, eines Eindringens von au\u00dfen oder der Pr\u00e4senz eines Computervirus kann TIPTOE die Website jedoch unterbrechen. TIPTOE wird alles tun, um die Nutzer dar\u00fcber zu informieren. In diesem Fall kann die Firma TIPTOE nicht haftbar gemacht werden.<\/p>\n<p>Die Gesellschaft TIPTOE kann nicht f\u00fcr alle Nachteile oder Sch\u00e4den haftbar gemacht werden, die mit der Nutzung des Internetnetzes verbunden sind und au\u00dferhalb der von der Gesellschaft getroffenen Vorsichtsma\u00dfnahmen liegen.<\/p>\n<p>TIPTOE beh\u00e4lt sich das Recht vor, jedes Element der Website zu \u00e4ndern. Das Unternehmen kann auch beschlie\u00dfen, die vorliegenden Bedingungen jederzeit zu \u00e4ndern.<\/p>\n<h2>Verwendung der Fotos und Abtretung der Rechte<\/h2>\n<p>&nbsp;<\/p>\n<p>Wenn Sie Inhalte in sozialen Netzwerken unter Verwendung der Kennung @tiptoedesign oder des Hashtags #tiptoedesign auf dem Bild und\/oder als Kommentar ver\u00f6ffentlichen, wird der Urheber der Fotografie:<\/p>\n<p>\u2013 die Firma TIP TOE S.A.S. autorisieren, das Foto zu verwenden ;<\/p>\n<p>\u2013 ihnen zu diesem Zweck vorbehaltlos das Recht auf Vervielf\u00e4ltigung, Darstellung und Bearbeitung, das mit der Fotografie verbunden ist, \u00fcbertragen<\/p>\n<p>Diese Genehmigung und Abtretung der Rechte gilt weltweit und f\u00fcr einen Zeitraum von f\u00fcnf (5) Jahren ab der Ver\u00f6ffentlichung des oben genannten Inhalts.<\/p>\n<p>Die Gesellschaft TIP TOE S.A.S. darf diese Fotografie zu allen kommerziellen, verkaufsf\u00f6rdernden und Werbezwecken vervielf\u00e4ltigen, darstellen und anpassen, \u00fcber jedes Mittel und auf jedem Tr\u00e4ger, insbesondere \u00fcber das Internet und Printmedien.<\/p>\n<p>Sie erlauben der Gesellschaft TIP TOE S.A.S. auch, Ihr Konto in Verbindung mit der Fotografie zu erw\u00e4hnen.<\/p>\n<p>Sie erkennen an und akzeptieren, dass diese Genehmigung und Abtretung unentgeltlich erfolgt und keinen Anspruch auf irgendeine Verg\u00fctung begr\u00fcndet.<\/p>\n<h2>Hyperlinks<\/h2>\n<p>&nbsp;<\/p>\n<p>TIPTOE haftet nicht f\u00fcr Hyperlinks, die zu externen Seiten f\u00fchren, insbesondere nicht f\u00fcr kommerzielle Angebote oder Werbung, die Ihnen auf dieser Seite angeboten werden. Die Entscheidung, einen Hypertext-Link zu aktivieren, bleibt alleiniges Eigentum der Nutzer der Seite.<\/p>\n<h2>Anwendbares Recht &amp; Teilbarkeit der Ursachen<\/h2>\n<p>&nbsp;<\/p>\n<p>Sollte ein Nutzer, eine Institution oder eine andere juristische Person aus irgendeinem Grund eine oder mehrere Bestimmungen dieser Hinweise anfechten, so hat die Ung\u00fcltigkeit dieser Bestimmung(en) keinen Einfluss auf den Rest der Bedingungen und entbindet den Nutzer nicht von den oben genannten Verpflichtungen.<\/p>\n<p>Die Website unterliegt dem franz\u00f6sischen Recht. Die oben genannten Bedingungen werden in \u00dcbereinstimmung mit dem franz\u00f6sischen Recht ausgelegt. Ausl\u00e4ndische Nutzer m\u00fcssen sicherstellen, dass sie die \u00f6rtlichen Gesetze einhalten.<\/p>\n","protected":false},"excerpt":{"rendered":"<p>Gem\u00e4\u00df dem Gesetz laden wir Sie ein, die vorliegenden allgemeinen Nutzungsbedingungen zur Kenntnis zu nehmen. Das Surfen und die Nutzung der Website tiptoe.fr setzt die Annahme der unten aufgef\u00fchrten allgemeinen Bedingungen voraus. Sie k\u00f6nnen jederzeit ge\u00e4ndert oder erg\u00e4nzt werden, ohne dass der Nutzer ausdr\u00fccklich dar\u00fcber informiert werden muss. Wir empfehlen Ihnen daher, sie regelm\u00e4\u00dfig zu [&hellip;]<\/p>\n","protected":false},"author":605,"featured_media":0,"parent":0,"menu_order":236,"comment_status":"closed","ping_status":"closed","template":"","meta":{"_acf_changed":false,"footnotes":""},"class_list":["post-225244","page","type-page","status-publish","hentry"],"acf":[],"yoast_head":"<!-- This site is optimized with the Yoast SEO plugin v26.3 - https:\/\/yoast.com\/wordpress\/plugins\/seo\/ -->\n<title>Gesetzliche Hinweise der Internetseite der Gesellschaft<\/title>\n<meta name=\"description\" content=\"Die rechtlichen Hinweise der Website des Unternehmens TIPTOE SAS. Rechtliche Informationen. Recht auf geistiges Eigentum.\" \/>\n<meta name=\"robots\" content=\"index, follow, max-snippet:-1, max-image-preview:large, max-video-preview:-1\" \/>\n<link rel=\"canonical\" href=\"https:\/\/www.tiptoe.fr\/de\/gesetzliche-hinweise\/\" \/>\n<meta property=\"og:locale\" content=\"de_DE\" \/>\n<meta property=\"og:type\" content=\"article\" \/>\n<meta property=\"og:title\" content=\"Gesetzliche Hinweise der Internetseite der Gesellschaft\" \/>\n<meta property=\"og:description\" content=\"Die rechtlichen Hinweise der Website des Unternehmens TIPTOE SAS. Rechtliche Informationen. Recht auf geistiges Eigentum.\" \/>\n<meta property=\"og:url\" content=\"https:\/\/www.tiptoe.fr\/de\/gesetzliche-hinweise\/\" \/>\n<meta property=\"og:site_name\" content=\"TIPTOE\" \/>\n<meta property=\"article:publisher\" content=\"https:\/\/www.facebook.com\/tiptoedesign\" \/>\n<meta property=\"article:modified_time\" content=\"2023-02-16T14:32:18+00:00\" \/>\n<meta name=\"twitter:card\" content=\"summary_large_image\" \/>\n<meta name=\"twitter:site\" content=\"@tiptoedesign\" \/>\n<meta name=\"twitter:label1\" content=\"Est. reading time\" \/>\n\t<meta name=\"twitter:data1\" content=\"6 minutes\" \/>\n<script type=\"application\/ld+json\" class=\"yoast-schema-graph\">{\"@context\":\"https:\/\/schema.org\",\"@graph\":[{\"@type\":\"WebPage\",\"@id\":\"https:\/\/www.tiptoe.fr\/de\/gesetzliche-hinweise\/\",\"url\":\"https:\/\/www.tiptoe.fr\/de\/gesetzliche-hinweise\/\",\"name\":\"Gesetzliche Hinweise der Internetseite der Gesellschaft\",\"isPartOf\":{\"@id\":\"https:\/\/www.tiptoe.fr\/de\/#website\"},\"datePublished\":\"2018-06-04T15:03:23+00:00\",\"dateModified\":\"2023-02-16T14:32:18+00:00\",\"description\":\"Die rechtlichen Hinweise der Website des Unternehmens TIPTOE SAS. Rechtliche Informationen. Recht auf geistiges Eigentum.\",\"breadcrumb\":{\"@id\":\"https:\/\/www.tiptoe.fr\/de\/gesetzliche-hinweise\/#breadcrumb\"},\"inLanguage\":\"de-DE\",\"potentialAction\":[{\"@type\":\"ReadAction\",\"target\":[\"https:\/\/www.tiptoe.fr\/de\/gesetzliche-hinweise\/\"]}]},{\"@type\":\"BreadcrumbList\",\"@id\":\"https:\/\/www.tiptoe.fr\/de\/gesetzliche-hinweise\/#breadcrumb\",\"itemListElement\":[{\"@type\":\"ListItem\",\"position\":1,\"name\":\"Startseite\",\"item\":\"https:\/\/www.tiptoe.fr\/de\/\"},{\"@type\":\"ListItem\",\"position\":2,\"name\":\"Gesetzliche Hinweise\"}]},{\"@type\":\"WebSite\",\"@id\":\"https:\/\/www.tiptoe.fr\/de\/#website\",\"url\":\"https:\/\/www.tiptoe.fr\/de\/\",\"name\":\"TIPTOE\",\"description\":\"\",\"publisher\":{\"@id\":\"https:\/\/www.tiptoe.fr\/de\/#organization\"},\"potentialAction\":[{\"@type\":\"SearchAction\",\"target\":{\"@type\":\"EntryPoint\",\"urlTemplate\":\"https:\/\/www.tiptoe.fr\/de\/?s={search_term_string}\"},\"query-input\":{\"@type\":\"PropertyValueSpecification\",\"valueRequired\":true,\"valueName\":\"search_term_string\"}}],\"inLanguage\":\"de-DE\"},{\"@type\":\"Organization\",\"@id\":\"https:\/\/www.tiptoe.fr\/de\/#organization\",\"name\":\"TIPTOE\",\"url\":\"https:\/\/www.tiptoe.fr\/de\/\",\"logo\":{\"@type\":\"ImageObject\",\"inLanguage\":\"de-DE\",\"@id\":\"https:\/\/www.tiptoe.fr\/de\/#\/schema\/logo\/image\/\",\"url\":\"https:\/\/www.tiptoe.fr\/wp-content\/uploads\/2024\/06\/Logo.png\",\"contentUrl\":\"https:\/\/www.tiptoe.fr\/wp-content\/uploads\/2024\/06\/Logo.png\",\"width\":133,\"height\":26,\"caption\":\"TIPTOE\"},\"image\":{\"@id\":\"https:\/\/www.tiptoe.fr\/de\/#\/schema\/logo\/image\/\"},\"sameAs\":[\"https:\/\/www.facebook.com\/tiptoedesign\",\"https:\/\/x.com\/tiptoedesign\",\"https:\/\/www.instagram.com\/tiptoedesign\/\",\"https:\/\/www.pinterest.fr\/tiptoedesign\/\"]}]}<\/script>\n<!-- \/ Yoast SEO plugin. -->","yoast_head_json":{"title":"Gesetzliche Hinweise der Internetseite der Gesellschaft","description":"Die rechtlichen Hinweise der Website des Unternehmens TIPTOE SAS. Rechtliche Informationen. Recht auf geistiges Eigentum.","robots":{"index":"index","follow":"follow","max-snippet":"max-snippet:-1","max-image-preview":"max-image-preview:large","max-video-preview":"max-video-preview:-1"},"canonical":"https:\/\/www.tiptoe.fr\/de\/gesetzliche-hinweise\/","og_locale":"de_DE","og_type":"article","og_title":"Gesetzliche Hinweise der Internetseite der Gesellschaft","og_description":"Die rechtlichen Hinweise der Website des Unternehmens TIPTOE SAS. Rechtliche Informationen. Recht auf geistiges Eigentum.","og_url":"https:\/\/www.tiptoe.fr\/de\/gesetzliche-hinweise\/","og_site_name":"TIPTOE","article_publisher":"https:\/\/www.facebook.com\/tiptoedesign","article_modified_time":"2023-02-16T14:32:18+00:00","twitter_card":"summary_large_image","twitter_site":"@tiptoedesign","twitter_misc":{"Est. reading time":"6 minutes"},"schema":{"@context":"https:\/\/schema.org","@graph":[{"@type":"WebPage","@id":"https:\/\/www.tiptoe.fr\/de\/gesetzliche-hinweise\/","url":"https:\/\/www.tiptoe.fr\/de\/gesetzliche-hinweise\/","name":"Gesetzliche Hinweise der Internetseite der Gesellschaft","isPartOf":{"@id":"https:\/\/www.tiptoe.fr\/de\/#website"},"datePublished":"2018-06-04T15:03:23+00:00","dateModified":"2023-02-16T14:32:18+00:00","description":"Die rechtlichen Hinweise der Website des Unternehmens TIPTOE SAS. Rechtliche Informationen. Recht auf geistiges Eigentum.","breadcrumb":{"@id":"https:\/\/www.tiptoe.fr\/de\/gesetzliche-hinweise\/#breadcrumb"},"inLanguage":"de-DE","potentialAction":[{"@type":"ReadAction","target":["https:\/\/www.tiptoe.fr\/de\/gesetzliche-hinweise\/"]}]},{"@type":"BreadcrumbList","@id":"https:\/\/www.tiptoe.fr\/de\/gesetzliche-hinweise\/#breadcrumb","itemListElement":[{"@type":"ListItem","position":1,"name":"Startseite","item":"https:\/\/www.tiptoe.fr\/de\/"},{"@type":"ListItem","position":2,"name":"Gesetzliche Hinweise"}]},{"@type":"WebSite","@id":"https:\/\/www.tiptoe.fr\/de\/#website","url":"https:\/\/www.tiptoe.fr\/de\/","name":"TIPTOE","description":"","publisher":{"@id":"https:\/\/www.tiptoe.fr\/de\/#organization"},"potentialAction":[{"@type":"SearchAction","target":{"@type":"EntryPoint","urlTemplate":"https:\/\/www.tiptoe.fr\/de\/?s={search_term_string}"},"query-input":{"@type":"PropertyValueSpecification","valueRequired":true,"valueName":"search_term_string"}}],"inLanguage":"de-DE"},{"@type":"Organization","@id":"https:\/\/www.tiptoe.fr\/de\/#organization","name":"TIPTOE","url":"https:\/\/www.tiptoe.fr\/de\/","logo":{"@type":"ImageObject","inLanguage":"de-DE","@id":"https:\/\/www.tiptoe.fr\/de\/#\/schema\/logo\/image\/","url":"https:\/\/www.tiptoe.fr\/wp-content\/uploads\/2024\/06\/Logo.png","contentUrl":"https:\/\/www.tiptoe.fr\/wp-content\/uploads\/2024\/06\/Logo.png","width":133,"height":26,"caption":"TIPTOE"},"image":{"@id":"https:\/\/www.tiptoe.fr\/de\/#\/schema\/logo\/image\/"},"sameAs":["https:\/\/www.facebook.com\/tiptoedesign","https:\/\/x.com\/tiptoedesign","https:\/\/www.instagram.com\/tiptoedesign\/","https:\/\/www.pinterest.fr\/tiptoedesign\/"]}]}},"_links":{"self":[{"href":"https:\/\/www.tiptoe.fr\/de\/wp-json\/wp\/v2\/pages\/225244","targetHints":{"allow":["GET"]}}],"collection":[{"href":"https:\/\/www.tiptoe.fr\/de\/wp-json\/wp\/v2\/pages"}],"about":[{"href":"https:\/\/www.tiptoe.fr\/de\/wp-json\/wp\/v2\/types\/page"}],"author":[{"embeddable":true,"href":"https:\/\/www.tiptoe.fr\/de\/wp-json\/wp\/v2\/users\/605"}],"replies":[{"embeddable":true,"href":"https:\/\/www.tiptoe.fr\/de\/wp-json\/wp\/v2\/comments?post=225244"}],"version-history":[{"count":2,"href":"https:\/\/www.tiptoe.fr\/de\/wp-json\/wp\/v2\/pages\/225244\/revisions"}],"predecessor-version":[{"id":225836,"href":"https:\/\/www.tiptoe.fr\/de\/wp-json\/wp\/v2\/pages\/225244\/revisions\/225836"}],"wp:attachment":[{"href":"https:\/\/www.tiptoe.fr\/de\/wp-json\/wp\/v2\/media?parent=225244"}],"curies":[{"name":"wp","href":"https:\/\/api.w.org\/{rel}","templated":true}]}}