{"id":225225,"date":"2020-06-11T10:02:24","date_gmt":"2020-06-11T08:02:24","guid":{"rendered":"https:\/\/www.tiptoe.fr\/nachhaltigkeit\/5-principes-pour-un-design-durable\/"},"modified":"2024-07-17T09:40:09","modified_gmt":"2024-07-17T07:40:09","slug":"5-prinzipien-fuer-ein-nachhalitges-design","status":"publish","type":"page","link":"https:\/\/www.tiptoe.fr\/de\/nachhaltigkeit\/5-prinzipien-fuer-ein-nachhalitges-design\/","title":{"rendered":"5 nachhaltige Prinzipen"},"content":{"rendered":"","protected":false},"excerpt":{"rendered":"","protected":false},"author":6981,"featured_media":274377,"parent":225218,"menu_order":108,"comment_status":"closed","ping_status":"closed","template":"page-5-principes-pour-un-design-durable.php","meta":{"_acf_changed":false,"footnotes":""},"class_list":["post-225225","page","type-page","status-publish","has-post-thumbnail","hentry"],"acf":[],"yoast_head":"<!-- This site is optimized with the Yoast SEO plugin v26.3 - https:\/\/yoast.com\/wordpress\/plugins\/seo\/ -->\n<title>TIPTOEs 5 Prinzipien f\u00fcr nachhaltiges Design<\/title>\n<meta name=\"description\" content=\"TIPTOE hat f\u00fcnf Prinzipien f\u00fcr nachhaltiges Design aufgestellt. Sie sind eine Leitlinie f\u00fcr das Design jedes Produkts und leiten unsere Mission.\" \/>\n<meta name=\"robots\" content=\"index, follow, max-snippet:-1, max-image-preview:large, max-video-preview:-1\" \/>\n<link rel=\"canonical\" href=\"https:\/\/www.tiptoe.fr\/de\/nachhaltigkeit\/5-prinzipien-fuer-ein-nachhalitges-design\/\" \/>\n<meta property=\"og:locale\" content=\"de_DE\" \/>\n<meta property=\"og:type\" content=\"article\" \/>\n<meta property=\"og:title\" content=\"TIPTOEs 5 Prinzipien f\u00fcr nachhaltiges Design\" \/>\n<meta property=\"og:description\" content=\"TIPTOE hat f\u00fcnf Prinzipien f\u00fcr nachhaltiges Design aufgestellt. Sie sind eine Leitlinie f\u00fcr das Design jedes Produkts und leiten unsere Mission.\" \/>\n<meta property=\"og:url\" content=\"https:\/\/www.tiptoe.fr\/de\/nachhaltigkeit\/5-prinzipien-fuer-ein-nachhalitges-design\/\" \/>\n<meta property=\"og:site_name\" content=\"TIPTOE\" \/>\n<meta property=\"article:publisher\" content=\"https:\/\/www.facebook.com\/tiptoedesign\" \/>\n<meta property=\"article:modified_time\" content=\"2024-07-17T07:40:09+00:00\" \/>\n<meta property=\"og:image\" content=\"https:\/\/www.tiptoe.fr\/wp-content\/uploads\/2024\/07\/TIPTOE_SSD_Full-Wood-Chair-282329-tst1_28129.jpg\" \/>\n\t<meta property=\"og:image:width\" content=\"600\" \/>\n\t<meta property=\"og:image:height\" content=\"800\" \/>\n\t<meta property=\"og:image:type\" content=\"image\/jpeg\" \/>\n<meta name=\"twitter:card\" content=\"summary_large_image\" \/>\n<meta name=\"twitter:site\" content=\"@tiptoedesign\" \/>\n<meta name=\"twitter:label1\" content=\"Est. reading time\" \/>\n\t<meta name=\"twitter:data1\" content=\"1 minute\" \/>\n<script type=\"application\/ld+json\" class=\"yoast-schema-graph\">{\"@context\":\"https:\/\/schema.org\",\"@graph\":[{\"@type\":\"WebPage\",\"@id\":\"https:\/\/www.tiptoe.fr\/de\/nachhaltigkeit\/5-prinzipien-fuer-ein-nachhalitges-design\/\",\"url\":\"https:\/\/www.tiptoe.fr\/de\/nachhaltigkeit\/5-prinzipien-fuer-ein-nachhalitges-design\/\",\"name\":\"TIPTOEs 5 Prinzipien f\u00fcr nachhaltiges Design\",\"isPartOf\":{\"@id\":\"https:\/\/www.tiptoe.fr\/de\/#website\"},\"primaryImageOfPage\":{\"@id\":\"https:\/\/www.tiptoe.fr\/de\/nachhaltigkeit\/5-prinzipien-fuer-ein-nachhalitges-design\/#primaryimage\"},\"image\":{\"@id\":\"https:\/\/www.tiptoe.fr\/de\/nachhaltigkeit\/5-prinzipien-fuer-ein-nachhalitges-design\/#primaryimage\"},\"thumbnailUrl\":\"https:\/\/www.tiptoe.fr\/wp-content\/uploads\/2024\/07\/TIPTOE_SSD_Full-Wood-Chair-282329-tst1_28129.jpg\",\"datePublished\":\"2020-06-11T08:02:24+00:00\",\"dateModified\":\"2024-07-17T07:40:09+00:00\",\"description\":\"TIPTOE hat f\u00fcnf Prinzipien f\u00fcr nachhaltiges Design aufgestellt. Sie sind eine Leitlinie f\u00fcr das Design jedes Produkts und leiten unsere Mission.\",\"breadcrumb\":{\"@id\":\"https:\/\/www.tiptoe.fr\/de\/nachhaltigkeit\/5-prinzipien-fuer-ein-nachhalitges-design\/#breadcrumb\"},\"inLanguage\":\"de-DE\",\"potentialAction\":[{\"@type\":\"ReadAction\",\"target\":[\"https:\/\/www.tiptoe.fr\/de\/nachhaltigkeit\/5-prinzipien-fuer-ein-nachhalitges-design\/\"]}]},{\"@type\":\"ImageObject\",\"inLanguage\":\"de-DE\",\"@id\":\"https:\/\/www.tiptoe.fr\/de\/nachhaltigkeit\/5-prinzipien-fuer-ein-nachhalitges-design\/#primaryimage\",\"url\":\"https:\/\/www.tiptoe.fr\/wp-content\/uploads\/2024\/07\/TIPTOE_SSD_Full-Wood-Chair-282329-tst1_28129.jpg\",\"contentUrl\":\"https:\/\/www.tiptoe.fr\/wp-content\/uploads\/2024\/07\/TIPTOE_SSD_Full-Wood-Chair-282329-tst1_28129.jpg\",\"width\":600,\"height\":800},{\"@type\":\"BreadcrumbList\",\"@id\":\"https:\/\/www.tiptoe.fr\/de\/nachhaltigkeit\/5-prinzipien-fuer-ein-nachhalitges-design\/#breadcrumb\",\"itemListElement\":[{\"@type\":\"ListItem\",\"position\":1,\"name\":\"Startseite\",\"item\":\"https:\/\/www.tiptoe.fr\/de\/\"},{\"@type\":\"ListItem\",\"position\":2,\"name\":\"Das Studio\",\"item\":\"https:\/\/www.tiptoe.fr\/de\/nachhaltigkeit\/\"},{\"@type\":\"ListItem\",\"position\":3,\"name\":\"5 nachhaltige Prinzipen\"}]},{\"@type\":\"WebSite\",\"@id\":\"https:\/\/www.tiptoe.fr\/de\/#website\",\"url\":\"https:\/\/www.tiptoe.fr\/de\/\",\"name\":\"TIPTOE\",\"description\":\"\",\"publisher\":{\"@id\":\"https:\/\/www.tiptoe.fr\/de\/#organization\"},\"potentialAction\":[{\"@type\":\"SearchAction\",\"target\":{\"@type\":\"EntryPoint\",\"urlTemplate\":\"https:\/\/www.tiptoe.fr\/de\/?s={search_term_string}\"},\"query-input\":{\"@type\":\"PropertyValueSpecification\",\"valueRequired\":true,\"valueName\":\"search_term_string\"}}],\"inLanguage\":\"de-DE\"},{\"@type\":\"Organization\",\"@id\":\"https:\/\/www.tiptoe.fr\/de\/#organization\",\"name\":\"TIPTOE\",\"url\":\"https:\/\/www.tiptoe.fr\/de\/\",\"logo\":{\"@type\":\"ImageObject\",\"inLanguage\":\"de-DE\",\"@id\":\"https:\/\/www.tiptoe.fr\/de\/#\/schema\/logo\/image\/\",\"url\":\"https:\/\/www.tiptoe.fr\/wp-content\/uploads\/2024\/06\/Logo.png\",\"contentUrl\":\"https:\/\/www.tiptoe.fr\/wp-content\/uploads\/2024\/06\/Logo.png\",\"width\":133,\"height\":26,\"caption\":\"TIPTOE\"},\"image\":{\"@id\":\"https:\/\/www.tiptoe.fr\/de\/#\/schema\/logo\/image\/\"},\"sameAs\":[\"https:\/\/www.facebook.com\/tiptoedesign\",\"https:\/\/x.com\/tiptoedesign\",\"https:\/\/www.instagram.com\/tiptoedesign\/\",\"https:\/\/www.pinterest.fr\/tiptoedesign\/\"]}]}<\/script>\n<!-- \/ Yoast SEO plugin. -->","yoast_head_json":{"title":"TIPTOEs 5 Prinzipien f\u00fcr nachhaltiges Design","description":"TIPTOE hat f\u00fcnf Prinzipien f\u00fcr nachhaltiges Design aufgestellt. Sie sind eine Leitlinie f\u00fcr das Design jedes Produkts und leiten unsere Mission.","robots":{"index":"index","follow":"follow","max-snippet":"max-snippet:-1","max-image-preview":"max-image-preview:large","max-video-preview":"max-video-preview:-1"},"canonical":"https:\/\/www.tiptoe.fr\/de\/nachhaltigkeit\/5-prinzipien-fuer-ein-nachhalitges-design\/","og_locale":"de_DE","og_type":"article","og_title":"TIPTOEs 5 Prinzipien f\u00fcr nachhaltiges Design","og_description":"TIPTOE hat f\u00fcnf Prinzipien f\u00fcr nachhaltiges Design aufgestellt. Sie sind eine Leitlinie f\u00fcr das Design jedes Produkts und leiten unsere Mission.","og_url":"https:\/\/www.tiptoe.fr\/de\/nachhaltigkeit\/5-prinzipien-fuer-ein-nachhalitges-design\/","og_site_name":"TIPTOE","article_publisher":"https:\/\/www.facebook.com\/tiptoedesign","article_modified_time":"2024-07-17T07:40:09+00:00","og_image":[{"width":600,"height":800,"url":"https:\/\/www.tiptoe.fr\/wp-content\/uploads\/2024\/07\/TIPTOE_SSD_Full-Wood-Chair-282329-tst1_28129.jpg","type":"image\/jpeg"}],"twitter_card":"summary_large_image","twitter_site":"@tiptoedesign","twitter_misc":{"Est. reading time":"1 minute"},"schema":{"@context":"https:\/\/schema.org","@graph":[{"@type":"WebPage","@id":"https:\/\/www.tiptoe.fr\/de\/nachhaltigkeit\/5-prinzipien-fuer-ein-nachhalitges-design\/","url":"https:\/\/www.tiptoe.fr\/de\/nachhaltigkeit\/5-prinzipien-fuer-ein-nachhalitges-design\/","name":"TIPTOEs 5 Prinzipien f\u00fcr nachhaltiges Design","isPartOf":{"@id":"https:\/\/www.tiptoe.fr\/de\/#website"},"primaryImageOfPage":{"@id":"https:\/\/www.tiptoe.fr\/de\/nachhaltigkeit\/5-prinzipien-fuer-ein-nachhalitges-design\/#primaryimage"},"image":{"@id":"https:\/\/www.tiptoe.fr\/de\/nachhaltigkeit\/5-prinzipien-fuer-ein-nachhalitges-design\/#primaryimage"},"thumbnailUrl":"https:\/\/www.tiptoe.fr\/wp-content\/uploads\/2024\/07\/TIPTOE_SSD_Full-Wood-Chair-282329-tst1_28129.jpg","datePublished":"2020-06-11T08:02:24+00:00","dateModified":"2024-07-17T07:40:09+00:00","description":"TIPTOE hat f\u00fcnf Prinzipien f\u00fcr nachhaltiges Design aufgestellt. Sie sind eine Leitlinie f\u00fcr das Design jedes Produkts und leiten unsere Mission.","breadcrumb":{"@id":"https:\/\/www.tiptoe.fr\/de\/nachhaltigkeit\/5-prinzipien-fuer-ein-nachhalitges-design\/#breadcrumb"},"inLanguage":"de-DE","potentialAction":[{"@type":"ReadAction","target":["https:\/\/www.tiptoe.fr\/de\/nachhaltigkeit\/5-prinzipien-fuer-ein-nachhalitges-design\/"]}]},{"@type":"ImageObject","inLanguage":"de-DE","@id":"https:\/\/www.tiptoe.fr\/de\/nachhaltigkeit\/5-prinzipien-fuer-ein-nachhalitges-design\/#primaryimage","url":"https:\/\/www.tiptoe.fr\/wp-content\/uploads\/2024\/07\/TIPTOE_SSD_Full-Wood-Chair-282329-tst1_28129.jpg","contentUrl":"https:\/\/www.tiptoe.fr\/wp-content\/uploads\/2024\/07\/TIPTOE_SSD_Full-Wood-Chair-282329-tst1_28129.jpg","width":600,"height":800},{"@type":"BreadcrumbList","@id":"https:\/\/www.tiptoe.fr\/de\/nachhaltigkeit\/5-prinzipien-fuer-ein-nachhalitges-design\/#breadcrumb","itemListElement":[{"@type":"ListItem","position":1,"name":"Startseite","item":"https:\/\/www.tiptoe.fr\/de\/"},{"@type":"ListItem","position":2,"name":"Das Studio","item":"https:\/\/www.tiptoe.fr\/de\/nachhaltigkeit\/"},{"@type":"ListItem","position":3,"name":"5 nachhaltige Prinzipen"}]},{"@type":"WebSite","@id":"https:\/\/www.tiptoe.fr\/de\/#website","url":"https:\/\/www.tiptoe.fr\/de\/","name":"TIPTOE","description":"","publisher":{"@id":"https:\/\/www.tiptoe.fr\/de\/#organization"},"potentialAction":[{"@type":"SearchAction","target":{"@type":"EntryPoint","urlTemplate":"https:\/\/www.tiptoe.fr\/de\/?s={search_term_string}"},"query-input":{"@type":"PropertyValueSpecification","valueRequired":true,"valueName":"search_term_string"}}],"inLanguage":"de-DE"},{"@type":"Organization","@id":"https:\/\/www.tiptoe.fr\/de\/#organization","name":"TIPTOE","url":"https:\/\/www.tiptoe.fr\/de\/","logo":{"@type":"ImageObject","inLanguage":"de-DE","@id":"https:\/\/www.tiptoe.fr\/de\/#\/schema\/logo\/image\/","url":"https:\/\/www.tiptoe.fr\/wp-content\/uploads\/2024\/06\/Logo.png","contentUrl":"https:\/\/www.tiptoe.fr\/wp-content\/uploads\/2024\/06\/Logo.png","width":133,"height":26,"caption":"TIPTOE"},"image":{"@id":"https:\/\/www.tiptoe.fr\/de\/#\/schema\/logo\/image\/"},"sameAs":["https:\/\/www.facebook.com\/tiptoedesign","https:\/\/x.com\/tiptoedesign","https:\/\/www.instagram.com\/tiptoedesign\/","https:\/\/www.pinterest.fr\/tiptoedesign\/"]}]}},"_links":{"self":[{"href":"https:\/\/www.tiptoe.fr\/de\/wp-json\/wp\/v2\/pages\/225225","targetHints":{"allow":["GET"]}}],"collection":[{"href":"https:\/\/www.tiptoe.fr\/de\/wp-json\/wp\/v2\/pages"}],"about":[{"href":"https:\/\/www.tiptoe.fr\/de\/wp-json\/wp\/v2\/types\/page"}],"author":[{"embeddable":true,"href":"https:\/\/www.tiptoe.fr\/de\/wp-json\/wp\/v2\/users\/6981"}],"replies":[{"embeddable":true,"href":"https:\/\/www.tiptoe.fr\/de\/wp-json\/wp\/v2\/comments?post=225225"}],"version-history":[{"count":2,"href":"https:\/\/www.tiptoe.fr\/de\/wp-json\/wp\/v2\/pages\/225225\/revisions"}],"predecessor-version":[{"id":274859,"href":"https:\/\/www.tiptoe.fr\/de\/wp-json\/wp\/v2\/pages\/225225\/revisions\/274859"}],"up":[{"embeddable":true,"href":"https:\/\/www.tiptoe.fr\/de\/wp-json\/wp\/v2\/pages\/225218"}],"wp:featuredmedia":[{"embeddable":true,"href":"https:\/\/www.tiptoe.fr\/de\/wp-json\/wp\/v2\/media\/274377"}],"wp:attachment":[{"href":"https:\/\/www.tiptoe.fr\/de\/wp-json\/wp\/v2\/media?parent=225225"}],"curies":[{"name":"wp","href":"https:\/\/api.w.org\/{rel}","templated":true}]}}