{"id":225222,"date":"2020-06-11T09:54:24","date_gmt":"2020-06-11T07:54:24","guid":{"rendered":"https:\/\/www.tiptoe.fr\/nachhaltigkeit\/demarche-durable\/"},"modified":"2024-07-05T15:32:49","modified_gmt":"2024-07-05T13:32:49","slug":"nachhaltiges-konzept","status":"publish","type":"page","link":"https:\/\/www.tiptoe.fr\/de\/nachhaltigkeit\/nachhaltiges-konzept\/","title":{"rendered":"Mission und Nachhaltigkeit"},"content":{"rendered":"","protected":false},"excerpt":{"rendered":"","protected":false},"author":6981,"featured_media":274365,"parent":225218,"menu_order":114,"comment_status":"closed","ping_status":"closed","template":"page-demarche-durable.php","meta":{"_acf_changed":false,"footnotes":""},"class_list":["post-225222","page","type-page","status-publish","has-post-thumbnail","hentry"],"acf":[],"yoast_head":"<!-- This site is optimized with the Yoast SEO plugin v26.3 - https:\/\/yoast.com\/wordpress\/plugins\/seo\/ -->\n<title>Unser Konzept: nachhaltige M\u00f6bel zum richtigen Preis<\/title>\n<meta name=\"description\" content=\"Unser Ansatz zur Nachhaltigkeit, indem wir die Art und Weise, wie M\u00f6bel entworfen, produziert und gekauft werden, \u00fcberdenken.\" \/>\n<meta name=\"robots\" content=\"index, follow, max-snippet:-1, max-image-preview:large, max-video-preview:-1\" \/>\n<link rel=\"canonical\" href=\"https:\/\/www.tiptoe.fr\/de\/nachhaltigkeit\/nachhaltiges-konzept\/\" \/>\n<meta property=\"og:locale\" content=\"de_DE\" \/>\n<meta property=\"og:type\" content=\"article\" \/>\n<meta property=\"og:title\" content=\"Unser Konzept: nachhaltige M\u00f6bel zum richtigen Preis\" \/>\n<meta property=\"og:description\" content=\"Unser Ansatz zur Nachhaltigkeit, indem wir die Art und Weise, wie M\u00f6bel entworfen, produziert und gekauft werden, \u00fcberdenken.\" \/>\n<meta property=\"og:url\" content=\"https:\/\/www.tiptoe.fr\/de\/nachhaltigkeit\/nachhaltiges-konzept\/\" \/>\n<meta property=\"og:site_name\" content=\"TIPTOE\" \/>\n<meta property=\"article:publisher\" content=\"https:\/\/www.facebook.com\/tiptoedesign\" \/>\n<meta property=\"article:modified_time\" content=\"2024-07-05T13:32:49+00:00\" \/>\n<meta property=\"og:image\" content=\"https:\/\/www.tiptoe.fr\/wp-content\/uploads\/2022\/05\/new-hover-notre-mission.jpg\" \/>\n\t<meta property=\"og:image:width\" content=\"500\" \/>\n\t<meta property=\"og:image:height\" content=\"500\" \/>\n\t<meta property=\"og:image:type\" content=\"image\/jpeg\" \/>\n<meta name=\"twitter:card\" content=\"summary_large_image\" \/>\n<meta name=\"twitter:site\" content=\"@tiptoedesign\" \/>\n<meta name=\"twitter:label1\" content=\"Est. reading time\" \/>\n\t<meta name=\"twitter:data1\" content=\"1 minute\" \/>\n<script type=\"application\/ld+json\" class=\"yoast-schema-graph\">{\"@context\":\"https:\/\/schema.org\",\"@graph\":[{\"@type\":\"WebPage\",\"@id\":\"https:\/\/www.tiptoe.fr\/de\/nachhaltigkeit\/nachhaltiges-konzept\/\",\"url\":\"https:\/\/www.tiptoe.fr\/de\/nachhaltigkeit\/nachhaltiges-konzept\/\",\"name\":\"Unser Konzept: nachhaltige M\u00f6bel zum richtigen Preis\",\"isPartOf\":{\"@id\":\"https:\/\/www.tiptoe.fr\/de\/#website\"},\"primaryImageOfPage\":{\"@id\":\"https:\/\/www.tiptoe.fr\/de\/nachhaltigkeit\/nachhaltiges-konzept\/#primaryimage\"},\"image\":{\"@id\":\"https:\/\/www.tiptoe.fr\/de\/nachhaltigkeit\/nachhaltiges-konzept\/#primaryimage\"},\"thumbnailUrl\":\"https:\/\/www.tiptoe.fr\/wp-content\/uploads\/2024\/07\/01_TIPTOE-UNIT305416_JMauloubier-JMauloubier-test1_28129.jpg\",\"datePublished\":\"2020-06-11T07:54:24+00:00\",\"dateModified\":\"2024-07-05T13:32:49+00:00\",\"description\":\"Unser Ansatz zur Nachhaltigkeit, indem wir die Art und Weise, wie M\u00f6bel entworfen, produziert und gekauft werden, \u00fcberdenken.\",\"breadcrumb\":{\"@id\":\"https:\/\/www.tiptoe.fr\/de\/nachhaltigkeit\/nachhaltiges-konzept\/#breadcrumb\"},\"inLanguage\":\"de-DE\",\"potentialAction\":[{\"@type\":\"ReadAction\",\"target\":[\"https:\/\/www.tiptoe.fr\/de\/nachhaltigkeit\/nachhaltiges-konzept\/\"]}]},{\"@type\":\"ImageObject\",\"inLanguage\":\"de-DE\",\"@id\":\"https:\/\/www.tiptoe.fr\/de\/nachhaltigkeit\/nachhaltiges-konzept\/#primaryimage\",\"url\":\"https:\/\/www.tiptoe.fr\/wp-content\/uploads\/2024\/07\/01_TIPTOE-UNIT305416_JMauloubier-JMauloubier-test1_28129.jpg\",\"contentUrl\":\"https:\/\/www.tiptoe.fr\/wp-content\/uploads\/2024\/07\/01_TIPTOE-UNIT305416_JMauloubier-JMauloubier-test1_28129.jpg\",\"width\":600,\"height\":800},{\"@type\":\"BreadcrumbList\",\"@id\":\"https:\/\/www.tiptoe.fr\/de\/nachhaltigkeit\/nachhaltiges-konzept\/#breadcrumb\",\"itemListElement\":[{\"@type\":\"ListItem\",\"position\":1,\"name\":\"Startseite\",\"item\":\"https:\/\/www.tiptoe.fr\/de\/\"},{\"@type\":\"ListItem\",\"position\":2,\"name\":\"Das Studio\",\"item\":\"https:\/\/www.tiptoe.fr\/de\/nachhaltigkeit\/\"},{\"@type\":\"ListItem\",\"position\":3,\"name\":\"Mission und Nachhaltigkeit\"}]},{\"@type\":\"WebSite\",\"@id\":\"https:\/\/www.tiptoe.fr\/de\/#website\",\"url\":\"https:\/\/www.tiptoe.fr\/de\/\",\"name\":\"TIPTOE\",\"description\":\"\",\"publisher\":{\"@id\":\"https:\/\/www.tiptoe.fr\/de\/#organization\"},\"potentialAction\":[{\"@type\":\"SearchAction\",\"target\":{\"@type\":\"EntryPoint\",\"urlTemplate\":\"https:\/\/www.tiptoe.fr\/de\/?s={search_term_string}\"},\"query-input\":{\"@type\":\"PropertyValueSpecification\",\"valueRequired\":true,\"valueName\":\"search_term_string\"}}],\"inLanguage\":\"de-DE\"},{\"@type\":\"Organization\",\"@id\":\"https:\/\/www.tiptoe.fr\/de\/#organization\",\"name\":\"TIPTOE\",\"url\":\"https:\/\/www.tiptoe.fr\/de\/\",\"logo\":{\"@type\":\"ImageObject\",\"inLanguage\":\"de-DE\",\"@id\":\"https:\/\/www.tiptoe.fr\/de\/#\/schema\/logo\/image\/\",\"url\":\"https:\/\/www.tiptoe.fr\/wp-content\/uploads\/2024\/06\/Logo.png\",\"contentUrl\":\"https:\/\/www.tiptoe.fr\/wp-content\/uploads\/2024\/06\/Logo.png\",\"width\":133,\"height\":26,\"caption\":\"TIPTOE\"},\"image\":{\"@id\":\"https:\/\/www.tiptoe.fr\/de\/#\/schema\/logo\/image\/\"},\"sameAs\":[\"https:\/\/www.facebook.com\/tiptoedesign\",\"https:\/\/x.com\/tiptoedesign\",\"https:\/\/www.instagram.com\/tiptoedesign\/\",\"https:\/\/www.pinterest.fr\/tiptoedesign\/\"]}]}<\/script>\n<!-- \/ Yoast SEO plugin. -->","yoast_head_json":{"title":"Unser Konzept: nachhaltige M\u00f6bel zum richtigen Preis","description":"Unser Ansatz zur Nachhaltigkeit, indem wir die Art und Weise, wie M\u00f6bel entworfen, produziert und gekauft werden, \u00fcberdenken.","robots":{"index":"index","follow":"follow","max-snippet":"max-snippet:-1","max-image-preview":"max-image-preview:large","max-video-preview":"max-video-preview:-1"},"canonical":"https:\/\/www.tiptoe.fr\/de\/nachhaltigkeit\/nachhaltiges-konzept\/","og_locale":"de_DE","og_type":"article","og_title":"Unser Konzept: nachhaltige M\u00f6bel zum richtigen Preis","og_description":"Unser Ansatz zur Nachhaltigkeit, indem wir die Art und Weise, wie M\u00f6bel entworfen, produziert und gekauft werden, \u00fcberdenken.","og_url":"https:\/\/www.tiptoe.fr\/de\/nachhaltigkeit\/nachhaltiges-konzept\/","og_site_name":"TIPTOE","article_publisher":"https:\/\/www.facebook.com\/tiptoedesign","article_modified_time":"2024-07-05T13:32:49+00:00","og_image":[{"width":500,"height":500,"url":"https:\/\/www.tiptoe.fr\/wp-content\/uploads\/2022\/05\/new-hover-notre-mission.jpg","type":"image\/jpeg"}],"twitter_card":"summary_large_image","twitter_site":"@tiptoedesign","twitter_misc":{"Est. reading time":"1 minute"},"schema":{"@context":"https:\/\/schema.org","@graph":[{"@type":"WebPage","@id":"https:\/\/www.tiptoe.fr\/de\/nachhaltigkeit\/nachhaltiges-konzept\/","url":"https:\/\/www.tiptoe.fr\/de\/nachhaltigkeit\/nachhaltiges-konzept\/","name":"Unser Konzept: nachhaltige M\u00f6bel zum richtigen Preis","isPartOf":{"@id":"https:\/\/www.tiptoe.fr\/de\/#website"},"primaryImageOfPage":{"@id":"https:\/\/www.tiptoe.fr\/de\/nachhaltigkeit\/nachhaltiges-konzept\/#primaryimage"},"image":{"@id":"https:\/\/www.tiptoe.fr\/de\/nachhaltigkeit\/nachhaltiges-konzept\/#primaryimage"},"thumbnailUrl":"https:\/\/www.tiptoe.fr\/wp-content\/uploads\/2024\/07\/01_TIPTOE-UNIT305416_JMauloubier-JMauloubier-test1_28129.jpg","datePublished":"2020-06-11T07:54:24+00:00","dateModified":"2024-07-05T13:32:49+00:00","description":"Unser Ansatz zur Nachhaltigkeit, indem wir die Art und Weise, wie M\u00f6bel entworfen, produziert und gekauft werden, \u00fcberdenken.","breadcrumb":{"@id":"https:\/\/www.tiptoe.fr\/de\/nachhaltigkeit\/nachhaltiges-konzept\/#breadcrumb"},"inLanguage":"de-DE","potentialAction":[{"@type":"ReadAction","target":["https:\/\/www.tiptoe.fr\/de\/nachhaltigkeit\/nachhaltiges-konzept\/"]}]},{"@type":"ImageObject","inLanguage":"de-DE","@id":"https:\/\/www.tiptoe.fr\/de\/nachhaltigkeit\/nachhaltiges-konzept\/#primaryimage","url":"https:\/\/www.tiptoe.fr\/wp-content\/uploads\/2024\/07\/01_TIPTOE-UNIT305416_JMauloubier-JMauloubier-test1_28129.jpg","contentUrl":"https:\/\/www.tiptoe.fr\/wp-content\/uploads\/2024\/07\/01_TIPTOE-UNIT305416_JMauloubier-JMauloubier-test1_28129.jpg","width":600,"height":800},{"@type":"BreadcrumbList","@id":"https:\/\/www.tiptoe.fr\/de\/nachhaltigkeit\/nachhaltiges-konzept\/#breadcrumb","itemListElement":[{"@type":"ListItem","position":1,"name":"Startseite","item":"https:\/\/www.tiptoe.fr\/de\/"},{"@type":"ListItem","position":2,"name":"Das Studio","item":"https:\/\/www.tiptoe.fr\/de\/nachhaltigkeit\/"},{"@type":"ListItem","position":3,"name":"Mission und Nachhaltigkeit"}]},{"@type":"WebSite","@id":"https:\/\/www.tiptoe.fr\/de\/#website","url":"https:\/\/www.tiptoe.fr\/de\/","name":"TIPTOE","description":"","publisher":{"@id":"https:\/\/www.tiptoe.fr\/de\/#organization"},"potentialAction":[{"@type":"SearchAction","target":{"@type":"EntryPoint","urlTemplate":"https:\/\/www.tiptoe.fr\/de\/?s={search_term_string}"},"query-input":{"@type":"PropertyValueSpecification","valueRequired":true,"valueName":"search_term_string"}}],"inLanguage":"de-DE"},{"@type":"Organization","@id":"https:\/\/www.tiptoe.fr\/de\/#organization","name":"TIPTOE","url":"https:\/\/www.tiptoe.fr\/de\/","logo":{"@type":"ImageObject","inLanguage":"de-DE","@id":"https:\/\/www.tiptoe.fr\/de\/#\/schema\/logo\/image\/","url":"https:\/\/www.tiptoe.fr\/wp-content\/uploads\/2024\/06\/Logo.png","contentUrl":"https:\/\/www.tiptoe.fr\/wp-content\/uploads\/2024\/06\/Logo.png","width":133,"height":26,"caption":"TIPTOE"},"image":{"@id":"https:\/\/www.tiptoe.fr\/de\/#\/schema\/logo\/image\/"},"sameAs":["https:\/\/www.facebook.com\/tiptoedesign","https:\/\/x.com\/tiptoedesign","https:\/\/www.instagram.com\/tiptoedesign\/","https:\/\/www.pinterest.fr\/tiptoedesign\/"]}]}},"_links":{"self":[{"href":"https:\/\/www.tiptoe.fr\/de\/wp-json\/wp\/v2\/pages\/225222","targetHints":{"allow":["GET"]}}],"collection":[{"href":"https:\/\/www.tiptoe.fr\/de\/wp-json\/wp\/v2\/pages"}],"about":[{"href":"https:\/\/www.tiptoe.fr\/de\/wp-json\/wp\/v2\/types\/page"}],"author":[{"embeddable":true,"href":"https:\/\/www.tiptoe.fr\/de\/wp-json\/wp\/v2\/users\/6981"}],"replies":[{"embeddable":true,"href":"https:\/\/www.tiptoe.fr\/de\/wp-json\/wp\/v2\/comments?post=225222"}],"version-history":[{"count":3,"href":"https:\/\/www.tiptoe.fr\/de\/wp-json\/wp\/v2\/pages\/225222\/revisions"}],"predecessor-version":[{"id":273504,"href":"https:\/\/www.tiptoe.fr\/de\/wp-json\/wp\/v2\/pages\/225222\/revisions\/273504"}],"up":[{"embeddable":true,"href":"https:\/\/www.tiptoe.fr\/de\/wp-json\/wp\/v2\/pages\/225218"}],"wp:featuredmedia":[{"embeddable":true,"href":"https:\/\/www.tiptoe.fr\/de\/wp-json\/wp\/v2\/media\/274365"}],"wp:attachment":[{"href":"https:\/\/www.tiptoe.fr\/de\/wp-json\/wp\/v2\/media?parent=225222"}],"curies":[{"name":"wp","href":"https:\/\/api.w.org\/{rel}","templated":true}]}}