{"id":225218,"date":"2020-06-11T09:48:17","date_gmt":"2020-06-11T07:48:17","guid":{"rendered":"https:\/\/www.tiptoe.fr\/durabilite\/"},"modified":"2024-07-09T14:24:00","modified_gmt":"2024-07-09T12:24:00","slug":"nachhaltigkeit","status":"publish","type":"page","link":"https:\/\/www.tiptoe.fr\/de\/nachhaltigkeit\/","title":{"rendered":"Das Studio"},"content":{"rendered":"\r\n<p>Seit 2015 zeichnet sich unser franz\u00f6sisches Designstudio durch Kreativit\u00e4t und Innovation aus. Wir bei Tiptoe es uns zur Aufgabe genacht, <strong>sch\u00f6ne, n\u00fctzliche<\/strong> und <strong>zeitlose<\/strong> Objekte zu entwerfen und dabei nachhaltige oder recycelte Materialen zu verwenden.<\/p>\r\n","protected":false},"excerpt":{"rendered":"<p>Seit 2015 zeichnet sich unser franz\u00f6sisches Designstudio durch Kreativit\u00e4t und Innovation aus. Wir bei Tiptoe es uns zur Aufgabe genacht, sch\u00f6ne, n\u00fctzliche und zeitlose Objekte zu entwerfen und dabei nachhaltige oder recycelte Materialen zu verwenden.<\/p>\n","protected":false},"author":6981,"featured_media":0,"parent":0,"menu_order":199,"comment_status":"closed","ping_status":"closed","template":"page-la-marque.php","meta":{"_acf_changed":false,"footnotes":""},"class_list":["post-225218","page","type-page","status-publish","hentry"],"acf":[],"yoast_head":"<!-- This site is optimized with the Yoast SEO plugin v26.3 - https:\/\/yoast.com\/wordpress\/plugins\/seo\/ -->\n<title>Nachhaltigkeit - Unser Engagement f\u00fcr die Umwelt<\/title>\n<meta name=\"description\" content=\"Als wir 2015 TIPTOE gr\u00fcndeten, hatten wir das Ziel, nachhaltige, sch\u00f6ne und zeitlose M\u00f6bel zu schaffen, die durchdacht sind und besser produziert werden.\" \/>\n<meta name=\"robots\" content=\"index, follow, max-snippet:-1, max-image-preview:large, max-video-preview:-1\" \/>\n<link rel=\"canonical\" href=\"https:\/\/www.tiptoe.fr\/de\/nachhaltigkeit\/\" \/>\n<meta property=\"og:locale\" content=\"de_DE\" \/>\n<meta property=\"og:type\" content=\"article\" \/>\n<meta property=\"og:title\" content=\"Nachhaltigkeit - Unser Engagement f\u00fcr die Umwelt\" \/>\n<meta property=\"og:description\" content=\"Als wir 2015 TIPTOE gr\u00fcndeten, hatten wir das Ziel, nachhaltige, sch\u00f6ne und zeitlose M\u00f6bel zu schaffen, die durchdacht sind und besser produziert werden.\" \/>\n<meta property=\"og:url\" content=\"https:\/\/www.tiptoe.fr\/de\/nachhaltigkeit\/\" \/>\n<meta property=\"og:site_name\" content=\"TIPTOE\" \/>\n<meta property=\"article:publisher\" content=\"https:\/\/www.facebook.com\/tiptoedesign\" \/>\n<meta property=\"article:modified_time\" content=\"2024-07-09T12:24:00+00:00\" \/>\n<meta name=\"twitter:card\" content=\"summary_large_image\" \/>\n<meta name=\"twitter:site\" content=\"@tiptoedesign\" \/>\n<meta name=\"twitter:label1\" content=\"Est. reading time\" \/>\n\t<meta name=\"twitter:data1\" content=\"1 minute\" \/>\n<script type=\"application\/ld+json\" class=\"yoast-schema-graph\">{\"@context\":\"https:\/\/schema.org\",\"@graph\":[{\"@type\":\"WebPage\",\"@id\":\"https:\/\/www.tiptoe.fr\/de\/nachhaltigkeit\/\",\"url\":\"https:\/\/www.tiptoe.fr\/de\/nachhaltigkeit\/\",\"name\":\"Nachhaltigkeit - Unser Engagement f\u00fcr die Umwelt\",\"isPartOf\":{\"@id\":\"https:\/\/www.tiptoe.fr\/de\/#website\"},\"datePublished\":\"2020-06-11T07:48:17+00:00\",\"dateModified\":\"2024-07-09T12:24:00+00:00\",\"description\":\"Als wir 2015 TIPTOE gr\u00fcndeten, hatten wir das Ziel, nachhaltige, sch\u00f6ne und zeitlose M\u00f6bel zu schaffen, die durchdacht sind und besser produziert werden.\",\"breadcrumb\":{\"@id\":\"https:\/\/www.tiptoe.fr\/de\/nachhaltigkeit\/#breadcrumb\"},\"inLanguage\":\"de-DE\",\"potentialAction\":[{\"@type\":\"ReadAction\",\"target\":[\"https:\/\/www.tiptoe.fr\/de\/nachhaltigkeit\/\"]}]},{\"@type\":\"BreadcrumbList\",\"@id\":\"https:\/\/www.tiptoe.fr\/de\/nachhaltigkeit\/#breadcrumb\",\"itemListElement\":[{\"@type\":\"ListItem\",\"position\":1,\"name\":\"Startseite\",\"item\":\"https:\/\/www.tiptoe.fr\/de\/\"},{\"@type\":\"ListItem\",\"position\":2,\"name\":\"Das Studio\"}]},{\"@type\":\"WebSite\",\"@id\":\"https:\/\/www.tiptoe.fr\/de\/#website\",\"url\":\"https:\/\/www.tiptoe.fr\/de\/\",\"name\":\"TIPTOE\",\"description\":\"\",\"publisher\":{\"@id\":\"https:\/\/www.tiptoe.fr\/de\/#organization\"},\"potentialAction\":[{\"@type\":\"SearchAction\",\"target\":{\"@type\":\"EntryPoint\",\"urlTemplate\":\"https:\/\/www.tiptoe.fr\/de\/?s={search_term_string}\"},\"query-input\":{\"@type\":\"PropertyValueSpecification\",\"valueRequired\":true,\"valueName\":\"search_term_string\"}}],\"inLanguage\":\"de-DE\"},{\"@type\":\"Organization\",\"@id\":\"https:\/\/www.tiptoe.fr\/de\/#organization\",\"name\":\"TIPTOE\",\"url\":\"https:\/\/www.tiptoe.fr\/de\/\",\"logo\":{\"@type\":\"ImageObject\",\"inLanguage\":\"de-DE\",\"@id\":\"https:\/\/www.tiptoe.fr\/de\/#\/schema\/logo\/image\/\",\"url\":\"https:\/\/www.tiptoe.fr\/wp-content\/uploads\/2024\/06\/Logo.png\",\"contentUrl\":\"https:\/\/www.tiptoe.fr\/wp-content\/uploads\/2024\/06\/Logo.png\",\"width\":133,\"height\":26,\"caption\":\"TIPTOE\"},\"image\":{\"@id\":\"https:\/\/www.tiptoe.fr\/de\/#\/schema\/logo\/image\/\"},\"sameAs\":[\"https:\/\/www.facebook.com\/tiptoedesign\",\"https:\/\/x.com\/tiptoedesign\",\"https:\/\/www.instagram.com\/tiptoedesign\/\",\"https:\/\/www.pinterest.fr\/tiptoedesign\/\"]}]}<\/script>\n<!-- \/ Yoast SEO plugin. -->","yoast_head_json":{"title":"Nachhaltigkeit - Unser Engagement f\u00fcr die Umwelt","description":"Als wir 2015 TIPTOE gr\u00fcndeten, hatten wir das Ziel, nachhaltige, sch\u00f6ne und zeitlose M\u00f6bel zu schaffen, die durchdacht sind und besser produziert werden.","robots":{"index":"index","follow":"follow","max-snippet":"max-snippet:-1","max-image-preview":"max-image-preview:large","max-video-preview":"max-video-preview:-1"},"canonical":"https:\/\/www.tiptoe.fr\/de\/nachhaltigkeit\/","og_locale":"de_DE","og_type":"article","og_title":"Nachhaltigkeit - Unser Engagement f\u00fcr die Umwelt","og_description":"Als wir 2015 TIPTOE gr\u00fcndeten, hatten wir das Ziel, nachhaltige, sch\u00f6ne und zeitlose M\u00f6bel zu schaffen, die durchdacht sind und besser produziert werden.","og_url":"https:\/\/www.tiptoe.fr\/de\/nachhaltigkeit\/","og_site_name":"TIPTOE","article_publisher":"https:\/\/www.facebook.com\/tiptoedesign","article_modified_time":"2024-07-09T12:24:00+00:00","twitter_card":"summary_large_image","twitter_site":"@tiptoedesign","twitter_misc":{"Est. reading time":"1 minute"},"schema":{"@context":"https:\/\/schema.org","@graph":[{"@type":"WebPage","@id":"https:\/\/www.tiptoe.fr\/de\/nachhaltigkeit\/","url":"https:\/\/www.tiptoe.fr\/de\/nachhaltigkeit\/","name":"Nachhaltigkeit - Unser Engagement f\u00fcr die Umwelt","isPartOf":{"@id":"https:\/\/www.tiptoe.fr\/de\/#website"},"datePublished":"2020-06-11T07:48:17+00:00","dateModified":"2024-07-09T12:24:00+00:00","description":"Als wir 2015 TIPTOE gr\u00fcndeten, hatten wir das Ziel, nachhaltige, sch\u00f6ne und zeitlose M\u00f6bel zu schaffen, die durchdacht sind und besser produziert werden.","breadcrumb":{"@id":"https:\/\/www.tiptoe.fr\/de\/nachhaltigkeit\/#breadcrumb"},"inLanguage":"de-DE","potentialAction":[{"@type":"ReadAction","target":["https:\/\/www.tiptoe.fr\/de\/nachhaltigkeit\/"]}]},{"@type":"BreadcrumbList","@id":"https:\/\/www.tiptoe.fr\/de\/nachhaltigkeit\/#breadcrumb","itemListElement":[{"@type":"ListItem","position":1,"name":"Startseite","item":"https:\/\/www.tiptoe.fr\/de\/"},{"@type":"ListItem","position":2,"name":"Das Studio"}]},{"@type":"WebSite","@id":"https:\/\/www.tiptoe.fr\/de\/#website","url":"https:\/\/www.tiptoe.fr\/de\/","name":"TIPTOE","description":"","publisher":{"@id":"https:\/\/www.tiptoe.fr\/de\/#organization"},"potentialAction":[{"@type":"SearchAction","target":{"@type":"EntryPoint","urlTemplate":"https:\/\/www.tiptoe.fr\/de\/?s={search_term_string}"},"query-input":{"@type":"PropertyValueSpecification","valueRequired":true,"valueName":"search_term_string"}}],"inLanguage":"de-DE"},{"@type":"Organization","@id":"https:\/\/www.tiptoe.fr\/de\/#organization","name":"TIPTOE","url":"https:\/\/www.tiptoe.fr\/de\/","logo":{"@type":"ImageObject","inLanguage":"de-DE","@id":"https:\/\/www.tiptoe.fr\/de\/#\/schema\/logo\/image\/","url":"https:\/\/www.tiptoe.fr\/wp-content\/uploads\/2024\/06\/Logo.png","contentUrl":"https:\/\/www.tiptoe.fr\/wp-content\/uploads\/2024\/06\/Logo.png","width":133,"height":26,"caption":"TIPTOE"},"image":{"@id":"https:\/\/www.tiptoe.fr\/de\/#\/schema\/logo\/image\/"},"sameAs":["https:\/\/www.facebook.com\/tiptoedesign","https:\/\/x.com\/tiptoedesign","https:\/\/www.instagram.com\/tiptoedesign\/","https:\/\/www.pinterest.fr\/tiptoedesign\/"]}]}},"_links":{"self":[{"href":"https:\/\/www.tiptoe.fr\/de\/wp-json\/wp\/v2\/pages\/225218","targetHints":{"allow":["GET"]}}],"collection":[{"href":"https:\/\/www.tiptoe.fr\/de\/wp-json\/wp\/v2\/pages"}],"about":[{"href":"https:\/\/www.tiptoe.fr\/de\/wp-json\/wp\/v2\/types\/page"}],"author":[{"embeddable":true,"href":"https:\/\/www.tiptoe.fr\/de\/wp-json\/wp\/v2\/users\/6981"}],"replies":[{"embeddable":true,"href":"https:\/\/www.tiptoe.fr\/de\/wp-json\/wp\/v2\/comments?post=225218"}],"version-history":[{"count":2,"href":"https:\/\/www.tiptoe.fr\/de\/wp-json\/wp\/v2\/pages\/225218\/revisions"}],"predecessor-version":[{"id":274382,"href":"https:\/\/www.tiptoe.fr\/de\/wp-json\/wp\/v2\/pages\/225218\/revisions\/274382"}],"wp:attachment":[{"href":"https:\/\/www.tiptoe.fr\/de\/wp-json\/wp\/v2\/media?parent=225218"}],"curies":[{"name":"wp","href":"https:\/\/api.w.org\/{rel}","templated":true}]}}